{"id":1092,"date":"2017-01-08T16:07:33","date_gmt":"2017-01-08T16:07:33","guid":{"rendered":"http:\/\/kleinvielen-ev.de\/?page_id=1092"},"modified":"2021-03-22T19:29:46","modified_gmt":"2021-03-22T19:29:46","slug":"wuestungen-zwischen-lieps-und-havelquelle","status":"publish","type":"page","link":"https:\/\/kleinvielen-ev.de\/?page_id=1092","title":{"rendered":"W\u00fcstungen zwischen Lieps und Havelquelle"},"content":{"rendered":"<p>Zwischen Lieps und Havelquelle gibt es viele D\u00f6rfer, die im Verlauf des mittelalterlichen Landesausbaus bzw. der &#8222;Ostsiedlung&#8220; seit ungef\u00e4hr der Mitte des 12. Jahrhunderts gegr\u00fcndet wurden und von denen eine gro\u00dfe Anzahl im Laufe der Zeit wieder untergegangen sind. Bereits vor dem Drei\u00dfigj\u00e4hrigen Krieg (1618-1648) fielen\u00a0mehr Orte w\u00fcst als in Folge dieses Krieges.<br \/>\nWenn in der Landschaft Zeugnisse\u00a0noch nachweisbar sind, so meist unter Wald. Wo lange geackert wurde, sind sie meistens verschwunden, auch in W\u00e4ldern, die erst sp\u00e4t auf Ackerb\u00f6den entstanden sind. Nur Urkunden und andere Archivalien lassen dort noch auf fr\u00fchere Siedlungen und ihre Bewohnerinnen und Bewohner schlie\u00dfen.<br \/>\nProf. Dr. Maik St\u00f6ckmann von der Hochschule Neubrandenburg befasst sich seit langem mit W\u00fcstungen und hat vor kurzem seine (vorl\u00e4ufigen) Forschungsergebnisse f\u00fcr den Raum zwischen M\u00fcritz und Feldberg ver\u00f6ffentlicht. Er unterscheidet dabei zwischen &#8222;Totalw\u00fcstungen&#8220; (in der Karte rot gekennzeichnet) und &#8222;Flurw\u00fcstungen&#8220; (blau):<a href=\"http:\/\/kleinvielen-ev.de\/wp-content\/uploads\/2021\/03\/Stoeckmann_feldmarken-uebersicht-2020.jpg\"><img loading=\"lazy\" decoding=\"async\" class=\"wp-image-4572 alignright\" src=\"http:\/\/kleinvielen-ev.de\/wp-content\/uploads\/2021\/03\/Stoeckmann_feldmarken-uebersicht-2020-1024x724.jpg\" alt=\"\" width=\"317\" height=\"224\" srcset=\"https:\/\/kleinvielen-ev.de\/wp-content\/uploads\/2021\/03\/Stoeckmann_feldmarken-uebersicht-2020-1024x724.jpg 1024w, https:\/\/kleinvielen-ev.de\/wp-content\/uploads\/2021\/03\/Stoeckmann_feldmarken-uebersicht-2020-300x212.jpg 300w, https:\/\/kleinvielen-ev.de\/wp-content\/uploads\/2021\/03\/Stoeckmann_feldmarken-uebersicht-2020-768x543.jpg 768w, https:\/\/kleinvielen-ev.de\/wp-content\/uploads\/2021\/03\/Stoeckmann_feldmarken-uebersicht-2020.jpg 1654w\" sizes=\"(max-width: 317px) 100vw, 317px\" \/><\/a><br \/>\n<em>Bei einer \u201eFlurw\u00fcstung\u201c sind mehr als 90 % der Landwirtschaftsfl\u00e4che der ehemaligen Feldmark verloren gegangen oder die Flurstruktur ist stark ver\u00e4ndert oder die Ortslage ist unbekannt. Eine \u201eTotalw\u00fcstung\u201c ist eine Flurw\u00fcstung, deren Ortslage ebenfalls nicht erhalten ist<\/em> (St\u00f6ckmann 2019: 131).<br \/>\nAuf der Grundlage dieser Arbeitsdefinitionen hat er die hier gezeigte Karte erstellt und kommt bislang zwischen M\u00fcritz und Feldberg insgesamt auf 96 untergegangene Orte und 16 verschwundene Fluren.<br \/>\nSt\u00f6ckmann schreibt dazu: &#8222;<em>Die Karte verdeutlicht, dass es in fr\u00fchdeutscher Zeit keine ausgedehnten W\u00e4lder im Untersuchungsraum gegeben haben kann und der weitaus gr\u00f6\u00dfte Teil des Landes landwirtschaftlich genutzt wurde. Einige D\u00f6rfer sind bislang von der Lokalforschung so gut wie gar nicht wahrgenommen worden; zum Beispiel Stobeck, dessen Feldmark in etwa dem heutigen Waldgebiet zwischen Zachow und Wanzka entspricht und f\u00fcr das sogar eine Gastwirtschaft \u00fcberliefert ist, B\u00e4rwalde, im Dreieck zwischen Thurow, Carpin und Serrahn gelegen, f\u00fcr dessen Wasserm\u00fchle bereits in fr\u00fchdeutscher Zeit ein tiefer Graben zwischen dem Kleinen Serrahnsee und dem Kleinen Sumpfsee angelegt wurde, sowie Trendekop, das zwischen Penzlin und Werder lag. Jedenfalls wird die \u201eTrendekop\u201c-M\u00fchle (die sp\u00e4tere Penzliner Stadtm\u00fchle) urkundlich erw\u00e4hnt wie auch die Burg <\/em><br \/>\n<em>\u201eTrendekop\u201c, die mit der heute als \u201eEnglischer Garten\u201c benannten, auf einer Halbinsel befindlichen Anlage identisch sein d\u00fcrfte. Burg und M\u00fchle lassen auf eine Siedlung schlie\u00dfen, und da die Gr\u00fcndungsurkunde der Stadt Penzlin das Gebiet zwischen vorgenannter M\u00fchle und Burg einschloss, k\u00f6nnte das Dorf \u2013 analog zu anderen Stadtgr\u00fcndungen \u2013 gelegt worden sein. <\/em>(St\u00f6ckmann 2019: 131 f.)<br \/>\nAuf den zugeh\u00f6rigen Seiten werden einige untergegangene D\u00f6rfer, Streusiedlungen und Einzelh\u00f6fe im Gebiet zwischen Lieps und Havelquelle vorgestellt:<br \/>\n<strong><a href=\"http:\/\/kleinvielen-ev.de\/?page_id=113\">W\u00fcstung Jennyhof<\/a><\/strong><br \/>\n<a href=\"http:\/\/kleinvielen-ev.de\/?page_id=1095\"><strong>W\u00fcstung Peutsch<\/strong><\/a><br \/>\n<a href=\"http:\/\/kleinvielen-ev.de\/?page_id=1133\"><strong>W\u00fcstung Lerchenhof<\/strong><\/a><br \/>\n<a href=\"http:\/\/kleinvielen-ev.de\/?page_id=1418\"><strong>W\u00fcstung Christenhof<\/strong><\/a><br \/>\n<a href=\"http:\/\/kleinvielen-ev.de\/?page_id=4129\"><strong>W\u00fcstung Friederikenkrug<\/strong><\/a><br \/>\n<a href=\"http:\/\/kleinvielen-ev.de\/?page_id=4463\"><strong>Das untergegangene Dorf Stribbow<\/strong><\/a><\/p>\n<p><strong>Quelle<\/strong>:<br \/>\nSt\u00f6ckmann, M. 2019:\u00a0Historische Kulturlandschaftselemente als Zeugnisse des<br \/>\nLandschaftswandels am Beispiel von Orts- und Flurw\u00fcstungen zwischen M\u00fcritz und Feldberg. In: Behrens, H. &amp; Hoffmann, J. (Hg.):\u00a0Landschaft im Wandel. Erfassung &#8211; Bewertung &#8211; Wahrnehmung. Berlin: 123-142.<br \/>\nZum Begriff Mittelalterlicher Landesausbau\/Ostsiedlung siehe z.B. hier:\u00a0<a href=\"https:\/\/ome-lexikon.uni-oldenburg.de\/begriffe\/mittelalterlicher-landesausbau-ostsiedlung\">https:\/\/ome-lexikon.uni-oldenburg.de\/begriffe\/mittelalterlicher-landesausbau-ostsiedlung<\/a><\/p>\n","protected":false},"excerpt":{"rendered":"<p>Zwischen Lieps und Havelquelle gibt es viele D\u00f6rfer, die im Verlauf des mittelalterlichen Landesausbaus bzw. der &#8222;Ostsiedlung&#8220; seit ungef\u00e4hr der Mitte des 12. Jahrhunderts gegr\u00fcndet wurden und von denen eine gro\u00dfe Anzahl im Laufe der Zeit wieder untergegangen sind. Bereits vor dem Drei\u00dfigj\u00e4hrigen Krieg (1618-1648) fielen\u00a0mehr Orte w\u00fcst als in Folge dieses Krieges. Wenn in &hellip; <a href=\"https:\/\/kleinvielen-ev.de\/?page_id=1092\" class=\"more-link\"><span class=\"screen-reader-text\">W\u00fcstungen zwischen Lieps und Havelquelle<\/span> weiterlesen <span class=\"meta-nav\">&rarr;<\/span><\/a><\/p>\n","protected":false},"author":2,"featured_media":0,"parent":839,"menu_order":0,"comment_status":"closed","ping_status":"closed","template":"","meta":{"footnotes":""},"_links":{"self":[{"href":"https:\/\/kleinvielen-ev.de\/index.php?rest_route=\/wp\/v2\/pages\/1092"}],"collection":[{"href":"https:\/\/kleinvielen-ev.de\/index.php?rest_route=\/wp\/v2\/pages"}],"about":[{"href":"https:\/\/kleinvielen-ev.de\/index.php?rest_route=\/wp\/v2\/types\/page"}],"author":[{"embeddable":true,"href":"https:\/\/kleinvielen-ev.de\/index.php?rest_route=\/wp\/v2\/users\/2"}],"replies":[{"embeddable":true,"href":"https:\/\/kleinvielen-ev.de\/index.php?rest_route=%2Fwp%2Fv2%2Fcomments&post=1092"}],"version-history":[{"count":20,"href":"https:\/\/kleinvielen-ev.de\/index.php?rest_route=\/wp\/v2\/pages\/1092\/revisions"}],"predecessor-version":[{"id":4571,"href":"https:\/\/kleinvielen-ev.de\/index.php?rest_route=\/wp\/v2\/pages\/1092\/revisions\/4571"}],"up":[{"embeddable":true,"href":"https:\/\/kleinvielen-ev.de\/index.php?rest_route=\/wp\/v2\/pages\/839"}],"wp:attachment":[{"href":"https:\/\/kleinvielen-ev.de\/index.php?rest_route=%2Fwp%2Fv2%2Fmedia&parent=1092"}],"curies":[{"name":"wp","href":"https:\/\/api.w.org\/{rel}","templated":true}]}}