{"id":1095,"date":"2017-01-08T16:23:00","date_gmt":"2017-01-08T16:23:00","guid":{"rendered":"http:\/\/kleinvielen-ev.de\/?page_id=1095"},"modified":"2021-06-13T09:31:25","modified_gmt":"2021-06-13T09:31:25","slug":"wuestung-peutsch","status":"publish","type":"page","link":"https:\/\/kleinvielen-ev.de\/?page_id=1095","title":{"rendered":"W\u00fcstung Peutsch"},"content":{"rendered":"<h5><strong>Ein Ort, der immer nur kurze Zeit bestand<a href=\"http:\/\/kleinvielen-ev.de\/wp-content\/uploads\/2017\/01\/peutsch-1_bearbeitet-1.jpg\"><img loading=\"lazy\" decoding=\"async\" class=\" wp-image-1111 alignright\" src=\"http:\/\/kleinvielen-ev.de\/wp-content\/uploads\/2017\/01\/peutsch-1_bearbeitet-1-225x300.jpg\" alt=\"peutsch-1_bearbeitet-1\" width=\"180\" height=\"240\" srcset=\"https:\/\/kleinvielen-ev.de\/wp-content\/uploads\/2017\/01\/peutsch-1_bearbeitet-1-225x300.jpg 225w, https:\/\/kleinvielen-ev.de\/wp-content\/uploads\/2017\/01\/peutsch-1_bearbeitet-1.jpg 354w\" sizes=\"(max-width: 180px) 100vw, 180px\" \/><\/a><\/strong><\/h5>\n<p>Der kleine Ort <em>Peutsch<\/em> am nach ihm benannten <em>Peutscher See<\/em> tauchte 1408 unter dem Namen Poyweschk in einer Verkaufs-Urkunde auf, fiel jedoch bereits bald wieder w\u00fcst, denn schon Anfang des 16. Jahrhunderts ist nur von einer w\u00fcsten Feldmark die Rede.<br \/>\nErst im 18. Jahrhundert gab es dort wieder einige Bewohner.<br \/>\nIm Kirchenbuch von Peckatel finden sich Namen von Menschen, die Ende des 18. und Anfang des 19. Jahrhunderts dort gestorben sind: Die Einliegerfrau Christine Werlach verschied 1799 im Alter von 58 Jahren an &#8222;Auszehrung&#8220;, Tagel\u00f6hner Johann Roloff erlag 1801 48-j\u00e4hrig einer &#8222;Brustkrankheit&#8220;, Maria Schr\u00f6der und Friedrich Sch\u00fctt waren bei ihrem Tod immerhin beide 71, Witwe Beitz 72, Joachim Brandt 70 und Hirtenfrau Eva Claas ebenfalls 70 Jahre alt.<a href=\"http:\/\/kleinvielen-ev.de\/wp-content\/uploads\/2017\/01\/peutsch-3_bearbeitet-2.jpg\"><img loading=\"lazy\" decoding=\"async\" class=\" wp-image-1112 alignright\" src=\"http:\/\/kleinvielen-ev.de\/wp-content\/uploads\/2017\/01\/peutsch-3_bearbeitet-2-225x300.jpg\" alt=\"peutsch-3_bearbeitet-2\" width=\"180\" height=\"240\" srcset=\"https:\/\/kleinvielen-ev.de\/wp-content\/uploads\/2017\/01\/peutsch-3_bearbeitet-2-225x300.jpg 225w, https:\/\/kleinvielen-ev.de\/wp-content\/uploads\/2017\/01\/peutsch-3_bearbeitet-2.jpg 472w\" sizes=\"(max-width: 180px) 100vw, 180px\" \/><\/a><br \/>\nBeim Maurergesellen Friedrich Keil, der nur 30 Jahre alt wurde, war 1799 &#8222;v\u00f6llige Entkr\u00e4ftung nach schwerer Krankheit&#8220; die Ursache f\u00fcr sein Dahinscheiden.<br \/>\nDie folgende Aufz\u00e4hlung von Sterbef\u00e4llen zwischen 1793 und 1807 verweist eindr\u00fccklich darauf, dass die Menschen damals in Folge schwerer Arbeit und geringem Stand von medizinischer Versorgung und Hygiene oft nicht alt wurden: Dorothea Schmidt (21 Jahre),\u00a0 Maria Dethloff (52), Amalie Dr\u00f6ge (28), Maria Pekatt (50), ein Kind der Fam. Schlag (16), Maria Brandt (25), Dorothea T\u00f6we (6), Anna Sarnow (30), Johann Blohm (15).<br \/>\nAuch Unf\u00e4lle f\u00fchrten zu Todesf\u00e4llen: David Sasse fiel im Jahr 1800 auf dem Peutscher See aus dem Boot und ertrank. Er wurde 40 Jahre alt.<a href=\"http:\/\/kleinvielen-ev.de\/wp-content\/uploads\/2021\/03\/Peutsch-1.jpg\"><img loading=\"lazy\" decoding=\"async\" class=\"wp-image-4540 alignright\" src=\"http:\/\/kleinvielen-ev.de\/wp-content\/uploads\/2021\/03\/Peutsch-1.jpg\" alt=\"\" width=\"225\" height=\"177\" srcset=\"https:\/\/kleinvielen-ev.de\/wp-content\/uploads\/2021\/03\/Peutsch-1.jpg 787w, https:\/\/kleinvielen-ev.de\/wp-content\/uploads\/2021\/03\/Peutsch-1-300x236.jpg 300w, https:\/\/kleinvielen-ev.de\/wp-content\/uploads\/2021\/03\/Peutsch-1-768x605.jpg 768w\" sizes=\"(max-width: 225px) 100vw, 225px\" \/><\/a><br \/>\nDie 16-j\u00e4hrige Christiane Roloff wurde in demselben Jahr von einem Ackerwagen \u00fcberfahren. Die Schuld daf\u00fcr wurde zwei Knechten gegeben.<br \/>\nViele Kinder verstarben kurz nach ihrer Geburt &#8211; auch ein Hinweis auf die d\u00fcrftigen medizinischen und sozialen Verh\u00e4ltnisse: Johann W\u00fcrzburg, Sohn des J\u00e4gers, starb 1800 vier Wochen, nachdem er das Licht der Welt erblickt hatte, Johann Keil wurde nur ein Jahr alt und Johann Schoen, ebenso wie Friedrich Haage, lebten nur sechs Monate, Anna Hagge 17 Tage und Friedrich Arte 14 Tage.<br \/>\nIn der 1857 erschienenen ersten Auflage der &#8222;Mecklenburgischen Vaterlandskunde&#8220; von Wilhelm Raabe (1808-1858) wurde Peutsch noch als &#8222;Hof mit 32 Einw[ohnern]&#8220; angef\u00fchrt.<br \/>\nAuf der Wiebekingschen Karte von 1786 sind zwei Hofkomplexe zu erkennen, auf dem Messtischblatt von 1884 noch ein Hof mit zwei Geb\u00e4uden am Ufer des Peutscher Sees erkennbar.<a href=\"http:\/\/kleinvielen-ev.de\/wp-content\/uploads\/2021\/03\/Peutsch.jpg\"><img loading=\"lazy\" decoding=\"async\" class=\"wp-image-4538 alignright\" src=\"http:\/\/kleinvielen-ev.de\/wp-content\/uploads\/2021\/03\/Peutsch.jpg\" alt=\"\" width=\"225\" height=\"136\" srcset=\"https:\/\/kleinvielen-ev.de\/wp-content\/uploads\/2021\/03\/Peutsch.jpg 945w, https:\/\/kleinvielen-ev.de\/wp-content\/uploads\/2021\/03\/Peutsch-300x182.jpg 300w, https:\/\/kleinvielen-ev.de\/wp-content\/uploads\/2021\/03\/Peutsch-768x465.jpg 768w\" sizes=\"(max-width: 225px) 100vw, 225px\" \/><\/a><br \/>\nDer Ort wurde allerdings bereits 1883 abgesiedelt, wie aus der Abschrift eines Zeitungsartikels von 1967 hervorgeht (s. Abb.)<br \/>\n1894 gab Gustav Quade eine neu bearbeitete und aktualisierte Ausgabe von Raabes &#8222;Mecklenburgische Vaterlandskunde&#8220; heraus, und \u00fcber Peutsch schrieb er, dass keine Geb\u00e4ude mehr vorhanden seien. &#8222;Der gesammte Grund und Boden ist mit Tannen angesamt.&#8220; Der \u00dcberlieferung nach fiel Peutsch 1883 oder 1884 w\u00fcst.<br \/>\nHeute erinnern ein Gedenkstein und eine Linde an den untergegangenen Ort. Die beiden Erinnerungszeichen wurden im Jahre 2003 gesetzt bzw. gepflanzt.<a href=\"http:\/\/kleinvielen-ev.de\/wp-content\/uploads\/2021\/06\/Peutsch_Freie-Erde-vom-24-8-1967.jpg\"><img loading=\"lazy\" decoding=\"async\" class=\"wp-image-4871 alignright\" src=\"http:\/\/kleinvielen-ev.de\/wp-content\/uploads\/2021\/06\/Peutsch_Freie-Erde-vom-24-8-1967-836x1024.jpg\" alt=\"\" width=\"225\" height=\"276\" srcset=\"https:\/\/kleinvielen-ev.de\/wp-content\/uploads\/2021\/06\/Peutsch_Freie-Erde-vom-24-8-1967-836x1024.jpg 836w, https:\/\/kleinvielen-ev.de\/wp-content\/uploads\/2021\/06\/Peutsch_Freie-Erde-vom-24-8-1967-245x300.jpg 245w, https:\/\/kleinvielen-ev.de\/wp-content\/uploads\/2021\/06\/Peutsch_Freie-Erde-vom-24-8-1967-768x941.jpg 768w, https:\/\/kleinvielen-ev.de\/wp-content\/uploads\/2021\/06\/Peutsch_Freie-Erde-vom-24-8-1967.jpg 1772w\" sizes=\"(max-width: 225px) 100vw, 225px\" \/><\/a><\/p>\n<p><strong>Quellen<\/strong>:<br \/>\nKrull, K. (o.J.): Das Bauerndorf Peccatel und die Ortschaften des Kirchspiels. Manuskript. Karbe-Wagner-Archiv, Signatur Ha 535.<br \/>\nKrull, K. (o.J.):\u00a0Sterbef\u00e4lle und Todesursachen in den Ortschaften des Kirchspiels Peccatel 1793 -1808. Manuskript. Karbe-Wagner-Archiv, Signatur Ha 507.<br \/>\nLisch, G.C.F. 1844: Urkunden-Sammlung zur Geschichte des Geschlechtes Maltzan. Zweiter Band: 1331-1431. Schwerin: S. 478.<br \/>\nRaabe, W. 1857: Mecklenburgische Vaterlandskunde. Erster Band Specielle Orstkunde beider Gro\u00dfherzogth\u00fcmer Mecklenburg. Wismar. [Zweite Auflage bearb. von Gustav Quade. Wismar 1894: S. 1090].<br \/>\nSellmann, A. 1967: Eine untergegangene Ortschaft. \u00dcber eine interessante \u00d6rtlichkeit in dem Brustorfer Forst. Freie Erde vom 24.8.1967.<br \/>\nKartenausschnitte aus Wiebekingsche Karte 1786 und Messtischblatt 1888: Universit\u00e4t Rostock, Agrar- und Umweltwissenschaftliche Fakult\u00e4t, Geoinformatik-Service.<\/p>\n<p>&nbsp;<\/p>\n","protected":false},"excerpt":{"rendered":"<p>Ein Ort, der immer nur kurze Zeit bestand Der kleine Ort Peutsch am nach ihm benannten Peutscher See tauchte 1408 unter dem Namen Poyweschk in einer Verkaufs-Urkunde auf, fiel jedoch bereits bald wieder w\u00fcst, denn schon Anfang des 16. Jahrhunderts ist nur von einer w\u00fcsten Feldmark die Rede. Erst im 18. Jahrhundert gab es dort &hellip; <a href=\"https:\/\/kleinvielen-ev.de\/?page_id=1095\" class=\"more-link\"><span class=\"screen-reader-text\">W\u00fcstung Peutsch<\/span> weiterlesen <span class=\"meta-nav\">&rarr;<\/span><\/a><\/p>\n","protected":false},"author":2,"featured_media":0,"parent":1092,"menu_order":0,"comment_status":"closed","ping_status":"closed","template":"","meta":{"footnotes":""},"_links":{"self":[{"href":"https:\/\/kleinvielen-ev.de\/index.php?rest_route=\/wp\/v2\/pages\/1095"}],"collection":[{"href":"https:\/\/kleinvielen-ev.de\/index.php?rest_route=\/wp\/v2\/pages"}],"about":[{"href":"https:\/\/kleinvielen-ev.de\/index.php?rest_route=\/wp\/v2\/types\/page"}],"author":[{"embeddable":true,"href":"https:\/\/kleinvielen-ev.de\/index.php?rest_route=\/wp\/v2\/users\/2"}],"replies":[{"embeddable":true,"href":"https:\/\/kleinvielen-ev.de\/index.php?rest_route=%2Fwp%2Fv2%2Fcomments&post=1095"}],"version-history":[{"count":25,"href":"https:\/\/kleinvielen-ev.de\/index.php?rest_route=\/wp\/v2\/pages\/1095\/revisions"}],"predecessor-version":[{"id":4535,"href":"https:\/\/kleinvielen-ev.de\/index.php?rest_route=\/wp\/v2\/pages\/1095\/revisions\/4535"}],"up":[{"embeddable":true,"href":"https:\/\/kleinvielen-ev.de\/index.php?rest_route=\/wp\/v2\/pages\/1092"}],"wp:attachment":[{"href":"https:\/\/kleinvielen-ev.de\/index.php?rest_route=%2Fwp%2Fv2%2Fmedia&parent=1095"}],"curies":[{"name":"wp","href":"https:\/\/api.w.org\/{rel}","templated":true}]}}