{"id":1103,"date":"2017-01-08T17:03:43","date_gmt":"2017-01-08T17:03:43","guid":{"rendered":"http:\/\/kleinvielen-ev.de\/?page_id=1103"},"modified":"2020-11-01T12:00:18","modified_gmt":"2020-11-01T12:00:18","slug":"denk-mal","status":"publish","type":"page","link":"https:\/\/kleinvielen-ev.de\/?page_id=1103","title":{"rendered":"Denk mal!"},"content":{"rendered":"<figure id=\"attachment_2898\" aria-describedby=\"caption-attachment-2898\" style=\"width: 232px\" class=\"wp-caption alignright\"><a href=\"http:\/\/kleinvielen-ev.de\/wp-content\/uploads\/2019\/02\/grenzstein-im-ziemenbachtal.jpg\"><img loading=\"lazy\" decoding=\"async\" class=\"wp-image-2898\" src=\"http:\/\/kleinvielen-ev.de\/wp-content\/uploads\/2019\/02\/grenzstein-im-ziemenbachtal.jpg\" alt=\"\" width=\"232\" height=\"283\" srcset=\"https:\/\/kleinvielen-ev.de\/wp-content\/uploads\/2019\/02\/grenzstein-im-ziemenbachtal.jpg 775w, https:\/\/kleinvielen-ev.de\/wp-content\/uploads\/2019\/02\/grenzstein-im-ziemenbachtal-246x300.jpg 246w, https:\/\/kleinvielen-ev.de\/wp-content\/uploads\/2019\/02\/grenzstein-im-ziemenbachtal-768x936.jpg 768w\" sizes=\"(max-width: 232px) 100vw, 232px\" \/><\/a><figcaption id=\"caption-attachment-2898\" class=\"wp-caption-text\">Grenzstein der ehemaligen Grenze zwischen den Gro\u00dfherzogt\u00fcmern Meckl.-Strelitz und Meckl.-Schwerin<\/figcaption><\/figure>\n<p>Die wechselhafte Kulturlandschaftsgeschichte hinterlie\u00df in unseren D\u00f6rfern\u00a0 zahlreiche Zeugnisse vergangenen Arbeitens und Lebens.<br \/>\nManches davon wurde in der Vergangenheit gesetzlich gesch\u00fctzt, sei es als arch\u00e4ologisches Denkmal bzw. Bodendenkmal, sei es als Baudenkmal.<br \/>\nDar\u00fcber hinaus weist die Landschaft zwischen Lieps und Havelquelle viele historische Kulturlandschaftselemente auf, die nicht gesch\u00fctzt, aber schutz<em>w\u00fcrdig<\/em> sind und f\u00fcr deren Erhalt und Pflege gesorgt werden sollte. Und hier wurden\u00a0Menschen geboren und wuchsen hier auf, die in ihrem Leben zu auch \u00fcber\u00f6rtlich bekannten Pers\u00f6nlichkeiten wurden.<\/p>\n<p>Auf den dieser Themenseite zugeh\u00f6rigen Seiten stellen wir ausgew\u00e4hlte\u00a0denkmalgesch\u00fctzte Geb\u00e4ude und weitere historische Kulturlandschaftselemente vor.<br \/>\nUnd Sie finden Informationen \u00fcber interessante Pers\u00f6nlichkeiten aus der Gegend zwischen Lieps und Havelquelle und manches mehr.<\/p>\n<p><strong><a href=\"http:\/\/kleinvielen-ev.de\/?page_id=319\">Pers\u00f6nlichkeiten<\/a><\/strong><br \/>\n<strong><a href=\"http:\/\/kleinvielen-ev.de\/?page_id=77\">Das Gutshaus Peckatel<\/a><\/strong><br \/>\n<strong><a href=\"http:\/\/kleinvielen-ev.de\/?page_id=81\">Die Kirche in Peckatel<\/a><\/strong><br \/>\n<strong><a href=\"http:\/\/kleinvielen-ev.de\/?page_id=83\">Die Kapelle in Klein Vielen und die Familie Jahn<\/a><\/strong><br \/>\n<strong><a href=\"http:\/\/kleinvielen-ev.de\/?page_id=85\">Die Kirche in Liepen<\/a><\/strong><br \/>\n<strong><a href=\"http:\/\/kleinvielen-ev.de\/?page_id=79\">Die alte Schmiede in Peckatel<\/a><\/strong><br \/>\n<strong><a href=\"http:\/\/kleinvielen-ev.de\/?page_id=356\">Arch\u00e4ologische Denkmale<\/a><\/strong><br \/>\n<strong><a href=\"http:\/\/kleinvielen-ev.de\/?page_id=980\">Verschiedenes<\/a><\/strong><\/p>\n","protected":false},"excerpt":{"rendered":"<p>Die wechselhafte Kulturlandschaftsgeschichte hinterlie\u00df in unseren D\u00f6rfern\u00a0 zahlreiche Zeugnisse vergangenen Arbeitens und Lebens. Manches davon wurde in der Vergangenheit gesetzlich gesch\u00fctzt, sei es als arch\u00e4ologisches Denkmal bzw. Bodendenkmal, sei es als Baudenkmal. Dar\u00fcber hinaus weist die Landschaft zwischen Lieps und Havelquelle viele historische Kulturlandschaftselemente auf, die nicht gesch\u00fctzt, aber schutzw\u00fcrdig sind und f\u00fcr deren Erhalt &hellip; <a href=\"https:\/\/kleinvielen-ev.de\/?page_id=1103\" class=\"more-link\"><span class=\"screen-reader-text\">Denk mal!<\/span> weiterlesen <span class=\"meta-nav\">&rarr;<\/span><\/a><\/p>\n","protected":false},"author":2,"featured_media":0,"parent":0,"menu_order":0,"comment_status":"closed","ping_status":"closed","template":"","meta":{"footnotes":""},"_links":{"self":[{"href":"https:\/\/kleinvielen-ev.de\/index.php?rest_route=\/wp\/v2\/pages\/1103"}],"collection":[{"href":"https:\/\/kleinvielen-ev.de\/index.php?rest_route=\/wp\/v2\/pages"}],"about":[{"href":"https:\/\/kleinvielen-ev.de\/index.php?rest_route=\/wp\/v2\/types\/page"}],"author":[{"embeddable":true,"href":"https:\/\/kleinvielen-ev.de\/index.php?rest_route=\/wp\/v2\/users\/2"}],"replies":[{"embeddable":true,"href":"https:\/\/kleinvielen-ev.de\/index.php?rest_route=%2Fwp%2Fv2%2Fcomments&post=1103"}],"version-history":[{"count":6,"href":"https:\/\/kleinvielen-ev.de\/index.php?rest_route=\/wp\/v2\/pages\/1103\/revisions"}],"predecessor-version":[{"id":4061,"href":"https:\/\/kleinvielen-ev.de\/index.php?rest_route=\/wp\/v2\/pages\/1103\/revisions\/4061"}],"wp:attachment":[{"href":"https:\/\/kleinvielen-ev.de\/index.php?rest_route=%2Fwp%2Fv2%2Fmedia&parent=1103"}],"curies":[{"name":"wp","href":"https:\/\/api.w.org\/{rel}","templated":true}]}}