{"id":113,"date":"2016-10-26T12:29:00","date_gmt":"2016-10-26T12:29:00","guid":{"rendered":"http:\/\/kleinvielen-ev.de\/?page_id=113"},"modified":"2017-12-29T16:07:54","modified_gmt":"2017-12-29T16:07:54","slug":"wuestung-jennyhof","status":"publish","type":"page","link":"https:\/\/kleinvielen-ev.de\/?page_id=113","title":{"rendered":"W\u00fcstung Jennyhof"},"content":{"rendered":"<h6>1976 h\u00f6rte ein Dorf auf zu existieren \u2013 Jennyhof.<a href=\"http:\/\/kleinvielen-ev.de\/wp-content\/uploads\/2016\/10\/Jhof-Tourist-ReiseuVerkehrsk-NB-1-200000-Bl-3-1979-2.jpg\"><img loading=\"lazy\" decoding=\"async\" class=\"alignnone wp-image-276 alignright\" src=\"http:\/\/kleinvielen-ev.de\/wp-content\/uploads\/2016\/10\/Jhof-Tourist-ReiseuVerkehrsk-NB-1-200000-Bl-3-1979-2-207x300.jpg\" alt=\"jhof-tourist-reiseuverkehrsk-nb-1-200000-bl-3-1979-2\" width=\"210\" height=\"304\" srcset=\"https:\/\/kleinvielen-ev.de\/wp-content\/uploads\/2016\/10\/Jhof-Tourist-ReiseuVerkehrsk-NB-1-200000-Bl-3-1979-2-207x300.jpg 207w, https:\/\/kleinvielen-ev.de\/wp-content\/uploads\/2016\/10\/Jhof-Tourist-ReiseuVerkehrsk-NB-1-200000-Bl-3-1979-2.jpg 305w\" sizes=\"(max-width: 210px) 100vw, 210px\" \/><\/a><\/h6>\n<p>Damit ging die Geschichte eines Ortes zu Ende, die immerhin 180 Jahre dauerte.<br \/>\nJennyhof wurde, nachdem Reichsfreiherr Josef von Maltzan im Jahre 1795 die G\u00fcter Peccatel, Peutsch und Brustorf aus dem Besitz des Kammerherrn von Plessen gekauft hatte, im Jahre 1796 als eine Meierei des Hauptgutes Peckatel eingerichtet.<br \/>\nVon Maltzan w\u00e4hlte den Namen bewusst: Er war als junger Offizier in England und pflegte Englisch zu sprechen. Seine Frau, eine geborene Gr\u00e4fin Luckner, hie\u00df Johanna, auf Englisch: Jenny. Ihr also widmete von Maltzan den neuen Ort.<br \/>\nDieser geh\u00f6rte bis 1960 zur Gemeinde Peckatel und dann nach dem Zusammenschluss der Gemeinden Peckatel und Klein Vielen zur neuen Gemeinde Klein Vielen. In dem Ort lebten durchschnittlich zwischen 50 bis 80 Menschen, aber nach dem Zweiten Weltkrieg starb er langsam aus.<br \/>\nHeute ist Jennyhof eine W\u00fcstung. 1976 wurden die letzten Geb\u00e4ude von Soldaten der Nationalen Volksarmee der DDR aus Sicherheitsgr\u00fcnden gesprengt, nachdem der letzte Bewohner ins nahe Peckatel gezogen war.\u00a0 Die alte Dorflinde und einige Geb\u00e4udereste\u00a0 zeugen noch von der 200-j\u00e4hrigen Geschichte dieses Ortes.<br \/>\nDie Geschichte von Jennyhof kann in der <a href=\"http:\/\/kleinvielen-ev.de\/wp-content\/uploads\/2016\/10\/Dorfzeitung-Nr-4-2012-A5.pdf\"><strong>\u201eDorfzeitung\u201c Nr. 4 (2012)<\/strong><\/a> nachgelesen werden.<\/p>\n<p><a href=\"http:\/\/kleinvielen-ev.de\/wp-content\/uploads\/2016\/10\/Jennyhof-1945-1953_internet.jpg\"><img loading=\"lazy\" decoding=\"async\" class=\" wp-image-212 aligncenter\" src=\"http:\/\/kleinvielen-ev.de\/wp-content\/uploads\/2016\/10\/Jennyhof-1945-1953_internet-300x141.jpg\" alt=\"jennyhof-1945-1953_internet\" width=\"604\" height=\"284\" srcset=\"https:\/\/kleinvielen-ev.de\/wp-content\/uploads\/2016\/10\/Jennyhof-1945-1953_internet-300x141.jpg 300w, https:\/\/kleinvielen-ev.de\/wp-content\/uploads\/2016\/10\/Jennyhof-1945-1953_internet.jpg 709w\" sizes=\"(max-width: 604px) 100vw, 604px\" \/><\/a><\/p>\n<p>&nbsp;<\/p>\n","protected":false},"excerpt":{"rendered":"<p>1976 h\u00f6rte ein Dorf auf zu existieren \u2013 Jennyhof. Damit ging die Geschichte eines Ortes zu Ende, die immerhin 180 Jahre dauerte. Jennyhof wurde, nachdem Reichsfreiherr Josef von Maltzan im Jahre 1795 die G\u00fcter Peccatel, Peutsch und Brustorf aus dem Besitz des Kammerherrn von Plessen gekauft hatte, im Jahre 1796 als eine Meierei des Hauptgutes &hellip; <a href=\"https:\/\/kleinvielen-ev.de\/?page_id=113\" class=\"more-link\"><span class=\"screen-reader-text\">W\u00fcstung Jennyhof<\/span> weiterlesen <span class=\"meta-nav\">&rarr;<\/span><\/a><\/p>\n","protected":false},"author":1,"featured_media":0,"parent":1092,"menu_order":0,"comment_status":"closed","ping_status":"closed","template":"","meta":{"footnotes":""},"_links":{"self":[{"href":"https:\/\/kleinvielen-ev.de\/index.php?rest_route=\/wp\/v2\/pages\/113"}],"collection":[{"href":"https:\/\/kleinvielen-ev.de\/index.php?rest_route=\/wp\/v2\/pages"}],"about":[{"href":"https:\/\/kleinvielen-ev.de\/index.php?rest_route=\/wp\/v2\/types\/page"}],"author":[{"embeddable":true,"href":"https:\/\/kleinvielen-ev.de\/index.php?rest_route=\/wp\/v2\/users\/1"}],"replies":[{"embeddable":true,"href":"https:\/\/kleinvielen-ev.de\/index.php?rest_route=%2Fwp%2Fv2%2Fcomments&post=113"}],"version-history":[{"count":27,"href":"https:\/\/kleinvielen-ev.de\/index.php?rest_route=\/wp\/v2\/pages\/113\/revisions"}],"predecessor-version":[{"id":1805,"href":"https:\/\/kleinvielen-ev.de\/index.php?rest_route=\/wp\/v2\/pages\/113\/revisions\/1805"}],"up":[{"embeddable":true,"href":"https:\/\/kleinvielen-ev.de\/index.php?rest_route=\/wp\/v2\/pages\/1092"}],"wp:attachment":[{"href":"https:\/\/kleinvielen-ev.de\/index.php?rest_route=%2Fwp%2Fv2%2Fmedia&parent=113"}],"curies":[{"name":"wp","href":"https:\/\/api.w.org\/{rel}","templated":true}]}}