{"id":1205,"date":"2017-01-15T16:04:30","date_gmt":"2017-01-15T16:04:30","guid":{"rendered":"http:\/\/kleinvielen-ev.de\/?page_id=1205"},"modified":"2025-05-29T11:19:15","modified_gmt":"2025-05-29T10:19:15","slug":"aus-dem-klein-vielen-e-v","status":"publish","type":"page","link":"https:\/\/kleinvielen-ev.de\/?page_id=1205","title":{"rendered":"Aus dem Klein Vielen e.V."},"content":{"rendered":"<h5><span style=\"color: #008080;\">Vorschau auf Veranstaltungen im Jahr 2025<\/span><\/h5>\n<h5><strong style=\"color: #c25710;\">Ausstellungen in der Jahn-Kapelle Klein Vielen, jeweils an den Wochenenden:<\/strong><\/h5>\n<ul>\n<li><em>Holm Heinke \u2013 Malerei<\/em> (Pfingsten, \u201eKunst offen\u201c 7. Juni 2025, und dann bis zum 28. Juni 2025)<\/li>\n<li><em>Ernst Volland \u2013 \u201eFr\u00fcchtchen\u201c \u2013 Zeichnungen <\/em>(Sonntag, 6. Juli 2025 bis Sonntag, 10. August 2025)<\/li>\n<li><em>\u201eLanghagen \u2013 Von vielen vergessen \u2013 f\u00fcr einige Heimat\u201c <\/em>(Sonntag, 14. September [Tag des offenen Denkmals] bis Sonntag, 21. September 2025)<\/li>\n<\/ul>\n<h5><span style=\"color: #008080;\">Aus der Jahresmitgliederversammlung 2024<\/span><\/h5>\n<p>Am Freitag, den 28. Februar 2025, fand im Gemeindezentrum Klein Vielen die ordentliche Jahresmitgliederversammlung des Klein Vielen e. V. statt. Die Mitglieder zogen Bilanz \u00fcber das Jahr 2024 und entlasteten den Vorstand f\u00fcr dieses Gesch\u00e4ftsjahr. Auf der Tagesordnung standen auch die Neuwahl des Vorstandes. Sie erbrachte folgendes Ergebnis:<\/p>\n<p>1. Vorsitzende: Uta Matecki,<br \/>\n2. Vorsitzender: J\u00f6rg Botta,<br \/>\nKassenwartin: Elke Schramma,<br \/>\nSchriftf\u00fchrer: Hermann Behrens,<br \/>\nKassenpr\u00fcferinnen: Brigitte Sch\u00e4fer und Sylvana Reggentin.<\/p>\n<p>&nbsp;<\/p>\n","protected":false},"excerpt":{"rendered":"<p>Vorschau auf Veranstaltungen im Jahr 2025 Ausstellungen in der Jahn-Kapelle Klein Vielen, jeweils an den Wochenenden: Holm Heinke \u2013 Malerei (Pfingsten, \u201eKunst offen\u201c 7. Juni 2025, und dann bis zum 28. Juni 2025) Ernst Volland \u2013 \u201eFr\u00fcchtchen\u201c \u2013 Zeichnungen (Sonntag, 6. Juli 2025 bis Sonntag, 10. August 2025) \u201eLanghagen \u2013 Von vielen vergessen \u2013 f\u00fcr &hellip; <a href=\"https:\/\/kleinvielen-ev.de\/?page_id=1205\" class=\"more-link\"><span class=\"screen-reader-text\">Aus dem Klein Vielen e.V.<\/span> weiterlesen <span class=\"meta-nav\">&rarr;<\/span><\/a><\/p>\n","protected":false},"author":2,"featured_media":0,"parent":11,"menu_order":0,"comment_status":"closed","ping_status":"closed","template":"","meta":{"footnotes":""},"_links":{"self":[{"href":"https:\/\/kleinvielen-ev.de\/index.php?rest_route=\/wp\/v2\/pages\/1205"}],"collection":[{"href":"https:\/\/kleinvielen-ev.de\/index.php?rest_route=\/wp\/v2\/pages"}],"about":[{"href":"https:\/\/kleinvielen-ev.de\/index.php?rest_route=\/wp\/v2\/types\/page"}],"author":[{"embeddable":true,"href":"https:\/\/kleinvielen-ev.de\/index.php?rest_route=\/wp\/v2\/users\/2"}],"replies":[{"embeddable":true,"href":"https:\/\/kleinvielen-ev.de\/index.php?rest_route=%2Fwp%2Fv2%2Fcomments&post=1205"}],"version-history":[{"count":49,"href":"https:\/\/kleinvielen-ev.de\/index.php?rest_route=\/wp\/v2\/pages\/1205\/revisions"}],"predecessor-version":[{"id":7333,"href":"https:\/\/kleinvielen-ev.de\/index.php?rest_route=\/wp\/v2\/pages\/1205\/revisions\/7333"}],"up":[{"embeddable":true,"href":"https:\/\/kleinvielen-ev.de\/index.php?rest_route=\/wp\/v2\/pages\/11"}],"wp:attachment":[{"href":"https:\/\/kleinvielen-ev.de\/index.php?rest_route=%2Fwp%2Fv2%2Fmedia&parent=1205"}],"curies":[{"name":"wp","href":"https:\/\/api.w.org\/{rel}","templated":true}]}}