{"id":1216,"date":"2017-01-15T16:34:11","date_gmt":"2017-01-15T16:34:11","guid":{"rendered":"http:\/\/kleinvielen-ev.de\/?page_id=1216"},"modified":"2017-01-30T13:42:50","modified_gmt":"2017-01-30T13:42:50","slug":"aus-der-zeit-als-die-gemeinde-klein-vielen-gegruendet-wurde","status":"publish","type":"page","link":"https:\/\/kleinvielen-ev.de\/?page_id=1216","title":{"rendered":"Aus der Zeit, als die Gemeinde Klein Vielen gegr\u00fcndet wurde"},"content":{"rendered":"<p>Die Gemeinde Klein Vielen entstand 1960 aus der Zusammenlegung der Gemeinde Klein Vielen und der Gemeinde Peckatel. Sie umfasste zun\u00e4chst nur die Ortsteile Klein Vielen, Peckatel, Hartwigsdorf, Jennyhof und Brustorf, dann kamen Adamsdorf und Liepen hinzu.<br \/>\n\u00dcber den Zusammenschluss beriet die Gemeindevertretung mehrmals im November 1959. Als Hauptgrund f\u00fcr den Zusammenschluss wurde angegeben, dass die LPG \u201eKarl Marx\u201c in Klein Vielen, die 1952 gegr\u00fcndet worden war, mittlerweile 53 Prozent und ab Anfang 1960 sogar 60 Prozent des Gebietes beider Gemeinden bewirtschaftete. Der Zusammenschluss der beiden Gemeinden sei notwendig, um eine \u201eeinheitliche Beschlu\u00dffassung zur F\u00f6rderung und Unterst\u00fctzung der Genossenschaft\u201c herbeizuf\u00fchren. Der Zusammenschluss sollte im November 1959 beschlossen werden.<br \/>\n1964 gab es in der Gemeinde folgende Einrichtungen: In den Ortsteilen Brustorf, Peckatel und Klein Vielen gab es Poststellen, in Peckatel, Klein Vielen und Hartwigsdorf je eine Konsumverkaufsstelle, eine Gastst\u00e4tte in Peckatel (Gutshaus), einen Getr\u00e4nkest\u00fctzpunkt in Klein Vielen, die polytechnische Oberschule bis zur 8. Klasse in Peckatel (&#8222;Otto-Grotewohl-Oberschule&#8220;), BHG (B\u00e4uerliche Handels-Genossenschaft)-Au\u00dfenstellen in Klein Vielen und Peckatel, die Freiwillige Feuerwehr, damals mit Sitz in Peckatel, und Kinderg\u00e4rten in Peckatel und Klein Vielen.<br \/>\nSitz des Rates der Gemeinde war damals Klein Vielen.<br \/>\nIn der Gemeinde lebten 1964 insgesamt 815 Menschen, davon waren 275 (!) unter 14 Jahre alt, 34 zwischen 14 und 18, 74 zwischen 18 und 25, 160 zwischen 26 und 40, 144 zwischen 41 und 60 und 148 Menschen waren \u00e4lter als 60 Jahre.<\/p>\n<p><strong>Quellen<\/strong>:<br \/>\nKreisarchiv Mecklenburgische Seenplatte, Regionalstelle Neustrelitz, Signatur 1034, Protokolle und Beschl\u00fcsse Gemeinde Klein Vielen 1958-1966, Protokoll \u00fcber die Ratssitzung am 9.11.1959 und Analyse der politisch-\u00f6konomischen Zusammensetzung der Gemeinde Klein Vielen und ihre Entwicklung seit 1960 (1964)<\/p>\n","protected":false},"excerpt":{"rendered":"<p>Die Gemeinde Klein Vielen entstand 1960 aus der Zusammenlegung der Gemeinde Klein Vielen und der Gemeinde Peckatel. Sie umfasste zun\u00e4chst nur die Ortsteile Klein Vielen, Peckatel, Hartwigsdorf, Jennyhof und Brustorf, dann kamen Adamsdorf und Liepen hinzu. \u00dcber den Zusammenschluss beriet die Gemeindevertretung mehrmals im November 1959. Als Hauptgrund f\u00fcr den Zusammenschluss wurde angegeben, dass die &hellip; <a href=\"https:\/\/kleinvielen-ev.de\/?page_id=1216\" class=\"more-link\"><span class=\"screen-reader-text\">Aus der Zeit, als die Gemeinde Klein Vielen gegr\u00fcndet wurde<\/span> weiterlesen <span class=\"meta-nav\">&rarr;<\/span><\/a><\/p>\n","protected":false},"author":2,"featured_media":0,"parent":1209,"menu_order":0,"comment_status":"closed","ping_status":"closed","template":"","meta":{"footnotes":""},"_links":{"self":[{"href":"https:\/\/kleinvielen-ev.de\/index.php?rest_route=\/wp\/v2\/pages\/1216"}],"collection":[{"href":"https:\/\/kleinvielen-ev.de\/index.php?rest_route=\/wp\/v2\/pages"}],"about":[{"href":"https:\/\/kleinvielen-ev.de\/index.php?rest_route=\/wp\/v2\/types\/page"}],"author":[{"embeddable":true,"href":"https:\/\/kleinvielen-ev.de\/index.php?rest_route=\/wp\/v2\/users\/2"}],"replies":[{"embeddable":true,"href":"https:\/\/kleinvielen-ev.de\/index.php?rest_route=%2Fwp%2Fv2%2Fcomments&post=1216"}],"version-history":[{"count":4,"href":"https:\/\/kleinvielen-ev.de\/index.php?rest_route=\/wp\/v2\/pages\/1216\/revisions"}],"predecessor-version":[{"id":1339,"href":"https:\/\/kleinvielen-ev.de\/index.php?rest_route=\/wp\/v2\/pages\/1216\/revisions\/1339"}],"up":[{"embeddable":true,"href":"https:\/\/kleinvielen-ev.de\/index.php?rest_route=\/wp\/v2\/pages\/1209"}],"wp:attachment":[{"href":"https:\/\/kleinvielen-ev.de\/index.php?rest_route=%2Fwp%2Fv2%2Fmedia&parent=1216"}],"curies":[{"name":"wp","href":"https:\/\/api.w.org\/{rel}","templated":true}]}}