{"id":1219,"date":"2017-01-15T16:36:52","date_gmt":"2017-01-15T16:36:52","guid":{"rendered":"http:\/\/kleinvielen-ev.de\/?page_id=1219"},"modified":"2017-02-02T11:26:29","modified_gmt":"2017-02-02T11:26:29","slug":"aus-der-lpg-zeit","status":"publish","type":"page","link":"https:\/\/kleinvielen-ev.de\/?page_id=1219","title":{"rendered":"Landwirtschaftliche Produktionsgenossenschaften"},"content":{"rendered":"<h5><strong>Zur &#8222;Kollektivierung&#8220; der Landwirtschaft in der Gemeinde Klein Vielen<\/strong><\/h5>\n<p>Als erste Landwirtschaftliche Produktionsgenossenschaften (LPG) auf dem Gebiet der Gemeinde wurden 1953 die LPG \u201eKarl Marx\u201c in Klein Vielen und eine LPG in Adamsdorf gegr\u00fcndet &#8211; bei beiden handelte es sich um &#8222;LPG Typ III&#8220;. Kurzzeitig bestand zwischen 1952\/53 und 1955 auch ein &#8222;B.\u00d6.L. Peckatel&#8220;, dessen Mitglieder sich dann der LPG &#8222;Karl Marx&#8220; anschlossen.<br \/>\n1960 folgten die Gr\u00fcndung der LPG \u201eEinigkeit\u201c in Peckatel und der LPG \u201eGoldene \u00c4hre\u201c in Hartwigsdorf. Beide galten als \u201eLPG Typ I\u201c. Die in Hartwigsdorf war durch den Zusammenschluss von nur vier Bauern gebildet worden.<br \/>\nIn der DDR gab es drei verschiedene Typen der LPG. Je nach Typ wurden von den Bauern dabei ihr Boden (Typ I), dazu ihre Maschinen (Typ II) und dazu der gesamte landwirtschaftliche Betrieb mit Vieh, Maschinen und Geb\u00e4uden (Typ III) in die Genossenschaft eingebracht. Die Bauern mussten dar\u00fcber hinaus noch Bargeld einbringen (Inventarbeitrag).<br \/>\nDen Typ II gab es nur vereinzelt. Betriebe des Typs III waren anfangs selten, vor allem wegen fehlender Akzeptanz bei den Einzelbauern, aber auch, weil es an ausreichend gro\u00dfen Anlagen und Stallungen f\u00fcr die gemeinsame Produktion mangelte. Viele LPG wandelten sich erst sp\u00e4ter, oftmals unter Druck von SED und Staat, vom Typ I oder II in den nunmehr dominierenden Typ III um, begleitet durch Investitionen in den Bau neuer Anlagen, in dessen Folge viele ehemals b\u00e4uerliche Wirtschaftsgeb\u00e4ude durch fehlende Ersatzinvestitionen verfielen.<br \/>\nDen beiden LPG I-Betrieben in der Gemeinde Klein Vielen wurde 1964 eine gute Entwicklung bescheinigt, als vorbildhaft galt die LPG \u201eEinigkeit\u201c in Peckatel, die um 1960 Sieger in einem Wettbewerb unter allen LPG der DDR wurde.\u00a0Dies wurde auf einem\u00a0vom Bezirksvorstand Neubrandenburg der \u201eVereinigung der gegenseitigen Bauernhilfe\u201c und von der Zeitung \u201eDer Genossenschaftsbauer\u201c herausgegebenen Plakat gew\u00fcrdigt (<em>siehe Abbildung<\/em>), das\u00a0m\u00f6glicherweise auch als\u00a0Beitrag des Bezirks zum VI. \u201eBauernkongre\u00df\u201c der DDR in Rostock\u00a0diente.<\/p>\n<figure style=\"width: 1772px\" class=\"wp-caption alignnone\"><img loading=\"lazy\" decoding=\"async\" src=\"http:\/\/kleinvielen-ev.de\/wp-content\/uploads\/2017\/01\/LPG-Einigkeit-Peckatel-Kopie.jpg\" width=\"1772\" height=\"1307\" \/><figcaption class=\"wp-caption-text\">&#8222;Peckatel zeigt: Es geht sehr gut!&#8220; &#8211; Plakat der VdgB-Bezirksleitung Neubrandenburg und der Zeitung &#8222;Der Genossenschaftsbauer&#8220;, 1960.<\/figcaption><\/figure>\n<p>1964 wurde die Leitungs- und Wirtschaftst\u00e4tigkeit der LPG \u201eEinigkeit\u201c als gut eingesch\u00e4tzt, ideologisch waren ihre Mitglieder offenbar noch nicht \u201eauf Linie\u201c, denn es hie\u00df, <em>\u201e[\u2026] da\u00df es erhebliche Arbeit hinsichtlich der sozialistischen Bewu\u00dftseinsbildung unter den Mitgliedern der Genossenschaft gibt.<\/em>\u201c<br \/>\nDie LPG \u201eKarl Marx\u201c in Klein Vielen, die vor allem von den wirtschaftlich weniger gut gestellten Siedlern gebildet worden war, die \u00fcber die Bodenreform 1945 Land im Umfang zwischen 6 und etwa 10 Hektar bekommen hatten, hatte schrittweise auch \u201efrei werdende\u201c Fl\u00e4chen von Siedlern \u00fcbernehmen m\u00fcssen, die in die Bundesrepublik geflohen waren.<br \/>\nAllein in der Gemeinde Peckatel geh\u00f6rten zu den \u201eRepublikfl\u00fcchtlingen\u201c zum Beispiel Heinz Mann\/Jennyhof (November 1951), Alfons Schmidt\/Brustorf (geflohen am 27.3.1953), Willi Buchert\/Peckatel (10.4.1953), Familie Rathloff-Havlin\/Jennyhof (1953), Bruno Schriewer\/Peckatel (1954), Paul Harnisch\/Jennyhof (1955) oder Wilhelm Kabelitz\/Brustorf (1953).<br \/>\nIn die LPG &#8222;Karl Marx&#8220; traten 1960 die letzten Einzelbauern ein, auch die Mitglieder der LPG in Hartwigsdorf traten der LPG &#8222;Karl Marx&#8220; bei, die in dieser Zeit allein schon wegen ihrer technisch-materiell schwachen Ausstattung vor enormen Herausforderungen stand. Anfang 1960 bewirtschaftete die LPG &#8222;Karl Marx&#8220; bereits\u00a060 Prozent des Gebietes beider Gemeinden.<br \/>\nDie LPG in Adamsdorf und Peckatel wurden schlie\u00dflich mit der LPG Klein Vielen zusammengelegt, so dass die\u00a0Bewirtschaftung des Bodens nun\u00a0von einem Betrieb &#8222;gemanagt&#8220; wurde.<\/p>\n<figure id=\"attachment_1234\" aria-describedby=\"caption-attachment-1234\" style=\"width: 588px\" class=\"wp-caption alignnone\"><img loading=\"lazy\" decoding=\"async\" class=\"wp-image-1234\" src=\"http:\/\/kleinvielen-ev.de\/wp-content\/uploads\/2017\/01\/790px-Bundesarchiv_Bild_183-65483-0001_Klein_Vielen_LPG_Besuch_durch_B\u00fcrgermeister-300x228.jpg\" alt=\"790px-Bundesarchiv_Bild_183-65483-0001,_Klein_Vielen,_LPG,_Besuch_durch_B\u00fcrgermeister\" width=\"588\" height=\"447\" srcset=\"https:\/\/kleinvielen-ev.de\/wp-content\/uploads\/2017\/01\/790px-Bundesarchiv_Bild_183-65483-0001_Klein_Vielen_LPG_Besuch_durch_B\u00fcrgermeister-300x228.jpg 300w, https:\/\/kleinvielen-ev.de\/wp-content\/uploads\/2017\/01\/790px-Bundesarchiv_Bild_183-65483-0001_Klein_Vielen_LPG_Besuch_durch_B\u00fcrgermeister-768x583.jpg 768w, https:\/\/kleinvielen-ev.de\/wp-content\/uploads\/2017\/01\/790px-Bundesarchiv_Bild_183-65483-0001_Klein_Vielen_LPG_Besuch_durch_B\u00fcrgermeister.jpg 945w\" sizes=\"(max-width: 588px) 100vw, 588px\" \/><figcaption id=\"caption-attachment-1234\" class=\"wp-caption-text\">Original-Bildunterschrift: &#8222;B\u00fcrgermeister und Kreistagsabgeordneter unterst\u00fctzt Bau von Rinderoffenst\u00e4llen 30.000 DM wollen die Genossenschaftsbauern von Klein Vielen, Kreis Neustrelitz beim Bau des Rinderoffenstalles einsparen. Die ersparten Mittel sollen f\u00fcr den Bau eines Schweinestalles verwendet werden. Jedes LPG-Mitglied hat sich verpflichtet, im NAW 10 Stunden am Offenstallbau mitzuarbeiten. UBz: An der Baustelle beraten der B\u00fcrgermeister Gerhard Kahnt der Gemeinde Peckatel und der Kreistagsabgeordnete Herbert Wegner (rechts) mit dem Rinderpfleger Arthur Lauterwald (Mitte), wie mehr \u00f6rtliche Reserven ausgenutzt und die Bewohner der Gemeinde sowie die Patenbetriebe f\u00fcr weitere Solidarit\u00e4tseins\u00e4tze gewonnen werden k\u00f6nnen.&#8220; &#8211; Quelle: Bundesarchiv, Bild 183-65483-0001 \/ CC-BY-SA 3.0. Aufnahme: Martin, 30.6.1959.<\/figcaption><\/figure>\n<p><strong>Quellen<\/strong>:<br \/>\nKreisarchiv Mecklenburgische Seenplatte, Regionalstelle Neustrelitz, Signatur Nr. 1034, Protokolle und Beschl\u00fcsse Gemeinde Klein Vielen 1958-1966, Signatur Nr. 1598, Republikfluchten 1953-1959 und Signatur Nr. 1599 Volkspolizei und Justiz, Arbeit mit Kreisgericht.<br \/>\nEinen knappen \u00dcberblick \u00fcber LPG-Typen bietet das Internet-Lexikon Widipedia unter <a href=\"https:\/\/de.wikipedia.org\/wiki\/Landwirtschaftliche_Produktionsgenossenschaft\">https:\/\/de.wikipedia.org\/wiki\/Landwirtschaftliche_Produktionsgenossenschaft<\/a><\/p>\n","protected":false},"excerpt":{"rendered":"<p>Zur &#8222;Kollektivierung&#8220; der Landwirtschaft in der Gemeinde Klein Vielen Als erste Landwirtschaftliche Produktionsgenossenschaften (LPG) auf dem Gebiet der Gemeinde wurden 1953 die LPG \u201eKarl Marx\u201c in Klein Vielen und eine LPG in Adamsdorf gegr\u00fcndet &#8211; bei beiden handelte es sich um &#8222;LPG Typ III&#8220;. Kurzzeitig bestand zwischen 1952\/53 und 1955 auch ein &#8222;B.\u00d6.L. Peckatel&#8220;, dessen &hellip; <a href=\"https:\/\/kleinvielen-ev.de\/?page_id=1219\" class=\"more-link\"><span class=\"screen-reader-text\">Landwirtschaftliche Produktionsgenossenschaften<\/span> weiterlesen <span class=\"meta-nav\">&rarr;<\/span><\/a><\/p>\n","protected":false},"author":2,"featured_media":0,"parent":1209,"menu_order":0,"comment_status":"closed","ping_status":"closed","template":"","meta":{"footnotes":""},"_links":{"self":[{"href":"https:\/\/kleinvielen-ev.de\/index.php?rest_route=\/wp\/v2\/pages\/1219"}],"collection":[{"href":"https:\/\/kleinvielen-ev.de\/index.php?rest_route=\/wp\/v2\/pages"}],"about":[{"href":"https:\/\/kleinvielen-ev.de\/index.php?rest_route=\/wp\/v2\/types\/page"}],"author":[{"embeddable":true,"href":"https:\/\/kleinvielen-ev.de\/index.php?rest_route=\/wp\/v2\/users\/2"}],"replies":[{"embeddable":true,"href":"https:\/\/kleinvielen-ev.de\/index.php?rest_route=%2Fwp%2Fv2%2Fcomments&post=1219"}],"version-history":[{"count":30,"href":"https:\/\/kleinvielen-ev.de\/index.php?rest_route=\/wp\/v2\/pages\/1219\/revisions"}],"predecessor-version":[{"id":1361,"href":"https:\/\/kleinvielen-ev.de\/index.php?rest_route=\/wp\/v2\/pages\/1219\/revisions\/1361"}],"up":[{"embeddable":true,"href":"https:\/\/kleinvielen-ev.de\/index.php?rest_route=\/wp\/v2\/pages\/1209"}],"wp:attachment":[{"href":"https:\/\/kleinvielen-ev.de\/index.php?rest_route=%2Fwp%2Fv2%2Fmedia&parent=1219"}],"curies":[{"name":"wp","href":"https:\/\/api.w.org\/{rel}","templated":true}]}}