{"id":1321,"date":"2017-01-27T13:32:07","date_gmt":"2017-01-27T13:32:07","guid":{"rendered":"http:\/\/kleinvielen-ev.de\/?page_id=1321"},"modified":"2017-05-14T09:09:13","modified_gmt":"2017-05-14T09:09:13","slug":"bau-des-24-we-blocks-in-peckatel","status":"publish","type":"page","link":"https:\/\/kleinvielen-ev.de\/?page_id=1321","title":{"rendered":"Bau des 24 WE-Neubaus in Peckatel"},"content":{"rendered":"<h5>Ein Neubau lindert die Wohnungsnot<\/h5>\n<p>In den 1960er Jahren suchten zahlreiche B\u00fcrgerinnen und B\u00fcrger aus Peckatel und den umliegenden Orten, etwa der damals noch existierenden Ortschaft Jennyhof, Wohnungen.<br \/>\nSchon Mitte der 1960er Jahre war der Bau eines\u00a0 viergeschossigen Geb\u00e4udes mit 24 Wohneinheiten geplant.<br \/>\nDaf\u00fcr wurde auf dem daf\u00fcr auserkorenen Grundst\u00fcck &#8222;Baufreiheit&#8220; geschaffen.\u00a0Ein altes, einst zum Guts-Ensemble geh\u00f6rendes Wohn- und Wirtschaftsgeb\u00e4ude musste weichen.\u00a0Dieses war\u00a01934 im Zuge der Aufsiedlung des Maltzanschen\u00a0Gutes an die Siedlerfamilien Heyn und Buchert vergeben worden (zu der Aufsiedlung 1934 vgl. den Beitrag in &#8222;<strong><a href=\"http:\/\/kleinvielen-ev.de\/wp-content\/uploads\/2016\/10\/Dorfzeitung-Nr-6-2015_ebook.pdf\">Dorfzeitung&#8220; Nr. 6\/2015, S.\u00a0 44-55<\/a><\/strong>). Bauer Heyns Frau starb bei der Geburt eines Kindes. Ohne B\u00e4uerin konnte er den <span class=\"cmp_parsed_location\" data-cmp_parsed_location_name=\"Hof\" data-cmp_parsed_location_weather=\"K09464000\" data-cmp_parsed_location_other=\"1\" data-ce-class=\"Locations\">Hof<\/span> nicht bewirtschaften. Daher verkaufte er seinen Anteil 1940 an Buchert.<br \/>\nIn dem alten Geb\u00e4ude wohnten, als die Entscheidung f\u00fcr den 24-WE-Neubau fiel, noch zwei Familien, die umziehen mussten, damit das alte Geb\u00e4ude abgerissen werden konnte.<br \/>\nDie Planung zog sich Jahre hin und im Januar 1970 musste die Gemeindevertretung entt\u00e4uscht feststellen, dass das Bauvorhaben vorerst &#8222;von oben&#8220; gestrichen worden war: <em>\u201eAuf dem Gebiet des Wohnungswesens gab es in den vergangenen 4 Jahren gro\u00dfe Schwierigkeiten, die heute noch zu verzeichnen sind. Die Ursache hierf\u00fcr sieht der Rat der Gemeinde in der Streichung des 24-We-Neubaus im Jahre 1968.\u201c<\/em><br \/>\nDiese Streichung wurde\u00a0vom Rat des Bezirkes Neubrandenburg beschlossen, der den Wohnungsneubau auf die Siedlungsschwerpunkte wie Neubrandenburg, Neustrelitz, Waren oder Demmin konzentrieren wollte. So wurde der eigentlich f\u00fcr Peckatel vorgesehene\u00a0Neubau \u00a0in Neustrelitz errichtet.<br \/>\nDie Wohnungs-Engp\u00e4sse rissen indessen nicht ab, die Gemeinde dr\u00e4ngte weiterhin auf den Bau eines Mehrgeschossers und hatte Erfolg:\u00a0Im September 1972 erhielt sie die freudige\u00a0Mitteilung, dass nunmehr in Peckatel der lang ersehnte 24-WE-&#8222;Block&#8220; gebaut werden sollte.<br \/>\nDas Bauvorhaben wurde im vierten Quartal 1975 begonnen.<br \/>\nAuf dem Grundriss des abgerissenen Geb\u00e4udes wurde nun der viergeschossige Neubau errichtet. Am 26.6.1976 konnte der B\u00fcrgermeister die Schl\u00fcssel in Empfang nehmen.<br \/>\nDer Neubau trug dazu bei, dass die gr\u00f6\u00dften Wohnraumprobleme behoben werden konnten.<br \/>\nNach 1990 wurde der 24-WE-Bau von der Gemeinde Klein Vielen mit erheblicher Kraftanstrengung modernisiert. Heizung gibt es im Neubau erst seit 1996. Zu DDR-Zeiten lie\u00dfen sich Mieter\u00a0Nachtspeicher\u00f6fen einbauen, wobei sie um die\u00a0Genehmigung k\u00e4mpfen mussten.<\/p>\n<p><strong>Quelle<\/strong>:<br \/>\nKreisarchiv Mecklenburgische Seenplatte, Regionalstelle Neustrelitz, VA\/EA Nr. 1032,<br \/>\nProtokolle Gemeindevertretersitzungen 1960 bis 1979.<\/p>\n","protected":false},"excerpt":{"rendered":"<p>Ein Neubau lindert die Wohnungsnot In den 1960er Jahren suchten zahlreiche B\u00fcrgerinnen und B\u00fcrger aus Peckatel und den umliegenden Orten, etwa der damals noch existierenden Ortschaft Jennyhof, Wohnungen. Schon Mitte der 1960er Jahre war der Bau eines\u00a0 viergeschossigen Geb\u00e4udes mit 24 Wohneinheiten geplant. Daf\u00fcr wurde auf dem daf\u00fcr auserkorenen Grundst\u00fcck &#8222;Baufreiheit&#8220; geschaffen.\u00a0Ein altes, einst zum &hellip; <a href=\"https:\/\/kleinvielen-ev.de\/?page_id=1321\" class=\"more-link\"><span class=\"screen-reader-text\">Bau des 24 WE-Neubaus in Peckatel<\/span> weiterlesen <span class=\"meta-nav\">&rarr;<\/span><\/a><\/p>\n","protected":false},"author":2,"featured_media":0,"parent":1209,"menu_order":0,"comment_status":"closed","ping_status":"closed","template":"","meta":{"footnotes":""},"_links":{"self":[{"href":"https:\/\/kleinvielen-ev.de\/index.php?rest_route=\/wp\/v2\/pages\/1321"}],"collection":[{"href":"https:\/\/kleinvielen-ev.de\/index.php?rest_route=\/wp\/v2\/pages"}],"about":[{"href":"https:\/\/kleinvielen-ev.de\/index.php?rest_route=\/wp\/v2\/types\/page"}],"author":[{"embeddable":true,"href":"https:\/\/kleinvielen-ev.de\/index.php?rest_route=\/wp\/v2\/users\/2"}],"replies":[{"embeddable":true,"href":"https:\/\/kleinvielen-ev.de\/index.php?rest_route=%2Fwp%2Fv2%2Fcomments&post=1321"}],"version-history":[{"count":12,"href":"https:\/\/kleinvielen-ev.de\/index.php?rest_route=\/wp\/v2\/pages\/1321\/revisions"}],"predecessor-version":[{"id":1544,"href":"https:\/\/kleinvielen-ev.de\/index.php?rest_route=\/wp\/v2\/pages\/1321\/revisions\/1544"}],"up":[{"embeddable":true,"href":"https:\/\/kleinvielen-ev.de\/index.php?rest_route=\/wp\/v2\/pages\/1209"}],"wp:attachment":[{"href":"https:\/\/kleinvielen-ev.de\/index.php?rest_route=%2Fwp%2Fv2%2Fmedia&parent=1321"}],"curies":[{"name":"wp","href":"https:\/\/api.w.org\/{rel}","templated":true}]}}