{"id":1473,"date":"2017-04-08T14:55:57","date_gmt":"2017-04-08T14:55:57","guid":{"rendered":"http:\/\/kleinvielen-ev.de\/?page_id=1473"},"modified":"2026-01-25T15:46:31","modified_gmt":"2026-01-25T14:46:31","slug":"wilhelm-und-bruno-arndt","status":"publish","type":"page","link":"https:\/\/kleinvielen-ev.de\/?page_id=1473","title":{"rendered":"Wilhelm und Bruno Arndt"},"content":{"rendered":"<h5>Das F\u00f6rster-Denkmal im Brustorfer Forst<a href=\"http:\/\/kleinvielen-ev.de\/wp-content\/uploads\/2017\/04\/Arndt_Brustorf-200dpi.jpg\"><img loading=\"lazy\" decoding=\"async\" class=\"wp-image-1474 alignright\" src=\"http:\/\/kleinvielen-ev.de\/wp-content\/uploads\/2017\/04\/Arndt_Brustorf-200dpi-169x300.jpg\" alt=\"\" width=\"138\" height=\"245\" srcset=\"https:\/\/kleinvielen-ev.de\/wp-content\/uploads\/2017\/04\/Arndt_Brustorf-200dpi-169x300.jpg 169w, https:\/\/kleinvielen-ev.de\/wp-content\/uploads\/2017\/04\/Arndt_Brustorf-200dpi-576x1024.jpg 576w, https:\/\/kleinvielen-ev.de\/wp-content\/uploads\/2017\/04\/Arndt_Brustorf-200dpi.jpg 630w\" sizes=\"(max-width: 138px) 100vw, 138px\" \/><\/a><\/h5>\n<p>(H.B.) Im Brustorfer Forst steht abseits des Weges zum Peutscher See seit langem ein Gedenkstein mit folgender Inschrift:<br \/>\n<em>\u201eLudolf Maltzan <\/em><br \/>\n<em> Freiherr zu Wartenberg <\/em><br \/>\n<em> u. Penzlin <\/em><br \/>\n<em> dem Andenken <\/em><br \/>\n<em> seiner treuen Mitarbeiter <\/em><br \/>\n<em> der Forstverwalter <\/em><br \/>\n<em> Wilhelm u. Bruno Arndt <\/em><br \/>\n<em> in Dankbarkeit gewidmet <\/em><br \/>\n<em> 1889 \u2013 1930&#8243;<\/em><br \/>\nWilhelm Arndt, der aus Schlesien kam, verwaltete den Maltzanschen Forst, der etwa 771 Hektar gro\u00df war, von 1889 bis etwa 1910. Ihm folgte bis 1930 sein Sohn Bruno. Als dieser 1930 starb, lie\u00df Ludolf von Maltzan einen Nachruf ver\u00f6ffentlichen (siehe Abbildung).<a href=\"http:\/\/kleinvielen-ev.de\/wp-content\/uploads\/2017\/04\/Krull_Forstwirtschaft-Peckatel.jpg\"><img loading=\"lazy\" decoding=\"async\" class=\"wp-image-1475 alignright\" src=\"http:\/\/kleinvielen-ev.de\/wp-content\/uploads\/2017\/04\/Krull_Forstwirtschaft-Peckatel-221x300.jpg\" alt=\"\" width=\"142\" height=\"193\" srcset=\"https:\/\/kleinvielen-ev.de\/wp-content\/uploads\/2017\/04\/Krull_Forstwirtschaft-Peckatel-221x300.jpg 221w, https:\/\/kleinvielen-ev.de\/wp-content\/uploads\/2017\/04\/Krull_Forstwirtschaft-Peckatel.jpg 472w\" sizes=\"(max-width: 142px) 100vw, 142px\" \/><\/a><br \/>\nDer letzte Gutsbesitzer in Peckatel, Ludolf von Maltzan, verstarb am 3.2.1942. 1945 wurde der ehemals Maltzansche Forst im Zuge der Bodenreform enteignet. 63 Bauern aus den D\u00f6rfern Brustorf, Peckatel und Jennyhof erhielten insgesamt etwa 71 Hektar Wald. Der Rest wurde Staatseigentum und kam zur Forst Hohenzieritz.<br \/>\nDas Denkmal steht am Rande der Ziemenbach-Niederung, die den Arndts der sch\u00f6nste Ort im Forst gewesen sein soll. Die Niederung soll zu der Zeit, als die Arndts den Forst verwalteten, noch h\u00e4ufig einem See geglichen haben. Heute ist sie weitgehend verlandet oder schon trocken gefallen.<br \/>\n<a href=\"http:\/\/kleinvielen-ev.de\/wp-content\/uploads\/2017\/04\/ziemenbach-niederung-200dpi.jpg\"><img loading=\"lazy\" decoding=\"async\" class=\"wp-image-1476 alignright\" src=\"http:\/\/kleinvielen-ev.de\/wp-content\/uploads\/2017\/04\/ziemenbach-niederung-200dpi-300x169.jpg\" alt=\"\" width=\"252\" height=\"142\" srcset=\"https:\/\/kleinvielen-ev.de\/wp-content\/uploads\/2017\/04\/ziemenbach-niederung-200dpi-300x169.jpg 300w, https:\/\/kleinvielen-ev.de\/wp-content\/uploads\/2017\/04\/ziemenbach-niederung-200dpi-768x432.jpg 768w, https:\/\/kleinvielen-ev.de\/wp-content\/uploads\/2017\/04\/ziemenbach-niederung-200dpi.jpg 787w\" sizes=\"(max-width: 252px) 100vw, 252px\" \/><\/a>Das Denkmal steht nun bereits fast 90 Jahre und erinnert an zwei der Verwalter dieses Forstes .<br \/>\nAuf Bruno Arndt folgte als Forstverwalter 1930\u00a0Erwin H\u00fcneken und auf diesen Max Neitzel. Dessen Grabstein ist noch an der Friedhofsmauer in Peckatel erhalten, und an einer Wand der Kirche lehnt immer noch ein einfaches Holzkreuz mit einem Blechschild, auf dem zu lesen ist:<br \/>\n<em>Hier ruhet in Gott der <\/em><br \/>\n<em><a href=\"http:\/\/kleinvielen-ev.de\/wp-content\/uploads\/2017\/04\/arndtneitzel.jpg\"><img loading=\"lazy\" decoding=\"async\" class=\"wp-image-1483 alignright\" src=\"http:\/\/kleinvielen-ev.de\/wp-content\/uploads\/2017\/04\/arndtneitzel-300x135.jpg\" alt=\"\" width=\"313\" height=\"141\" srcset=\"https:\/\/kleinvielen-ev.de\/wp-content\/uploads\/2017\/04\/arndtneitzel-300x135.jpg 300w, https:\/\/kleinvielen-ev.de\/wp-content\/uploads\/2017\/04\/arndtneitzel-768x345.jpg 768w, https:\/\/kleinvielen-ev.de\/wp-content\/uploads\/2017\/04\/arndtneitzel-604x270.jpg 604w, https:\/\/kleinvielen-ev.de\/wp-content\/uploads\/2017\/04\/arndtneitzel.jpg 946w\" sizes=\"(max-width: 313px) 100vw, 313px\" \/><\/a>Forstverwalter Bruno Arndt<\/em><br \/>\n<em>geb. 18. Juni 1875 gest. 18. Dezember 1930<\/em><br \/>\n<em>Selig sind die reinen Herzens sind<\/em><br \/>\n<em>denn sie werden Gott schauen<\/em><br \/>\n(Fotos: H. Behrens, Abb. Nachruf:<br \/>\nRepro Archiv G. Krull).<\/p>\n<p>&nbsp;<\/p>\n<p>&nbsp;<\/p>\n","protected":false},"excerpt":{"rendered":"<p>Das F\u00f6rster-Denkmal im Brustorfer Forst (H.B.) Im Brustorfer Forst steht abseits des Weges zum Peutscher See seit langem ein Gedenkstein mit folgender Inschrift: \u201eLudolf Maltzan Freiherr zu Wartenberg u. Penzlin dem Andenken seiner treuen Mitarbeiter der Forstverwalter Wilhelm u. Bruno Arndt in Dankbarkeit gewidmet 1889 \u2013 1930&#8243; Wilhelm Arndt, der aus Schlesien kam, verwaltete den &hellip; <a href=\"https:\/\/kleinvielen-ev.de\/?page_id=1473\" class=\"more-link\"><span class=\"screen-reader-text\">Wilhelm und Bruno Arndt<\/span> weiterlesen <span class=\"meta-nav\">&rarr;<\/span><\/a><\/p>\n","protected":false},"author":2,"featured_media":0,"parent":319,"menu_order":0,"comment_status":"closed","ping_status":"closed","template":"","meta":{"footnotes":""},"_links":{"self":[{"href":"https:\/\/kleinvielen-ev.de\/index.php?rest_route=\/wp\/v2\/pages\/1473"}],"collection":[{"href":"https:\/\/kleinvielen-ev.de\/index.php?rest_route=\/wp\/v2\/pages"}],"about":[{"href":"https:\/\/kleinvielen-ev.de\/index.php?rest_route=\/wp\/v2\/types\/page"}],"author":[{"embeddable":true,"href":"https:\/\/kleinvielen-ev.de\/index.php?rest_route=\/wp\/v2\/users\/2"}],"replies":[{"embeddable":true,"href":"https:\/\/kleinvielen-ev.de\/index.php?rest_route=%2Fwp%2Fv2%2Fcomments&post=1473"}],"version-history":[{"count":12,"href":"https:\/\/kleinvielen-ev.de\/index.php?rest_route=\/wp\/v2\/pages\/1473\/revisions"}],"predecessor-version":[{"id":7553,"href":"https:\/\/kleinvielen-ev.de\/index.php?rest_route=\/wp\/v2\/pages\/1473\/revisions\/7553"}],"up":[{"embeddable":true,"href":"https:\/\/kleinvielen-ev.de\/index.php?rest_route=\/wp\/v2\/pages\/319"}],"wp:attachment":[{"href":"https:\/\/kleinvielen-ev.de\/index.php?rest_route=%2Fwp%2Fv2%2Fmedia&parent=1473"}],"curies":[{"name":"wp","href":"https:\/\/api.w.org\/{rel}","templated":true}]}}