{"id":1497,"date":"2017-04-23T10:14:33","date_gmt":"2017-04-23T10:14:33","guid":{"rendered":"http:\/\/kleinvielen-ev.de\/?page_id=1497"},"modified":"2026-01-25T15:45:47","modified_gmt":"2026-01-25T14:45:47","slug":"hegemeister-hermann-kloeckner-1827-1907","status":"publish","type":"page","link":"https:\/\/kleinvielen-ev.de\/?page_id=1497","title":{"rendered":"Hegemeister Hermann Kl\u00f6ckner (1827-1907)"},"content":{"rendered":"<p>(H.B.) Der Gro\u00dfherzogliche Hegemeister<a href=\"http:\/\/kleinvielen-ev.de\/wp-content\/uploads\/2017\/04\/F\u00f6rstergrab-Kl\u00f6ckner.jpg\"><img loading=\"lazy\" decoding=\"async\" class=\" wp-image-1498 alignright\" src=\"http:\/\/kleinvielen-ev.de\/wp-content\/uploads\/2017\/04\/F\u00f6rstergrab-Kl\u00f6ckner-231x300.jpg\" alt=\"\" width=\"210\" height=\"273\" srcset=\"https:\/\/kleinvielen-ev.de\/wp-content\/uploads\/2017\/04\/F\u00f6rstergrab-Kl\u00f6ckner-231x300.jpg 231w, https:\/\/kleinvielen-ev.de\/wp-content\/uploads\/2017\/04\/F\u00f6rstergrab-Kl\u00f6ckner.jpg 743w\" sizes=\"(max-width: 210px) 100vw, 210px\" \/><\/a><br \/>\nund J\u00e4ger Hermann Kl\u00f6ckner (29.7.1827-23.6.1907) war ein F\u00f6rster, der lange Zeit im Hohenzieritzer \u201eCabinetsforst\u201c t\u00e4tig war und zwar von 1879 bis 1906. Die Bezeichnung \u201eCabinetsforst\u201c war der Ausdruck f\u00fcr den pers\u00f6nlichen\u00a0 Besitz des jeweiligen regierenden Landesf\u00fcrsten, hier: des Gro\u00dfherzogs von Mecklenburg-Strelitz.<br \/>\nKl\u00f6ckner kam als Unterf\u00f6rster nach Hohenzieritz und war vorher in den F\u00f6rstereien Sch\u00f6nhorn, Babke und Wilhelminenhof t\u00e4tig. Im hohen Alter wurde ihm von 1893 an zur Verwaltung des Cabinetsforstes sein Sohn Otto\u00a0 zur Seite gestellt.<br \/>\nSeinem Wunsch, im Rosenholz, mitten im sch\u00f6nen Buchenwald, beigesetzt zu werden, gab der damalige Gro\u00dfherzog Adolf Friedrich V. von Mecklenburg-Strelitz statt.<br \/>\nAuf seinem letzten Gang von seiner F\u00f6rsterei bis zu seiner Ruhest\u00e4tte folgten ihm zahlreiche F\u00f6rster und J\u00e4ger aus Mecklenburg-Strelitz.<br \/>\nDer F\u00f6rster Franz Sonnenberg berichtet \u00fcber die Begr\u00e4bnisfeier: <em>\u201eWir Jungj\u00e4ger f\u00fchrten unsere Jagdh\u00f6rner mit, um dem alten beliebten Hegemeister das letzte Jagdvorbei und Halali als Dank f\u00fcr seine vorbildliche Haltung als F\u00f6rster und J\u00e4ger mit in die ewigen Jagdgr\u00fcnde zu geben. Doch wie mu\u00dften wir staunen, als hoch zu Ro\u00df in Jagduniform ein Reiter sich zugesellte. Es war der von uns so hoch verehrte Gro\u00dfherzog Adolf Friedrich V., der seinem treuen toten Diener die letzte Ehre erwies. Mit hei\u00dfem Herzen und tiefster Ehrfurcht und Dank verstanden wir die uns zuteil gewordene Achtung.\u201c<\/em><\/p>\n<p><strong>Quelle<\/strong>:<br \/>\nFranz Sonnenberg 1959: Kommen und Gehen einstmaliger Mecklenburg-Strelitzer Staatsforstbeamten, Karbe-Wagner-Archiv Neustrelitz, Signatur Ha 47, S. 124\u2013127.<br \/>\nFoto: H. Behrens, 2013<\/p>\n","protected":false},"excerpt":{"rendered":"<p>(H.B.) Der Gro\u00dfherzogliche Hegemeister und J\u00e4ger Hermann Kl\u00f6ckner (29.7.1827-23.6.1907) war ein F\u00f6rster, der lange Zeit im Hohenzieritzer \u201eCabinetsforst\u201c t\u00e4tig war und zwar von 1879 bis 1906. Die Bezeichnung \u201eCabinetsforst\u201c war der Ausdruck f\u00fcr den pers\u00f6nlichen\u00a0 Besitz des jeweiligen regierenden Landesf\u00fcrsten, hier: des Gro\u00dfherzogs von Mecklenburg-Strelitz. Kl\u00f6ckner kam als Unterf\u00f6rster nach Hohenzieritz und war vorher in &hellip; <a href=\"https:\/\/kleinvielen-ev.de\/?page_id=1497\" class=\"more-link\"><span class=\"screen-reader-text\">Hegemeister Hermann Kl\u00f6ckner (1827-1907)<\/span> weiterlesen <span class=\"meta-nav\">&rarr;<\/span><\/a><\/p>\n","protected":false},"author":2,"featured_media":0,"parent":319,"menu_order":0,"comment_status":"closed","ping_status":"closed","template":"","meta":{"footnotes":""},"_links":{"self":[{"href":"https:\/\/kleinvielen-ev.de\/index.php?rest_route=\/wp\/v2\/pages\/1497"}],"collection":[{"href":"https:\/\/kleinvielen-ev.de\/index.php?rest_route=\/wp\/v2\/pages"}],"about":[{"href":"https:\/\/kleinvielen-ev.de\/index.php?rest_route=\/wp\/v2\/types\/page"}],"author":[{"embeddable":true,"href":"https:\/\/kleinvielen-ev.de\/index.php?rest_route=\/wp\/v2\/users\/2"}],"replies":[{"embeddable":true,"href":"https:\/\/kleinvielen-ev.de\/index.php?rest_route=%2Fwp%2Fv2%2Fcomments&post=1497"}],"version-history":[{"count":5,"href":"https:\/\/kleinvielen-ev.de\/index.php?rest_route=\/wp\/v2\/pages\/1497\/revisions"}],"predecessor-version":[{"id":7551,"href":"https:\/\/kleinvielen-ev.de\/index.php?rest_route=\/wp\/v2\/pages\/1497\/revisions\/7551"}],"up":[{"embeddable":true,"href":"https:\/\/kleinvielen-ev.de\/index.php?rest_route=\/wp\/v2\/pages\/319"}],"wp:attachment":[{"href":"https:\/\/kleinvielen-ev.de\/index.php?rest_route=%2Fwp%2Fv2%2Fmedia&parent=1497"}],"curies":[{"name":"wp","href":"https:\/\/api.w.org\/{rel}","templated":true}]}}