{"id":1582,"date":"2017-06-30T16:57:42","date_gmt":"2017-06-30T16:57:42","guid":{"rendered":"http:\/\/kleinvielen-ev.de\/?page_id=1582"},"modified":"2025-08-10T12:01:53","modified_gmt":"2025-08-10T11:01:53","slug":"sie-foerdern-die-restaurierung-der-kapelle","status":"publish","type":"page","link":"https:\/\/kleinvielen-ev.de\/?page_id=1582","title":{"rendered":"Die F\u00f6rderer der Jahn-Kapelle"},"content":{"rendered":"<p>Ende 2022 begann die Restaurierung der Jahn-Kapelle<br \/>\nund im Jahr 2022 konnte sie abgeschlossen werden.<br \/>\nDas Ergebnis sehen Sie <a href=\"http:\/\/kleinvielen-ev.de\/?page_id=1454\"><strong>hier<\/strong><\/a>.<br \/>\nDie Restaurierung erm\u00f6glichten<\/p>\n<ul>\n<li>die <strong>Gemeinde Klein Vielen,<\/strong><\/li>\n<li>F\u00f6rderungen aus den EU-Programmen\u00a0<strong>ELER<\/strong>\u00a0<strong>und<\/strong><strong>\u00a0LEADER<\/strong><strong>,<\/strong><\/li>\n<li>das <strong>Land Mecklenburg-Vorpommern<\/strong>,<\/li>\n<li>die\u00a0<strong>Deutsche Stiftung Denkmalschutz<\/strong><span style=\"color: #993300;\"><span style=\"color: #000000;\">\u00a0und<strong> viele Einzelpersonen<\/strong>,<\/span><\/span> die<strong>\u00a0<\/strong>f\u00fcr die Aktion \u201e<strong>Denkmal in Not<\/strong>\u201c der Deutschen<a href=\"http:\/\/kleinvielen-ev.de\/wp-content\/uploads\/2019\/02\/MV_Landessignet_RGB.jpg\">\u00a0<\/a>Stiftung Denkmalschutz spendeten,<\/li>\n<li>die<strong> Ostdeutsche Sparkassenstiftung<br \/>\n<\/strong>und\u00a0die<strong> Sparkasse Mecklenburg-Strelitz<\/strong>,<\/li>\n<li><strong>Einzelpersonen<\/strong>, die mit gro\u00dfz\u00fcgigen Einzelspenden einzelne\u00a0Rekonstruktionsma\u00dfnahmen unterst\u00fctzten wie die Wiederherstellung der<br \/>\nHolzfenster in der Laterne und die<br \/>\nRekonstruktion der Kreuzblume sowie des Schmucks auf den Fialen und Fenstern an der Laterne und viele weitere\u00a0<strong>Einzelspender und -spenderinnen<\/strong>, die die &#8222;Stein f\u00fcr Stein-Sanierung&#8220; mit erm\u00f6glichen.<\/li>\n<\/ul>\n<h3><strong>Ein herzliches Dankesch\u00f6n allen, die das Projekt finanziell oder durch ihr fachliches K\u00f6nnen und Wissen unterst\u00fctzten!<\/strong><\/h3>\n<p>&nbsp;<\/p>\n","protected":false},"excerpt":{"rendered":"<p>Ende 2022 begann die Restaurierung der Jahn-Kapelle und im Jahr 2022 konnte sie abgeschlossen werden. Das Ergebnis sehen Sie hier. Die Restaurierung erm\u00f6glichten die Gemeinde Klein Vielen, F\u00f6rderungen aus den EU-Programmen\u00a0ELER\u00a0und\u00a0LEADER, das Land Mecklenburg-Vorpommern, die\u00a0Deutsche Stiftung Denkmalschutz\u00a0und viele Einzelpersonen, die\u00a0f\u00fcr die Aktion \u201eDenkmal in Not\u201c der Deutschen\u00a0Stiftung Denkmalschutz spendeten, die Ostdeutsche Sparkassenstiftung und\u00a0die Sparkasse Mecklenburg-Strelitz, &hellip; <a href=\"https:\/\/kleinvielen-ev.de\/?page_id=1582\" class=\"more-link\"><span class=\"screen-reader-text\">Die F\u00f6rderer der Jahn-Kapelle<\/span> weiterlesen <span class=\"meta-nav\">&rarr;<\/span><\/a><\/p>\n","protected":false},"author":2,"featured_media":0,"parent":802,"menu_order":0,"comment_status":"closed","ping_status":"closed","template":"","meta":{"footnotes":""},"_links":{"self":[{"href":"https:\/\/kleinvielen-ev.de\/index.php?rest_route=\/wp\/v2\/pages\/1582"}],"collection":[{"href":"https:\/\/kleinvielen-ev.de\/index.php?rest_route=\/wp\/v2\/pages"}],"about":[{"href":"https:\/\/kleinvielen-ev.de\/index.php?rest_route=\/wp\/v2\/types\/page"}],"author":[{"embeddable":true,"href":"https:\/\/kleinvielen-ev.de\/index.php?rest_route=\/wp\/v2\/users\/2"}],"replies":[{"embeddable":true,"href":"https:\/\/kleinvielen-ev.de\/index.php?rest_route=%2Fwp%2Fv2%2Fcomments&post=1582"}],"version-history":[{"count":64,"href":"https:\/\/kleinvielen-ev.de\/index.php?rest_route=\/wp\/v2\/pages\/1582\/revisions"}],"predecessor-version":[{"id":7386,"href":"https:\/\/kleinvielen-ev.de\/index.php?rest_route=\/wp\/v2\/pages\/1582\/revisions\/7386"}],"up":[{"embeddable":true,"href":"https:\/\/kleinvielen-ev.de\/index.php?rest_route=\/wp\/v2\/pages\/802"}],"wp:attachment":[{"href":"https:\/\/kleinvielen-ev.de\/index.php?rest_route=%2Fwp%2Fv2%2Fmedia&parent=1582"}],"curies":[{"name":"wp","href":"https:\/\/api.w.org\/{rel}","templated":true}]}}