{"id":1998,"date":"2018-04-27T12:50:39","date_gmt":"2018-04-27T12:50:39","guid":{"rendered":"http:\/\/kleinvielen-ev.de\/?page_id=1998"},"modified":"2018-04-30T10:58:52","modified_gmt":"2018-04-30T10:58:52","slug":"peckatel-klein-vielener-see-jahn-kapelle-und-zurueck","status":"publish","type":"page","link":"https:\/\/kleinvielen-ev.de\/?page_id=1998","title":{"rendered":"Peckatel &#8211; Klein Vielener See &#8211; &#8222;Jahn-Kapelle&#8220; und zur\u00fcck"},"content":{"rendered":"<p><strong>L\u00e4nge: 6 Kilometer<a href=\"http:\/\/kleinvielen-ev.de\/wp-content\/uploads\/2018\/04\/bild_bearbeitet-1.jpg\"><img loading=\"lazy\" decoding=\"async\" class=\"wp-image-2034 alignright\" src=\"http:\/\/kleinvielen-ev.de\/wp-content\/uploads\/2018\/04\/bild_bearbeitet-1-300x297.jpg\" alt=\"\" width=\"201\" height=\"198\" srcset=\"https:\/\/kleinvielen-ev.de\/wp-content\/uploads\/2018\/04\/bild_bearbeitet-1-300x297.jpg 300w, https:\/\/kleinvielen-ev.de\/wp-content\/uploads\/2018\/04\/bild_bearbeitet-1-768x760.jpg 768w, https:\/\/kleinvielen-ev.de\/wp-content\/uploads\/2018\/04\/bild_bearbeitet-1-1024x1013.jpg 1024w, https:\/\/kleinvielen-ev.de\/wp-content\/uploads\/2018\/04\/bild_bearbeitet-1.jpg 1575w\" sizes=\"(max-width: 201px) 100vw, 201px\" \/><\/a><\/strong><br \/>\nFalls Sie in Peckatel starten wollen, dann am besten vom Spielplatz am &#8222;Neubau&#8220; in Peckatel. Dort k\u00f6nnen Sie Ihr Fahrzeug abstellen. Von dort wandern Sie 200 Meter nach Westen, halten sich an der Dorfstra\u00dfengabelung rechts und verlassen nach weiteren 200 Metern die geschlossene Ortschaft.<br \/>\nVorbei geht es am &#8222;Hundebruch&#8220;, einem Wasser f\u00fchrenden gro\u00dfen Soll.\u00a0Blicken Sie nach rechts, k\u00f6nnen Sie das Gutshaus von Peckatel (auch &#8222;Schloss&#8220; genannt) und einen Teil des dazu geh\u00f6rigen Parks sehen.<br \/>\nNun geht es an einer Streuobstweide vorbei, die von einer Wei\u00dfdornhecke <a href=\"http:\/\/kleinvielen-ev.de\/wp-content\/uploads\/2018\/04\/wanderweg-8.jpg\"><img loading=\"lazy\" decoding=\"async\" class=\"wp-image-2006 alignright\" src=\"http:\/\/kleinvielen-ev.de\/wp-content\/uploads\/2018\/04\/wanderweg-8-200x300.jpg\" alt=\"\" width=\"110\" height=\"165\" srcset=\"https:\/\/kleinvielen-ev.de\/wp-content\/uploads\/2018\/04\/wanderweg-8-200x300.jpg 200w, https:\/\/kleinvielen-ev.de\/wp-content\/uploads\/2018\/04\/wanderweg-8.jpg 630w\" sizes=\"(max-width: 110px) 100vw, 110px\" \/><\/a>umgrenzt wird, und nach etwa 150 Metern er\u00f6ffnet sich ein wunderbarer Blick in die weite mecklenburgische Mor\u00e4nenlandschaft.<br \/>\nBegleitet von mehr als 100 Hochstamm-Obstb\u00e4umen geht es nun in Richtung &#8222;Seeberg&#8220;, der am Klein Vielener See liegt.<br \/>\nDer Klein Vielener See ist als Naturschutzgebiet gesch\u00fctzt. Warum, das erfahren Sie <strong><a href=\"http:\/\/kleinvielen-ev.de\/?page_id=1062\">hier<\/a><\/strong>.<br \/>\nWenn Sie auf Ihrer Wanderung auf dem geschwungenen Weg an kleinen Br\u00fcchen und Feldgeh\u00f6lzen vorbei ab und an den Blick nach links schweifen lassen, k\u00f6nnen Sie aus der Ferne Ihr (Zwischen-)Ziel, die &#8222;Jahn-Kapelle&#8220; in Klein Vielen, sehen. Noch ist sie wegen der Sanierungsarbeiten einger\u00fcstet.<a href=\"http:\/\/kleinvielen-ev.de\/wp-content\/uploads\/2018\/04\/wanderweg_klvsee_April-2018_I.jpg\"><img loading=\"lazy\" decoding=\"async\" class=\" wp-image-2027 alignright\" src=\"http:\/\/kleinvielen-ev.de\/wp-content\/uploads\/2018\/04\/wanderweg_klvsee_April-2018_I-300x200.jpg\" alt=\"\" width=\"186\" height=\"124\" srcset=\"https:\/\/kleinvielen-ev.de\/wp-content\/uploads\/2018\/04\/wanderweg_klvsee_April-2018_I-300x200.jpg 300w, https:\/\/kleinvielen-ev.de\/wp-content\/uploads\/2018\/04\/wanderweg_klvsee_April-2018_I-768x512.jpg 768w, https:\/\/kleinvielen-ev.de\/wp-content\/uploads\/2018\/04\/wanderweg_klvsee_April-2018_I-1024x683.jpg 1024w, https:\/\/kleinvielen-ev.de\/wp-content\/uploads\/2018\/04\/wanderweg_klvsee_April-2018_I.jpg 1063w\" sizes=\"(max-width: 186px) 100vw, 186px\" \/><\/a><br \/>\nNach ungef\u00e4hr 1000 Metern wird Ihr Blick sicher auf bemerkenswerte Solit\u00e4reiche gelenkt. Dort erreichen Sie den Wirtschaftsweg, der die Weide am Seeberg und die \u00c4cker, die Sie durchwandert haben, von Klein Vielen aus erschlie\u00dft. Diesen wandern Sie etwa 600 Meter entlang und erreichen dann die Ortsverbindungsstra\u00dfe zwischen Klein und Gro\u00df Vielen. Auf dem Weg kommen Sie an einem m\u00e4chtigen Baumstumpf einer Weide vorbei, die einst ein Sturm niederwarf.<a href=\"http:\/\/kleinvielen-ev.de\/wp-content\/uploads\/2018\/04\/tote-weide_April-2018_I.jpg\"><img loading=\"lazy\" decoding=\"async\" class=\"wp-image-2036 alignright\" src=\"http:\/\/kleinvielen-ev.de\/wp-content\/uploads\/2018\/04\/tote-weide_April-2018_I-200x300.jpg\" alt=\"\" width=\"118\" height=\"177\" srcset=\"https:\/\/kleinvielen-ev.de\/wp-content\/uploads\/2018\/04\/tote-weide_April-2018_I-200x300.jpg 200w, https:\/\/kleinvielen-ev.de\/wp-content\/uploads\/2018\/04\/tote-weide_April-2018_I.jpg 472w\" sizes=\"(max-width: 118px) 100vw, 118px\" \/><\/a><br \/>\nAn der Einm\u00fcndung zur Ortsverbindungsstra\u00dfe liegt ein Findling, auf der ein schmiedeeiserner Uhu thront, den vor Jahren der hier bekannte Kunstschmied Uwe B\u00f6ttcher (1951-2017) aus Penzlin schmiedete und den die Regionalgruppe des Naturschutzbundes (NABU) Mecklenburg-Strelitz hier aufstellen lie\u00df, um die Wiederkehr unseres gr\u00f6\u00dften Eulenvogels zu w\u00fcrdigen.<br \/>\nHier biegen Sie nach links ab und erreichen nach 200 Metern die Dorfstra\u00dfe in Klein Vielen, biegen nach rechts ab und nach weiteren 100 Metern sehen Sie auf der linken Seite ein Hinweisschild zur &#8222;Jahn-Kapelle&#8220;. Der Weg f\u00fchrt Sie durch den alten Gutspark, eine wundersch\u00f6ne Kastanien-Linden-Allee hin zum Klingenberg mit der Kapelle. Eine Bank an der S\u00fcdseite des Klingenberges l\u00e4dt zum Verweilen ein. Genie\u00dfen Sie die wundersch\u00f6ne Aussicht!<a href=\"http:\/\/kleinvielen-ev.de\/wp-content\/uploads\/2018\/04\/aussicht-klingenberg-april-2018.jpg\"><img loading=\"lazy\" decoding=\"async\" class=\" wp-image-2030 alignright\" src=\"http:\/\/kleinvielen-ev.de\/wp-content\/uploads\/2018\/04\/aussicht-klingenberg-april-2018-300x200.jpg\" alt=\"\" width=\"191\" height=\"127\" srcset=\"https:\/\/kleinvielen-ev.de\/wp-content\/uploads\/2018\/04\/aussicht-klingenberg-april-2018-300x200.jpg 300w, https:\/\/kleinvielen-ev.de\/wp-content\/uploads\/2018\/04\/aussicht-klingenberg-april-2018-768x512.jpg 768w, https:\/\/kleinvielen-ev.de\/wp-content\/uploads\/2018\/04\/aussicht-klingenberg-april-2018-1024x683.jpg 1024w, https:\/\/kleinvielen-ev.de\/wp-content\/uploads\/2018\/04\/aussicht-klingenberg-april-2018.jpg 1063w\" sizes=\"(max-width: 191px) 100vw, 191px\" \/><\/a><br \/>\nInformationen zur Geschichte der Kapelle und des Bauherrn Eduard Jahn finden Sie <a href=\"http:\/\/kleinvielen-ev.de\/?page_id=83\"><strong>hier<\/strong><\/a>.<br \/>\nSie k\u00f6nnen auf Ihrem R\u00fcckweg entweder den Hinweg nutzen oder aber auf k\u00fcrzerem Wege an der Kreisstra\u00dfe entlang Richtung Peckatel wandern (von der Kapelle aus ca. 2 Kilometer), bis Sie auf der linken Seite einen asphaltierten Weg sehen, auf dem Sie weiterwandern.<br \/>\nNach 200 Metern erreichen Sie die Dorfstra\u00dfengabelung, an der Sie sich auf Ihrem Hinweg rechts gehalten hatten, und sehen dann schon den 4-geschossigen Neubau, an dem Sie Ihr Fahrzeug abgestellt haben.<a href=\"http:\/\/kleinvielen-ev.de\/wp-content\/uploads\/2018\/04\/steine-sammeln-kl.jpg\"><img loading=\"lazy\" decoding=\"async\" class=\" wp-image-2009 alignright\" src=\"http:\/\/kleinvielen-ev.de\/wp-content\/uploads\/2018\/04\/steine-sammeln-kl-233x300.jpg\" alt=\"\" width=\"156\" height=\"201\" srcset=\"https:\/\/kleinvielen-ev.de\/wp-content\/uploads\/2018\/04\/steine-sammeln-kl-233x300.jpg 233w, https:\/\/kleinvielen-ev.de\/wp-content\/uploads\/2018\/04\/steine-sammeln-kl.jpg 638w\" sizes=\"(max-width: 156px) 100vw, 156px\" \/><\/a><\/p>\n<p><strong><em>Fotos von oben nach unten:\u00a0\u00a0<\/em><\/strong><br \/>\n1) Wanderkarte (Kartengrundlage: Google)<br \/>\n2) Blick in die mecklenb. Mor\u00e4nenlandschaft in Richtung Klein Vielener See, Februar 2018.<br \/>\n3) Blick vom Seeberg auf den Verlauf des Wanderweges in Richtung Peckatel, April 2018.<br \/>\n4) Ein m\u00e4chtiger Baumstumpf<br \/>\n5) Blick vom Klingenberg in die Landschaft, April 2018<br \/>\n6) Ohne freiwillige Hilfe w\u00e4re es nicht gelungen, den Wanderweg herzurichten. Hier sammelten freiwillige Helferinnen und Helfer viele Steine, die die zuk\u00fcnftige Pflege des Weges behindert h\u00e4tten.<\/p>\n<p>&nbsp;<\/p>\n<p>&nbsp;<\/p>\n","protected":false},"excerpt":{"rendered":"<p>L\u00e4nge: 6 Kilometer Falls Sie in Peckatel starten wollen, dann am besten vom Spielplatz am &#8222;Neubau&#8220; in Peckatel. Dort k\u00f6nnen Sie Ihr Fahrzeug abstellen. Von dort wandern Sie 200 Meter nach Westen, halten sich an der Dorfstra\u00dfengabelung rechts und verlassen nach weiteren 200 Metern die geschlossene Ortschaft. Vorbei geht es am &#8222;Hundebruch&#8220;, einem Wasser f\u00fchrenden &hellip; <a href=\"https:\/\/kleinvielen-ev.de\/?page_id=1998\" class=\"more-link\"><span class=\"screen-reader-text\">Peckatel &#8211; Klein Vielener See &#8211; &#8222;Jahn-Kapelle&#8220; und zur\u00fcck<\/span> weiterlesen <span class=\"meta-nav\">&rarr;<\/span><\/a><\/p>\n","protected":false},"author":2,"featured_media":0,"parent":1990,"menu_order":0,"comment_status":"closed","ping_status":"closed","template":"","meta":{"footnotes":""},"_links":{"self":[{"href":"https:\/\/kleinvielen-ev.de\/index.php?rest_route=\/wp\/v2\/pages\/1998"}],"collection":[{"href":"https:\/\/kleinvielen-ev.de\/index.php?rest_route=\/wp\/v2\/pages"}],"about":[{"href":"https:\/\/kleinvielen-ev.de\/index.php?rest_route=\/wp\/v2\/types\/page"}],"author":[{"embeddable":true,"href":"https:\/\/kleinvielen-ev.de\/index.php?rest_route=\/wp\/v2\/users\/2"}],"replies":[{"embeddable":true,"href":"https:\/\/kleinvielen-ev.de\/index.php?rest_route=%2Fwp%2Fv2%2Fcomments&post=1998"}],"version-history":[{"count":21,"href":"https:\/\/kleinvielen-ev.de\/index.php?rest_route=\/wp\/v2\/pages\/1998\/revisions"}],"predecessor-version":[{"id":2003,"href":"https:\/\/kleinvielen-ev.de\/index.php?rest_route=\/wp\/v2\/pages\/1998\/revisions\/2003"}],"up":[{"embeddable":true,"href":"https:\/\/kleinvielen-ev.de\/index.php?rest_route=\/wp\/v2\/pages\/1990"}],"wp:attachment":[{"href":"https:\/\/kleinvielen-ev.de\/index.php?rest_route=%2Fwp%2Fv2%2Fmedia&parent=1998"}],"curies":[{"name":"wp","href":"https:\/\/api.w.org\/{rel}","templated":true}]}}