{"id":2,"date":"2016-05-10T03:48:21","date_gmt":"2016-05-10T03:48:21","guid":{"rendered":"http:\/\/wp452m.a10-52-158-154.qa.plesk.ru\/wordpress\/?page_id=2"},"modified":"2025-12-23T13:47:55","modified_gmt":"2025-12-23T12:47:55","slug":"sample-page","status":"publish","type":"page","link":"https:\/\/kleinvielen-ev.de\/","title":{"rendered":"Herzlich willkommen&#8230;"},"content":{"rendered":"<p><strong>&#8230; in der Landschaft zwischen Lieps und Havelquelle.<\/strong><br \/>\nDer Klein Vielen e. V. l\u00e4dt Sie ein, in den Seiten seines Internetauftritts zu st\u00f6bern und damit die Landschaft, den Verein und seine Aktivit\u00e4ten kennen zu lernen.<br \/>\nDie wechselhafte Kulturlandschaftsgeschichte zwischen Lieps und Havelquelle hinterlie\u00df zahlreiche <a href=\"https:\/\/kleinvielen-ev.de\/?page_id=13\">Zeugnisse<\/a>, mit denen wir Sie bekannt machen wollen. In unserer Erholungslandschaft k\u00f6nnen Sie in besonderer Weise einen Blick in die Weite der mecklenburgischen Kulturlandschaft werfen. Ob er erhalten bleibt, ist angesichts aktueller Windenergieplanungen aber h\u00f6chst fraglich.<br \/>\n<strong><a href=\"https:\/\/kleinvielen-ev.de\/wp-content\/uploads\/2025\/12\/endfassung-stellungnahme-gde-kl-vielen-vr-windenergie-2025.pdf\">Hier finden Sie die Stellungnahme der Gemeinde Klein Vielen zur aktuellen Windenergieplanung<\/a>.<\/strong><\/p>\n<div id=\"metaslider-id-2410\" style=\"max-width: 700px;\" class=\"ml-slider-3-107-0 metaslider metaslider-flex metaslider-2410 ml-slider has-dots-nav ms-theme-default\" role=\"region\" aria-label=\"Eingangsseite\" data-height=\"300\" data-width=\"700\">\n    <div id=\"metaslider_container_2410\">\n        <div id=\"metaslider_2410\">\n            <ul class='slides'>\n                <li style=\"display: block; width: 100%;\" class=\"slide-2432 ms-image \" aria-roledescription=\"slide\" data-date=\"2018-09-05 16:16:31\" data-filename=\"Gemeinde-Klein-Vielen-kl-700x300.jpg\" data-slide-type=\"image\"><img loading=\"lazy\" decoding=\"async\" src=\"https:\/\/kleinvielen-ev.de\/wp-content\/uploads\/2018\/09\/Gemeinde-Klein-Vielen-kl-700x300.jpg\" height=\"300\" width=\"700\" alt=\"\" class=\"slider-2410 slide-2432 msDefaultImage\" title=\"Gemeinde Klein Vielen kl\" \/><\/li>\n                <li style=\"display: none; width: 100%;\" class=\"slide-2436 ms-image \" aria-roledescription=\"slide\" data-date=\"2018-09-06 12:26:23\" data-filename=\"kap1_bearbeitet-1-700x300.jpg\" data-slide-type=\"image\"><img loading=\"lazy\" decoding=\"async\" src=\"https:\/\/kleinvielen-ev.de\/wp-content\/uploads\/2018\/09\/kap1_bearbeitet-1-700x300.jpg\" height=\"300\" width=\"700\" alt=\"\" class=\"slider-2410 slide-2436 msDefaultImage\" title=\"kap1_bearbeitet-1\" \/><\/li>\n                <li style=\"display: none; width: 100%;\" class=\"slide-4288 ms-image \" aria-roledescription=\"slide\" data-date=\"2021-01-03 19:07:37\" data-filename=\"geldbergblick-700x300.jpg\" data-slide-type=\"image\"><img loading=\"lazy\" decoding=\"async\" src=\"https:\/\/kleinvielen-ev.de\/wp-content\/uploads\/2021\/01\/geldbergblick-700x300.jpg\" height=\"300\" width=\"700\" alt=\"\" class=\"slider-2410 slide-4288 msDefaultImage\" title=\"geldbergblick\" \/><\/li>\n                <li style=\"display: none; width: 100%;\" class=\"slide-2420 ms-image \" aria-roledescription=\"slide\" data-date=\"2018-09-04 17:57:28\" data-filename=\"IMG_0232-700x300.jpg\" data-slide-type=\"image\"><img loading=\"lazy\" decoding=\"async\" src=\"https:\/\/kleinvielen-ev.de\/wp-content\/uploads\/2018\/09\/IMG_0232-700x300.jpg\" height=\"300\" width=\"700\" alt=\"\" class=\"slider-2410 slide-2420 msDefaultImage\" title=\"IMG_0232\" \/><\/li>\n                <li style=\"display: none; width: 100%;\" class=\"slide-4336 ms-image \" aria-roledescription=\"slide\" data-date=\"2021-02-01 18:41:18\" data-filename=\"kuckucksbergA-700x300.jpg\" data-slide-type=\"image\"><img loading=\"lazy\" decoding=\"async\" src=\"https:\/\/kleinvielen-ev.de\/wp-content\/uploads\/2021\/02\/kuckucksbergA-700x300.jpg\" height=\"300\" width=\"700\" alt=\"\" class=\"slider-2410 slide-4336 msDefaultImage\" title=\"kuckucksbergA\" \/><\/li>\n                <li style=\"display: none; width: 100%;\" class=\"slide-2422 ms-image \" aria-roledescription=\"slide\" data-date=\"2018-09-04 17:57:28\" data-filename=\"IMG_7551-700x300.jpg\" data-slide-type=\"image\"><img loading=\"lazy\" decoding=\"async\" src=\"https:\/\/kleinvielen-ev.de\/wp-content\/uploads\/2018\/09\/IMG_7551-700x300.jpg\" height=\"300\" width=\"700\" alt=\"\" class=\"slider-2410 slide-2422 msDefaultImage\" title=\"IMG_7551\" \/><\/li>\n                <li style=\"display: none; width: 100%;\" class=\"slide-2421 ms-image \" aria-roledescription=\"slide\" data-date=\"2018-09-04 17:57:28\" data-filename=\"IMG_0665-700x300.jpg\" data-slide-type=\"image\"><img loading=\"lazy\" decoding=\"async\" src=\"https:\/\/kleinvielen-ev.de\/wp-content\/uploads\/2018\/09\/IMG_0665-700x300.jpg\" height=\"300\" width=\"700\" alt=\"\" class=\"slider-2410 slide-2421 msDefaultImage\" title=\"IMG_0665\" \/><\/li>\n                <li style=\"display: none; width: 100%;\" class=\"slide-5187 ms-image \" aria-roledescription=\"slide\" data-date=\"2021-11-23 11:00:08\" data-filename=\"Kap-3-700x300.jpg\" data-slide-type=\"image\"><img loading=\"lazy\" decoding=\"async\" src=\"https:\/\/kleinvielen-ev.de\/wp-content\/uploads\/2021\/11\/Kap-3-700x300.jpg\" height=\"300\" width=\"700\" alt=\"\" class=\"slider-2410 slide-5187 msDefaultImage\" title=\"Kap 3\" \/><\/li>\n                <li style=\"display: none; width: 100%;\" class=\"slide-2419 ms-image \" aria-roledescription=\"slide\" data-date=\"2018-09-04 17:57:28\" data-filename=\"IMG_0049-700x300.jpg\" data-slide-type=\"image\"><img loading=\"lazy\" decoding=\"async\" src=\"https:\/\/kleinvielen-ev.de\/wp-content\/uploads\/2018\/09\/IMG_0049-700x300.jpg\" height=\"300\" width=\"700\" alt=\"\" class=\"slider-2410 slide-2419 msDefaultImage\" title=\"IMG_0049\" \/><\/li>\n                <li style=\"display: none; width: 100%;\" class=\"slide-4278 ms-image \" aria-roledescription=\"slide\" data-date=\"2021-01-03 18:25:14\" data-filename=\"bei-Pieverstorf-700x300.jpg\" data-slide-type=\"image\"><img loading=\"lazy\" decoding=\"async\" src=\"https:\/\/kleinvielen-ev.de\/wp-content\/uploads\/2021\/01\/bei-Pieverstorf-700x300.jpg\" height=\"300\" width=\"700\" alt=\"\" class=\"slider-2410 slide-4278 msDefaultImage\" title=\"bei Pieverstorf\" \/><\/li>\n                <li style=\"display: none; width: 100%;\" class=\"slide-5186 ms-image \" aria-roledescription=\"slide\" data-date=\"2021-11-23 11:00:08\" data-filename=\"Kap-4-700x300.jpg\" data-slide-type=\"image\"><img loading=\"lazy\" decoding=\"async\" src=\"https:\/\/kleinvielen-ev.de\/wp-content\/uploads\/2021\/11\/Kap-4-700x300.jpg\" height=\"300\" width=\"700\" alt=\"\" class=\"slider-2410 slide-5186 msDefaultImage\" title=\"Kap 4\" \/><\/li>\n                <li style=\"display: none; width: 100%;\" class=\"slide-2425 ms-image \" aria-roledescription=\"slide\" data-date=\"2018-09-04 17:57:28\" data-filename=\"Salzstra\u00dfe_Herbst07-1-700x300.jpg\" data-slide-type=\"image\"><img loading=\"lazy\" decoding=\"async\" src=\"https:\/\/kleinvielen-ev.de\/wp-content\/uploads\/2018\/09\/Salzstra\u00dfe_Herbst07-1-700x300.jpg\" height=\"300\" width=\"700\" alt=\"\" class=\"slider-2410 slide-2425 msDefaultImage\" title=\"Salzstra\u00dfe_Herbst07-1\" \/><\/li>\n                <li style=\"display: none; width: 100%;\" class=\"slide-4279 ms-image \" aria-roledescription=\"slide\" data-date=\"2021-01-03 18:25:14\" data-filename=\"Gru\u00df-von-den-hellbergen-200dpi-700x300.jpg\" data-slide-type=\"image\"><img loading=\"lazy\" decoding=\"async\" src=\"https:\/\/kleinvielen-ev.de\/wp-content\/uploads\/2021\/01\/Gru\u00df-von-den-hellbergen-200dpi-700x300.jpg\" height=\"300\" width=\"700\" alt=\"\" class=\"slider-2410 slide-4279 msDefaultImage\" title=\"Gru\u00df von den hellbergen 200dpi\" \/><\/li>\n                <li style=\"display: none; width: 100%;\" class=\"slide-4333 ms-image \" aria-roledescription=\"slide\" data-date=\"2021-01-31 12:27:11\" data-filename=\"eiche-700x300.jpg\" data-slide-type=\"image\"><img loading=\"lazy\" decoding=\"async\" src=\"https:\/\/kleinvielen-ev.de\/wp-content\/uploads\/2021\/01\/eiche-700x300.jpg\" height=\"300\" width=\"700\" alt=\"\" class=\"slider-2410 slide-4333 msDefaultImage\" title=\"eiche\" \/><\/li>\n                <li style=\"display: none; width: 100%;\" class=\"slide-4339 ms-image \" aria-roledescription=\"slide\" data-date=\"2021-02-01 18:47:49\" data-filename=\"Abendrot-700x300.jpg\" data-slide-type=\"image\"><img loading=\"lazy\" decoding=\"async\" src=\"https:\/\/kleinvielen-ev.de\/wp-content\/uploads\/2021\/02\/Abendrot-700x300.jpg\" height=\"300\" width=\"700\" alt=\"\" class=\"slider-2410 slide-4339 msDefaultImage\" title=\"Abendrot\" \/><\/li>\n                <li style=\"display: none; width: 100%;\" class=\"slide-4334 ms-image \" aria-roledescription=\"slide\" data-date=\"2021-01-31 12:27:11\" data-filename=\"Seeberg-700x300.jpg\" data-slide-type=\"image\"><img loading=\"lazy\" decoding=\"async\" src=\"https:\/\/kleinvielen-ev.de\/wp-content\/uploads\/2021\/01\/Seeberg-700x300.jpg\" height=\"300\" width=\"700\" alt=\"\" class=\"slider-2410 slide-4334 msDefaultImage\" title=\"Seeberg\" \/><\/li>\n                <li style=\"display: none; width: 100%;\" class=\"slide-4284 ms-image \" aria-roledescription=\"slide\" data-date=\"2021-01-03 18:58:38\" data-filename=\"kleinvielenersee-700x300.jpg\" data-slide-type=\"image\"><img loading=\"lazy\" decoding=\"async\" src=\"https:\/\/kleinvielen-ev.de\/wp-content\/uploads\/2021\/01\/kleinvielenersee-700x300.jpg\" height=\"300\" width=\"700\" alt=\"\" class=\"slider-2410 slide-4284 msDefaultImage\" title=\"kleinvielenersee\" \/><\/li>\n                <li style=\"display: none; width: 100%;\" class=\"slide-4280 ms-image \" aria-roledescription=\"slide\" data-date=\"2021-01-03 18:25:14\" data-filename=\"Gru\u00df-von-den-hellbergen-A-200dpi-700x300.jpg\" data-slide-type=\"image\"><img loading=\"lazy\" decoding=\"async\" src=\"https:\/\/kleinvielen-ev.de\/wp-content\/uploads\/2021\/01\/Gru\u00df-von-den-hellbergen-A-200dpi-700x300.jpg\" height=\"300\" width=\"700\" alt=\"\" class=\"slider-2410 slide-4280 msDefaultImage\" title=\"Gru\u00df von den hellbergen A 200dpi\" \/><\/li>\n                <li style=\"display: none; width: 100%;\" class=\"slide-4340 ms-image \" aria-roledescription=\"slide\" data-date=\"2021-02-01 18:47:49\" data-filename=\"Panorama-Peckatel-013-700x300.jpg\" data-slide-type=\"image\"><img loading=\"lazy\" decoding=\"async\" src=\"https:\/\/kleinvielen-ev.de\/wp-content\/uploads\/2021\/02\/Panorama-Peckatel-013-700x300.jpg\" height=\"300\" width=\"700\" alt=\"\" class=\"slider-2410 slide-4340 msDefaultImage\" title=\"Panorama Peckatel 013\" \/><\/li>\n                <li style=\"display: none; width: 100%;\" class=\"slide-5188 ms-image \" aria-roledescription=\"slide\" data-date=\"2021-11-23 11:00:08\" data-filename=\"Kap-2-700x300.jpg\" data-slide-type=\"image\"><img loading=\"lazy\" decoding=\"async\" src=\"https:\/\/kleinvielen-ev.de\/wp-content\/uploads\/2021\/11\/Kap-2-700x300.jpg\" height=\"300\" width=\"700\" alt=\"\" class=\"slider-2410 slide-5188 msDefaultImage\" title=\"Kap 2\" \/><\/li>\n            <\/ul>\n        <\/div>\n        \n    <\/div>\n<\/div>\n<p>&nbsp;<\/p>\n<p><strong>Die Gemeinde Klein Vielen<\/strong><\/p>\n<p>&#8230; liegt im Landkreis Mecklenburgische Seenplatte. Die Gemeinde entstand 1960 aus dem Zusammenschluss der bis dahin selbst\u00e4ndigen Gemeinden Peckatel und Klein Vielen. Der Ort Klein Vielen wurde Namensgeber. Zur Gemeinde, in der heute etwas mehr als 600 Menschen leben, geh\u00f6ren die Ortsteile Adamsdorf, Brustorf, Hartwigsdorf, Klein Vielen, Liepen und Peckatel.<br \/>\nDie Orte der Gemeinde liegen in einer von markanten H\u00fcgeln und tiefen Einschnitten gepr\u00e4gten Eiszeitlandschaft mit ihrer Abfolge von Grundmor\u00e4ne, Endmor\u00e4ne und Sanderfl\u00e4chen. Eindrucksvoll ist die Endmor\u00e4ne mit dem <strong>\u201eStrelitzer Berg\u201c<\/strong> \u2013 mit 116 m \u00fc. NN die h\u00f6chste Erhebung zwischen Neubrandenburg und der M\u00fcritz. Hier kann man viele Kilometer weit in die noch ungest\u00f6rte mecklenburgische Landschaft schauen. Nirgendwo sonst zwischen M\u00fcritz und Feldberg ist die \u201e<a href=\"http:\/\/kleinvielen-ev.de\/wp-content\/uploads\/2021\/11\/glaziale-Serie-aus-Wagenbreth-Steiner-1981-S-24.jpg\"><strong>glaziale Serie<\/strong><\/a>\u201c &#8211; die eiszeitliche Formung unserer Landschaft \u2013 derart sicht- und sp\u00fcrbar wie hier.<\/p>\n<p><a href=\"http:\/\/kleinvielen-ev.de\/wp-content\/uploads\/2021\/11\/klein-vielen-A-Kopie.jpg\"><img loading=\"lazy\" decoding=\"async\" class=\"alignnone size-large wp-image-5203\" src=\"http:\/\/kleinvielen-ev.de\/wp-content\/uploads\/2021\/11\/klein-vielen-A-Kopie-1024x621.jpg\" alt=\"\" width=\"604\" height=\"366\" srcset=\"https:\/\/kleinvielen-ev.de\/wp-content\/uploads\/2021\/11\/klein-vielen-A-Kopie-1024x621.jpg 1024w, https:\/\/kleinvielen-ev.de\/wp-content\/uploads\/2021\/11\/klein-vielen-A-Kopie-300x182.jpg 300w, https:\/\/kleinvielen-ev.de\/wp-content\/uploads\/2021\/11\/klein-vielen-A-Kopie-768x466.jpg 768w\" sizes=\"(max-width: 604px) 100vw, 604px\" \/><\/a><br \/>\n<strong><br \/>\n<\/strong><em>Fotos Metaslider: H. Behrens &amp; H. Seedorf<\/em><\/p>\n<p>&nbsp;<\/p>\n","protected":false},"excerpt":{"rendered":"<p>&#8230; in der Landschaft zwischen Lieps und Havelquelle. Der Klein Vielen e. V. l\u00e4dt Sie ein, in den Seiten seines Internetauftritts zu st\u00f6bern und damit die Landschaft, den Verein und seine Aktivit\u00e4ten kennen zu lernen. Die wechselhafte Kulturlandschaftsgeschichte zwischen Lieps und Havelquelle hinterlie\u00df zahlreiche Zeugnisse, mit denen wir Sie bekannt machen wollen. In unserer Erholungslandschaft &hellip; <a href=\"https:\/\/kleinvielen-ev.de\/\" class=\"more-link\"><span class=\"screen-reader-text\">Herzlich willkommen&#8230;<\/span> weiterlesen <span class=\"meta-nav\">&rarr;<\/span><\/a><\/p>\n","protected":false},"author":1,"featured_media":0,"parent":0,"menu_order":0,"comment_status":"closed","ping_status":"open","template":"","meta":{"footnotes":""},"_links":{"self":[{"href":"https:\/\/kleinvielen-ev.de\/index.php?rest_route=\/wp\/v2\/pages\/2"}],"collection":[{"href":"https:\/\/kleinvielen-ev.de\/index.php?rest_route=\/wp\/v2\/pages"}],"about":[{"href":"https:\/\/kleinvielen-ev.de\/index.php?rest_route=\/wp\/v2\/types\/page"}],"author":[{"embeddable":true,"href":"https:\/\/kleinvielen-ev.de\/index.php?rest_route=\/wp\/v2\/users\/1"}],"replies":[{"embeddable":true,"href":"https:\/\/kleinvielen-ev.de\/index.php?rest_route=%2Fwp%2Fv2%2Fcomments&post=2"}],"version-history":[{"count":115,"href":"https:\/\/kleinvielen-ev.de\/index.php?rest_route=\/wp\/v2\/pages\/2\/revisions"}],"predecessor-version":[{"id":7532,"href":"https:\/\/kleinvielen-ev.de\/index.php?rest_route=\/wp\/v2\/pages\/2\/revisions\/7532"}],"wp:attachment":[{"href":"https:\/\/kleinvielen-ev.de\/index.php?rest_route=%2Fwp%2Fv2%2Fmedia&parent=2"}],"curies":[{"name":"wp","href":"https:\/\/api.w.org\/{rel}","templated":true}]}}