{"id":2171,"date":"2018-05-22T13:45:21","date_gmt":"2018-05-22T13:45:21","guid":{"rendered":"http:\/\/kleinvielen-ev.de\/?page_id=2171"},"modified":"2022-11-11T10:49:22","modified_gmt":"2022-11-11T10:49:22","slug":"datenschutzerklaerung","status":"publish","type":"page","link":"https:\/\/kleinvielen-ev.de\/?page_id=2171","title":{"rendered":"Datenschutzerkl\u00e4rung"},"content":{"rendered":"<div class=\"s3-t s3-t0\">\n<p><strong>Quellen der Fotos und Abbildungen<\/strong><\/p>\n<p>Fotos und Abbildungen in diesem Internetauftritt sind nach wissenschaftlichem Standard ordnungsgem\u00e4\u00df nachgewiesen und mit den wissenschaftlichen oder heimatkundlichen Aussagen im Text verbunden. Alle Fotos und Abbildungen ohne Quellenangabe stammen von Dr. Hermann Behrens.<\/p>\n<p><strong>Allgemeiner Hinweis<br \/>\n<\/strong>Die folgende Datenschutzerkl\u00e4rung beinhaltet die &#8222;Informationspflicht bei Erhebung von<strong><br \/>\n<\/strong>personenbezogenen Daten bei der betroffenen Person&#8220; gem\u00e4\u00df Art. 13 Datenschutz-Grundverordnung (DS-GVO).<strong><br \/>\n<\/strong><\/p>\n<p><strong>Verantwortliche Stelle<br \/>\n<\/strong>Die verantwortliche Stelle f\u00fcr die Datenverarbeitung auf dieser Website ist:<\/p>\n<p><span id=\"s3-t-firma\">Klein Vielen e.V.<\/span><br \/>\n<span id=\"s3-t-ansprechpartner\">Uta Matecki (1. Vorsitzende)<\/span><br \/>\n<span id=\"s3-t-strasse\">Peckatel 38<\/span><br \/>\n<span id=\"s3-t-plz\">17237<\/span>\u00a0<span id=\"s3-t-ort\">Klein Vielen<\/span><\/p>\n<p>Mit dem Beitritt eines Mitglieds zum Klein Vielen e. V. nimmt der Verein folgende personenbezogene Daten auf:<\/p>\n<ul>\n<li><em>Name, Adresse, Geburtsdatum, Telefonnummer\/Handynummer (freiwilig),<br \/>\nE-Mail-Adresse<\/em><\/li>\n<\/ul>\n<p>Diese Informationen werden in dem vereinseigenen EDV-System gespeichert.<br \/>\nDie personenbezogenen Daten werden dabei durch geeignete technische und<br \/>\norganisatorische Ma\u00dfnahmen vor der Kenntnisnahme Dritter gesch\u00fctzt.<br \/>\nNach Art. 6, Abs. 1, lit. b der Datenschutz-Grundverordnung ist die Verarbeitung<br \/>\npersonenbezogene Daten rechtm\u00e4\u00dfig, wenn diese f\u00fcr die Erf\u00fcllung eines<br \/>\nVertragsverh\u00e4ltnisses &#8211; hier: Mitgliedschaft im Verein &#8211; erforderlich sind<\/p>\n<p><strong>Widerruf Ihrer Einwilligung zur Datenverarbeitung<br \/>\n<\/strong>Nur mit Ihrer ausdr\u00fccklichen Einwilligung ist die Erhebung weiterer personengebundener Informationen m\u00f6glich. Ein Widerruf Ihrer bereits erteilten Einwilligung ist jederzeit m\u00f6glich. F\u00fcr den Widerruf gen\u00fcgt eine formlose Mitteilung per E-Mail. Die Rechtm\u00e4\u00dfigkeit der bis zum Widerruf erfolgten Datenverarbeitung bleibt vom Widerruf unber\u00fchrt.<\/p>\n<p><strong>Recht auf Beschwerde bei der zust\u00e4ndigen Aufsichtsbeh\u00f6rde<br \/>\n<\/strong>Als Betroffener steht Ihnen im Falle eines datenschutzrechtlichen Versto\u00dfes ein Beschwerderecht bei der zust\u00e4ndigen Aufsichtsbeh\u00f6rde zu. Zust\u00e4ndige Aufsichtsbeh\u00f6rde bez\u00fcglich datenschutzrechtlicher Fragen ist der Landesdatenschutzbeauftragte des Bundeslandes, in dem sich der Sitz unseres Unternehmens befindet. Der folgende Link stellt eine Liste der Datenschutzbeauftragten sowie deren Kontaktdaten bereit:\u00a0<a href=\"https:\/\/www.bfdi.bund.de\/DE\/Infothek\/Anschriften_Links\/anschriften_links-node.html\" target=\"_blank\" rel=\"noopener\">https:\/\/www.bfdi.bund.de\/DE\/Infothek\/Anschriften_Links\/anschriften_links-node.html<\/a>.<\/p>\n<p><b>Recht auf Daten\u00fcbertragbarkeit<br \/>\n<\/b>Ihnen steht das Recht zu, Daten, die wir auf Grundlage Ihrer Einwilligung oder in Erf\u00fcllung eines Vertrags automatisiert verarbeiten, an sich oder an Dritte aush\u00e4ndigen zu lassen. Die Bereitstellung erfolgt in einem maschinenlesbaren Format. Sofern Sie die direkte \u00dcbertragung der Daten an einen anderen Verantwortlichen verlangen, erfolgt dies nur, soweit es technisch machbar ist.<\/p>\n<p><strong>Recht auf Auskunft, Berichtigung, Sperrung, L\u00f6schung<br \/>\n<\/strong>Sie haben jederzeit im Rahmen der geltenden gesetzlichen Bestimmungen das Recht auf unentgeltliche Auskunft \u00fcber Ihre gespeicherten personenbezogenen Daten, Herkunft der Daten, deren Empf\u00e4nger und den Zweck der Datenverarbeitung und ggf. ein Recht auf Berichtigung, Sperrung oder L\u00f6schung dieser Daten (sofern nicht Art. 6, Abs. 1, lit b) oder lit. f) Datenschutz-Grundverordnung betroffen ist).<br \/>\nBeim Austritt aus dem Verein werden die personenbezogenen Daten des Mitglieds aus<br \/>\nder Mitgliederdatenverwaltung gel\u00f6scht.<br \/>\nPersonenbezogene Daten, die die Kassenverwaltung betreffen, werden gem\u00e4\u00df der<br \/>\nsteuergesetzlichen Bestimmungen bis zu zehn Jahre ab der schriftlichen Best\u00e4tigung des<br \/>\nAustritts durch den Vorstand aufbewahrt.<br \/>\nDiesbez\u00fcglich und auch zu weiteren Fragen zum Thema personenbezogene Daten k\u00f6nnen Sie sich jederzeit \u00fcber die im Impressum aufgef\u00fchrten Kontaktm\u00f6glichkeiten an uns wenden.<\/p>\n<p><strong>Kontaktformular<br \/>\n<\/strong>Per Kontaktformular \u00fcbermittelte Daten werden einschlie\u00dflich Ihrer Kontaktdaten gespeichert, um Ihre Anfrage bearbeiten zu k\u00f6nnen oder um f\u00fcr Anschlussfragen bereit zu stehen. Eine Weitergabe dieser Daten findet ohne Ihre Einwilligung nicht statt.<br \/>\nDie Verarbeitung der in das Kontaktformular eingegebenen Daten erfolgt ausschlie\u00dflich auf Grundlage Ihrer Einwilligung (Art. 6 Abs. 1 lit. a DSGVO). Ein Widerruf Ihrer bereits erteilten Einwilligung ist jederzeit m\u00f6glich. F\u00fcr den Widerruf gen\u00fcgt eine formlose Mitteilung per E-Mail. Die Rechtm\u00e4\u00dfigkeit der bis zum Widerruf erfolgten Datenverarbeitungsvorg\u00e4nge bleibt vom Widerruf unber\u00fchrt.<br \/>\n\u00dcber das Kontaktformular \u00fcbermittelte Daten verbleiben bei uns, bis Sie uns zur L\u00f6schung auffordern, Ihre Einwilligung zur Speicherung widerrufen oder keine Notwendigkeit der Datenspeicherung mehr besteht. Zwingende gesetzliche Bestimmungen &#8211; insbesondere Aufbewahrungsfristen &#8211; bleiben unber\u00fchrt.<\/p>\n<\/div>\n<div class=\"s3-t s3-t0\">\n<p><small>Quelle: Datenschutz-Konfigurator von\u00a0<a href=\"http:\/\/www.mein-datenschutzbeauftragter.de\/\" target=\"_blank\" rel=\"noopener\">mein-datenschutzbeauftragter.de<\/a><\/small><\/p>\n<\/div>\n","protected":false},"excerpt":{"rendered":"<p>Quellen der Fotos und Abbildungen Fotos und Abbildungen in diesem Internetauftritt sind nach wissenschaftlichem Standard ordnungsgem\u00e4\u00df nachgewiesen und mit den wissenschaftlichen oder heimatkundlichen Aussagen im Text verbunden. Alle Fotos und Abbildungen ohne Quellenangabe stammen von Dr. Hermann Behrens. Allgemeiner Hinweis Die folgende Datenschutzerkl\u00e4rung beinhaltet die &#8222;Informationspflicht bei Erhebung von personenbezogenen Daten bei der betroffenen Person&#8220; &hellip; <a href=\"https:\/\/kleinvielen-ev.de\/?page_id=2171\" class=\"more-link\"><span class=\"screen-reader-text\">Datenschutzerkl\u00e4rung<\/span> weiterlesen <span class=\"meta-nav\">&rarr;<\/span><\/a><\/p>\n","protected":false},"author":2,"featured_media":0,"parent":9,"menu_order":0,"comment_status":"closed","ping_status":"closed","template":"","meta":{"footnotes":""},"_links":{"self":[{"href":"https:\/\/kleinvielen-ev.de\/index.php?rest_route=\/wp\/v2\/pages\/2171"}],"collection":[{"href":"https:\/\/kleinvielen-ev.de\/index.php?rest_route=\/wp\/v2\/pages"}],"about":[{"href":"https:\/\/kleinvielen-ev.de\/index.php?rest_route=\/wp\/v2\/types\/page"}],"author":[{"embeddable":true,"href":"https:\/\/kleinvielen-ev.de\/index.php?rest_route=\/wp\/v2\/users\/2"}],"replies":[{"embeddable":true,"href":"https:\/\/kleinvielen-ev.de\/index.php?rest_route=%2Fwp%2Fv2%2Fcomments&post=2171"}],"version-history":[{"count":10,"href":"https:\/\/kleinvielen-ev.de\/index.php?rest_route=\/wp\/v2\/pages\/2171\/revisions"}],"predecessor-version":[{"id":5704,"href":"https:\/\/kleinvielen-ev.de\/index.php?rest_route=\/wp\/v2\/pages\/2171\/revisions\/5704"}],"up":[{"embeddable":true,"href":"https:\/\/kleinvielen-ev.de\/index.php?rest_route=\/wp\/v2\/pages\/9"}],"wp:attachment":[{"href":"https:\/\/kleinvielen-ev.de\/index.php?rest_route=%2Fwp%2Fv2%2Fmedia&parent=2171"}],"curies":[{"name":"wp","href":"https:\/\/api.w.org\/{rel}","templated":true}]}}