{"id":23,"date":"2016-10-26T10:58:12","date_gmt":"2016-10-26T10:58:12","guid":{"rendered":"http:\/\/kleinvielen-ev.de\/?page_id=23"},"modified":"2017-03-05T17:01:09","modified_gmt":"2017-03-05T17:01:09","slug":"impressum","status":"publish","type":"page","link":"https:\/\/kleinvielen-ev.de\/?page_id=23","title":{"rendered":"Impressum"},"content":{"rendered":"<p><strong>Klein Vielen e.V. \u2013 Leben zwischen Lieps und Havelquelle<\/strong><br \/>\nc\/o Uta Matecki, Peckatel 38, 17237 Klein Vielen<br \/>\n<strong>Gemeinschaftlich vertretungsberechtigt:<br \/>\n1. <\/strong><strong>Vorsitzende: <\/strong>Uta Matecki, Peckatel 38, 17237 Klein Vielen,<br \/>\n<strong>Telefon:<\/strong> 039824 21940, <strong>E-Mail: <\/strong><a href=\"mailto:info@kleinvielen-ev.de\" data-cmp_parsed_email=\"info@kleinvielen-ev.de\">info@kleinvielen-ev.de<br \/>\n<\/a><strong>2. Vorsitzender: <\/strong>J\u00f6rg Botta, Dorfstr. 20, 17237 Klein Vielen,<br \/>\n<strong>Telefon: <\/strong>039824 21943<br \/>\n<strong>Registergericht:<\/strong> Amtsgericht Waren, <strong>Registernummer:<\/strong> VR 1562<br \/>\n<strong>Finanzamt: Waren, <\/strong>Steuernummer: 075\/141\/06643<\/p>\n<p>Verantwortlich f\u00fcr journalistisch-redaktionelle Inhalte im Sinne des<strong> \u00a7 55 Abs. 2 RStV:<\/strong><br \/>\nDr. Hermann Behrens, Peckatel 38, 17237 Klein Vielen,<br \/>\n<strong>E-Mail:<\/strong> <a href=\"mailto:info@kleinvielen-ev.de\">info@kleinvielen-ev.de<\/a><\/p>\n<p><strong> 1. Haftungsbeschr\u00e4nkung<\/strong><br \/>\nDie kostenlosen und frei zug\u00e4nglichen Inhalte dieser Webseite wurden mit gr\u00f6\u00dftm\u00f6glicher Sorgfalt erstellt. Der Anbieter dieser Webseite \u00fcbernimmt jedoch keine Gew\u00e4hr f\u00fcr die Richtigkeit Vollst\u00e4ndigkeit und Aktualit\u00e4t der bereitgestellten kostenlosen und frei zug\u00e4nglichen journalistischen Ratgeber und Nachrichten. Die Nutzung dieser Webseiteninhalte erfolgt auf eigene Gefahr. Allein durch den Aufruf dieser kostenlosen und frei zug\u00e4nglichen Inhalte kommt keinerlei Vertragsverh\u00e4ltnis zwischen dem Nutzer und dem Anbieter zustande, insoweit fehlt es am Rechtsbindungswillen des Anbieters.<br \/>\nNamentlich gekennzeichnete Beitr\u00e4ge geben die Meinung des jeweiligen Autors oder der jeweiligen Autorin und nicht immer die Meinung des Anbieters wieder. Mit der reinen Nutzung der Website des Anbieters kommt keinerlei Vertragsverh\u00e4ltnis zwischen dem Nutzer und dem Anbieter zustande.<\/p>\n<p><strong>2. Externe Links<\/strong><br \/>\nDiese Website enth\u00e4lt Verkn\u00fcpfungen zu Websites Dritter (&#8222;externe Links&#8220;). Diese Websites unterliegen der Haftung der jeweiligen Betreiber. Der Anbieter hat bei der erstmaligen Verkn\u00fcpfung der externen Links die fremden Inhalte daraufhin \u00fcberpr\u00fcft, ob etwaige Rechtsverst\u00f6\u00dfe bestehen. Zu dem Zeitpunkt waren keine Rechtsverst\u00f6\u00dfe ersichtlich. Der Anbieter hat keinerlei Einfluss auf die aktuelle und zuk\u00fcnftige Gestaltung und auf die Inhalte der verkn\u00fcpften Seiten. Das Setzen von externen Links bedeutet nicht, dass sich der Anbieter die hinter dem Verweis oder Link liegenden Inhalte zu Eigen macht. Eine st\u00e4ndige Kontrolle der externen Links ist f\u00fcr den Anbieter ohne konkrete Hinweise auf Rechtsverst\u00f6\u00dfe nicht zumutbar. Bei Kenntnis von Rechtsverst\u00f6\u00dfen werden jedoch derartige externe Links unverz\u00fcglich gel\u00f6scht.<\/p>\n<p><strong> 3. Urheber- und Leistungsschutzrechte<\/strong><br \/>\nDie auf dieser Website durch den Anbieter ver\u00f6ffentlichten Inhalte unterliegen dem deutschen Urheber- und Leistungsschutzrecht. Jede vom deutschen Urheber- und Leistungsschutzrecht nicht zugelassene Verwertung bedarf der vorherigen schriftlichen Zustimmung des Anbieters oder jeweiligen Rechteinhabers. Dies gilt insbesondere f\u00fcr Vervielf\u00e4ltigung, Bearbeitung, \u00dcbersetzung, Einspeicherung, Verarbeitung bzw. Wiedergabe von Inhalten in Datenbanken oder anderen elektronischen Medien und Systemen. Inhalte und Rechte Dritter sind dabei als solche gekennzeichnet. Die unerlaubte Vervielf\u00e4ltigung oder Weitergabe einzelner Inhalte oder kompletter Seiten ist nicht gestattet und strafbar. Lediglich die Herstellung von Kopien und Downloads f\u00fcr den pers\u00f6nlichen, privaten und nicht kommerziellen Gebrauch ist erlaubt. Die Darstellung dieser Website in fremden Frames ist nur mit schriftlicher Erlaubnis zul\u00e4ssig.<br \/>\nDiese Website darf ohne schriftliche Erlaubnis nicht durch Dritte in Frames oder iFrames dargestellt werden.<\/p>\n<p><strong> 4. Keine Werbung<\/strong><br \/>\nDie Verwendung der Kontaktdaten des Impressums zur gewerblichen Werbung ist ausdr\u00fccklich nicht erw\u00fcnscht, es sei denn der Anbieter hatte zuvor seine schriftliche Einwilligung erteilt oder es besteht bereits eine Gesch\u00e4ftsbeziehung. Der Anbieter und alle auf dieser Website genannten Personen widersprechen hiermit jeder kommerziellen Verwendung und Weitergabe ihrer Daten.<\/p>\n<p><strong> 5. Besondere Nutzungsbedingungen<\/strong><br \/>\nSoweit besondere Bedingungen f\u00fcr einzelne Nutzungen dieser Website von den vorgenannten Nummern 1. bis 4. abweichen, wird an entsprechender Stelle ausdr\u00fccklich darauf hingewiesen. In diesem Falle gelten im jeweiligen Einzelfall die besonderen Bedingungen.<\/p>\n<p>&nbsp;<\/p>\n","protected":false},"excerpt":{"rendered":"<p>Klein Vielen e.V. \u2013 Leben zwischen Lieps und Havelquelle c\/o Uta Matecki, Peckatel 38, 17237 Klein Vielen Gemeinschaftlich vertretungsberechtigt: 1. Vorsitzende: Uta Matecki, Peckatel 38, 17237 Klein Vielen, Telefon: 039824 21940, E-Mail: info@kleinvielen-ev.de 2. Vorsitzender: J\u00f6rg Botta, Dorfstr. 20, 17237 Klein Vielen, Telefon: 039824 21943 Registergericht: Amtsgericht Waren, Registernummer: VR 1562 Finanzamt: Waren, Steuernummer: 075\/141\/06643 &hellip; <a href=\"https:\/\/kleinvielen-ev.de\/?page_id=23\" class=\"more-link\"><span class=\"screen-reader-text\">Impressum<\/span> weiterlesen <span class=\"meta-nav\">&rarr;<\/span><\/a><\/p>\n","protected":false},"author":1,"featured_media":0,"parent":0,"menu_order":0,"comment_status":"closed","ping_status":"closed","template":"","meta":{"footnotes":""},"_links":{"self":[{"href":"https:\/\/kleinvielen-ev.de\/index.php?rest_route=\/wp\/v2\/pages\/23"}],"collection":[{"href":"https:\/\/kleinvielen-ev.de\/index.php?rest_route=\/wp\/v2\/pages"}],"about":[{"href":"https:\/\/kleinvielen-ev.de\/index.php?rest_route=\/wp\/v2\/types\/page"}],"author":[{"embeddable":true,"href":"https:\/\/kleinvielen-ev.de\/index.php?rest_route=\/wp\/v2\/users\/1"}],"replies":[{"embeddable":true,"href":"https:\/\/kleinvielen-ev.de\/index.php?rest_route=%2Fwp%2Fv2%2Fcomments&post=23"}],"version-history":[{"count":10,"href":"https:\/\/kleinvielen-ev.de\/index.php?rest_route=\/wp\/v2\/pages\/23\/revisions"}],"predecessor-version":[{"id":1446,"href":"https:\/\/kleinvielen-ev.de\/index.php?rest_route=\/wp\/v2\/pages\/23\/revisions\/1446"}],"wp:attachment":[{"href":"https:\/\/kleinvielen-ev.de\/index.php?rest_route=%2Fwp%2Fv2%2Fmedia&parent=23"}],"curies":[{"name":"wp","href":"https:\/\/api.w.org\/{rel}","templated":true}]}}