{"id":2918,"date":"2019-02-04T15:41:45","date_gmt":"2019-02-04T15:41:45","guid":{"rendered":"http:\/\/kleinvielen-ev.de\/?page_id=2918"},"modified":"2020-06-25T12:19:47","modified_gmt":"2020-06-25T12:19:47","slug":"hochschule-neubrandenburg","status":"publish","type":"page","link":"https:\/\/kleinvielen-ev.de\/?page_id=2918","title":{"rendered":"Hochschule Neubrandenburg"},"content":{"rendered":"<p>Seit 2018 ist der Klein Vielen e. V. Kooperationspartner der <a href=\"https:\/\/www.hs-nb.de\/\">Hochschule Neubrandenburg<\/a> im Forschungsverbund &#8222;<a href=\"https:\/\/www.hs-nb.de\/hiregion\/\"><strong>HiRegion &#8211; Hochschule in der Region<\/strong><\/a>&#8220; .<a href=\"http:\/\/kleinvielen-ev.de\/wp-content\/uploads\/2019\/01\/HiR_Logo-RL-Landschaft.jpg\"><img loading=\"lazy\" decoding=\"async\" class=\" wp-image-2885 alignright\" src=\"http:\/\/kleinvielen-ev.de\/wp-content\/uploads\/2019\/01\/HiR_Logo-RL-Landschaft.jpg\" alt=\"\" width=\"165\" height=\"147\" \/><\/a><br \/>\nDie Kooperation erstreckt sich auf das Teilvorhaben &#8222;<a href=\"https:\/\/www.hs-nb.de\/pl\/iugr\/landschaft-hat-geschichte\/\"><strong>Reallabor Landschaft<\/strong><\/a>&#8220; , in dem der Landschaftswandel zwischen Lieps und Havelquelle erforscht wird, zum Beispiel durch Projekte, in denen Studentinnen und Studenten aufgew\u00e4hlte Fragen zur Landschaftsgeschichte bearbeiten.<br \/>\nIn einem bereits laufenden Studienprojekt besch\u00e4ftigen sie sich mit der alten Grenze zwischen den ehemaligen Gro\u00dfherzogt\u00fcmern Mecklenburg-Strelitz und Mecklenburg-Schwerin. Ihre Ergebnisse sind <a href=\"http:\/\/kleinvielen-ev.de\/?page_id=2985\"><strong>hier<\/strong> <\/a>zu sehen.<\/p>\n<p>Hier geht es auf der Internetseite der Hochschule Neubrandenburg zum Internetauftritt des Verbundvorhabens &#8222;<a href=\"https:\/\/www.hs-nb.de\/hiregion\/\"><strong>HiRegion<\/strong><\/a>&#8220; und hier zum Teilprojekt &#8222;<a href=\"https:\/\/www.hs-nb.de\/pl\/iugr\/landschaft-hat-geschichte\/\"><strong>Reallabor Landschaft<\/strong><\/a>&#8220; .<\/p>\n","protected":false},"excerpt":{"rendered":"<p>Seit 2018 ist der Klein Vielen e. V. Kooperationspartner der Hochschule Neubrandenburg im Forschungsverbund &#8222;HiRegion &#8211; Hochschule in der Region&#8220; . Die Kooperation erstreckt sich auf das Teilvorhaben &#8222;Reallabor Landschaft&#8220; , in dem der Landschaftswandel zwischen Lieps und Havelquelle erforscht wird, zum Beispiel durch Projekte, in denen Studentinnen und Studenten aufgew\u00e4hlte Fragen zur Landschaftsgeschichte bearbeiten. &hellip; <a href=\"https:\/\/kleinvielen-ev.de\/?page_id=2918\" class=\"more-link\"><span class=\"screen-reader-text\">Hochschule Neubrandenburg<\/span> weiterlesen <span class=\"meta-nav\">&rarr;<\/span><\/a><\/p>\n","protected":false},"author":2,"featured_media":0,"parent":19,"menu_order":0,"comment_status":"closed","ping_status":"closed","template":"","meta":{"footnotes":""},"_links":{"self":[{"href":"https:\/\/kleinvielen-ev.de\/index.php?rest_route=\/wp\/v2\/pages\/2918"}],"collection":[{"href":"https:\/\/kleinvielen-ev.de\/index.php?rest_route=\/wp\/v2\/pages"}],"about":[{"href":"https:\/\/kleinvielen-ev.de\/index.php?rest_route=\/wp\/v2\/types\/page"}],"author":[{"embeddable":true,"href":"https:\/\/kleinvielen-ev.de\/index.php?rest_route=\/wp\/v2\/users\/2"}],"replies":[{"embeddable":true,"href":"https:\/\/kleinvielen-ev.de\/index.php?rest_route=%2Fwp%2Fv2%2Fcomments&post=2918"}],"version-history":[{"count":10,"href":"https:\/\/kleinvielen-ev.de\/index.php?rest_route=\/wp\/v2\/pages\/2918\/revisions"}],"predecessor-version":[{"id":3713,"href":"https:\/\/kleinvielen-ev.de\/index.php?rest_route=\/wp\/v2\/pages\/2918\/revisions\/3713"}],"up":[{"embeddable":true,"href":"https:\/\/kleinvielen-ev.de\/index.php?rest_route=\/wp\/v2\/pages\/19"}],"wp:attachment":[{"href":"https:\/\/kleinvielen-ev.de\/index.php?rest_route=%2Fwp%2Fv2%2Fmedia&parent=2918"}],"curies":[{"name":"wp","href":"https:\/\/api.w.org\/{rel}","templated":true}]}}