{"id":303,"date":"2016-10-28T06:45:08","date_gmt":"2016-10-28T06:45:08","guid":{"rendered":"http:\/\/kleinvielen-ev.de\/?page_id=303"},"modified":"2021-03-23T10:07:17","modified_gmt":"2021-03-23T10:07:17","slug":"alte-salzstrasse-2","status":"publish","type":"page","link":"https:\/\/kleinvielen-ev.de\/?page_id=303","title":{"rendered":"Alte Salzstra\u00dfe"},"content":{"rendered":"<figure id=\"attachment_305\" aria-describedby=\"caption-attachment-305\" style=\"width: 300px\" class=\"wp-caption alignright\"><a href=\"http:\/\/kleinvielen-ev.de\/wp-content\/uploads\/2016\/10\/Salzstra\u00dfe_Herbst07-2-Kopie.jpg\"><img loading=\"lazy\" decoding=\"async\" class=\"wp-image-305 size-medium\" src=\"http:\/\/kleinvielen-ev.de\/wp-content\/uploads\/2016\/10\/Salzstra\u00dfe_Herbst07-2-Kopie-300x226.jpg\" alt=\"salzstrasse_herbst07-2-kopie\" width=\"300\" height=\"226\" srcset=\"https:\/\/kleinvielen-ev.de\/wp-content\/uploads\/2016\/10\/Salzstra\u00dfe_Herbst07-2-Kopie-300x226.jpg 300w, https:\/\/kleinvielen-ev.de\/wp-content\/uploads\/2016\/10\/Salzstra\u00dfe_Herbst07-2-Kopie.jpg 709w\" sizes=\"(max-width: 300px) 100vw, 300px\" \/><\/a><figcaption id=\"caption-attachment-305\" class=\"wp-caption-text\">Die Alte Salzstra\u00dfe im Herbst.<\/figcaption><\/figure>\n<p>Im Bereich Liepen, Kreutzsee, Ankershagen und Stavenhagen verl\u00e4uft die sogenannte <em>Alte Salzstra\u00dfe<\/em>, die einst als Fracht- und Handelsstra\u00dfe gedient haben soll und den Saaler Bodden an der Ostsee \u00fcber S\u00fclze und Malchin, Zierke, F\u00fcrstensee, Lychen und Templin an Oder und Donau entlang mit dem Balkan und dem Mittelmeer (Saloniki\/Griechenland) verband. Gesicherte Quellen gibt es dar\u00fcber aber noch nicht, aber unter diesem Namen ist der Weg in der Region bekannt.<br \/>\nDie <em>Alte Salzstra\u00dfe<\/em> wurde vor einigen Jahren auf Initiative der Gemeindevertretung in freiwilliger Arbeit\u00a0 zu einem attraktiven Verbindungs- und Spazierweg zwischen Liepen und der Einm\u00fcndung von der Stra\u00dfe Hartwigsdorf-Pieversdorf zum Gasthaus am Kreutzsee hergerichtet.<br \/>\nLesen Sie <a href=\"http:\/\/kleinvielen-ev.de\/?page_id=1264\"><strong>hier<\/strong> <\/a>mehr!<\/p>\n","protected":false},"excerpt":{"rendered":"<p>Im Bereich Liepen, Kreutzsee, Ankershagen und Stavenhagen verl\u00e4uft die sogenannte Alte Salzstra\u00dfe, die einst als Fracht- und Handelsstra\u00dfe gedient haben soll und den Saaler Bodden an der Ostsee \u00fcber S\u00fclze und Malchin, Zierke, F\u00fcrstensee, Lychen und Templin an Oder und Donau entlang mit dem Balkan und dem Mittelmeer (Saloniki\/Griechenland) verband. Gesicherte Quellen gibt es dar\u00fcber &hellip; <a href=\"https:\/\/kleinvielen-ev.de\/?page_id=303\" class=\"more-link\"><span class=\"screen-reader-text\">Alte Salzstra\u00dfe<\/span> weiterlesen <span class=\"meta-nav\">&rarr;<\/span><\/a><\/p>\n","protected":false},"author":2,"featured_media":0,"parent":4587,"menu_order":0,"comment_status":"closed","ping_status":"closed","template":"","meta":{"footnotes":""},"_links":{"self":[{"href":"https:\/\/kleinvielen-ev.de\/index.php?rest_route=\/wp\/v2\/pages\/303"}],"collection":[{"href":"https:\/\/kleinvielen-ev.de\/index.php?rest_route=\/wp\/v2\/pages"}],"about":[{"href":"https:\/\/kleinvielen-ev.de\/index.php?rest_route=\/wp\/v2\/types\/page"}],"author":[{"embeddable":true,"href":"https:\/\/kleinvielen-ev.de\/index.php?rest_route=\/wp\/v2\/users\/2"}],"replies":[{"embeddable":true,"href":"https:\/\/kleinvielen-ev.de\/index.php?rest_route=%2Fwp%2Fv2%2Fcomments&post=303"}],"version-history":[{"count":8,"href":"https:\/\/kleinvielen-ev.de\/index.php?rest_route=\/wp\/v2\/pages\/303\/revisions"}],"predecessor-version":[{"id":2915,"href":"https:\/\/kleinvielen-ev.de\/index.php?rest_route=\/wp\/v2\/pages\/303\/revisions\/2915"}],"up":[{"embeddable":true,"href":"https:\/\/kleinvielen-ev.de\/index.php?rest_route=\/wp\/v2\/pages\/4587"}],"wp:attachment":[{"href":"https:\/\/kleinvielen-ev.de\/index.php?rest_route=%2Fwp%2Fv2%2Fmedia&parent=303"}],"curies":[{"name":"wp","href":"https:\/\/api.w.org\/{rel}","templated":true}]}}