{"id":3050,"date":"2019-03-18T11:30:13","date_gmt":"2019-03-18T11:30:13","guid":{"rendered":"http:\/\/kleinvielen-ev.de\/?page_id=3050"},"modified":"2019-06-16T08:55:39","modified_gmt":"2019-06-16T08:55:39","slug":"beitrag-ueber-die-jahn-kapelle-bei-neu-1-neubrandenburg","status":"publish","type":"page","link":"https:\/\/kleinvielen-ev.de\/?page_id=3050","title":{"rendered":"Beitrag \u00fcber die Jahn-Kapelle bei Neueins.tv Neubrandenburg"},"content":{"rendered":"<p>Falko Gildhorn vom Regionalfernsehsender neu.eins aus Neubrandenburg hat mit seinem Team einen kleinen und feinen Beitrag \u00fcber die Jahn-Kapelle in Klein Vielen und den engagierten F\u00f6rderverein gedreht. Herzlichen Dank daf\u00fcr!<\/p>\n<p><iframe loading=\"lazy\" title=\"Klein Vielen\" src=\"https:\/\/player.vimeo.com\/video\/324204798?dnt=1&amp;app_id=122963\" width=\"604\" height=\"340\" frameborder=\"0\" allow=\"autoplay; fullscreen; picture-in-picture; clipboard-write\"><\/iframe><\/p>\n<p>Andr\u00e9 Gross, &#8222;Macher&#8220; des viel gelesenen und empfehlenswerten &#8222;Strelitzius Blogs&#8220;, hat den Film auf seine Seite gestellt und u.a. mit den Worten kommentiert:\u00a0 &#8222;<em>&#8230;die tollen Klein Vielener haben es ohnehin mehr als verdient, dass \u00fcber sie und ihre so \u00fcberaus erfolgreiche Arbeit in Wort und Bild berichtet wird.<\/em>&#8220;<br \/>\nLink zum Blog hier:\u00a0\u00a0<a href=\"https:\/\/strelitzius.com\/\">https:\/\/strelitzius.com\/<\/a><br \/>\nLink zu Neu 1 hier:\u00a0<a href=\"https:\/\/www.neueins.tv\/\">https:\/\/www.neueins.tv\/<\/a><\/p>\n<p>&nbsp;<\/p>\n","protected":false},"excerpt":{"rendered":"<p>Falko Gildhorn vom Regionalfernsehsender neu.eins aus Neubrandenburg hat mit seinem Team einen kleinen und feinen Beitrag \u00fcber die Jahn-Kapelle in Klein Vielen und den engagierten F\u00f6rderverein gedreht. Herzlichen Dank daf\u00fcr! Andr\u00e9 Gross, &#8222;Macher&#8220; des viel gelesenen und empfehlenswerten &#8222;Strelitzius Blogs&#8220;, hat den Film auf seine Seite gestellt und u.a. mit den Worten kommentiert:\u00a0 &#8222;&#8230;die tollen &hellip; <a href=\"https:\/\/kleinvielen-ev.de\/?page_id=3050\" class=\"more-link\"><span class=\"screen-reader-text\">Beitrag \u00fcber die Jahn-Kapelle bei Neueins.tv Neubrandenburg<\/span> weiterlesen <span class=\"meta-nav\">&rarr;<\/span><\/a><\/p>\n","protected":false},"author":2,"featured_media":0,"parent":1681,"menu_order":0,"comment_status":"closed","ping_status":"closed","template":"","meta":{"footnotes":""},"_links":{"self":[{"href":"https:\/\/kleinvielen-ev.de\/index.php?rest_route=\/wp\/v2\/pages\/3050"}],"collection":[{"href":"https:\/\/kleinvielen-ev.de\/index.php?rest_route=\/wp\/v2\/pages"}],"about":[{"href":"https:\/\/kleinvielen-ev.de\/index.php?rest_route=\/wp\/v2\/types\/page"}],"author":[{"embeddable":true,"href":"https:\/\/kleinvielen-ev.de\/index.php?rest_route=\/wp\/v2\/users\/2"}],"replies":[{"embeddable":true,"href":"https:\/\/kleinvielen-ev.de\/index.php?rest_route=%2Fwp%2Fv2%2Fcomments&post=3050"}],"version-history":[{"count":6,"href":"https:\/\/kleinvielen-ev.de\/index.php?rest_route=\/wp\/v2\/pages\/3050\/revisions"}],"predecessor-version":[{"id":3057,"href":"https:\/\/kleinvielen-ev.de\/index.php?rest_route=\/wp\/v2\/pages\/3050\/revisions\/3057"}],"up":[{"embeddable":true,"href":"https:\/\/kleinvielen-ev.de\/index.php?rest_route=\/wp\/v2\/pages\/1681"}],"wp:attachment":[{"href":"https:\/\/kleinvielen-ev.de\/index.php?rest_route=%2Fwp%2Fv2%2Fmedia&parent=3050"}],"curies":[{"name":"wp","href":"https:\/\/api.w.org\/{rel}","templated":true}]}}