{"id":3349,"date":"2019-10-17T13:17:59","date_gmt":"2019-10-17T13:17:59","guid":{"rendered":"http:\/\/kleinvielen-ev.de\/?page_id=3349"},"modified":"2024-05-05T12:49:54","modified_gmt":"2024-05-05T11:49:54","slug":"eine-reise-durch-unsere-siedlungsgeschichte","status":"publish","type":"page","link":"https:\/\/kleinvielen-ev.de\/?page_id=3349","title":{"rendered":"Zur Siedlungsgeschichte zwischen Lieps und Havelquelle"},"content":{"rendered":"<p>Studierende im Studiengang Naturschutz und Landnutzungsplanung an der Hochschule Neubrandenburg besch\u00e4ftigten sich mit einigen Fragen zur Siedlungsgeschichte zwischen Lieps und Havelquelle.<br \/>\n<em>Wie ver\u00e4nderten sich Dorfstrukturen in den letzten Jahrhunderten?<\/em><br \/>\n<em>Was blieb von einstigen Gutsanlagen?<\/em><br \/>\n<em>Wie haben sich nach dem Ersten Weltkrieg Siedler in die mecklenburgische Landschaft &#8222;eingeschrieben&#8220;?\u00a0<\/em><br \/>\n<em>Was zeigt sich aus der DDR-Zeit in den D\u00f6rfern?<br \/>\n<\/em>Herausgekommen ist eine kleine Ausstellung, in die Sie\u00a0hier zwei Blicke werfen k\u00f6nnen, einmal in die <a href=\"https:\/\/kleinvielen-ev.de\/wp-content\/uploads\/2019\/10\/Ausstellung-Siedlungsgeschichte-neu-Standard.pdf\"><strong>pdf der Ausstellung<\/strong> <\/a>und im Folgenden in die &#8222;Slide-Show&#8220;.<em><br \/>\n<\/em><\/p>\n<div id=\"metaslider-id-3429\" style=\"max-width: 600px;\" class=\"ml-slider-3-107-0 metaslider metaslider-flex metaslider-3429 ml-slider has-dots-nav ms-theme-default\" role=\"region\" aria-label=\"Siedlungsgeschichte\" data-height=\"850\" data-width=\"600\">\n    <div id=\"metaslider_container_3429\">\n        <div id=\"metaslider_3429\">\n            <ul class='slides'>\n                <li style=\"display: block; width: 100%;\" class=\"slide-3430 ms-image \" aria-roledescription=\"slide\" data-date=\"2019-10-21 14:08:35\" data-filename=\"Ausstellung-HKLE-2019-Druckausgabe_Seite_01-600x850.jpg\" data-slide-type=\"image\"><img loading=\"lazy\" decoding=\"async\" src=\"https:\/\/kleinvielen-ev.de\/wp-content\/uploads\/2019\/10\/Ausstellung-HKLE-2019-Druckausgabe_Seite_01-600x850.jpg\" height=\"850\" width=\"600\" alt=\"\" class=\"slider-3429 slide-3430 msDefaultImage\" title=\"Ausstellung HKLE 2019 Druckausgabe_Seite_01\" \/><\/li>\n                <li style=\"display: none; width: 100%;\" class=\"slide-3431 ms-image \" aria-roledescription=\"slide\" data-date=\"2019-10-21 14:08:35\" data-filename=\"Ausstellung-HKLE-2019-Druckausgabe_Seite_02-600x850.jpg\" data-slide-type=\"image\"><img loading=\"lazy\" decoding=\"async\" src=\"https:\/\/kleinvielen-ev.de\/wp-content\/uploads\/2019\/10\/Ausstellung-HKLE-2019-Druckausgabe_Seite_02-600x850.jpg\" height=\"850\" width=\"600\" alt=\"\" class=\"slider-3429 slide-3431 msDefaultImage\" title=\"Ausstellung HKLE 2019 Druckausgabe_Seite_02\" \/><\/li>\n                <li style=\"display: none; width: 100%;\" class=\"slide-3432 ms-image \" aria-roledescription=\"slide\" data-date=\"2019-10-21 14:08:35\" data-filename=\"Ausstellung-HKLE-2019-Druckausgabe_Seite_03-600x850.jpg\" data-slide-type=\"image\"><img loading=\"lazy\" decoding=\"async\" src=\"https:\/\/kleinvielen-ev.de\/wp-content\/uploads\/2019\/10\/Ausstellung-HKLE-2019-Druckausgabe_Seite_03-600x850.jpg\" height=\"850\" width=\"600\" alt=\"\" class=\"slider-3429 slide-3432 msDefaultImage\" title=\"Ausstellung HKLE 2019 Druckausgabe_Seite_03\" \/><\/li>\n                <li style=\"display: none; width: 100%;\" class=\"slide-3539 ms-image \" aria-roledescription=\"slide\" data-date=\"2019-10-28 10:08:43\" data-filename=\"Seite-Modul-Siedlungsgrundrisse-Klein-Vielen-internet-600x850.jpg\" data-slide-type=\"image\"><img loading=\"lazy\" decoding=\"async\" src=\"https:\/\/kleinvielen-ev.de\/wp-content\/uploads\/2019\/10\/Seite-Modul-Siedlungsgrundrisse-Klein-Vielen-internet-600x850.jpg\" height=\"850\" width=\"600\" alt=\"\" class=\"slider-3429 slide-3539 msDefaultImage\" title=\"Seite Modul Siedlungsgrundrisse Klein Vielen internet\" \/><\/li>\n                <li style=\"display: none; width: 100%;\" class=\"slide-3434 ms-image \" aria-roledescription=\"slide\" data-date=\"2019-10-21 14:08:36\" data-filename=\"Ausstellung-HKLE-2019-Druckausgabe_Seite_05-600x850.jpg\" data-slide-type=\"image\"><img loading=\"lazy\" decoding=\"async\" src=\"https:\/\/kleinvielen-ev.de\/wp-content\/uploads\/2019\/10\/Ausstellung-HKLE-2019-Druckausgabe_Seite_05-600x850.jpg\" height=\"850\" width=\"600\" alt=\"\" class=\"slider-3429 slide-3434 msDefaultImage\" title=\"Ausstellung HKLE 2019 Druckausgabe_Seite_05\" \/><\/li>\n                <li style=\"display: none; width: 100%;\" class=\"slide-3435 ms-image \" aria-roledescription=\"slide\" data-date=\"2019-10-21 14:08:36\" data-filename=\"Ausstellung-HKLE-2019-Druckausgabe_Seite_06-600x850.jpg\" data-slide-type=\"image\"><img loading=\"lazy\" decoding=\"async\" src=\"https:\/\/kleinvielen-ev.de\/wp-content\/uploads\/2019\/10\/Ausstellung-HKLE-2019-Druckausgabe_Seite_06-600x850.jpg\" height=\"850\" width=\"600\" alt=\"\" class=\"slider-3429 slide-3435 msDefaultImage\" title=\"Ausstellung HKLE 2019 Druckausgabe_Seite_06\" \/><\/li>\n                <li style=\"display: none; width: 100%;\" class=\"slide-3436 ms-image \" aria-roledescription=\"slide\" data-date=\"2019-10-21 14:08:36\" data-filename=\"Ausstellung-HKLE-2019-Druckausgabe_Seite_07-600x850.jpg\" data-slide-type=\"image\"><img loading=\"lazy\" decoding=\"async\" src=\"https:\/\/kleinvielen-ev.de\/wp-content\/uploads\/2019\/10\/Ausstellung-HKLE-2019-Druckausgabe_Seite_07-600x850.jpg\" height=\"850\" width=\"600\" alt=\"\" class=\"slider-3429 slide-3436 msDefaultImage\" title=\"Ausstellung HKLE 2019 Druckausgabe_Seite_07\" \/><\/li>\n                <li style=\"display: none; width: 100%;\" class=\"slide-3437 ms-image \" aria-roledescription=\"slide\" data-date=\"2019-10-21 14:08:36\" data-filename=\"Ausstellung-HKLE-2019-Druckausgabe_Seite_08-600x850.jpg\" data-slide-type=\"image\"><img loading=\"lazy\" decoding=\"async\" src=\"https:\/\/kleinvielen-ev.de\/wp-content\/uploads\/2019\/10\/Ausstellung-HKLE-2019-Druckausgabe_Seite_08-600x850.jpg\" height=\"850\" width=\"600\" alt=\"\" class=\"slider-3429 slide-3437 msDefaultImage\" title=\"Ausstellung HKLE 2019 Druckausgabe_Seite_08\" \/><\/li>\n                <li style=\"display: none; width: 100%;\" class=\"slide-3438 ms-image \" aria-roledescription=\"slide\" data-date=\"2019-10-21 14:08:36\" data-filename=\"Ausstellung-HKLE-2019-Druckausgabe_Seite_09-600x850.jpg\" data-slide-type=\"image\"><img loading=\"lazy\" decoding=\"async\" src=\"https:\/\/kleinvielen-ev.de\/wp-content\/uploads\/2019\/10\/Ausstellung-HKLE-2019-Druckausgabe_Seite_09-600x850.jpg\" height=\"850\" width=\"600\" alt=\"\" class=\"slider-3429 slide-3438 msDefaultImage\" title=\"Ausstellung HKLE 2019 Druckausgabe_Seite_09\" \/><\/li>\n                <li style=\"display: none; width: 100%;\" class=\"slide-3439 ms-image \" aria-roledescription=\"slide\" data-date=\"2019-10-21 14:08:36\" data-filename=\"Ausstellung-HKLE-2019-Druckausgabe_Seite_10-600x850.jpg\" data-slide-type=\"image\"><img loading=\"lazy\" decoding=\"async\" src=\"https:\/\/kleinvielen-ev.de\/wp-content\/uploads\/2019\/10\/Ausstellung-HKLE-2019-Druckausgabe_Seite_10-600x850.jpg\" height=\"850\" width=\"600\" alt=\"\" class=\"slider-3429 slide-3439 msDefaultImage\" title=\"Ausstellung HKLE 2019 Druckausgabe_Seite_10\" \/><\/li>\n                <li style=\"display: none; width: 100%;\" class=\"slide-3440 ms-image \" aria-roledescription=\"slide\" data-date=\"2019-10-21 14:08:36\" data-filename=\"Ausstellung-HKLE-2019-Druckausgabe_Seite_11-600x850.jpg\" data-slide-type=\"image\"><img loading=\"lazy\" decoding=\"async\" src=\"https:\/\/kleinvielen-ev.de\/wp-content\/uploads\/2019\/10\/Ausstellung-HKLE-2019-Druckausgabe_Seite_11-600x850.jpg\" height=\"850\" width=\"600\" alt=\"\" class=\"slider-3429 slide-3440 msDefaultImage\" title=\"Ausstellung HKLE 2019 Druckausgabe_Seite_11\" \/><\/li>\n                <li style=\"display: none; width: 100%;\" class=\"slide-3441 ms-image \" aria-roledescription=\"slide\" data-date=\"2019-10-21 14:08:36\" data-filename=\"Ausstellung-HKLE-2019-Druckausgabe_Seite_12-600x850.jpg\" data-slide-type=\"image\"><img loading=\"lazy\" decoding=\"async\" src=\"https:\/\/kleinvielen-ev.de\/wp-content\/uploads\/2019\/10\/Ausstellung-HKLE-2019-Druckausgabe_Seite_12-600x850.jpg\" height=\"850\" width=\"600\" alt=\"\" class=\"slider-3429 slide-3441 msDefaultImage\" title=\"Ausstellung HKLE 2019 Druckausgabe_Seite_12\" \/><\/li>\n                <li style=\"display: none; width: 100%;\" class=\"slide-3442 ms-image \" aria-roledescription=\"slide\" data-date=\"2019-10-21 14:08:36\" data-filename=\"Ausstellung-HKLE-2019-Druckausgabe_Seite_13-600x850.jpg\" data-slide-type=\"image\"><img loading=\"lazy\" decoding=\"async\" src=\"https:\/\/kleinvielen-ev.de\/wp-content\/uploads\/2019\/10\/Ausstellung-HKLE-2019-Druckausgabe_Seite_13-600x850.jpg\" height=\"850\" width=\"600\" alt=\"\" class=\"slider-3429 slide-3442 msDefaultImage\" title=\"Ausstellung HKLE 2019 Druckausgabe_Seite_13\" \/><\/li>\n                <li style=\"display: none; width: 100%;\" class=\"slide-3443 ms-image \" aria-roledescription=\"slide\" data-date=\"2019-10-21 14:08:36\" data-filename=\"Ausstellung-HKLE-2019-Druckausgabe_Seite_14-600x850.jpg\" data-slide-type=\"image\"><img loading=\"lazy\" decoding=\"async\" src=\"https:\/\/kleinvielen-ev.de\/wp-content\/uploads\/2019\/10\/Ausstellung-HKLE-2019-Druckausgabe_Seite_14-600x850.jpg\" height=\"850\" width=\"600\" alt=\"\" class=\"slider-3429 slide-3443 msDefaultImage\" title=\"Ausstellung HKLE 2019 Druckausgabe_Seite_14\" \/><\/li>\n                <li style=\"display: none; width: 100%;\" class=\"slide-3444 ms-image \" aria-roledescription=\"slide\" data-date=\"2019-10-21 14:08:36\" data-filename=\"Ausstellung-HKLE-2019-Druckausgabe_Seite_15-600x850.jpg\" data-slide-type=\"image\"><img loading=\"lazy\" decoding=\"async\" src=\"https:\/\/kleinvielen-ev.de\/wp-content\/uploads\/2019\/10\/Ausstellung-HKLE-2019-Druckausgabe_Seite_15-600x850.jpg\" height=\"850\" width=\"600\" alt=\"\" class=\"slider-3429 slide-3444 msDefaultImage\" title=\"Ausstellung HKLE 2019 Druckausgabe_Seite_15\" \/><\/li>\n                <li style=\"display: none; width: 100%;\" class=\"slide-3445 ms-image \" aria-roledescription=\"slide\" data-date=\"2019-10-21 14:08:36\" data-filename=\"Ausstellung-HKLE-2019-Druckausgabe_Seite_16-600x850.jpg\" data-slide-type=\"image\"><img loading=\"lazy\" decoding=\"async\" src=\"https:\/\/kleinvielen-ev.de\/wp-content\/uploads\/2019\/10\/Ausstellung-HKLE-2019-Druckausgabe_Seite_16-600x850.jpg\" height=\"850\" width=\"600\" alt=\"\" class=\"slider-3429 slide-3445 msDefaultImage\" title=\"Ausstellung HKLE 2019 Druckausgabe_Seite_16\" \/><\/li>\n                <li style=\"display: none; width: 100%;\" class=\"slide-3446 ms-image \" aria-roledescription=\"slide\" data-date=\"2019-10-21 14:08:36\" data-filename=\"Ausstellung-HKLE-2019-Druckausgabe_Seite_17-600x850.jpg\" data-slide-type=\"image\"><img loading=\"lazy\" decoding=\"async\" src=\"https:\/\/kleinvielen-ev.de\/wp-content\/uploads\/2019\/10\/Ausstellung-HKLE-2019-Druckausgabe_Seite_17-600x850.jpg\" height=\"850\" width=\"600\" alt=\"\" class=\"slider-3429 slide-3446 msDefaultImage\" title=\"Ausstellung HKLE 2019 Druckausgabe_Seite_17\" \/><\/li>\n            <\/ul>\n        <\/div>\n        \n    <\/div>\n<\/div>\n<p><strong>Einige Anmerkungen zur Siedlungsgeschichte:<\/strong><br \/>\nDie Siedlungen zwischen Lieps und Havelquelle geh\u00f6ren seit Jahrhunderten zum mecklenburgischen Teil des heutigen Bundeslandes Mecklenburg-Vorpommern.<br \/>\nNach den V\u00f6lkerwanderungen ab dem 4. Jahrhundert war das Land nahezu unbesiedelt. Einwandernde Slawen besiedelten die mecklenburgischen Gebiete neu. Es entstanden F\u00fcrstent\u00fcmer.<\/p>\n<figure id=\"attachment_3350\" aria-describedby=\"caption-attachment-3350\" style=\"width: 179px\" class=\"wp-caption alignright\"><a href=\"http:\/\/kleinvielen-ev.de\/wp-content\/uploads\/2019\/10\/Deutsche_Ostsiedlung.png\"><img loading=\"lazy\" decoding=\"async\" class=\"wp-image-3350\" src=\"http:\/\/kleinvielen-ev.de\/wp-content\/uploads\/2019\/10\/Deutsche_Ostsiedlung-768x1024.png\" alt=\"\" width=\"179\" height=\"239\" srcset=\"https:\/\/kleinvielen-ev.de\/wp-content\/uploads\/2019\/10\/Deutsche_Ostsiedlung-768x1024.png 768w, https:\/\/kleinvielen-ev.de\/wp-content\/uploads\/2019\/10\/Deutsche_Ostsiedlung-225x300.png 225w, https:\/\/kleinvielen-ev.de\/wp-content\/uploads\/2019\/10\/Deutsche_Ostsiedlung.png 1181w\" sizes=\"(max-width: 179px) 100vw, 179px\" \/><\/a><figcaption id=\"caption-attachment-3350\" class=\"wp-caption-text\">Der Verlauf der &#8222;Ost-Kolonisation&#8220; ab ca. 1200<\/figcaption><\/figure>\n<p>Vom Beginn des 13. Jahrhunderts an holten die slawischen F\u00fcrsten deutsche Siedler ins Land. Sie erhielten seit der zweiten H\u00e4lfte des 13. Jahrhunderts Landg\u00fcter zum Lehen mit dem Auftrag, Mecklenburg zu erschlie\u00dfen und zu bebauen (zu kolonisieren) und nach ihren Erfahrungen umzugestalten.<br \/>\nMit den deutschen Siedlern kam die Dreifelderwirtschaft hierher, planm\u00e4\u00dfig wurden D\u00f6rfer angelegt, so auch der Gro\u00dfteil der noch heute bestehenden\u00a0 zwischen Lieps und Havelquelle. Die ersten neuen D\u00f6rfer wurden als Rundlinge (Rundlingsd\u00f6rfer) angelegt, schon bald aber, noch im 13. Jahrhundert, wurden sie durch Anger- und Stra\u00dfend\u00f6rfer abgel\u00f6st, die mehr Entwicklungsm\u00f6glichkeiten boten. Nach dem 30-j\u00e4hrigen Krieg kamen Gutsanlagen zu bestehenden Dorfformen hinzu. Es entstanden aber auch reine Gutsd\u00f6rfer.<br \/>\nZahlreiche Siedlungen gingen schon vor dem Drei\u00dfigj\u00e4hrigen Krieg wieder unter und fielen w\u00fcst, manche <strong><a href=\"http:\/\/kleinvielen-ev.de\/?page_id=1092\">W\u00fcstungen<\/a> <\/strong>datieren aus der Zeit nach dem Zweiten Weltkrieg.<\/p>\n<p><strong>Quelle<\/strong> Karte mit den Phasen der deutschen Ostsiedlung: <strong><a href=\"https:\/\/commons.wikimedia.org\/wiki\/File:Deutsche_Ostsiedlung.png\">Wikipedia<\/a><\/strong><\/p>\n","protected":false},"excerpt":{"rendered":"<p>Studierende im Studiengang Naturschutz und Landnutzungsplanung an der Hochschule Neubrandenburg besch\u00e4ftigten sich mit einigen Fragen zur Siedlungsgeschichte zwischen Lieps und Havelquelle. Wie ver\u00e4nderten sich Dorfstrukturen in den letzten Jahrhunderten? Was blieb von einstigen Gutsanlagen? Wie haben sich nach dem Ersten Weltkrieg Siedler in die mecklenburgische Landschaft &#8222;eingeschrieben&#8220;?\u00a0 Was zeigt sich aus der DDR-Zeit in den &hellip; <a href=\"https:\/\/kleinvielen-ev.de\/?page_id=3349\" class=\"more-link\"><span class=\"screen-reader-text\">Zur Siedlungsgeschichte zwischen Lieps und Havelquelle<\/span> weiterlesen <span class=\"meta-nav\">&rarr;<\/span><\/a><\/p>\n","protected":false},"author":2,"featured_media":0,"parent":839,"menu_order":0,"comment_status":"closed","ping_status":"closed","template":"","meta":{"footnotes":""},"_links":{"self":[{"href":"https:\/\/kleinvielen-ev.de\/index.php?rest_route=\/wp\/v2\/pages\/3349"}],"collection":[{"href":"https:\/\/kleinvielen-ev.de\/index.php?rest_route=\/wp\/v2\/pages"}],"about":[{"href":"https:\/\/kleinvielen-ev.de\/index.php?rest_route=\/wp\/v2\/types\/page"}],"author":[{"embeddable":true,"href":"https:\/\/kleinvielen-ev.de\/index.php?rest_route=\/wp\/v2\/users\/2"}],"replies":[{"embeddable":true,"href":"https:\/\/kleinvielen-ev.de\/index.php?rest_route=%2Fwp%2Fv2%2Fcomments&post=3349"}],"version-history":[{"count":24,"href":"https:\/\/kleinvielen-ev.de\/index.php?rest_route=\/wp\/v2\/pages\/3349\/revisions"}],"predecessor-version":[{"id":6465,"href":"https:\/\/kleinvielen-ev.de\/index.php?rest_route=\/wp\/v2\/pages\/3349\/revisions\/6465"}],"up":[{"embeddable":true,"href":"https:\/\/kleinvielen-ev.de\/index.php?rest_route=\/wp\/v2\/pages\/839"}],"wp:attachment":[{"href":"https:\/\/kleinvielen-ev.de\/index.php?rest_route=%2Fwp%2Fv2%2Fmedia&parent=3349"}],"curies":[{"name":"wp","href":"https:\/\/api.w.org\/{rel}","templated":true}]}}