{"id":346,"date":"2016-10-28T11:49:59","date_gmt":"2016-10-28T11:49:59","guid":{"rendered":"http:\/\/kleinvielen-ev.de\/?page_id=346"},"modified":"2024-10-06T17:12:46","modified_gmt":"2024-10-06T16:12:46","slug":"das-dorf-peckatel","status":"publish","type":"page","link":"https:\/\/kleinvielen-ev.de\/?page_id=346","title":{"rendered":"Peckatel"},"content":{"rendered":"<h5>1274 \u2500 urkundliche Ersterw\u00e4hnung Peckatels<\/h5>\n<p>Im Jahr 2024 j\u00e4h<a href=\"https:\/\/kleinvielen-ev.de\/wp-content\/uploads\/2024\/10\/LA-HGW-Rep_2priv_Nr1_0001a-Kopie.jpg\"><img loading=\"lazy\" decoding=\"async\" class=\"alignright wp-image-6594\" src=\"https:\/\/kleinvielen-ev.de\/wp-content\/uploads\/2024\/10\/LA-HGW-Rep_2priv_Nr1_0001a-Kopie-300x187.jpg\" alt=\"\" width=\"367\" height=\"229\" srcset=\"https:\/\/kleinvielen-ev.de\/wp-content\/uploads\/2024\/10\/LA-HGW-Rep_2priv_Nr1_0001a-Kopie-300x187.jpg 300w, https:\/\/kleinvielen-ev.de\/wp-content\/uploads\/2024\/10\/LA-HGW-Rep_2priv_Nr1_0001a-Kopie-1024x638.jpg 1024w, https:\/\/kleinvielen-ev.de\/wp-content\/uploads\/2024\/10\/LA-HGW-Rep_2priv_Nr1_0001a-Kopie-768x478.jpg 768w, https:\/\/kleinvielen-ev.de\/wp-content\/uploads\/2024\/10\/LA-HGW-Rep_2priv_Nr1_0001a-Kopie-1536x957.jpg 1536w, https:\/\/kleinvielen-ev.de\/wp-content\/uploads\/2024\/10\/LA-HGW-Rep_2priv_Nr1_0001a-Kopie.jpg 1890w\" sizes=\"(max-width: 367px) 100vw, 367px\" \/><\/a>rt sich zum 750. Mal die urkundliche Ersterw\u00e4hnung Peckatels. Denn vom 12. M\u00e4rz 1274 datiert die \u00e4lteste erhalten gebliebene Urkunde, mit der F\u00fcrst Nicolaus I. von Werle (1210-1277) die Br\u00fcder Bernhard und Heinrich von Peccatle (Peccatel) mit der Besitzung belehnte.<br \/>\nIn der <strong>Ausgabe Nr.\u00a0 15 (2024) der &#8222;Dorfzeitung&#8220;,<\/strong> dem Heimatkundlichen Jahrbuch des Klein Vielen e.V., k\u00f6nnen Sie anl\u00e4sslich des 750-j\u00e4hrigen Jubil\u00e4ums einen <a href=\"https:\/\/kleinvielen-ev.de\/wp-content\/uploads\/2024\/06\/Dorfzeitung-Nr-15-2024-Internet.pdf\"><strong>Abriss \u00fcber die Geschichte Peckatels<\/strong> <strong>und eine Neu\u00fcbersetzung und Interpretation der Urkunde von 1274<\/strong> <\/a>lesen.<\/p>\n","protected":false},"excerpt":{"rendered":"<p>1274 \u2500 urkundliche Ersterw\u00e4hnung Peckatels Im Jahr 2024 j\u00e4hrt sich zum 750. Mal die urkundliche Ersterw\u00e4hnung Peckatels. Denn vom 12. M\u00e4rz 1274 datiert die \u00e4lteste erhalten gebliebene Urkunde, mit der F\u00fcrst Nicolaus I. von Werle (1210-1277) die Br\u00fcder Bernhard und Heinrich von Peccatle (Peccatel) mit der Besitzung belehnte. In der Ausgabe Nr.\u00a0 15 (2024) der &hellip; <a href=\"https:\/\/kleinvielen-ev.de\/?page_id=346\" class=\"more-link\"><span class=\"screen-reader-text\">Peckatel<\/span> weiterlesen <span class=\"meta-nav\">&rarr;<\/span><\/a><\/p>\n","protected":false},"author":2,"featured_media":0,"parent":532,"menu_order":0,"comment_status":"closed","ping_status":"closed","template":"","meta":{"footnotes":""},"_links":{"self":[{"href":"https:\/\/kleinvielen-ev.de\/index.php?rest_route=\/wp\/v2\/pages\/346"}],"collection":[{"href":"https:\/\/kleinvielen-ev.de\/index.php?rest_route=\/wp\/v2\/pages"}],"about":[{"href":"https:\/\/kleinvielen-ev.de\/index.php?rest_route=\/wp\/v2\/types\/page"}],"author":[{"embeddable":true,"href":"https:\/\/kleinvielen-ev.de\/index.php?rest_route=\/wp\/v2\/users\/2"}],"replies":[{"embeddable":true,"href":"https:\/\/kleinvielen-ev.de\/index.php?rest_route=%2Fwp%2Fv2%2Fcomments&post=346"}],"version-history":[{"count":21,"href":"https:\/\/kleinvielen-ev.de\/index.php?rest_route=\/wp\/v2\/pages\/346\/revisions"}],"predecessor-version":[{"id":6591,"href":"https:\/\/kleinvielen-ev.de\/index.php?rest_route=\/wp\/v2\/pages\/346\/revisions\/6591"}],"up":[{"embeddable":true,"href":"https:\/\/kleinvielen-ev.de\/index.php?rest_route=\/wp\/v2\/pages\/532"}],"wp:attachment":[{"href":"https:\/\/kleinvielen-ev.de\/index.php?rest_route=%2Fwp%2Fv2%2Fmedia&parent=346"}],"curies":[{"name":"wp","href":"https:\/\/api.w.org\/{rel}","templated":true}]}}