{"id":356,"date":"2016-10-28T12:10:31","date_gmt":"2016-10-28T12:10:31","guid":{"rendered":"http:\/\/kleinvielen-ev.de\/?page_id=356"},"modified":"2020-11-01T11:54:44","modified_gmt":"2020-11-01T11:54:44","slug":"das-kegelgrab-zwischen-peckatel-und-adamsdorf","status":"publish","type":"page","link":"https:\/\/kleinvielen-ev.de\/?page_id=356","title":{"rendered":"Arch\u00e4ologische Denkmale"},"content":{"rendered":"<h5>Der &#8222;Gro\u00dfe&#8220; und der &#8222;Kleine Geldberg&#8220;<\/h5>\n<figure id=\"attachment_832\" aria-describedby=\"caption-attachment-832\" style=\"width: 246px\" class=\"wp-caption alignright\"><a href=\"http:\/\/kleinvielen-ev.de\/wp-content\/uploads\/2016\/10\/gro\u00dferkleiner-geldberg-2.jpg\"><img loading=\"lazy\" decoding=\"async\" class=\"wp-image-832 \" src=\"http:\/\/kleinvielen-ev.de\/wp-content\/uploads\/2016\/10\/gro\u00dferkleiner-geldberg-2-224x300.jpg\" alt=\"grosserkleiner-geldberg-2\" width=\"246\" height=\"329\" srcset=\"https:\/\/kleinvielen-ev.de\/wp-content\/uploads\/2016\/10\/gro\u00dferkleiner-geldberg-2-224x300.jpg 224w, https:\/\/kleinvielen-ev.de\/wp-content\/uploads\/2016\/10\/gro\u00dferkleiner-geldberg-2.jpg 709w\" sizes=\"(max-width: 246px) 100vw, 246px\" \/><\/a><figcaption id=\"caption-attachment-832\" class=\"wp-caption-text\">Der Gro\u00dfe (oben) und der Kleine Geldberg. Fotos: H.B.<\/figcaption><\/figure>\n<p>In der Gemeinde Klein Vielen gibt es mehrere H\u00fcgelgr\u00e4ber aus der Bronzezeit (1800-800 v. Chr.). Sie sind sichtbare Zeichen bronzezeitlicher Bestattungen . In diesen H\u00fcgelgr\u00e4bern wurden oft mehrere Menschen beigesetzt, die Frauen mit Schmuck-, die M\u00e4nner mit Waffenbeigaben.<br \/>\nWurde ein Toter beerdigt, so h\u00e4ufig in einem Baumsarg, der auf einem Steinpflaster standen und zus\u00e4tzlich mit Steinen abgedeckt wurde. Ein so entstehender H\u00fcgel wurde noch mit Sand bedeckt.<br \/>\nAn der H\u00fcgelbasis grenzten mancherorts Steinkr\u00e4nze den Ort von der Umgebung\u00a0 ab.<br \/>\nZu den H\u00fcgelgr\u00e4bern in Klein Vielen geh\u00f6ren der &#8222;Gro\u00dfe&#8220; und der &#8222;Kleine Geldberg&#8220;.<\/p>\n<p>Sie liegen an der Verbindungsstra\u00dfe zwischen Klein Vielen und Adamsdorf, die im Volksmund &#8222;Kap-Stra\u00dfe&#8220; oder auch &#8222;Europastra\u00dfe&#8220; genannt wird und von der aus man einen weiten Blick in die Landschaft zwischen Lieps und Havelquelle hat.<br \/>\nDer &#8222;Gro\u00dfe Geldberg&#8220; ist heute noch etwa sechs Meter hoch und hat einen Durchmesser von 30 Metern, der &#8222;Kleine Geldberg&#8220; ragt sogar acht Meter aus der Landschaft und weist einen Durchmesser von 20 Metern auf.<br \/>\nDer Altertumsforscher und Gro\u00dfherzoglich mecklenburgisch-schwerinsche Archivar<\/p>\n<p><strong>Georg Christian Friedrich Lisch<\/strong>\u00a0(1801 &#8211; 1883) hat 1844 im &#8222;Jahrbuch f\u00fcr mecklenburgische Geschichte und Alterthumskunde&#8220; die Ergebnisse von Grabungen am am &#8222;Gro\u00dfen <a href=\"http:\/\/kleinvielen-ev.de\/wp-content\/uploads\/2016\/10\/blick-vom-kleinen-geldberg.jpg\"><img loading=\"lazy\" decoding=\"async\" class=\"size-medium wp-image-826 alignright\" src=\"http:\/\/kleinvielen-ev.de\/wp-content\/uploads\/2016\/10\/blick-vom-kleinen-geldberg-200x300.jpg\" alt=\"blick-vom-kleinen-geldberg\" width=\"200\" height=\"300\" srcset=\"https:\/\/kleinvielen-ev.de\/wp-content\/uploads\/2016\/10\/blick-vom-kleinen-geldberg-200x300.jpg 200w, https:\/\/kleinvielen-ev.de\/wp-content\/uploads\/2016\/10\/blick-vom-kleinen-geldberg.jpg 591w\" sizes=\"(max-width: 200px) 100vw, 200px\" \/><\/a>Geldberg&#8220; beschrieben.<br \/>\n<a href=\"http:\/\/kleinvielen-ev.de\/?page_id=788\"><strong>Hier<\/strong> <\/a>k\u00f6nnen Sie seine Forschungsergebnisse lesen.<br \/>\nVom Gro\u00dfen Geldberg&#8220; wie vom &#8222;Kleinen Geldberg&#8220; hat man auf Wanderungen einen herrlichen Blick in die Landschaft.<\/p>\n<p>Westlich von Hartwigsdorf, in der N\u00e4he der &#8222;Alten Salzstra\u00dfe&#8220;, befinden sich zwei weitere H\u00fcgelgr\u00e4ber und an der Stra\u00dfe von Peckatel nach Hohenzieritz und im Peutscher Forst gibt es noch zwei weitere.<br \/>\nN\u00e4here Informationen zu allen H\u00fcgelgr\u00e4bern und weiteren fr\u00fch- und vorgeschichtlichen Funden auf dem Gebiet der Gemeinde Klein Vielen finden sich zum Beispiel in dem 1958 in einem Schweriner Verlag erschienenen Buch &#8222;<em>Die vor- und fr\u00fchgeschichtlichen Denkm\u00e4ler und Funde des Kreises Neustrelitz<\/em>&#8220; des 1907 in Neustrelitz geborenen und dort 1975 auch gestorbenen Arch\u00e4ologen <strong>Adolf Hollnagel<\/strong>.<br \/>\nBei Hollnagels Grabungen 1969 wurde beispielsweise eine doppelk\u00f6pfige, slawische G\u00f6tterfigur auf der Fischerinsel im Tollesesee bei Neubrandenburg gefunden, die zu den bedeutendsten Sachzeugnissen slawischer Geschichte z\u00e4hlt.<\/p>\n","protected":false},"excerpt":{"rendered":"<p>Der &#8222;Gro\u00dfe&#8220; und der &#8222;Kleine Geldberg&#8220; In der Gemeinde Klein Vielen gibt es mehrere H\u00fcgelgr\u00e4ber aus der Bronzezeit (1800-800 v. Chr.). Sie sind sichtbare Zeichen bronzezeitlicher Bestattungen . In diesen H\u00fcgelgr\u00e4bern wurden oft mehrere Menschen beigesetzt, die Frauen mit Schmuck-, die M\u00e4nner mit Waffenbeigaben. Wurde ein Toter beerdigt, so h\u00e4ufig in einem Baumsarg, der auf &hellip; <a href=\"https:\/\/kleinvielen-ev.de\/?page_id=356\" class=\"more-link\"><span class=\"screen-reader-text\">Arch\u00e4ologische Denkmale<\/span> weiterlesen <span class=\"meta-nav\">&rarr;<\/span><\/a><\/p>\n","protected":false},"author":2,"featured_media":0,"parent":1103,"menu_order":0,"comment_status":"closed","ping_status":"closed","template":"","meta":{"footnotes":""},"_links":{"self":[{"href":"https:\/\/kleinvielen-ev.de\/index.php?rest_route=\/wp\/v2\/pages\/356"}],"collection":[{"href":"https:\/\/kleinvielen-ev.de\/index.php?rest_route=\/wp\/v2\/pages"}],"about":[{"href":"https:\/\/kleinvielen-ev.de\/index.php?rest_route=\/wp\/v2\/types\/page"}],"author":[{"embeddable":true,"href":"https:\/\/kleinvielen-ev.de\/index.php?rest_route=\/wp\/v2\/users\/2"}],"replies":[{"embeddable":true,"href":"https:\/\/kleinvielen-ev.de\/index.php?rest_route=%2Fwp%2Fv2%2Fcomments&post=356"}],"version-history":[{"count":18,"href":"https:\/\/kleinvielen-ev.de\/index.php?rest_route=\/wp\/v2\/pages\/356\/revisions"}],"predecessor-version":[{"id":792,"href":"https:\/\/kleinvielen-ev.de\/index.php?rest_route=\/wp\/v2\/pages\/356\/revisions\/792"}],"up":[{"embeddable":true,"href":"https:\/\/kleinvielen-ev.de\/index.php?rest_route=\/wp\/v2\/pages\/1103"}],"wp:attachment":[{"href":"https:\/\/kleinvielen-ev.de\/index.php?rest_route=%2Fwp%2Fv2%2Fmedia&parent=356"}],"curies":[{"name":"wp","href":"https:\/\/api.w.org\/{rel}","templated":true}]}}