{"id":3760,"date":"2020-08-09T14:40:05","date_gmt":"2020-08-09T14:40:05","guid":{"rendered":"http:\/\/kleinvielen-ev.de\/?page_id=3760"},"modified":"2026-01-25T15:49:35","modified_gmt":"2026-01-25T14:49:35","slug":"karlfried-krull-1928-2008","status":"publish","type":"page","link":"https:\/\/kleinvielen-ev.de\/?page_id=3760","title":{"rendered":"Karlfried Krull (1928-2008)"},"content":{"rendered":"<p><strong>Landwirt, Botaniker und Heimatforscher<br \/>\n<\/strong>(H.B.) Karlfried Krull wurde am 22. November 1928 in Ferbitz\/Westprignitz als \u00e4ltester Sohn des Bauern Willi Krull und dessen Ehefrau Frieda geboren. Vorfahren der Familie Krull bewirtschafteten bereits seit 1690 den Hof in Ferbitz.<a href=\"http:\/\/kleinvielen-ev.de\/wp-content\/uploads\/2020\/08\/Karlfried-Krull-Archiv-Gisela-Krull-200dpi.jpg\"><img loading=\"lazy\" decoding=\"async\" class=\"wp-image-3761 alignright\" src=\"http:\/\/kleinvielen-ev.de\/wp-content\/uploads\/2020\/08\/Karlfried-Krull-Archiv-Gisela-Krull-200dpi.jpg\" alt=\"\" width=\"227\" height=\"260\" srcset=\"https:\/\/kleinvielen-ev.de\/wp-content\/uploads\/2020\/08\/Karlfried-Krull-Archiv-Gisela-Krull-200dpi.jpg 473w, https:\/\/kleinvielen-ev.de\/wp-content\/uploads\/2020\/08\/Karlfried-Krull-Archiv-Gisela-Krull-200dpi-262x300.jpg 262w\" sizes=\"(max-width: 227px) 100vw, 227px\" \/><\/a><br \/>\nNach Abschluss der Volksschule lernte Karlfried auf dem elterlichen Hof, da sein Vater anerkannter Lehrausbilder war.<br \/>\nNach dem Zweiten Weltkrieg arbeitete er als Traktorist und sp\u00e4ter als Schlosser in einer Maschinen-und-Traktoren-Station (MTS). Danach erwarb er Abschl\u00fcsse als Agraringenieur\/Fachrichtung \u00d6konomie und als Ingenieurp\u00e4dagoge. Umzug von Brandenburg nach Mecklenburg. Zuletzt war Karlfried Krull in der LPG (Tierproduktion) Klein Vielen als Futter\u00f6konom besch\u00e4ftigt.<br \/>\nIn den 1960er Jahren begann er, sich autodidaktisch mit Botanik zu besch\u00e4ftigen, Pflanzen zu sammeln, sie zu bestimmen, zu trocknen und eine systematische Sammlung, ein Herbar, anzulegen. Er schrieb botanische Beitr\u00e4ge, die er etwa im Botanischen Rundbrief im Bezirk Neubrandenburg, den Heimatheften f\u00fcr Mecklenburg-Vorpommern, im \u201eLabus\u201c (Schriftenreihe des Naturschutzbundes in Mecklenburg-Strelitz) und in Tageszeitungen ver\u00f6ffentlichen konnte.<br \/>\nIn den 1980er Jahren nahm er an den Kartierungsarbeiten f\u00fcr einen Verbreitungsatlas der Farn- und Bl\u00fctenpflanzen in der DDR teil und bearbeitete die Fl\u00e4chen mehrerer Messtischblattquadranten. Das Gesamtwerk wurde 1996 unter dem Titel \u201eVerbreitungsatlas der Farn- und Bl\u00fctenpflanzen Ostdeutschlands\u201c ver\u00f6ffentlicht. Karlfried Krull wurde darin im Mitarbeiterverzeichnis als Bearbeiter gr\u00f6\u00dferer Beitr\u00e4ge gew\u00fcrdigt.<br \/>\nSein umfangreiches Herbar mit ca. 4.000 Arten \u00fcbergab er 2006 dem damaligen M\u00fcritz-Museum in Waren. Im Mai 2008 konnte sich Karlfried Krull von der sachgerechten Unterbringung in der wissenschaftlichen Abteilung des M\u00fcritzeums noch selbst \u00fcberzeugen.<br \/>\nIn den Wintermonaten besch\u00e4ftigte er sich mit historischen und volkskundlichen Themen. So erarbeitete er eine Dorfgeschichte seines Heimatdorfes Ferbitz und ver\u00f6ffentlichte kleine volkskundliche Beitr\u00e4ge in der \u201ePrignitzer Heimat. Magazin f\u00fcr die Westprignitz\u201c.<br \/>\nIn Peckatel widmete er sich zunehmend auch der mecklenburgischen Geschichte und Volkskunde. Er ver\u00f6ffentlichte unter anderem einen Aufsatz \u201e\u00dcber den Gebrauch und Nutzen wild wachsender und kultivierter Pflanzen aus volkskundlicher Sicht\u201c.<br \/>\nSeine umfangreiche historische Sammlung \u00fcbergab er dem Karbe-Wagner-Archiv in Neustrelitz. In verschiedenen Ausgaben des heimatkundlichen Jahrbuchs des Klein Vielen e.\u00a0V. und auf der Internetseite des Vereins wurden einige seiner nachgelassenen Manuskripte bzw. Ausz\u00fcge daraus posthum ver\u00f6ffentlicht.<br \/>\nKarlfried Krulls Familie rettete Anfang der 1950er Jahre etwa zweieinhalb Meter Akten der einstigen westprignitzer Gemeinde L\u00fctkenwisch aus dem 16. bis 20. Jahrhundert, die 1952 im Zuge der Gebiets- und Verwaltungsreform in der DDR \u201evergessen\u201c worden waren. Diese Akten wurden 2013 auf Veranlassung von Karlfried Krulls Witwe Gisela Krull dem Kreisarchiv Perleberg \u00fcbergeben.<br \/>\nKarlfried Krull starb am 16. Oktober 2008. Fast drei\u00dfig Jahre hatte er in Peckatel gelebt und gearbeitet, bevor er die letzten Lebensjahre zusammen mit seiner Frau Gisela Krull in Neustrelitz verbrachte.<\/p>\n<p><strong>Quelle<br \/>\n<\/strong>Krull, Gisela 2009: \u201eImmer war ich darauf aus, etwas Neues zu entdecken &#8230;\u201c. Karlfried Krull (1928\u20132008) \u2013 ein Lebensbild. In: Karbe-Wagner-Archiv. Neue Schriftenreihe des Karbe-Wagner-Archivs. Heft 7 (2009): S. 143\u2013146.<br \/>\n<strong>Foto<\/strong>: Archiv G. Krull<br \/>\nWir danken Frau Gisela Krull f\u00fcr die Genehmigung der Ver\u00f6ffentlichung!<\/p>\n<p><strong>Ver\u00f6ffentlichungen (Auswahl)<\/strong><\/p>\n<ul>\n<li>Die gute Obrigkeit zu Klein Vielen. In: Mecklenburg-Strelitzer Kalender, Bd. 2006 (2005), S. 20-22<\/li>\n<li>\u00dcber den Gebrauch und Nutzen wild wachsender und kultivierter Pflanzen aus volkskundlicher Sicht. In: Mecklenburg-Strelitz, Beitr\u00e4ge zur Geschichte einer Region, hrsg. Von F. Ernstling u.a. und vom Landkreis Mecklenburg-Strelitz anl\u00e4sslich des 300. Jahrestages der Gr\u00fcndung des Herzogtums Mecklenburg-Strelitz Bd. <strong>2<\/strong> (2002), S. 289-298<\/li>\n<li>Mitarbeit an: Benkert, Dieter (Hg.): Verbreitungsatlas der Farn- und Bl\u00fctenpflanzen Ostdeutschlands (Mecklenburg-Vorpommern, Brandenburg, Berlin, Sachsen-Anhalt, Sachsen, Th\u00fcringen). Gustav Fischer Verlag Jena, 1996<\/li>\n<li>Gemeinde Klein Vielen, Landkreis Neustrelitz, Mecklenburg-Vorpommern. Friedland, Druckerei Steffen, 1993 (Faltblatt)<\/li>\n<li>Alte mecklenburgische Obstsorten. In: Heimathefte f\u00fcr Mecklenburg-Vorpommern, Bd. <strong>2<\/strong>\u00a0\u00a0(1992) H.\u00a03, S. 50-53<\/li>\n<li>Vergleichende Untersuchungen an der Breitbl\u00e4ttrigen Kuckucksblume. In: Labus, Bd. <strong>6<\/strong> (1976), S. 21-24<\/li>\n<\/ul>\n","protected":false},"excerpt":{"rendered":"<p>Landwirt, Botaniker und Heimatforscher (H.B.) Karlfried Krull wurde am 22. November 1928 in Ferbitz\/Westprignitz als \u00e4ltester Sohn des Bauern Willi Krull und dessen Ehefrau Frieda geboren. Vorfahren der Familie Krull bewirtschafteten bereits seit 1690 den Hof in Ferbitz. Nach Abschluss der Volksschule lernte Karlfried auf dem elterlichen Hof, da sein Vater anerkannter Lehrausbilder war. Nach &hellip; <a href=\"https:\/\/kleinvielen-ev.de\/?page_id=3760\" class=\"more-link\"><span class=\"screen-reader-text\">Karlfried Krull (1928-2008)<\/span> weiterlesen <span class=\"meta-nav\">&rarr;<\/span><\/a><\/p>\n","protected":false},"author":2,"featured_media":0,"parent":319,"menu_order":0,"comment_status":"closed","ping_status":"closed","template":"","meta":{"footnotes":""},"_links":{"self":[{"href":"https:\/\/kleinvielen-ev.de\/index.php?rest_route=\/wp\/v2\/pages\/3760"}],"collection":[{"href":"https:\/\/kleinvielen-ev.de\/index.php?rest_route=\/wp\/v2\/pages"}],"about":[{"href":"https:\/\/kleinvielen-ev.de\/index.php?rest_route=\/wp\/v2\/types\/page"}],"author":[{"embeddable":true,"href":"https:\/\/kleinvielen-ev.de\/index.php?rest_route=\/wp\/v2\/users\/2"}],"replies":[{"embeddable":true,"href":"https:\/\/kleinvielen-ev.de\/index.php?rest_route=%2Fwp%2Fv2%2Fcomments&post=3760"}],"version-history":[{"count":6,"href":"https:\/\/kleinvielen-ev.de\/index.php?rest_route=\/wp\/v2\/pages\/3760\/revisions"}],"predecessor-version":[{"id":7557,"href":"https:\/\/kleinvielen-ev.de\/index.php?rest_route=\/wp\/v2\/pages\/3760\/revisions\/7557"}],"up":[{"embeddable":true,"href":"https:\/\/kleinvielen-ev.de\/index.php?rest_route=\/wp\/v2\/pages\/319"}],"wp:attachment":[{"href":"https:\/\/kleinvielen-ev.de\/index.php?rest_route=%2Fwp%2Fv2%2Fmedia&parent=3760"}],"curies":[{"name":"wp","href":"https:\/\/api.w.org\/{rel}","templated":true}]}}