{"id":4129,"date":"2020-11-12T15:23:04","date_gmt":"2020-11-12T15:23:04","guid":{"rendered":"http:\/\/kleinvielen-ev.de\/?page_id=4129"},"modified":"2021-08-24T12:13:08","modified_gmt":"2021-08-24T12:13:08","slug":"friederikenkrug","status":"publish","type":"page","link":"https:\/\/kleinvielen-ev.de\/?page_id=4129","title":{"rendered":"W\u00fcstung Friederikenkrug"},"content":{"rendered":"<p>(HB) Der Friederikenkrug stand an der alten Landstra\u00dfe nach Kratzeburg zwischen Babker bzw. Rackwitz-See und Gro\u00dfem Bodensee. Er wurde mit der Einrichtung einer Poststrecke nach Kratzeburg als Pferdewechsel und Ausspanne eingerichtet.<br \/>\nDie gleichzeitig er\u00f6ffnete Schenke hatte im Volksmund keinen g<a href=\"http:\/\/kleinvielen-ev.de\/wp-content\/uploads\/2020\/11\/map_Friederikenkrug.jpg\"><img loading=\"lazy\" decoding=\"async\" class=\"wp-image-4130 alignright\" src=\"http:\/\/kleinvielen-ev.de\/wp-content\/uploads\/2020\/11\/map_Friederikenkrug-1024x688.jpg\" alt=\"\" width=\"269\" height=\"181\" srcset=\"https:\/\/kleinvielen-ev.de\/wp-content\/uploads\/2020\/11\/map_Friederikenkrug-1024x688.jpg 1024w, https:\/\/kleinvielen-ev.de\/wp-content\/uploads\/2020\/11\/map_Friederikenkrug-300x202.jpg 300w, https:\/\/kleinvielen-ev.de\/wp-content\/uploads\/2020\/11\/map_Friederikenkrug-768x516.jpg 768w, https:\/\/kleinvielen-ev.de\/wp-content\/uploads\/2020\/11\/map_Friederikenkrug-272x182.jpg 272w, https:\/\/kleinvielen-ev.de\/wp-content\/uploads\/2020\/11\/map_Friederikenkrug.jpg 1877w\" sizes=\"(max-width: 269px) 100vw, 269px\" \/><\/a>uten Ruf, das Essen soll von bescheidener Qualit\u00e4t gewesen sein.<br \/>\nDer Name Friederikenkrug geht wie auch der des nahe liegenden Ortes Adamsdorf auf den Grafen Heinrich Leopold August von Blumenthal (1765 &#8211; 1830) zur\u00fcck. Blumenthal war 1810 in den Besitz von Adamsdorf gekommen. Er benannte das Kruggeh\u00f6ft nach seiner Tochter und das Dorf Adamsdorf nach seinem Sohn Adam, der im Russland-Feldzug Napoleon Bonapartes fiel.<\/p>\n<p>Mit dem Bau der Bahnstrecke (&#8222;Lloyd-Bahn&#8220;) von Neustrelitz nach Rostock in den 1880er Jahren kam das Kruggeh\u00f6ft unter die Forstverwaltung und wurde von Forstarbeitern als Wohnhaus genutzt. Die Schenke wurde verpachtet.<a href=\"http:\/\/kleinvielen-ev.de\/wp-content\/uploads\/2021\/02\/Friederikenkrug-1930er_Ilse-Hackert.jpg\"><img loading=\"lazy\" decoding=\"async\" class=\"wp-image-4356 alignright\" src=\"http:\/\/kleinvielen-ev.de\/wp-content\/uploads\/2021\/02\/Friederikenkrug-1930er_Ilse-Hackert-729x1024.jpg\" alt=\"\" width=\"174\" height=\"245\" srcset=\"https:\/\/kleinvielen-ev.de\/wp-content\/uploads\/2021\/02\/Friederikenkrug-1930er_Ilse-Hackert-729x1024.jpg 729w, https:\/\/kleinvielen-ev.de\/wp-content\/uploads\/2021\/02\/Friederikenkrug-1930er_Ilse-Hackert-214x300.jpg 214w, https:\/\/kleinvielen-ev.de\/wp-content\/uploads\/2021\/02\/Friederikenkrug-1930er_Ilse-Hackert-768x1078.jpg 768w, https:\/\/kleinvielen-ev.de\/wp-content\/uploads\/2021\/02\/Friederikenkrug-1930er_Ilse-Hackert.jpg 1772w\" sizes=\"(max-width: 174px) 100vw, 174px\" \/><\/a><br \/>\n1894 brannte das Forstarbeitergeh\u00f6ft vollst\u00e4ndig nieder, wurde aber wiederaufgebaut. Die Schenke stellte 1910 ihren Betrieb ein. Letzter Schankwirt war ein Rachow. Das Anwesen wurde dann bis 1945 von zwei Forstarbeiterfamilien als Wohnhaus genutzt.<br \/>\nAus dem Jahr 1926 datiert eine Liste der Einwohner. Im Forstarbeiterhaus lebten Forstarbeiter Karl Schwarz (*7.10.1876) mit seiner Frau Auguste (*19.10.1877) und Forstarbeiter Paul Pr\u00fctz (*18.11.1881) mit seiner Frau Anna (*3.5.1887) sowie die verwitwete Altenteilerin Wilhelmine M\u00fcller (*8.8.1845).<br \/>\nIm Bahnw\u00e4rterhaus wohnten der Bahnw\u00e4rter Wilhelm B\u00f6ttcher (*16.11.1886) mit seiner Frau Auguste (*22.8.1895) und Sohn Hans (*1.5.1916), dazu kamen Bahnw\u00e4rter Max Langhoff (*25.6.1898) mit Ehefrau Martha (*6.4.1901) und Tochter Helene (*5.8.1922). Das Ehepaar scheint eine zweite Tochter gehabt zu haben, Frida (21.3.1923), deren Name in der Liste durchgestrichen ist. Im Bahnw\u00e4rterhaus wohnte zudem noch der Altenteiler Hermann Rechlin (*18.12.1852).<br \/>\nDas Foto zeigt Kinder der Bewohner (?) des Bahnw\u00e4rterhauses in den 1930er Jahren (Quelle: Archiv Ilse Hackert).<\/p>\n<p>Noch heute zeugen einige wenige Mauerreste und Ziegel von Friederikenkrug. Auch eine mit dem Gemeinen Schneeball &#8211; eine schon im 19. Jahrhundert beliebte Gartenpflanze &#8211; bestandene Fl\u00e4che zeugt von dem fr\u00fcheren Wohnplatz.<br \/>\nWer einmal von Kratzeburg aus dorthin wandern m\u00f6chte und vom Parkplatz am K\u00e4belicksee aus startet, wandert zun\u00e4chst in Richtung Langhagen auf der asphaltierten und sp\u00e4ter gepflasterten Stra\u00dfe, die teilweise auf dem ehemaligen Bahndamm gebaut wurde. Nach etwa einem Kilometer biegt die Stra\u00dfe in Richtung Langhagen ab. Unschwer ist dort der alte Bahndamm zu erkennen, der schnurgerade in den Wald hinein verl\u00e4uft. Daneben markiert die alte Poststra\u00dfe Richtung Neustrelitz den weiteren Wanderweg. Nach etwa zwei Kilometern \u00f6ffnet sich f\u00fcr Wandersleute eine kleine Lichtung &#8211; das ist der Ort, an dem das ehemalige Kruggeh\u00f6ft und das Bahnw\u00e4rterhaus standen.<br \/>\nDie Fotos wurden im Januar 2021 aufgenommen, sie zeugen vom Standort Friederikenkrugs und den Resten der Fundamente. <div id=\"metaslider-id-4300\" style=\"max-width: 700px;\" class=\"ml-slider-3-107-0 metaslider metaslider-flex metaslider-4300 ml-slider has-dots-nav ms-theme-default\" role=\"region\" aria-label=\"W\u00fcstung Friederikenskrug\" data-height=\"400\" data-width=\"700\">\n    <div id=\"metaslider_container_4300\">\n        <div id=\"metaslider_4300\">\n            <ul class='slides'>\n                <li style=\"display: block; width: 100%;\" class=\"slide-4302 ms-image \" aria-roledescription=\"slide\" data-date=\"2021-01-24 17:15:56\" data-filename=\"Friederikenshof-4-700x400.jpg\" data-slide-type=\"image\"><img loading=\"lazy\" decoding=\"async\" src=\"https:\/\/kleinvielen-ev.de\/wp-content\/uploads\/2021\/01\/Friederikenshof-4-700x400.jpg\" height=\"400\" width=\"700\" alt=\"\" class=\"slider-4300 slide-4302 msDefaultImage\" title=\"Friederikenshof-4\" \/><\/li>\n                <li style=\"display: none; width: 100%;\" class=\"slide-4312 ms-image \" aria-roledescription=\"slide\" data-date=\"2021-01-24 17:16:50\" data-filename=\"Friederikenshof-1-700x400.jpg\" data-slide-type=\"image\"><img loading=\"lazy\" decoding=\"async\" src=\"https:\/\/kleinvielen-ev.de\/wp-content\/uploads\/2021\/01\/Friederikenshof-1-700x400.jpg\" height=\"400\" width=\"700\" alt=\"\" class=\"slider-4300 slide-4312 msDefaultImage\" title=\"Friederikenshof-1\" \/><\/li>\n                <li style=\"display: none; width: 100%;\" class=\"slide-4313 ms-image \" aria-roledescription=\"slide\" data-date=\"2021-01-24 17:16:50\" data-filename=\"Friederikenshof-2-700x400.jpg\" data-slide-type=\"image\"><img loading=\"lazy\" decoding=\"async\" src=\"https:\/\/kleinvielen-ev.de\/wp-content\/uploads\/2021\/01\/Friederikenshof-2-700x400.jpg\" height=\"400\" width=\"700\" alt=\"\" class=\"slider-4300 slide-4313 msDefaultImage\" title=\"Friederikenshof-2\" \/><\/li>\n                <li style=\"display: none; width: 100%;\" class=\"slide-4314 ms-image \" aria-roledescription=\"slide\" data-date=\"2021-01-24 17:16:50\" data-filename=\"Friederikenshof-3-700x400.jpg\" data-slide-type=\"image\"><img loading=\"lazy\" decoding=\"async\" src=\"https:\/\/kleinvielen-ev.de\/wp-content\/uploads\/2021\/01\/Friederikenshof-3-700x400.jpg\" height=\"400\" width=\"700\" alt=\"\" class=\"slider-4300 slide-4314 msDefaultImage\" title=\"Friederikenshof-3\" \/><\/li>\n            <\/ul>\n        <\/div>\n        \n    <\/div>\n<\/div><\/p>\n<p><strong>Quellen<\/strong>:<br \/>\n720 Jahre Peckatel \u2013 Brustorf. Brosch\u00fcre zum Jubil\u00e4um. Zusammengestellt von Gisela Krull. Druck: Friedland.<br \/>\nUniversit\u00e4t Rostock, Agrar- und Umweltwissenschaftliche Fakult\u00e4t, Projekt Virtuelles Kulturlandschaftslaboratorium, Kartenausschnitt aus\u00a0Messtischblatt 1888.<br \/>\nEinwohnerzahlen: Martinilisten der Kirchgemeinde Peckatel 1793 bis 1926.<br \/>\nFotos: Hermann Behrens (2021)<\/p>\n","protected":false},"excerpt":{"rendered":"<p>(HB) Der Friederikenkrug stand an der alten Landstra\u00dfe nach Kratzeburg zwischen Babker bzw. Rackwitz-See und Gro\u00dfem Bodensee. Er wurde mit der Einrichtung einer Poststrecke nach Kratzeburg als Pferdewechsel und Ausspanne eingerichtet. Die gleichzeitig er\u00f6ffnete Schenke hatte im Volksmund keinen guten Ruf, das Essen soll von bescheidener Qualit\u00e4t gewesen sein. Der Name Friederikenkrug geht wie auch &hellip; <a href=\"https:\/\/kleinvielen-ev.de\/?page_id=4129\" class=\"more-link\"><span class=\"screen-reader-text\">W\u00fcstung Friederikenkrug<\/span> weiterlesen <span class=\"meta-nav\">&rarr;<\/span><\/a><\/p>\n","protected":false},"author":2,"featured_media":0,"parent":1092,"menu_order":0,"comment_status":"closed","ping_status":"closed","template":"","meta":{"footnotes":""},"_links":{"self":[{"href":"https:\/\/kleinvielen-ev.de\/index.php?rest_route=\/wp\/v2\/pages\/4129"}],"collection":[{"href":"https:\/\/kleinvielen-ev.de\/index.php?rest_route=\/wp\/v2\/pages"}],"about":[{"href":"https:\/\/kleinvielen-ev.de\/index.php?rest_route=\/wp\/v2\/types\/page"}],"author":[{"embeddable":true,"href":"https:\/\/kleinvielen-ev.de\/index.php?rest_route=\/wp\/v2\/users\/2"}],"replies":[{"embeddable":true,"href":"https:\/\/kleinvielen-ev.de\/index.php?rest_route=%2Fwp%2Fv2%2Fcomments&post=4129"}],"version-history":[{"count":24,"href":"https:\/\/kleinvielen-ev.de\/index.php?rest_route=\/wp\/v2\/pages\/4129\/revisions"}],"predecessor-version":[{"id":5032,"href":"https:\/\/kleinvielen-ev.de\/index.php?rest_route=\/wp\/v2\/pages\/4129\/revisions\/5032"}],"up":[{"embeddable":true,"href":"https:\/\/kleinvielen-ev.de\/index.php?rest_route=\/wp\/v2\/pages\/1092"}],"wp:attachment":[{"href":"https:\/\/kleinvielen-ev.de\/index.php?rest_route=%2Fwp%2Fv2%2Fmedia&parent=4129"}],"curies":[{"name":"wp","href":"https:\/\/api.w.org\/{rel}","templated":true}]}}