{"id":4203,"date":"2020-12-30T18:53:42","date_gmt":"2020-12-30T18:53:42","guid":{"rendered":"http:\/\/kleinvielen-ev.de\/?page_id=4203"},"modified":"2021-03-23T10:22:31","modified_gmt":"2021-03-23T10:22:31","slug":"kruege-dorfgaststaetten","status":"publish","type":"page","link":"https:\/\/kleinvielen-ev.de\/?page_id=4203","title":{"rendered":"Kr\u00fcge (Dorfgastst\u00e4tten)"},"content":{"rendered":"<p>Vor gar nicht langer Zeit gab es in jedem Dorf eine Gastst\u00e4tte. Gastst\u00e4tten waren Treffpunkte, Orte des Vergn\u00fcgens wie des Informationsaustausches. Diese Zeiten sind in den meisten D\u00f6rfern vorbei. Nur in touristisch gut besuchten Ortschaften halten sich gastronomische Einrichtungen.<br \/>\nIn manchen Orten zwischen Lieps und Havelquelle gibt es ehemalige Gasth\u00f6fe, die allein aus architektonischen Gr\u00fcnden von Bedeutung sind. Sie werden hier vorgestellt.<\/p>\n<p><a href=\"http:\/\/kleinvielen-ev.de\/?page_id=4223\"><strong>Kr\u00fcge in Peckatel und Brustorf<\/strong><\/a><br \/>\n<a href=\"http:\/\/kleinvielen-ev.de\/?page_id=4184\"><strong>Krug-Geb\u00e4ude Hohenzieritz<\/strong><\/a><\/p>\n","protected":false},"excerpt":{"rendered":"<p>Vor gar nicht langer Zeit gab es in jedem Dorf eine Gastst\u00e4tte. Gastst\u00e4tten waren Treffpunkte, Orte des Vergn\u00fcgens wie des Informationsaustausches. Diese Zeiten sind in den meisten D\u00f6rfern vorbei. Nur in touristisch gut besuchten Ortschaften halten sich gastronomische Einrichtungen. In manchen Orten zwischen Lieps und Havelquelle gibt es ehemalige Gasth\u00f6fe, die allein aus architektonischen Gr\u00fcnden &hellip; <a href=\"https:\/\/kleinvielen-ev.de\/?page_id=4203\" class=\"more-link\"><span class=\"screen-reader-text\">Kr\u00fcge (Dorfgastst\u00e4tten)<\/span> weiterlesen <span class=\"meta-nav\">&rarr;<\/span><\/a><\/p>\n","protected":false},"author":2,"featured_media":0,"parent":4584,"menu_order":0,"comment_status":"closed","ping_status":"closed","template":"","meta":{"footnotes":""},"_links":{"self":[{"href":"https:\/\/kleinvielen-ev.de\/index.php?rest_route=\/wp\/v2\/pages\/4203"}],"collection":[{"href":"https:\/\/kleinvielen-ev.de\/index.php?rest_route=\/wp\/v2\/pages"}],"about":[{"href":"https:\/\/kleinvielen-ev.de\/index.php?rest_route=\/wp\/v2\/types\/page"}],"author":[{"embeddable":true,"href":"https:\/\/kleinvielen-ev.de\/index.php?rest_route=\/wp\/v2\/users\/2"}],"replies":[{"embeddable":true,"href":"https:\/\/kleinvielen-ev.de\/index.php?rest_route=%2Fwp%2Fv2%2Fcomments&post=4203"}],"version-history":[{"count":3,"href":"https:\/\/kleinvielen-ev.de\/index.php?rest_route=\/wp\/v2\/pages\/4203\/revisions"}],"predecessor-version":[{"id":4228,"href":"https:\/\/kleinvielen-ev.de\/index.php?rest_route=\/wp\/v2\/pages\/4203\/revisions\/4228"}],"up":[{"embeddable":true,"href":"https:\/\/kleinvielen-ev.de\/index.php?rest_route=\/wp\/v2\/pages\/4584"}],"wp:attachment":[{"href":"https:\/\/kleinvielen-ev.de\/index.php?rest_route=%2Fwp%2Fv2%2Fmedia&parent=4203"}],"curies":[{"name":"wp","href":"https:\/\/api.w.org\/{rel}","templated":true}]}}