{"id":4363,"date":"2021-02-23T17:19:15","date_gmt":"2021-02-23T17:19:15","guid":{"rendered":"http:\/\/kleinvielen-ev.de\/?page_id=4363"},"modified":"2023-04-28T11:43:00","modified_gmt":"2023-04-28T11:43:00","slug":"vorwerk-domaene-forstamt-langhagen","status":"publish","type":"page","link":"https:\/\/kleinvielen-ev.de\/?page_id=4363","title":{"rendered":"Vorwerk, Dom\u00e4ne, Forstamt: Langhagen"},"content":{"rendered":"<p>Hier finden Sie Beitr\u00e4ge zur Geschichte von Langhagen. Der kleine Ort hat eine Jahrhunderte alte Geschichte. Er liegt s\u00fcd\u00f6stlich vom K\u00e4belicksee zwischen Blankenf\u00f6rde und Kratzeburg, von beiden Orten jeweils etwa dreieinhalb Kilometer entfernt. Erreichbar ist er nur auf Waldwegen.<br \/>\nEinst Vorwerk (Nebengut) des Gutes Klein Vielen, dann nacheinander Dom\u00e4ne der mecklenburgischen Gro\u00dfherz\u00f6ge, Oberf\u00f6rsterei und Forstamt, liegt er heute ohne funktionale Bedeutung im M\u00fcritz-Nationalpark.<br \/>\nLassen Sie sich mitnehmen auf eine kleine Reise durch die Geschichte Langhagens.<\/p>\n<p><a href=\"http:\/\/kleinvielen-ev.de\/?page_id=4366\"><strong>Langhagen &#8211; ein fast vergessener Ort <\/strong><\/a><em>(Gisela Krull)<\/em><strong><br \/>\n<a href=\"http:\/\/kleinvielen-ev.de\/?page_id=4377\">Ein Friedhof erz\u00e4hlt Geschichte(n)\u00a0<\/a><\/strong><em>(Hermann Behrens)<br \/>\n<\/em><a href=\"http:\/\/kleinvielen-ev.de\/?page_id=6003\"><strong>Eine studentische Ausstellung zu Langhagen<\/strong><\/a> <em>(Hermann Behrens)<\/em><\/p>\n","protected":false},"excerpt":{"rendered":"<p>Hier finden Sie Beitr\u00e4ge zur Geschichte von Langhagen. Der kleine Ort hat eine Jahrhunderte alte Geschichte. Er liegt s\u00fcd\u00f6stlich vom K\u00e4belicksee zwischen Blankenf\u00f6rde und Kratzeburg, von beiden Orten jeweils etwa dreieinhalb Kilometer entfernt. Erreichbar ist er nur auf Waldwegen. Einst Vorwerk (Nebengut) des Gutes Klein Vielen, dann nacheinander Dom\u00e4ne der mecklenburgischen Gro\u00dfherz\u00f6ge, Oberf\u00f6rsterei und Forstamt, &hellip; <a href=\"https:\/\/kleinvielen-ev.de\/?page_id=4363\" class=\"more-link\"><span class=\"screen-reader-text\">Vorwerk, Dom\u00e4ne, Forstamt: Langhagen<\/span> weiterlesen <span class=\"meta-nav\">&rarr;<\/span><\/a><\/p>\n","protected":false},"author":2,"featured_media":0,"parent":4360,"menu_order":0,"comment_status":"closed","ping_status":"closed","template":"","meta":{"footnotes":""},"_links":{"self":[{"href":"https:\/\/kleinvielen-ev.de\/index.php?rest_route=\/wp\/v2\/pages\/4363"}],"collection":[{"href":"https:\/\/kleinvielen-ev.de\/index.php?rest_route=\/wp\/v2\/pages"}],"about":[{"href":"https:\/\/kleinvielen-ev.de\/index.php?rest_route=\/wp\/v2\/types\/page"}],"author":[{"embeddable":true,"href":"https:\/\/kleinvielen-ev.de\/index.php?rest_route=\/wp\/v2\/users\/2"}],"replies":[{"embeddable":true,"href":"https:\/\/kleinvielen-ev.de\/index.php?rest_route=%2Fwp%2Fv2%2Fcomments&post=4363"}],"version-history":[{"count":8,"href":"https:\/\/kleinvielen-ev.de\/index.php?rest_route=\/wp\/v2\/pages\/4363\/revisions"}],"predecessor-version":[{"id":6011,"href":"https:\/\/kleinvielen-ev.de\/index.php?rest_route=\/wp\/v2\/pages\/4363\/revisions\/6011"}],"up":[{"embeddable":true,"href":"https:\/\/kleinvielen-ev.de\/index.php?rest_route=\/wp\/v2\/pages\/4360"}],"wp:attachment":[{"href":"https:\/\/kleinvielen-ev.de\/index.php?rest_route=%2Fwp%2Fv2%2Fmedia&parent=4363"}],"curies":[{"name":"wp","href":"https:\/\/api.w.org\/{rel}","templated":true}]}}