{"id":4493,"date":"2021-03-16T18:25:11","date_gmt":"2021-03-16T18:25:11","guid":{"rendered":"http:\/\/kleinvielen-ev.de\/?page_id=4493"},"modified":"2021-03-17T07:24:15","modified_gmt":"2021-03-17T07:24:15","slug":"auf-stribbower-pfaden-ca-5-km","status":"publish","type":"page","link":"https:\/\/kleinvielen-ev.de\/?page_id=4493","title":{"rendered":"Auf Stribbower Pfaden"},"content":{"rendered":"<p style=\"text-align: left;\">Diese gar nicht lange und dennoch sch\u00f6ne Wanderung ist Kurzentschlossenen zu empfehlen. Der Weg f\u00fchrt knapp f\u00fcnf Kilometer durch Wald und Flur und streift dabei einen historisch interessanten Ort.<a href=\"http:\/\/kleinvielen-ev.de\/wp-content\/uploads\/2021\/03\/rund-um-den-stribbowsee.jpg\"><img loading=\"lazy\" decoding=\"async\" class=\" wp-image-4494 alignright\" src=\"http:\/\/kleinvielen-ev.de\/wp-content\/uploads\/2021\/03\/rund-um-den-stribbowsee-1024x812.jpg\" alt=\"\" width=\"315\" height=\"250\" srcset=\"https:\/\/kleinvielen-ev.de\/wp-content\/uploads\/2021\/03\/rund-um-den-stribbowsee-1024x812.jpg 1024w, https:\/\/kleinvielen-ev.de\/wp-content\/uploads\/2021\/03\/rund-um-den-stribbowsee-300x238.jpg 300w, https:\/\/kleinvielen-ev.de\/wp-content\/uploads\/2021\/03\/rund-um-den-stribbowsee-768x609.jpg 768w\" sizes=\"(max-width: 315px) 100vw, 315px\" \/><\/a><br \/>\nStarten k\u00f6nnen Sie an der Einfahrt in einen Feldweg, die \u2013 aus Peckatel kommend \u2013 gegen\u00fcber der ersten Ortseinfahrt von Hohenzieritz liegt. Hier kann das Kraftfahrzeug abgestellt werden. Dann geht es zun\u00e4chst auf dem Feldweg entlang in Richtung Peutscher Forst. Nach kurzer Zeit bietet sich nach links ein sch\u00f6ner Ausblick auf einen kleinen See, an dessen Ufer Hohenzieritzer Enthusiasten einige Jahre lang ein kleines Musikfestival veranstalteten. Auch rechter Hand liegt ein kleines Gew\u00e4sser \u2013 dicht am Weg. Beide zeigen deutlich die Folgen der Trockenheit, die in den letzten beiden Jahren dazu gef\u00fchrt haben, dass unz\u00e4hlige Klein- und Kleinstgew\u00e4sser ausgetrocknet sind mit verheerenden Folgen f\u00fcr Amphibien und andere wassergebundene Lebewesen.<br \/>\nEs geht weiter durch die recht h\u00fcgelige Landschaft an einer gro\u00dfen Pferdeweide vorbei in den Wald hinein. Ein kleiner Bachlauf begleitet dort Ihren Weg, bevor er kurz vor einer Weggabelung, die Sie nach etwa 800 Metern erreichen, die Seite wechselt und sich durch die Wiesenlandschaft fortschl\u00e4ngelt.<br \/>\nAn der Weggabelung halten Sie sich rechts. Nun geht es f\u00fcr etwa eineinhalb Kilometer am Waldrand entlang. Nach kurzer Zeit k\u00f6nnen Sie, wenn Sie wachen Auges wandern, in der Wiesenlandschaft eine Anpflanzung von Obstb\u00e4umen entdecken und mittendrin eine eigenartige Figur. Sie entpuppt sich bei n\u00e4herer Betrachtung als eine Skulptur der Jagdg\u00f6ttin Diana. Sie ist offenbar der nachempfunden, die im Pariser Louvre in der Galerie des Caryatides, einem eigens f\u00fcr die Statue entworfenen Raum, pr\u00e4sentiert wird und bei der es sich um eine r\u00f6mische Kopie aus der Zeit des r\u00f6mischen Kaisers Hadrian handelt, der von 117 bis 138 unserer Zeitrechnung regierte.<a href=\"http:\/\/kleinvielen-ev.de\/wp-content\/uploads\/2021\/03\/Diana-bei-Brustorf.jpg\"><img loading=\"lazy\" decoding=\"async\" class=\"wp-image-4507 alignright\" src=\"http:\/\/kleinvielen-ev.de\/wp-content\/uploads\/2021\/03\/Diana-bei-Brustorf-756x1024.jpg\" alt=\"\" width=\"316\" height=\"428\" srcset=\"https:\/\/kleinvielen-ev.de\/wp-content\/uploads\/2021\/03\/Diana-bei-Brustorf-756x1024.jpg 756w, https:\/\/kleinvielen-ev.de\/wp-content\/uploads\/2021\/03\/Diana-bei-Brustorf-222x300.jpg 222w, https:\/\/kleinvielen-ev.de\/wp-content\/uploads\/2021\/03\/Diana-bei-Brustorf-768x1040.jpg 768w, https:\/\/kleinvielen-ev.de\/wp-content\/uploads\/2021\/03\/Diana-bei-Brustorf.jpg 1417w\" sizes=\"(max-width: 316px) 100vw, 316px\" \/><\/a><br \/>\nDiese Diana war Vorbild f\u00fcr \u00e4hnliche Skulpturen in vielen Parks und G\u00e4rten. Hier \u2013 an unserem Wanderweg \u2013 hat sie wohl der Eigent\u00fcmer der L\u00e4ndereien um Hohenzieritz aufstellen lassen. Vielleicht ist er ein begeisterter J\u00e4ger.<br \/>\nNun geht es bald in den Wald bei Brustorf hinein. Dass Sie sich dabei hart an der Grenze zwischen den ehemaligen Gro\u00dfherzogt\u00fcmern Mecklenburg-Strelitz und Mecklenburg-Schwerin bewegen und sie auch kurz \u00fcberschreiten, also vom Mecklenburg-Strelitzer in das Mecklenburg-Schweriner Gro\u00dfherzogtum wechseln, werden Sie wahrscheinlich nicht wissen. Die Grenze war bis nach dem Ersten Weltkrieg eine Staatsgrenze, zuerst zwischen den Gro\u00dfherzogt\u00fcmern und nach der Novemberrevolution 1918 zwischen den beiden Freistaaten. Zeugnisse forstwirtschaftlichen Holzeinschlags begleiten Sie auf Ihrem Weg und Sie werden auf den weiteren Abschnitten vielleicht das Gef\u00fchl haben, dass hier schon immer Wald war. Das war jedoch mitnichten der Fall, wohl f\u00fcr Jahrhunderte wurde hier auf wenig ergiebigen B\u00f6den geackert oder das Vieh geweidet, denn irgendwo lag hier die Siedlung Stribbow mit ihrer Feldmark.<br \/>\nZur Geschichte der Siedlung k\u00f6nnen Sie <a href=\"http:\/\/kleinvielen-ev.de\/?page_id=4463\"><strong>hier<\/strong> <\/a>mehr erfahren.<br \/>\nDort, wo vom Hauptweg, der nach Brustorf f\u00fchrt, zwei Wege abzweigen, m\u00fcssen Sie sich scharf links halten. Diesem Weg folgen Sie f\u00fcr etwa einen Kilometer, bis Sie pl\u00f6tzlich auf der linken Seite den Stribbow-See erblicken. Auf dem kurzen Abschnitt bis dahin k\u00f6nnen Sie erleben, wie h\u00fcgelig die Grundmor\u00e4nenlandschaft in unserer Gegend bisweilen ist. Und wenn Sie vorher den Ausschnitt aus dem Messtischblatt von 1884 studiert haben, wissen Sie, dass Sie den Stribbower \u201eBerg\u201c (in der Karte steht die Flurbezeichnung \u201eAuf dem Stribbow\u201c) umrundet haben.<br \/>\nAm n\u00e4chsten Abzweig halten Sie sich wieder links oder biegen vorher ab und wandern am Ufer des Stribbow-Sees weiter. Und nach etwa 300 Metern erreichen Sie wieder die Weggabelung, die am Anfang dieser kleinen Wegbeschreibung erw\u00e4hnt wurde. Rechter Hand sehen Sie den Bach, der hier den Weg unterirdisch kreuzt. Den Weg zur\u00fcck in Richtung Hohenzieritz muss man hier nicht beschreiben, Sie finden ihn selbst und werden \u00fcberrascht sein, dass es nicht langweilig ist, ihn ein zweites Mal zu gehen.<br \/>\nHier noch ein paar Fotos: <div id=\"metaslider-id-4498\" style=\"max-width: 320px;\" class=\"ml-slider-3-107-0 metaslider metaslider-flex metaslider-4498 ml-slider has-dots-nav ms-theme-default\" role=\"region\" aria-label=\"Stribbow\" data-height=\"500\" data-width=\"320\">\n    <div id=\"metaslider_container_4498\">\n        <div id=\"metaslider_4498\">\n            <ul class='slides'>\n                <li style=\"display: block; width: 100%;\" class=\"slide-4508 ms-image \" aria-roledescription=\"slide\" data-date=\"2021-03-16 18:31:09\" data-filename=\"01-320x500.jpg\" data-slide-type=\"image\"><img loading=\"lazy\" decoding=\"async\" src=\"https:\/\/kleinvielen-ev.de\/wp-content\/uploads\/2021\/03\/01-320x500.jpg\" height=\"500\" width=\"320\" alt=\"\" class=\"slider-4498 slide-4508 msDefaultImage\" title=\"01\" \/><\/li>\n                <li style=\"display: none; width: 100%;\" class=\"slide-4509 ms-image \" aria-roledescription=\"slide\" data-date=\"2021-03-16 18:31:09\" data-filename=\"02-320x500.jpg\" data-slide-type=\"image\"><img loading=\"lazy\" decoding=\"async\" src=\"https:\/\/kleinvielen-ev.de\/wp-content\/uploads\/2021\/03\/02-320x500.jpg\" height=\"500\" width=\"320\" alt=\"\" class=\"slider-4498 slide-4509 msDefaultImage\" title=\"02\" \/><\/li>\n                <li style=\"display: none; width: 100%;\" class=\"slide-4510 ms-image \" aria-roledescription=\"slide\" data-date=\"2021-03-16 18:31:09\" data-filename=\"03-320x500.jpg\" data-slide-type=\"image\"><img loading=\"lazy\" decoding=\"async\" src=\"https:\/\/kleinvielen-ev.de\/wp-content\/uploads\/2021\/03\/03-320x500.jpg\" height=\"500\" width=\"320\" alt=\"\" class=\"slider-4498 slide-4510 msDefaultImage\" title=\"03\" \/><\/li>\n                <li style=\"display: none; width: 100%;\" class=\"slide-4511 ms-image \" aria-roledescription=\"slide\" data-date=\"2021-03-16 18:31:09\" data-filename=\"04-320x500.jpg\" data-slide-type=\"image\"><img loading=\"lazy\" decoding=\"async\" src=\"https:\/\/kleinvielen-ev.de\/wp-content\/uploads\/2021\/03\/04-320x500.jpg\" height=\"500\" width=\"320\" alt=\"\" class=\"slider-4498 slide-4511 msDefaultImage\" title=\"04\" \/><\/li>\n                <li style=\"display: none; width: 100%;\" class=\"slide-4512 ms-image \" aria-roledescription=\"slide\" data-date=\"2021-03-16 18:31:09\" data-filename=\"05-320x500.jpg\" data-slide-type=\"image\"><img loading=\"lazy\" decoding=\"async\" src=\"https:\/\/kleinvielen-ev.de\/wp-content\/uploads\/2021\/03\/05-320x500.jpg\" height=\"500\" width=\"320\" alt=\"\" class=\"slider-4498 slide-4512 msDefaultImage\" title=\"05\" \/><\/li>\n                <li style=\"display: none; width: 100%;\" class=\"slide-4513 ms-image \" aria-roledescription=\"slide\" data-date=\"2021-03-16 18:31:09\" data-filename=\"06-320x500.jpg\" data-slide-type=\"image\"><img loading=\"lazy\" decoding=\"async\" src=\"https:\/\/kleinvielen-ev.de\/wp-content\/uploads\/2021\/03\/06-320x500.jpg\" height=\"500\" width=\"320\" alt=\"\" class=\"slider-4498 slide-4513 msDefaultImage\" title=\"06\" \/><\/li>\n                <li style=\"display: none; width: 100%;\" class=\"slide-4514 ms-image \" aria-roledescription=\"slide\" data-date=\"2021-03-16 18:31:09\" data-filename=\"07-320x500.jpg\" data-slide-type=\"image\"><img loading=\"lazy\" decoding=\"async\" src=\"https:\/\/kleinvielen-ev.de\/wp-content\/uploads\/2021\/03\/07-320x500.jpg\" height=\"500\" width=\"320\" alt=\"\" class=\"slider-4498 slide-4514 msDefaultImage\" title=\"07\" \/><\/li>\n                <li style=\"display: none; width: 100%;\" class=\"slide-4515 ms-image \" aria-roledescription=\"slide\" data-date=\"2021-03-16 18:31:09\" data-filename=\"08-320x500.jpg\" data-slide-type=\"image\"><img loading=\"lazy\" decoding=\"async\" src=\"https:\/\/kleinvielen-ev.de\/wp-content\/uploads\/2021\/03\/08-320x500.jpg\" height=\"500\" width=\"320\" alt=\"\" class=\"slider-4498 slide-4515 msDefaultImage\" title=\"08\" \/><\/li>\n            <\/ul>\n        <\/div>\n        \n    <\/div>\n<\/div> Fotos: H. Behrens<\/p>\n","protected":false},"excerpt":{"rendered":"<p>Diese gar nicht lange und dennoch sch\u00f6ne Wanderung ist Kurzentschlossenen zu empfehlen. Der Weg f\u00fchrt knapp f\u00fcnf Kilometer durch Wald und Flur und streift dabei einen historisch interessanten Ort. Starten k\u00f6nnen Sie an der Einfahrt in einen Feldweg, die \u2013 aus Peckatel kommend \u2013 gegen\u00fcber der ersten Ortseinfahrt von Hohenzieritz liegt. Hier kann das Kraftfahrzeug &hellip; <a href=\"https:\/\/kleinvielen-ev.de\/?page_id=4493\" class=\"more-link\"><span class=\"screen-reader-text\">Auf Stribbower Pfaden<\/span> weiterlesen <span class=\"meta-nav\">&rarr;<\/span><\/a><\/p>\n","protected":false},"author":2,"featured_media":0,"parent":1990,"menu_order":0,"comment_status":"closed","ping_status":"closed","template":"","meta":{"footnotes":""},"_links":{"self":[{"href":"https:\/\/kleinvielen-ev.de\/index.php?rest_route=\/wp\/v2\/pages\/4493"}],"collection":[{"href":"https:\/\/kleinvielen-ev.de\/index.php?rest_route=\/wp\/v2\/pages"}],"about":[{"href":"https:\/\/kleinvielen-ev.de\/index.php?rest_route=\/wp\/v2\/types\/page"}],"author":[{"embeddable":true,"href":"https:\/\/kleinvielen-ev.de\/index.php?rest_route=\/wp\/v2\/users\/2"}],"replies":[{"embeddable":true,"href":"https:\/\/kleinvielen-ev.de\/index.php?rest_route=%2Fwp%2Fv2%2Fcomments&post=4493"}],"version-history":[{"count":10,"href":"https:\/\/kleinvielen-ev.de\/index.php?rest_route=\/wp\/v2\/pages\/4493\/revisions"}],"predecessor-version":[{"id":4534,"href":"https:\/\/kleinvielen-ev.de\/index.php?rest_route=\/wp\/v2\/pages\/4493\/revisions\/4534"}],"up":[{"embeddable":true,"href":"https:\/\/kleinvielen-ev.de\/index.php?rest_route=\/wp\/v2\/pages\/1990"}],"wp:attachment":[{"href":"https:\/\/kleinvielen-ev.de\/index.php?rest_route=%2Fwp%2Fv2%2Fmedia&parent=4493"}],"curies":[{"name":"wp","href":"https:\/\/api.w.org\/{rel}","templated":true}]}}