{"id":4669,"date":"2021-04-02T09:03:13","date_gmt":"2021-04-02T09:03:13","guid":{"rendered":"http:\/\/kleinvielen-ev.de\/?page_id=4669"},"modified":"2021-04-02T10:03:19","modified_gmt":"2021-04-02T10:03:19","slug":"bockwindmuehlen-peckatel-und-klein-vielen","status":"publish","type":"page","link":"https:\/\/kleinvielen-ev.de\/?page_id=4669","title":{"rendered":"Die Bockwindm\u00fchle in Klein Vielen"},"content":{"rendered":"<p>Die fr\u00fchesten Erw\u00e4hnungen einer Windm\u00fchle in Klein Vielen stammen aus dem 15. Jahrhundert, als das mecklenburgische Adelsgeschlecht der Peccatel aus ihrem Lehnbesitz in Klein Vielen unter anderem die halbe Windm\u00fchle (die H\u00e4lfte der Einnahmen aus der M\u00fchle) verkaufte und verpf\u00e4ndete.<a href=\"http:\/\/kleinvielen-ev.de\/wp-content\/uploads\/2021\/04\/Streitenfeld-M\u00fchle-Klein-Vielen-ohne-Rahmen.jpg\"><img loading=\"lazy\" decoding=\"async\" class=\"wp-image-4670 alignright\" src=\"http:\/\/kleinvielen-ev.de\/wp-content\/uploads\/2021\/04\/Streitenfeld-M\u00fchle-Klein-Vielen-ohne-Rahmen-706x1024.jpg\" alt=\"\" width=\"315\" height=\"457\" srcset=\"https:\/\/kleinvielen-ev.de\/wp-content\/uploads\/2021\/04\/Streitenfeld-M\u00fchle-Klein-Vielen-ohne-Rahmen-706x1024.jpg 706w, https:\/\/kleinvielen-ev.de\/wp-content\/uploads\/2021\/04\/Streitenfeld-M\u00fchle-Klein-Vielen-ohne-Rahmen-207x300.jpg 207w, https:\/\/kleinvielen-ev.de\/wp-content\/uploads\/2021\/04\/Streitenfeld-M\u00fchle-Klein-Vielen-ohne-Rahmen.jpg 761w\" sizes=\"(max-width: 315px) 100vw, 315px\" \/><\/a><br \/>\nVon Klein Vielen war nach dem Drei\u00dfigj\u00e4hrigen Krieg (1618-1648) laut einer Inventur von 1662 nur wenig \u00fcbriggeblieben. Mit der Einquartierung der kaiserlichen Armee unter dem General Ernesto Montecuccoli waren Brandschatzung des Dorfes und Ermordung seiner Bewohner verbunden. Die Windm\u00fchle stand zwar noch, war aber arg demoliert worden. Lediglich zwei M\u00fchlsteine und das Eisenwerk waren noch vorhanden.<br \/>\nMitte des 18. Jahrhunderts wurde sie unter der \u00c4gide des damaligen Gutsbesitzers Wilhelm von Haake offenbar wieder neu errichtet.<br \/>\nEin Gem\u00e4lde, das der einstige Hofmaler im Gro\u00dfherzogtum Mecklenburg-Strelitz, <em>Prof.\u00a0Ludwig Streitenfeld,<\/em>\u00a01921 im Auftrag des damaligen\u00a0Gutsp\u00e4chters von Klein Vielen, Wilhelm Ludwig Dittmer, malte, gibt einen Eindruck von der Bockwindm\u00fchle.<br \/>\n1927 brannte die M\u00fchle ab und wurde nicht wiederaufgebaut.<\/p>\n<p><strong>Quellen<\/strong><br \/>\nLandeshauptarchiv Schwerin (LHAS), Bestand 3.2-5\/86 Nr. 1662, Inventarium des Gutes L\u00fctken Vielen, wie da\u00dfelbe beschrieben und inventieret worden den 11. n\u00e4chstfolgenden Septembris Anno 1662.<br \/>\nFoto des Gem\u00e4ldes von Ludwig Streitenfeld 1921 : H. Behrens.<\/p>\n<p>&nbsp;<\/p>\n","protected":false},"excerpt":{"rendered":"<p>Die fr\u00fchesten Erw\u00e4hnungen einer Windm\u00fchle in Klein Vielen stammen aus dem 15. Jahrhundert, als das mecklenburgische Adelsgeschlecht der Peccatel aus ihrem Lehnbesitz in Klein Vielen unter anderem die halbe Windm\u00fchle (die H\u00e4lfte der Einnahmen aus der M\u00fchle) verkaufte und verpf\u00e4ndete. Von Klein Vielen war nach dem Drei\u00dfigj\u00e4hrigen Krieg (1618-1648) laut einer Inventur von 1662 nur &hellip; <a href=\"https:\/\/kleinvielen-ev.de\/?page_id=4669\" class=\"more-link\"><span class=\"screen-reader-text\">Die Bockwindm\u00fchle in Klein Vielen<\/span> weiterlesen <span class=\"meta-nav\">&rarr;<\/span><\/a><\/p>\n","protected":false},"author":2,"featured_media":0,"parent":1753,"menu_order":0,"comment_status":"closed","ping_status":"closed","template":"","meta":{"footnotes":""},"_links":{"self":[{"href":"https:\/\/kleinvielen-ev.de\/index.php?rest_route=\/wp\/v2\/pages\/4669"}],"collection":[{"href":"https:\/\/kleinvielen-ev.de\/index.php?rest_route=\/wp\/v2\/pages"}],"about":[{"href":"https:\/\/kleinvielen-ev.de\/index.php?rest_route=\/wp\/v2\/types\/page"}],"author":[{"embeddable":true,"href":"https:\/\/kleinvielen-ev.de\/index.php?rest_route=\/wp\/v2\/users\/2"}],"replies":[{"embeddable":true,"href":"https:\/\/kleinvielen-ev.de\/index.php?rest_route=%2Fwp%2Fv2%2Fcomments&post=4669"}],"version-history":[{"count":5,"href":"https:\/\/kleinvielen-ev.de\/index.php?rest_route=\/wp\/v2\/pages\/4669\/revisions"}],"predecessor-version":[{"id":4680,"href":"https:\/\/kleinvielen-ev.de\/index.php?rest_route=\/wp\/v2\/pages\/4669\/revisions\/4680"}],"up":[{"embeddable":true,"href":"https:\/\/kleinvielen-ev.de\/index.php?rest_route=\/wp\/v2\/pages\/1753"}],"wp:attachment":[{"href":"https:\/\/kleinvielen-ev.de\/index.php?rest_route=%2Fwp%2Fv2%2Fmedia&parent=4669"}],"curies":[{"name":"wp","href":"https:\/\/api.w.org\/{rel}","templated":true}]}}