{"id":4697,"date":"2021-04-14T12:36:57","date_gmt":"2021-04-14T12:36:57","guid":{"rendered":"http:\/\/kleinvielen-ev.de\/?page_id=4697"},"modified":"2025-10-02T13:10:58","modified_gmt":"2025-10-02T12:10:58","slug":"zwischen-lieps-und-havelquelle","status":"publish","type":"page","link":"https:\/\/kleinvielen-ev.de\/?page_id=4697","title":{"rendered":"Zwischen Lieps und Havelquelle Band 1 und 2"},"content":{"rendered":"<p>Aus der Kooperation zwischen der Hochschule Neubrandenburg und dem Klein Vielen e.V. im Vorhaben &#8222;HiRegion &#8211; Hochschule in der Region sind u.a. zwei bemerkenswerte Ver\u00f6ffentlichungen hervorgegangen:<\/p>\n<h5>Band 1<\/h5>\n<p><strong>Zeitzeuginnen und Zeitzeugen berichten aus der Mecklenburgischen Seenplatte<\/strong>.<br \/>\nSteffen Verlag Berlin 2021 | Festeinband | 190 Seiten, ISBN 978-3-95799-111-9. 18,90 Euro<a href=\"http:\/\/kleinvielen-ev.de\/wp-content\/uploads\/2021\/04\/Zwischen-Lieps-und-Havelquelle.jpg\"><img loading=\"lazy\" decoding=\"async\" class=\"wp-image-4693 alignright\" src=\"http:\/\/kleinvielen-ev.de\/wp-content\/uploads\/2021\/04\/Zwischen-Lieps-und-Havelquelle-694x1024.jpg\" alt=\"\" width=\"146\" height=\"216\" srcset=\"https:\/\/kleinvielen-ev.de\/wp-content\/uploads\/2021\/04\/Zwischen-Lieps-und-Havelquelle-694x1024.jpg 694w, https:\/\/kleinvielen-ev.de\/wp-content\/uploads\/2021\/04\/Zwischen-Lieps-und-Havelquelle-203x300.jpg 203w, https:\/\/kleinvielen-ev.de\/wp-content\/uploads\/2021\/04\/Zwischen-Lieps-und-Havelquelle-768x1133.jpg 768w, https:\/\/kleinvielen-ev.de\/wp-content\/uploads\/2021\/04\/Zwischen-Lieps-und-Havelquelle.jpg 1307w\" sizes=\"(max-width: 146px) 100vw, 146px\" \/><\/a><\/p>\n<p>Alteingesessene und Zugezogene in der Mecklenburgischen Seenplatte berichten dar\u00fcber, wie sie ihre Landschaft und deren Wandel erlebten und erleben und was sie sich f\u00fcr die Zukunft w\u00fcnschen.<br \/>\n24 Zeitzeuginnen und Zeitzeugen aus D\u00f6rfern zwischen Lieps und Havelquelle lassen die Leserinnen und Leser nicht nur an ihren Geschichten aus der Vergangenheit dieses kleinen Landschaftsteils der Mecklenburgischen Seenplatte teilhaben. Die Zugezogenen unter ihnen erinnern sich auch an ihre Herkunftslandschaften und an ihre ersten Eindr\u00fccke, als sie hier ankamen.<\/p>\n<p>Das derzeit schon vergriffene Buch verdeutlicht dabei das Alltagsverst\u00e4ndnis von dem, was gemeinhin als \u201eLandschaft\u201c bezeichnet wird und was so schwer \u2013 oder vielleicht auch so einfach? \u2013 zu beschreiben ist.<\/p>\n<p><a href=\"http:\/\/kleinvielen-ev.de\/wp-content\/uploads\/2023\/08\/ZLH-2021-Band-1-Vorwort.pdf\"><strong>Hier k\u00f6nnen Sie einen Blick in das Inhaltsverzeichnis und das Vorwort werfen!<\/strong><\/a><\/p>\n<h5>Band 2<\/h5>\n<p><strong>Zeugnisse des Landschaftswandels.<\/strong><br \/>\nedition lesezeichen Friedland 2022. | Festeinband | 248 Seiten, ISBN \u00a0978-3-948995-15-7. 24,95 Euro<\/p>\n<p>Es sind h\u00e4ufig die vermeintlich unscheinbaren Zeugnisse der wirtschaftlichen, sozialen und kulturellen Entwicklung wie W\u00fcstungen, Reste von M\u00fchlen oder Teersiedere<a href=\"http:\/\/kleinvielen-ev.de\/wp-content\/uploads\/2023\/01\/22-07202_Umschlag1.jpg\"><img loading=\"lazy\" decoding=\"async\" class=\"wp-image-5770 alignright\" src=\"http:\/\/kleinvielen-ev.de\/wp-content\/uploads\/2023\/01\/22-07202_Umschlag1-222x300.jpg\" alt=\"\" width=\"151\" height=\"204\" srcset=\"https:\/\/kleinvielen-ev.de\/wp-content\/uploads\/2023\/01\/22-07202_Umschlag1-222x300.jpg 222w, https:\/\/kleinvielen-ev.de\/wp-content\/uploads\/2023\/01\/22-07202_Umschlag1-768x1040.jpg 768w, https:\/\/kleinvielen-ev.de\/wp-content\/uploads\/2023\/01\/22-07202_Umschlag1-756x1024.jpg 756w, https:\/\/kleinvielen-ev.de\/wp-content\/uploads\/2023\/01\/22-07202_Umschlag1.jpg 1147w\" sizes=\"(max-width: 151px) 100vw, 151px\" \/><\/a>ien, Eiskeller, Sand- und Kopfsteinpflasterwege, Gedenk- und Grenzsteine, Mergelgruben, Lesesteinw\u00e4lle oder Kopfb\u00e4ume, die Landschaften ihr Gesicht geben. Jeden Tag verschwinden solche Zeugnisse einstigen Wirtschaftens und Lebens durch Verkehrswegebau, Siedlungserweiterungen, in Folge von Flurbereinigungen oder einfach aufgrund fortschreitenden Verfalls.<br \/>\nIm zweiten Band &#8222;Zwischen Lieps und Havelquelle&#8220; begeben sich die Autorinnen und Autoren auf die Spur solcher Zeugnisse in einem Teil der Mecklenburgischen Seenplatte, der Gegend zwischen Lieps und Havelquelle. Dar\u00fcber hinaus stellen sie die Gutseigentumsverh\u00e4ltnisse in den D\u00f6rfern zwischen dem Ende des Drei\u00dfigj\u00e4hrigen Krieges 1648 bis 1945 und den Landnutzungswandel im Projektgebiet dar.<\/p>\n<p><a href=\"http:\/\/kleinvielen-ev.de\/wp-content\/uploads\/2023\/08\/ZLuH-2022-Band-2Vorwortb.pdf\"><strong>Hier k\u00f6nnen Sie einen Blick in das Inhaltsverzeichnis und das Vorwort werfen!<\/strong><\/a><\/p>\n<p>Die beiden B\u00fccher sind ein Ergebnis aus dem \u201e<a href=\"https:\/\/www.hs-nb.de\/iugr\/landschaft-hat-geschichte\/\">Reallabor Landschaf<\/a>t\u201c, das 2018-2022 eines von 12 Forschungsvorhaben im Forschungsverbund \u201eHiRegion \u2013 Hochschule in der Region\u201c an der Hochschule Neubrandenburg war. \u201e<a href=\"https:\/\/www.hs-nb.de\/hiregion\/\">HiRegion<\/a>\u201c ging aus der F\u00f6rderinitiative \u201eInnovative Hochschule\u201c des Bundes und der L\u00e4nder hervor, die dazu dient, den Ideen-, Wissens- und Technologietransfer deutscher Hochschulen zu strukturieren und zu intensivieren und wurde vom Bundesministerium f\u00fcr Bildung und Forschung gef\u00f6rdert, darunter der Druck dieser B\u00fccher.<br \/>\nDie <a href=\"https:\/\/www.hs-nb.de\/\">Hochschule Neubrandenburg<\/a> ist Kooperationspartnerin des Klein Vielen e. V.<br \/>\nDas Buch ist in jeder Buchhandlung oder <strong><a href=\"https:\/\/www.steffen-verlag.de\/buch\/zwischen-lieps-und-havelquelle-band-2\/\">direkt beim Verlag<\/a><\/strong> erh\u00e4ltlich.<\/p>\n","protected":false},"excerpt":{"rendered":"<p>Aus der Kooperation zwischen der Hochschule Neubrandenburg und dem Klein Vielen e.V. im Vorhaben &#8222;HiRegion &#8211; Hochschule in der Region sind u.a. zwei bemerkenswerte Ver\u00f6ffentlichungen hervorgegangen: Band 1 Zeitzeuginnen und Zeitzeugen berichten aus der Mecklenburgischen Seenplatte. Steffen Verlag Berlin 2021 | Festeinband | 190 Seiten, ISBN 978-3-95799-111-9. 18,90 Euro Alteingesessene und Zugezogene in der Mecklenburgischen &hellip; <a href=\"https:\/\/kleinvielen-ev.de\/?page_id=4697\" class=\"more-link\"><span class=\"screen-reader-text\">Zwischen Lieps und Havelquelle Band 1 und 2<\/span> weiterlesen <span class=\"meta-nav\">&rarr;<\/span><\/a><\/p>\n","protected":false},"author":2,"featured_media":0,"parent":599,"menu_order":0,"comment_status":"closed","ping_status":"closed","template":"","meta":{"footnotes":""},"_links":{"self":[{"href":"https:\/\/kleinvielen-ev.de\/index.php?rest_route=\/wp\/v2\/pages\/4697"}],"collection":[{"href":"https:\/\/kleinvielen-ev.de\/index.php?rest_route=\/wp\/v2\/pages"}],"about":[{"href":"https:\/\/kleinvielen-ev.de\/index.php?rest_route=\/wp\/v2\/types\/page"}],"author":[{"embeddable":true,"href":"https:\/\/kleinvielen-ev.de\/index.php?rest_route=\/wp\/v2\/users\/2"}],"replies":[{"embeddable":true,"href":"https:\/\/kleinvielen-ev.de\/index.php?rest_route=%2Fwp%2Fv2%2Fcomments&post=4697"}],"version-history":[{"count":20,"href":"https:\/\/kleinvielen-ev.de\/index.php?rest_route=\/wp\/v2\/pages\/4697\/revisions"}],"predecessor-version":[{"id":7429,"href":"https:\/\/kleinvielen-ev.de\/index.php?rest_route=\/wp\/v2\/pages\/4697\/revisions\/7429"}],"up":[{"embeddable":true,"href":"https:\/\/kleinvielen-ev.de\/index.php?rest_route=\/wp\/v2\/pages\/599"}],"wp:attachment":[{"href":"https:\/\/kleinvielen-ev.de\/index.php?rest_route=%2Fwp%2Fv2%2Fmedia&parent=4697"}],"curies":[{"name":"wp","href":"https:\/\/api.w.org\/{rel}","templated":true}]}}