{"id":507,"date":"2016-10-30T20:24:50","date_gmt":"2016-10-30T20:24:50","guid":{"rendered":"http:\/\/kleinvielen-ev.de\/?page_id=507"},"modified":"2017-01-08T16:53:02","modified_gmt":"2017-01-08T16:53:02","slug":"das-dorf-liepen","status":"publish","type":"page","link":"https:\/\/kleinvielen-ev.de\/?page_id=507","title":{"rendered":"Liepen"},"content":{"rendered":"<p>Liepen wurde 1247 erstmalig urkundlich erw\u00e4hnt. Auch der Name dieses Ortes ist slawischen Ursprungs, er bedeutete \u201eOrt der Linden\u201c.<br \/>\nDas Bauerndorf im ritterschaftlichen Amt Stavenhagen geh\u00f6rte zum Gut Klein Vielen. Der heute kleine Ort war einst wesentlich gr\u00f6\u00dfer, weil er an einer alten Fracht-\u00b7und Handelsstra\u00dfe lag, der heute sogenannten \u201eAlten Salzstra\u00dfe\u201c.<a href=\"http:\/\/kleinvielen-ev.de\/wp-content\/uploads\/2016\/10\/Schlie-1902-Band-V-Liepen-S-322-323.jpg\"><img loading=\"lazy\" decoding=\"async\" class=\"wp-image-322 alignright\" src=\"http:\/\/kleinvielen-ev.de\/wp-content\/uploads\/2016\/10\/Schlie-1902-Band-V-Liepen-S-322-323-300x197.jpg\" alt=\"schlie-1902-band-v-liepen-s-322-323\" width=\"300\" height=\"197\" srcset=\"https:\/\/kleinvielen-ev.de\/wp-content\/uploads\/2016\/10\/Schlie-1902-Band-V-Liepen-S-322-323-300x197.jpg 300w, https:\/\/kleinvielen-ev.de\/wp-content\/uploads\/2016\/10\/Schlie-1902-Band-V-Liepen-S-322-323-768x504.jpg 768w, https:\/\/kleinvielen-ev.de\/wp-content\/uploads\/2016\/10\/Schlie-1902-Band-V-Liepen-S-322-323-1024x672.jpg 1024w, https:\/\/kleinvielen-ev.de\/wp-content\/uploads\/2016\/10\/Schlie-1902-Band-V-Liepen-S-322-323.jpg 1389w\" sizes=\"(max-width: 300px) 100vw, 300px\" \/><\/a><\/p>\n<p>Nach dem Zweiten Weltkrieg verfielen einige der alten Bauernh\u00f6fe und wurden nach und nach abgerissen. Vom alten Bauerndorf Liepen existieren heute nur noch die Kirche, der Friedhof, das ehemalige Schulgeb\u00e4ude und ein ehemaliger Bauernhof. Eine Anzahl Wochenendh\u00e4user kam neu hinzu.<\/p>\n<p>Der Historiker und Archivrat Prof. Dr. Christian Friedrich Schlie hat Ende des 19. Jahrhunderts zur Entstehungsgeschichte des Dorfes Liepen geforscht und seine Forschungsergebnisse 1902 im 5. Band seines ber\u00fchmten f\u00fcnfb\u00e4ndigen Werkes &#8222;Kunst- und Geschichtsdenkm\u00e4ler Mecklenburgs&#8220; ver\u00f6ffentlicht. Wir bilden hier die zwei Seiten zum Guts- und Filialdorf Liepen aus diesem 5. Band des Gesamtwerkes ab.<\/p>\n<p>Wenn Sie auf die Seiten &#8222;klicken&#8220;, k\u00f6nnen Sie Friedrich Schlies Text lesen.<\/p>\n","protected":false},"excerpt":{"rendered":"<p>Liepen wurde 1247 erstmalig urkundlich erw\u00e4hnt. Auch der Name dieses Ortes ist slawischen Ursprungs, er bedeutete \u201eOrt der Linden\u201c. Das Bauerndorf im ritterschaftlichen Amt Stavenhagen geh\u00f6rte zum Gut Klein Vielen. Der heute kleine Ort war einst wesentlich gr\u00f6\u00dfer, weil er an einer alten Fracht-\u00b7und Handelsstra\u00dfe lag, der heute sogenannten \u201eAlten Salzstra\u00dfe\u201c. Nach dem Zweiten Weltkrieg &hellip; <a href=\"https:\/\/kleinvielen-ev.de\/?page_id=507\" class=\"more-link\"><span class=\"screen-reader-text\">Liepen<\/span> weiterlesen <span class=\"meta-nav\">&rarr;<\/span><\/a><\/p>\n","protected":false},"author":2,"featured_media":0,"parent":532,"menu_order":0,"comment_status":"closed","ping_status":"closed","template":"","meta":{"footnotes":""},"_links":{"self":[{"href":"https:\/\/kleinvielen-ev.de\/index.php?rest_route=\/wp\/v2\/pages\/507"}],"collection":[{"href":"https:\/\/kleinvielen-ev.de\/index.php?rest_route=\/wp\/v2\/pages"}],"about":[{"href":"https:\/\/kleinvielen-ev.de\/index.php?rest_route=\/wp\/v2\/types\/page"}],"author":[{"embeddable":true,"href":"https:\/\/kleinvielen-ev.de\/index.php?rest_route=\/wp\/v2\/users\/2"}],"replies":[{"embeddable":true,"href":"https:\/\/kleinvielen-ev.de\/index.php?rest_route=%2Fwp%2Fv2%2Fcomments&post=507"}],"version-history":[{"count":8,"href":"https:\/\/kleinvielen-ev.de\/index.php?rest_route=\/wp\/v2\/pages\/507\/revisions"}],"predecessor-version":[{"id":886,"href":"https:\/\/kleinvielen-ev.de\/index.php?rest_route=\/wp\/v2\/pages\/507\/revisions\/886"}],"up":[{"embeddable":true,"href":"https:\/\/kleinvielen-ev.de\/index.php?rest_route=\/wp\/v2\/pages\/532"}],"wp:attachment":[{"href":"https:\/\/kleinvielen-ev.de\/index.php?rest_route=%2Fwp%2Fv2%2Fmedia&parent=507"}],"curies":[{"name":"wp","href":"https:\/\/api.w.org\/{rel}","templated":true}]}}