{"id":532,"date":"2016-11-01T16:51:02","date_gmt":"2016-11-01T16:51:02","guid":{"rendered":"http:\/\/kleinvielen-ev.de\/?page_id=532"},"modified":"2024-07-20T15:35:01","modified_gmt":"2024-07-20T14:35:01","slug":"unsere-doerfer-2","status":"publish","type":"page","link":"https:\/\/kleinvielen-ev.de\/?page_id=532","title":{"rendered":"Die D\u00f6rfer der Gemeinde Klein Vielen"},"content":{"rendered":"<p>Zur Gemeinde Klein Vielen geh\u00f6ren die D\u00f6rfer Adamsdorf, Brustorf, Hartwigsdorf, Klein Vielen, Liepen und Peckatel. Das Gemeindegebiet ist 4.538 Hektar gro\u00df.<\/p>\n<figure id=\"attachment_1158\" aria-describedby=\"caption-attachment-1158\" style=\"width: 213px\" class=\"wp-caption alignright\"><a href=\"http:\/\/kleinvielen-ev.de\/wp-content\/uploads\/2016\/11\/1274-Peccatel-Urkunde-MUB-I_02_-478-479_red.jpg\"><img loading=\"lazy\" decoding=\"async\" class=\"wp-image-1158 \" src=\"http:\/\/kleinvielen-ev.de\/wp-content\/uploads\/2016\/11\/1274-Peccatel-Urkunde-MUB-I_02_-478-479_red-193x300.jpg\" alt=\"1274-peccatel-urkunde-mub-i_02_-478-479_red\" width=\"213\" height=\"331\" srcset=\"https:\/\/kleinvielen-ev.de\/wp-content\/uploads\/2016\/11\/1274-Peccatel-Urkunde-MUB-I_02_-478-479_red-193x300.jpg 193w, https:\/\/kleinvielen-ev.de\/wp-content\/uploads\/2016\/11\/1274-Peccatel-Urkunde-MUB-I_02_-478-479_red.jpg 472w\" sizes=\"(max-width: 213px) 100vw, 213px\" \/><\/a><figcaption id=\"caption-attachment-1158\" class=\"wp-caption-text\">Text der Verleihungsurkunde des Nicolaus von Werle, 1274<\/figcaption><\/figure>\n<p>Klein Vielen (damals <em>Colhazen Vilem<\/em>) und Adamsdorf (<em>Chotibanz<\/em>) wurden 1170 erstmals urkundlich erw\u00e4hnt, Liepen 1247, Peckatel (<em>Peccatle<\/em>) und Brustorf (<em>Brusmezdorpe)<\/em> 1274 und Hartwigsdorf (damals als <em>Gewesene<\/em> oder <em>Vielener H\u00fctte<\/em>) 1690.<br \/>\n1274\u00a0verlieh\u00a0Nicolaus, F\u00fcrst von Werle, den Br\u00fcdern Bernhard und Heinrich von Peccatel unter anderem die G\u00fcter Klein Vielen, Peccatel und Brustorf .<br \/>\nAuf den zugeh\u00f6rigen Seiten finden Sie zu jedem Dorf der Gemeinde Klein Vielen und auch zu untergegangenen D\u00f6rfern und Einzelh\u00f6fen (den W\u00fcstungen)\u00a0einen Steckbrief.<br \/>\n<a href=\"https:\/\/kleinvielen-ev.de\/?page_id=677\"><strong>Ein kleiner historischer \u00dcberblick<\/strong><\/a><br \/>\n<a href=\"https:\/\/kleinvielen-ev.de\/?page_id=479\"><strong>Klein Vielen<\/strong><\/a><br \/>\n<a href=\"https:\/\/kleinvielen-ev.de\/?page_id=346\"><strong>Peckatel<\/strong><\/a><br \/>\n<a href=\"https:\/\/kleinvielen-ev.de\/?page_id=483\"><strong>Hartwigsdorf<\/strong><\/a><br \/>\n<a href=\"https:\/\/kleinvielen-ev.de\/?page_id=481\"><strong>Adamsdorf<\/strong><\/a><br \/>\n<a href=\"https:\/\/kleinvielen-ev.de\/?page_id=485\"><strong>Brustorf<\/strong><\/a><br \/>\n<a href=\"https:\/\/kleinvielen-ev.de\/?page_id=507\"><strong>Liepen<\/strong><\/a><\/p>\n<p><strong>Quelle Abbildung<\/strong>:<br \/>\nDer in der Abbildung dargestellte Text der Verleihungsurkunde findet sich im &#8222;Meklenburgischen Urkundenbuch&#8220; des &#8222;Vereins f\u00fcr Meklenburgische Geschichte und Alterthumskunde&#8220;, Band \u00a02. Schwerin 1864, S. 478-479.<\/p>\n","protected":false},"excerpt":{"rendered":"<p>Zur Gemeinde Klein Vielen geh\u00f6ren die D\u00f6rfer Adamsdorf, Brustorf, Hartwigsdorf, Klein Vielen, Liepen und Peckatel. Das Gemeindegebiet ist 4.538 Hektar gro\u00df. Klein Vielen (damals Colhazen Vilem) und Adamsdorf (Chotibanz) wurden 1170 erstmals urkundlich erw\u00e4hnt, Liepen 1247, Peckatel (Peccatle) und Brustorf (Brusmezdorpe) 1274 und Hartwigsdorf (damals als Gewesene oder Vielener H\u00fctte) 1690. 1274\u00a0verlieh\u00a0Nicolaus, F\u00fcrst von Werle, &hellip; <a href=\"https:\/\/kleinvielen-ev.de\/?page_id=532\" class=\"more-link\"><span class=\"screen-reader-text\">Die D\u00f6rfer der Gemeinde Klein Vielen<\/span> weiterlesen <span class=\"meta-nav\">&rarr;<\/span><\/a><\/p>\n","protected":false},"author":2,"featured_media":0,"parent":13,"menu_order":0,"comment_status":"closed","ping_status":"closed","template":"","meta":{"footnotes":""},"_links":{"self":[{"href":"https:\/\/kleinvielen-ev.de\/index.php?rest_route=\/wp\/v2\/pages\/532"}],"collection":[{"href":"https:\/\/kleinvielen-ev.de\/index.php?rest_route=\/wp\/v2\/pages"}],"about":[{"href":"https:\/\/kleinvielen-ev.de\/index.php?rest_route=\/wp\/v2\/types\/page"}],"author":[{"embeddable":true,"href":"https:\/\/kleinvielen-ev.de\/index.php?rest_route=\/wp\/v2\/users\/2"}],"replies":[{"embeddable":true,"href":"https:\/\/kleinvielen-ev.de\/index.php?rest_route=%2Fwp%2Fv2%2Fcomments&post=532"}],"version-history":[{"count":18,"href":"https:\/\/kleinvielen-ev.de\/index.php?rest_route=\/wp\/v2\/pages\/532\/revisions"}],"predecessor-version":[{"id":1161,"href":"https:\/\/kleinvielen-ev.de\/index.php?rest_route=\/wp\/v2\/pages\/532\/revisions\/1161"}],"up":[{"embeddable":true,"href":"https:\/\/kleinvielen-ev.de\/index.php?rest_route=\/wp\/v2\/pages\/13"}],"wp:attachment":[{"href":"https:\/\/kleinvielen-ev.de\/index.php?rest_route=%2Fwp%2Fv2%2Fmedia&parent=532"}],"curies":[{"name":"wp","href":"https:\/\/api.w.org\/{rel}","templated":true}]}}