{"id":5353,"date":"2022-04-01T13:18:20","date_gmt":"2022-04-01T13:18:20","guid":{"rendered":"http:\/\/kleinvielen-ev.de\/?page_id=5353"},"modified":"2022-04-01T16:41:13","modified_gmt":"2022-04-01T16:41:13","slug":"14-studierendenworkshop-der-dnd-2019-in-klein-vielen","status":"publish","type":"page","link":"https:\/\/kleinvielen-ev.de\/?page_id=5353","title":{"rendered":"Dokumentation des DND-Studierenden-Workshops in Klein Vielen"},"content":{"rendered":"<h5>Das war der 14. Studierenden-Workshop des Deutschen Nationalkomitees f\u00fcr Denkmalschutz in Klein Vielen<\/h5>\n<p>Das\u00a0 \u00a0<strong><a href=\"http:\/\/www.dnk.de\/\">Deutsche Nationalkomitee f\u00fcr Denkmalschutz<\/a><\/strong>\u00a0(DNK) bot 2019 wie in jedem Jahr einen Workshop f\u00fcr Studierende der Kunstgeschichte, Architektur, Landschaftsarchitektur und anderer Fachrichtungen an, um sie mit Aufgaben und Methoden von Denkmalschutz und Denkmalpflege vertraut zu machen.<br \/>\n<strong><a href=\"http:\/\/kleinvielen-ev.de\/wp-content\/uploads\/2022\/04\/DND-2022_14ter-Studierendenworkshop-Klein-Vielen-2019.pdf\">Hier finden Sie die Dokumentation des Workshops<\/a>.<\/strong><br \/>\nDer Workshop fand in Klein Vielen statt und die Anschauungsobjekte waren die Jahn-Kapelle und der ehemalige Gutspark.<div id=\"metaslider-id-3217\" style=\"max-width: 700px;\" class=\"ml-slider-3-107-0 metaslider metaslider-flex metaslider-3217 ml-slider has-dots-nav ms-theme-default\" role=\"region\" aria-label=\"Seminar DNK\" data-height=\"400\" data-width=\"700\">\n    <div id=\"metaslider_container_3217\">\n        <div id=\"metaslider_3217\">\n            <ul class='slides'>\n            <\/ul>\n        <\/div>\n        \n    <\/div>\n<\/div><\/p>\n<p>Fotos: Florian Nessler (12), Hermann Behrens (3)<br \/>\nStudierende aus ganz Deutschland und aus europ\u00e4ischen L\u00e4ndern hatten sich erfolgreich f\u00fcr einen der begehrten 20 Pl\u00e4tze beworben und befassten sich nun eine Woche lang unter Leitung von Frau Prof. Dr. Caroline Rolka vom Landesamt f\u00fcr Kultur und Denkmalpflege mit Kapelle und Gutspark. Untergebracht waren sie im Evangelischen Bildungs- und Freizeithaus \u201eHaus Prillwitz\u201c.<br \/>\nDie Studierenden hatten sich in vier verschiedene Arbeitsgruppen zu den Themen<br \/>\n\u2013\u00a0<em>Die Jahn-Kapelle und ihre kulturhistorischen Verbindungslinien,<\/em><br \/>\n<em>\u2013 touristische Einbindung der Jahn-Kapelle und des Gutsparkes,<\/em><br \/>\n<em>\u2013 Entwicklungsmodelle f\u00fcr den Innenraum der Jahn-Kapelle und<\/em><br \/>\n<em>\u2013 Entwicklungsmodelle f\u00fcr den Gutspark Klein Vielen<\/em><br \/>\naufgeteilt. \u00dcber Exkursionen zu Vergleichsobjekten in der Region wie zu den oktogonalen Kirchen in Weisdin und Dannenwalde, und zu Bauten, die der Architekt Friedrich Wilhelm Buttel \u2013 der mutma\u00dfliche Architekt der Jahn-Kapelle \u2013 in Neustrelitz entworfen hatte, erschlossen sie sich umfangreiches Informations- und Vergleichsmaterial.<br \/>\nHinzu kamen Vor-Ort-Studien in Klein Vielen und Literaturrecherchen.<br \/>\nMehrere Fachleute aus kommunalen Vereinen, Denkmalpflege, Landschaftsarchitektur, Regionalplanung und Naturschutz begleiteten das Seminar.<br \/>\nNeben Frau Rolka waren es vor Ort J\u00fcrgen Kr\u00e4mer vom F\u00f6rderverein Jahn-Kapelle und Prof. Dr. Hermann Behrens von der Hochschule Neubrandenburg und als ausw\u00e4rtige Experten Jens Amelung vom Landesamt f\u00fcr Kultur und Denkmalpflege in Schwerin und der Leiter des Amtes f\u00fcr Raumordnung und Landesplanung Mecklenburgische Seenplatte, Christoph von Kaufmann.<br \/>\nAm 7. September 2019 pr\u00e4sentierten die Workshop-Arbeitsgruppen ihre Ergebnisse in einer \u00f6ffentlichen Veranstaltung an der Hochschule Neubrandenburg in Gegenwart von Tobias Hauck als Vertreter des Deutschen Nationalkomitees f\u00fcr Denkmalschutz und der Landeskonservatorin von Mecklenburg-Vorpommern, Dr. Ramona Dornbusch, sowie anderer Denkmalschutzexpertinnen und -experten.<br \/>\nDie G\u00e4ste zeigten sich \u00fcberrascht davon, welch umfangreiches Material die Arbeitsgruppen in der Seminarwoche zusammengetragen hatten und mit welcher Begeisterung sie von ihren Eindr\u00fccken sprachen. Einige Ideen f\u00fcr die weitere Nutzung der Kapelle und ihrer Umgebung, etwa die Idee eines Kapellen-Wanderweges oder Ideen f\u00fcr die Bewerbung des einzigartigen Geb\u00e4udes fanden gro\u00dfen Anklang. So zeichnete die Studentin Katharina Kr\u00f6ll ein sehr sch\u00f6nes Signet f\u00fcr die Kapelle auf der Grundlage des \u00d6lgem\u00e4ldes von Ludwig Streitenfeld aus dem Jahr 1921 (<strong><a href=\"http:\/\/kleinvielen-ev.de\/wp-content\/uploads\/2019\/09\/Streitenfeld_-Jahn-Kapelle-kl.jpg\">siehe hier<\/a><\/strong>). Es ist auch in der Dokumentation abgedruckt und darf vom Klein Vielen e.V. verwendet werden. Die Ergebnisse des Workshops wurden im M\u00e4rz 2022 als Band 96 der Schriftenreihe des Deutschen Nationalkomitees f\u00fcr Denkmalschutz ver\u00f6ffentlicht.<\/p>\n","protected":false},"excerpt":{"rendered":"<p>Das war der 14. Studierenden-Workshop des Deutschen Nationalkomitees f\u00fcr Denkmalschutz in Klein Vielen Das\u00a0 \u00a0Deutsche Nationalkomitee f\u00fcr Denkmalschutz\u00a0(DNK) bot 2019 wie in jedem Jahr einen Workshop f\u00fcr Studierende der Kunstgeschichte, Architektur, Landschaftsarchitektur und anderer Fachrichtungen an, um sie mit Aufgaben und Methoden von Denkmalschutz und Denkmalpflege vertraut zu machen. Hier finden Sie die Dokumentation des &hellip; <a href=\"https:\/\/kleinvielen-ev.de\/?page_id=5353\" class=\"more-link\"><span class=\"screen-reader-text\">Dokumentation des DND-Studierenden-Workshops in Klein Vielen<\/span> weiterlesen <span class=\"meta-nav\">&rarr;<\/span><\/a><\/p>\n","protected":false},"author":2,"featured_media":0,"parent":599,"menu_order":0,"comment_status":"closed","ping_status":"closed","template":"","meta":{"footnotes":""},"_links":{"self":[{"href":"https:\/\/kleinvielen-ev.de\/index.php?rest_route=\/wp\/v2\/pages\/5353"}],"collection":[{"href":"https:\/\/kleinvielen-ev.de\/index.php?rest_route=\/wp\/v2\/pages"}],"about":[{"href":"https:\/\/kleinvielen-ev.de\/index.php?rest_route=\/wp\/v2\/types\/page"}],"author":[{"embeddable":true,"href":"https:\/\/kleinvielen-ev.de\/index.php?rest_route=\/wp\/v2\/users\/2"}],"replies":[{"embeddable":true,"href":"https:\/\/kleinvielen-ev.de\/index.php?rest_route=%2Fwp%2Fv2%2Fcomments&post=5353"}],"version-history":[{"count":11,"href":"https:\/\/kleinvielen-ev.de\/index.php?rest_route=\/wp\/v2\/pages\/5353\/revisions"}],"predecessor-version":[{"id":5373,"href":"https:\/\/kleinvielen-ev.de\/index.php?rest_route=\/wp\/v2\/pages\/5353\/revisions\/5373"}],"up":[{"embeddable":true,"href":"https:\/\/kleinvielen-ev.de\/index.php?rest_route=\/wp\/v2\/pages\/599"}],"wp:attachment":[{"href":"https:\/\/kleinvielen-ev.de\/index.php?rest_route=%2Fwp%2Fv2%2Fmedia&parent=5353"}],"curies":[{"name":"wp","href":"https:\/\/api.w.org\/{rel}","templated":true}]}}