{"id":555,"date":"2016-11-02T11:41:15","date_gmt":"2016-11-02T11:41:15","guid":{"rendered":"http:\/\/kleinvielen-ev.de\/?page_id=555"},"modified":"2020-12-31T12:55:24","modified_gmt":"2020-12-31T12:55:24","slug":"friedrich-schlie-ueber-die-geschichte-peckatels","status":"publish","type":"page","link":"https:\/\/kleinvielen-ev.de\/?page_id=555","title":{"rendered":"Friedrich Schlie \u00fcber die Geschichte Peckatels"},"content":{"rendered":"<p class=\"Kleindruck\">Der seinerzeit bekannte Historiker Prof. Dr. Friedrich Schlie erforschte<a href=\"http:\/\/kleinvielen-ev.de\/wp-content\/uploads\/2016\/10\/Seiten-318-321-aus-Schlie-1902-Band-V_Seite-318-321-Kopie.jpg\"><img loading=\"lazy\" decoding=\"async\" class=\"wp-image-345 alignright\" src=\"http:\/\/kleinvielen-ev.de\/wp-content\/uploads\/2016\/10\/Seiten-318-321-aus-Schlie-1902-Band-V_Seite-318-321-Kopie-207x300.jpg\" alt=\"seiten-318-321-aus-schlie-1902-band-v_seite-318-321-kopie\" width=\"204\" height=\"295\" srcset=\"https:\/\/kleinvielen-ev.de\/wp-content\/uploads\/2016\/10\/Seiten-318-321-aus-Schlie-1902-Band-V_Seite-318-321-Kopie-207x300.jpg 207w, https:\/\/kleinvielen-ev.de\/wp-content\/uploads\/2016\/10\/Seiten-318-321-aus-Schlie-1902-Band-V_Seite-318-321-Kopie-768x1113.jpg 768w, https:\/\/kleinvielen-ev.de\/wp-content\/uploads\/2016\/10\/Seiten-318-321-aus-Schlie-1902-Band-V_Seite-318-321-Kopie-706x1024.jpg 706w, https:\/\/kleinvielen-ev.de\/wp-content\/uploads\/2016\/10\/Seiten-318-321-aus-Schlie-1902-Band-V_Seite-318-321-Kopie.jpg 1181w\" sizes=\"(max-width: 204px) 100vw, 204px\" \/><\/a><br \/>\nEnde des 19. Jahrhunderts auch die Geschichte des Bauern- und Gutsdorfes Peckatel. Seine Forschungsergebnisse finden sich im 5. Band seines ber\u00fchmten f\u00fcnfb\u00e4ndigen Werkes \u201eKunst- und Geschichtsdenkm\u00e4ler Mecklenburgs\u201c, den er 1902\u00a0 ver\u00f6ffentlichte.<br \/>\nZum Lesen zwei Mal auf das Bild klicken.<\/p>\n<p class=\"Kleindruck\">Quelle:<br \/>\nSchlie, F. 1902: Das Gut und Kirchdorf Peckatel. In: ders.: Die Kunst- und Geschichts-Denkm\u00e4ler des Grossherzogthums Mecklenburg-Schwerin. V. Band. Schwerin: 318\u2013321.<\/p>\n","protected":false},"excerpt":{"rendered":"<p>Der seinerzeit bekannte Historiker Prof. Dr. Friedrich Schlie erforschte Ende des 19. Jahrhunderts auch die Geschichte des Bauern- und Gutsdorfes Peckatel. Seine Forschungsergebnisse finden sich im 5. Band seines ber\u00fchmten f\u00fcnfb\u00e4ndigen Werkes \u201eKunst- und Geschichtsdenkm\u00e4ler Mecklenburgs\u201c, den er 1902\u00a0 ver\u00f6ffentlichte. Zum Lesen zwei Mal auf das Bild klicken. Quelle: Schlie, F. 1902: Das Gut und &hellip; <a href=\"https:\/\/kleinvielen-ev.de\/?page_id=555\" class=\"more-link\"><span class=\"screen-reader-text\">Friedrich Schlie \u00fcber die Geschichte Peckatels<\/span> weiterlesen <span class=\"meta-nav\">&rarr;<\/span><\/a><\/p>\n","protected":false},"author":2,"featured_media":0,"parent":346,"menu_order":0,"comment_status":"closed","ping_status":"closed","template":"","meta":{"footnotes":""},"_links":{"self":[{"href":"https:\/\/kleinvielen-ev.de\/index.php?rest_route=\/wp\/v2\/pages\/555"}],"collection":[{"href":"https:\/\/kleinvielen-ev.de\/index.php?rest_route=\/wp\/v2\/pages"}],"about":[{"href":"https:\/\/kleinvielen-ev.de\/index.php?rest_route=\/wp\/v2\/types\/page"}],"author":[{"embeddable":true,"href":"https:\/\/kleinvielen-ev.de\/index.php?rest_route=\/wp\/v2\/users\/2"}],"replies":[{"embeddable":true,"href":"https:\/\/kleinvielen-ev.de\/index.php?rest_route=%2Fwp%2Fv2%2Fcomments&post=555"}],"version-history":[{"count":4,"href":"https:\/\/kleinvielen-ev.de\/index.php?rest_route=\/wp\/v2\/pages\/555\/revisions"}],"predecessor-version":[{"id":560,"href":"https:\/\/kleinvielen-ev.de\/index.php?rest_route=\/wp\/v2\/pages\/555\/revisions\/560"}],"up":[{"embeddable":true,"href":"https:\/\/kleinvielen-ev.de\/index.php?rest_route=\/wp\/v2\/pages\/346"}],"wp:attachment":[{"href":"https:\/\/kleinvielen-ev.de\/index.php?rest_route=%2Fwp%2Fv2%2Fmedia&parent=555"}],"curies":[{"name":"wp","href":"https:\/\/api.w.org\/{rel}","templated":true}]}}