{"id":5967,"date":"2023-04-17T16:13:31","date_gmt":"2023-04-17T16:13:31","guid":{"rendered":"http:\/\/kleinvielen-ev.de\/?page_id=5967"},"modified":"2025-08-10T12:22:32","modified_gmt":"2025-08-10T11:22:32","slug":"ein-rundweg-bei-adamsdorf","status":"publish","type":"page","link":"https:\/\/kleinvielen-ev.de\/?page_id=5967","title":{"rendered":"Ein naturkundlicher Wanderweg bei Adamsdorf"},"content":{"rendered":"<p>Auf Initiative des SV Adamsdorf e.\u00a0V.<a href=\"http:\/\/kleinvielen-ev.de\/wp-content\/uploads\/2023\/04\/Wanderweg-Adamsdorf-200dpi.jpg\"><img loading=\"lazy\" decoding=\"async\" class=\" wp-image-5987 alignright\" src=\"http:\/\/kleinvielen-ev.de\/wp-content\/uploads\/2023\/04\/Wanderweg-Adamsdorf-200dpi-300x210.jpg\" alt=\"\" width=\"351\" height=\"246\" srcset=\"https:\/\/kleinvielen-ev.de\/wp-content\/uploads\/2023\/04\/Wanderweg-Adamsdorf-200dpi-300x210.jpg 300w, https:\/\/kleinvielen-ev.de\/wp-content\/uploads\/2023\/04\/Wanderweg-Adamsdorf-200dpi-768x539.jpg 768w, https:\/\/kleinvielen-ev.de\/wp-content\/uploads\/2023\/04\/Wanderweg-Adamsdorf-200dpi-1024x718.jpg 1024w\" sizes=\"(max-width: 351px) 100vw, 351px\" \/><\/a><br \/>\nentstand in Kooperation mit der Landesforstverwaltung, Revier Carlshof, und mit Hilfe von F\u00f6rdermitteln der Europ\u00e4ischen Union im April 2023 ein <a href=\"http:\/\/kleinvielen-ev.de\/wp-content\/uploads\/2023\/04\/Wanderweg-Adamsdorf-200dpi.jpg\">kleiner<\/a> naturkundlicher Wanderweg. Es handelt sich um einen etwa 4,2 Kilometer langen Rundwanderweg mit mehreren Stationen, an denen Wanderer etwas \u00fcber die Pflanzen- und Tierwelt der Siedlungen, Felder, Wiesen und W\u00e4lder erfahren k\u00f6nnen.<br \/>\nDen Start- und Endpunkt einer solchen Wanderung k\u00f6nnte der Adamstein bilden, bei dem es sich um einen gro\u00dfen Findling mit einer Inschrift <em>\u00bbAdam \u2013 ach starb 20. J. alt. 1812 im Beruf seiner Flicht\u00ab <\/em>handelt.<br \/>\nWelche Bewandtnis es mit diesem Findling hat, der erstmals 1938 und dann erneut 1970 unter Naturdenkmalschutz gestellt wurde, kann hier nachgelesen werden:<\/p>\n<figure id=\"attachment_5969\" aria-describedby=\"caption-attachment-5969\" style=\"width: 351px\" class=\"wp-caption alignright\"><a href=\"http:\/\/kleinvielen-ev.de\/wp-content\/uploads\/2023\/04\/Station-1-Er\u00f6ffnung.jpg\"><img loading=\"lazy\" decoding=\"async\" class=\"wp-image-5969\" src=\"http:\/\/kleinvielen-ev.de\/wp-content\/uploads\/2023\/04\/Station-1-Er\u00f6ffnung-300x225.jpg\" alt=\"\" width=\"351\" height=\"263\" srcset=\"https:\/\/kleinvielen-ev.de\/wp-content\/uploads\/2023\/04\/Station-1-Er\u00f6ffnung-300x225.jpg 300w, https:\/\/kleinvielen-ev.de\/wp-content\/uploads\/2023\/04\/Station-1-Er\u00f6ffnung-768x577.jpg 768w, https:\/\/kleinvielen-ev.de\/wp-content\/uploads\/2023\/04\/Station-1-Er\u00f6ffnung.jpg 945w\" sizes=\"(max-width: 351px) 100vw, 351px\" \/><\/a><figcaption id=\"caption-attachment-5969\" class=\"wp-caption-text\">Bei der Er\u00f6ffnung des Wanderweges am 15.4.2023 am Adamstein<\/figcaption><\/figure>\n<p><a href=\"http:\/\/kleinvielen-ev.de\/?page_id=867\">http:\/\/kleinvielen-ev.de\/?page_id=867<\/a>.<\/p>\n<p>Am Adamstein steht eine erste Informationstafel mit Anregungen f\u00fcr die Gestaltung eines insektenfreundlichen Gartens.<br \/>\nNun kann es zum Ortsausgang Adamsdorf in Richtung Bundesstra\u00dfe 193 weitergehen. 150 Meter hinter dem Ortsausgang geht nach links eine asphaltierte Landstra\u00dfe (nach Klein Vielen) ab, nach rechts ein Forstweg. Folgen Sie diesem etwa 400 Meter, dann erreichen Sie eine weitere Informationstafel, auf der etwas \u00fcber Tiere der Felder und Wiesen erfahren werden kann. An einer Schutzh\u00fctte l\u00e4sst es sich zudem gut picknicken.<a href=\"http:\/\/kleinvielen-ev.de\/wp-content\/uploads\/2023\/04\/Station-2a.jpg\"><img loading=\"lazy\" decoding=\"async\" class=\"wp-image-5970 alignright\" src=\"http:\/\/kleinvielen-ev.de\/wp-content\/uploads\/2023\/04\/Station-2a-225x300.jpg\" alt=\"\" width=\"151\" height=\"201\" srcset=\"https:\/\/kleinvielen-ev.de\/wp-content\/uploads\/2023\/04\/Station-2a-225x300.jpg 225w, https:\/\/kleinvielen-ev.de\/wp-content\/uploads\/2023\/04\/Station-2a.jpg 591w\" sizes=\"(max-width: 151px) 100vw, 151px\" \/><\/a><br \/>\nDer Weg gabelt sich hier und Ihre Wanderung f\u00fchrt nun rechter Hand weiter. Nach etwa einem Kilometer erreichen Sie die dritte Informationstafel, auf der heimisches Wild in den W\u00e4ldern vorgestellt wird. Unterwegs kann man entdecken, dass die Landesforstverwaltung u.a. mit F\u00f6rdermitteln der Europ\u00e4ischen Union Teile ihrer Kiefernbest\u00e4nde in Laubbaumkulturen umwandelt, die den prognostizierten Klimaver\u00e4nderungen besser gewachsen sein sollen.<br \/>\nW\u00fcrden Sie geradeaus weiterlaufen, stie\u00dfen Sie nach kurzer Zeit an die bereits sichtbare Bahnstrecke, die von Neustrelitz nach Waren und Rostock verl\u00e4uft. Hier gab es noch bis in die Jahre nach 1990 einen Bahn\u00fcbergang, der der \u201eStreckenert\u00fcchtigung\u201c f\u00fcr den Intercity-Verkehr zum Opfer fiel.<br \/>\nDer Wanderweg f\u00fchrt daher scharf nach rechts weiter auf einer breiten Schneise durch Forstpartien hindurch. Nach etwa 500 Metern erreichen Sie die n\u00e4chste Station, an der neben einer weiteren Informationstafel wiederum eine Schutzh\u00fctte steht.<br \/>\nBereits auf dem Weg werden Ihnen an manchen Stellen vielleicht aus der Erde ragende Rohre auffallen und schlie\u00dflich linker Hand eine eigenartige recht tiefe Senke, in die in der Ferne ein gro\u00dfes Rohr ragt. Hier handelt es sich um eine k\u00fcnstlich hergestellte Senke, in die bis nach 1990 Abw\u00e4sser, \u00fcberwiegend F\u00e4kalien, aus Neustrelitz eingeleitet und dort \u201ezwischengelagert\u201c wurden. Bis zu ihrem Abzug aus Neustrelitz stellten \u00fcber 20.000 Soldaten, Offiziere der sowjetischen Streitkr\u00e4fte zusammen mit Angeh\u00f6rigen fast f\u00fcnf Jahrzehnte lang die H\u00e4lfte der ca. 40.000 Bewohner der ehemaligen Residenzstadt, deren Verwaltung die Abwasserentsorgung in ihrem Stadtgebiet nicht bew\u00e4ltigen konnte.<a href=\"http:\/\/kleinvielen-ev.de\/wp-content\/uploads\/2023\/04\/Station-4.jpg\"><img loading=\"lazy\" decoding=\"async\" class=\" wp-image-5972 alignright\" src=\"http:\/\/kleinvielen-ev.de\/wp-content\/uploads\/2023\/04\/Station-4-300x233.jpg\" alt=\"\" width=\"350\" height=\"272\" srcset=\"https:\/\/kleinvielen-ev.de\/wp-content\/uploads\/2023\/04\/Station-4-300x233.jpg 300w, https:\/\/kleinvielen-ev.de\/wp-content\/uploads\/2023\/04\/Station-4-768x597.jpg 768w, https:\/\/kleinvielen-ev.de\/wp-content\/uploads\/2023\/04\/Station-4.jpg 945w\" sizes=\"(max-width: 350px) 100vw, 350px\" \/><\/a> Ein gro\u00dfer Teil der Abw\u00e4sser wurde schlie\u00dflich nach Adamsdorf geleitet und von dort \u00fcber Pumpen in den W\u00e4ldern um Adamsdorf bzw. Liepen und auf den Feldern in der Gegend verrieselt. Die Senke beeindruckt bis heute und erinnert unter anderem an ein St\u00fcck \u201eAbwassergeschichte\u201c zwischen Lieps und Havelquelle.<br \/>\nAuf der naturkundlichen Tafel an dieser Station werden V\u00f6gel des Waldes gezeigt und die Schutzh\u00fctte l\u00e4dt zum l\u00e4ngeren Verweilen ein.<br \/>\nAuf dem Wanderweg geht es dann Richtung Westen weiter. Nach etwa 500 Metern zeigt sich eine weitere Informationstafel, auf der das Leben eines Baumes geschildert wird. Kurz vor diesem Haltepunkt steht auf der wegbegleitenden Pferdeweide noch die alte Pumpstation f\u00fcr die Abwasserverrieselung und gegen\u00fcber der Informationstafel ein bunker\u00e4hnliches Bauwerk, das heute als \u201eFledermaushotel\u201c dient.<a href=\"http:\/\/kleinvielen-ev.de\/wp-content\/uploads\/2023\/04\/Station-5.jpg\"><img loading=\"lazy\" decoding=\"async\" class=\" wp-image-5973 alignright\" src=\"http:\/\/kleinvielen-ev.de\/wp-content\/uploads\/2023\/04\/Station-5-223x300.jpg\" alt=\"\" width=\"151\" height=\"203\" srcset=\"https:\/\/kleinvielen-ev.de\/wp-content\/uploads\/2023\/04\/Station-5-223x300.jpg 223w, https:\/\/kleinvielen-ev.de\/wp-content\/uploads\/2023\/04\/Station-5-768x1033.jpg 768w, https:\/\/kleinvielen-ev.de\/wp-content\/uploads\/2023\/04\/Station-5-761x1024.jpg 761w, https:\/\/kleinvielen-ev.de\/wp-content\/uploads\/2023\/04\/Station-5.jpg 787w\" sizes=\"(max-width: 151px) 100vw, 151px\" \/><\/a><br \/>\nDer Weg nach links f\u00fchrt in den Forst hinein, w\u00fcrde aber, ginge man ohne abzubiegen weiter, wieder an der Bahnstrecke enden. Bis nach 1990 konnten Wanderer wie Radfahrer hier die Bahnstrecke queren und nach Rudow bei Neustrelitz oder nach Langhagen weiterfahren oder -laufen oder aber dem alten Postweg nach Kratzeburg folgen. Auch dieser Bahn\u00fcbergang fiel dem Bahnstreckausbau zum Opfer, ist aber auf Wanderkarten noch verzeichnet, was dazu f\u00fchrt, dass in jedem Jahr nicht wenige Wanderer, vor allem Radwanderer, entt\u00e4uscht umkehren m\u00fcssen.<br \/>\nEs ist schade, dass auf einer Strecke von ca. 10 Kilometern (von der B 193 bis Kratzeburg) kein einziger Bahn\u00fcbergang mehr existiert.<br \/>\nEs geht nun also von der Informationstafel aus nach rechts weiter. Der Weg f\u00fchrt in den Ort Adamsdorf zur\u00fcck. Sie k\u00f6nnen hinter der Pferdekoppel den ersten Abzweig nach rechts nehmen. Er verl\u00e4uft durch den alten Dorfkern, an einigen baulichen Zeugnissen der alten Adamsdorfer Gutswirtschaft und dem Dorfplatz vorbei, an dem die Adamsdorfer ab und zu feiern, bevor er schlie\u00dflich wieder die Hauptstra\u00dfe erreicht, an der Sie nach rechts abbiegen m\u00fcssen, um wieder Ihren Startpunkt, den Adamstein, erreichen zu k\u00f6nnen.<br \/>\nF\u00fcr einen Wochenendspaziergang oder eine kurze Wanderung auch f\u00fcr \u00e4ltere Menschen, die ab und an einen Platz zum Verschnaufen ben\u00f6tigen, ist dieser naturkundliche Wanderweg zu empfehlen. Er soll im \u00dcbrigen noch an den einzelnen Stationen auf den R\u00fcckseiten der Tafeln durch Informationen zur Geschichte Adamsdorfs erg\u00e4nzt werden.<br \/>\nWer von Station 5 noch einen Abstecher zu einer weiteren Informationstafel (Station 6) machen will, die \u00fcber &#8222;Leistungen&#8220; von Insekten informiert, geht den mit gelben Punkten markierten Weg. Da dieser an der Kreisstra\u00dfe nach Kratzeburg endet, empfiehlt es sich zur\u00fcckzugehen, es sei denn, man will eine gro\u00dfe Runde \u00fcber Liepen (dann 500 Meter nach links halten) und die &#8222;Europastra\u00dfe&#8220; oder &#8222;KAP-Stra\u00dfe&#8220; (vor Klein Vielen rechts abbiegen) machen.\u00a0 Dann ist der Weg zwar doppelt so lang, belohnt den Wanderer allerdings mit einem herrlichen Ausblick in die Mor\u00e4nenlandschaft um Hartwigsdorf, Klein Vielen und Peckatel und einem Blick auf die &#8222;Jahn-Kapelle&#8220;, f\u00fchrt an den beiden &#8222;Geld-Bergen&#8220; vorbei, den slawischen H\u00fcgelgr\u00e4bern, und dann zur\u00fcck nach Adamsdorf.<\/p>\n<p>Fotos: H. Behrens<br \/>\nKartengrundlage: Google Earth, 17.4.2023; Bearbeitung: H. Behrens<\/p>\n","protected":false},"excerpt":{"rendered":"<p>Auf Initiative des SV Adamsdorf e.\u00a0V. entstand in Kooperation mit der Landesforstverwaltung, Revier Carlshof, und mit Hilfe von F\u00f6rdermitteln der Europ\u00e4ischen Union im April 2023 ein kleiner naturkundlicher Wanderweg. Es handelt sich um einen etwa 4,2 Kilometer langen Rundwanderweg mit mehreren Stationen, an denen Wanderer etwas \u00fcber die Pflanzen- und Tierwelt der Siedlungen, Felder, Wiesen &hellip; <a href=\"https:\/\/kleinvielen-ev.de\/?page_id=5967\" class=\"more-link\"><span class=\"screen-reader-text\">Ein naturkundlicher Wanderweg bei Adamsdorf<\/span> weiterlesen <span class=\"meta-nav\">&rarr;<\/span><\/a><\/p>\n","protected":false},"author":2,"featured_media":0,"parent":1990,"menu_order":0,"comment_status":"closed","ping_status":"closed","template":"","meta":{"footnotes":""},"_links":{"self":[{"href":"https:\/\/kleinvielen-ev.de\/index.php?rest_route=\/wp\/v2\/pages\/5967"}],"collection":[{"href":"https:\/\/kleinvielen-ev.de\/index.php?rest_route=\/wp\/v2\/pages"}],"about":[{"href":"https:\/\/kleinvielen-ev.de\/index.php?rest_route=\/wp\/v2\/types\/page"}],"author":[{"embeddable":true,"href":"https:\/\/kleinvielen-ev.de\/index.php?rest_route=\/wp\/v2\/users\/2"}],"replies":[{"embeddable":true,"href":"https:\/\/kleinvielen-ev.de\/index.php?rest_route=%2Fwp%2Fv2%2Fcomments&post=5967"}],"version-history":[{"count":15,"href":"https:\/\/kleinvielen-ev.de\/index.php?rest_route=\/wp\/v2\/pages\/5967\/revisions"}],"predecessor-version":[{"id":7391,"href":"https:\/\/kleinvielen-ev.de\/index.php?rest_route=\/wp\/v2\/pages\/5967\/revisions\/7391"}],"up":[{"embeddable":true,"href":"https:\/\/kleinvielen-ev.de\/index.php?rest_route=\/wp\/v2\/pages\/1990"}],"wp:attachment":[{"href":"https:\/\/kleinvielen-ev.de\/index.php?rest_route=%2Fwp%2Fv2%2Fmedia&parent=5967"}],"curies":[{"name":"wp","href":"https:\/\/api.w.org\/{rel}","templated":true}]}}