{"id":599,"date":"2016-11-05T14:02:41","date_gmt":"2016-11-05T14:02:41","guid":{"rendered":"http:\/\/kleinvielen-ev.de\/?page_id=599"},"modified":"2024-12-14T09:49:15","modified_gmt":"2024-12-14T08:49:15","slug":"sonstiges","status":"publish","type":"page","link":"https:\/\/kleinvielen-ev.de\/?page_id=599","title":{"rendered":"weitere Ver\u00f6ffentlichungen"},"content":{"rendered":"<p>Hier stellen wir Ihnen Ver\u00f6ffentlichungen vor, die im Zusammenhang mit der Arbeit des Klein Vielen e.V. oder in Kooperation mit dem Verein entstanden oder f\u00fcr die Kulturlandschaftsgeschichte zwischen Lieps und Havelquelle von Bedeutung sind.<\/p>\n<p>Druckfrisch erschienen 2024 im Steffen Verlag Friedland in der Reihe &#8222;<strong><a href=\"https:\/\/edition-lesezeichen.de\/detail\/index\/sArticle\/1165\/sCategory\/9\">edition lesezeichen<\/a><\/strong>&#8220; zwei B\u00fccher im &#8222;Westentaschen-Format:<br \/>\nZum einen &#8222;<strong><a href=\"https:\/\/kleinvielen-ev.de\/?page_id=6525\">Zur falschen Zeit am falschen Ort. Der Lebensweg des Otto Remer&#8220;<\/a>.<\/strong> Darin zeichnet Hermann Behrens das an Konflikten reiche Leben dieses Mannes nach, der mit seiner Familie 1934 eine Siedlung in Peckatel erwarb und dort bis 1963 lebte. Zum anderen besch\u00e4ftigt sich Gisela Krull in <a href=\"https:\/\/kleinvielen-ev.de\/?page_id=6660\"><strong>&#8222;Schnitter, Kriegsgefangene, Zwangsarbeiter &#8211; ausl\u00e4ndische Landarbeiter in Mecklenburg&#8220;<\/strong> <\/a>mit vergessenen, gleichwohl f\u00fcr die l\u00e4ndlichen R\u00e4ume Mecklenburgs bis 1945 jedoch \u00fcberlebenswichtigen Menschen.<\/p>\n<p>\u00dcber den folgenden Link kommen Sie zu einem Hinweis auf ein Ende 2022 erschienenes umfangreiches Buch <strong>zur Jahn-Kapelle <\/strong>in Klein Vielen: <a href=\"https:\/\/kleinvielen-ev.de\/?page_id=5659\"><strong>Ein Kleinod in der mecklenburgischen Seenplatte: Die Jahn-Kapelle in Klein Vielen.<\/strong><\/a><br \/>\nDarin wird ausf\u00fchrlich die Erbauungsgeschichte der vom mecklenburg-strelitzschen Hofbaumeister <a href=\"https:\/\/de.wikipedia.org\/wiki\/Friedrich_Wilhelm_Buttel\">Friedrich Wilhelm Buttel<\/a> entworfenen Kapelle, ihr Verfall, die gelungene Restaurierung, die Genealogie der &#8222;Bauherren&#8220;-Familie Jahn und vieles andere mehr nachgezeichnet wird:<a href=\"https:\/\/kleinvielen-ev.de\/?page_id=5659\"><strong>\u00a0<\/strong><\/a><\/p>\n<p>Druckfrisch erschien Ende M\u00e4rz 2022 die <strong>Dokumentation des 14. Studierendenworkshops des Deutschen Nationalkomitees f\u00fcr Denkmalschutz (DND)<\/strong>, der im September 2019 an der Jahn-Kapelle und im Gutspark Klein Vielen stattfand. <a href=\"http:\/\/kleinvielen-ev.de\/?page_id=5353\"><strong>Hier<\/strong> <strong>erfahren Sie mehr \u00fcber den Workshop und k\u00f6nnen die Brosch\u00fcre lesen und herunterladen.<\/strong><\/a><\/p>\n<p>Im Steffen Verlag Berlin bzw. bei edition Lesezeichen bei Steffen Media Friedland erschienen 2021 und 2022 zwei besondere B\u00fccher unter dem Titel &#8222;<em>Zwischen Lieps und Havelquelle<\/em>&#8222;:<br \/>\n<strong>Band 1: Zeitzeuginnen und Zeitzeugen berichten aus der Mecklenburgischen Seenplatte<\/strong><br \/>\n<strong>Band 2: Zeugnisse des Landschaftswandels<br \/>\n<\/strong>Erfahren Sie <strong><a href=\"http:\/\/kleinvielen-ev.de\/?page_id=4697\">hier<\/a> <\/strong>mehr \u00fcber die B\u00fccher!<\/p>\n<p>Ebenfalls im Steffen Verlag Berlin kam 2019 das Buch &#8222;<strong><a href=\"https:\/\/steffen-verlag.de\/buecher-trainingskarten\/alle-buecher\/906\/landschaft-im-wandel\">Landschaft im Wandel<\/a><\/strong>&#8220; heraus.<br \/>\nDarin finden sich die Vortr\u00e4ge einer gleichnamigen Tagung an der Hochschule Neubrandenburg. Mehrere Beitr\u00e4ge behandeln das Thema Landschaftswandel in der Mecklenburgischen Seenplatte. N\u00e4heres erfahren Sie <a href=\"http:\/\/kleinvielen-ev.de\/?page_id=5374\"><strong>hier<\/strong><\/a>.<\/p>\n","protected":false},"excerpt":{"rendered":"<p>Hier stellen wir Ihnen Ver\u00f6ffentlichungen vor, die im Zusammenhang mit der Arbeit des Klein Vielen e.V. oder in Kooperation mit dem Verein entstanden oder f\u00fcr die Kulturlandschaftsgeschichte zwischen Lieps und Havelquelle von Bedeutung sind. Druckfrisch erschienen 2024 im Steffen Verlag Friedland in der Reihe &#8222;edition lesezeichen&#8220; zwei B\u00fccher im &#8222;Westentaschen-Format: Zum einen &#8222;Zur falschen Zeit &hellip; <a href=\"https:\/\/kleinvielen-ev.de\/?page_id=599\" class=\"more-link\"><span class=\"screen-reader-text\">weitere Ver\u00f6ffentlichungen<\/span> weiterlesen <span class=\"meta-nav\">&rarr;<\/span><\/a><\/p>\n","protected":false},"author":2,"featured_media":0,"parent":17,"menu_order":0,"comment_status":"closed","ping_status":"closed","template":"","meta":{"footnotes":""},"_links":{"self":[{"href":"https:\/\/kleinvielen-ev.de\/index.php?rest_route=\/wp\/v2\/pages\/599"}],"collection":[{"href":"https:\/\/kleinvielen-ev.de\/index.php?rest_route=\/wp\/v2\/pages"}],"about":[{"href":"https:\/\/kleinvielen-ev.de\/index.php?rest_route=\/wp\/v2\/types\/page"}],"author":[{"embeddable":true,"href":"https:\/\/kleinvielen-ev.de\/index.php?rest_route=\/wp\/v2\/users\/2"}],"replies":[{"embeddable":true,"href":"https:\/\/kleinvielen-ev.de\/index.php?rest_route=%2Fwp%2Fv2%2Fcomments&post=599"}],"version-history":[{"count":40,"href":"https:\/\/kleinvielen-ev.de\/index.php?rest_route=\/wp\/v2\/pages\/599\/revisions"}],"predecessor-version":[{"id":6667,"href":"https:\/\/kleinvielen-ev.de\/index.php?rest_route=\/wp\/v2\/pages\/599\/revisions\/6667"}],"up":[{"embeddable":true,"href":"https:\/\/kleinvielen-ev.de\/index.php?rest_route=\/wp\/v2\/pages\/17"}],"wp:attachment":[{"href":"https:\/\/kleinvielen-ev.de\/index.php?rest_route=%2Fwp%2Fv2%2Fmedia&parent=599"}],"curies":[{"name":"wp","href":"https:\/\/api.w.org\/{rel}","templated":true}]}}