{"id":6003,"date":"2023-04-28T11:28:52","date_gmt":"2023-04-28T11:28:52","guid":{"rendered":"http:\/\/kleinvielen-ev.de\/?page_id=6003"},"modified":"2025-08-10T11:52:48","modified_gmt":"2025-08-10T10:52:48","slug":"eine-studentische-ausstellung-zu-langhagen","status":"publish","type":"page","link":"https:\/\/kleinvielen-ev.de\/?page_id=6003","title":{"rendered":"Eine studentische Ausstellung zu Langhagen"},"content":{"rendered":"<h5>Ausstellung in Langhagen und<br \/>\nder Wunsch nach Pflege des alten Friedhofs<\/h5>\n<p>Fast alle Langh\u00e4ger waren am zweiten Oktoberwochenende 2022 unterwegs, um sich die Ausstellung anzusehen, die vier Studentinnen und ein Student aus dem Studiengang Naturschutz und Landnutzungsplanung an der Hochschule erarbeitet hatten.<br \/>\nDie Ausstellung wurde vor dem Hintergrund der Corona-Pandemie nur einmal unter &#8222;Freiluftbedingungen&#8220; in Langhagen pr\u00e4sentiert.<br \/>\nHier k\u00f6nnen Sie einen Blick in die Ausstellung werfen.<\/p>\n<div id=\"metaslider-id-6391\" style=\"max-width: 600px;\" class=\"ml-slider-3-107-0 metaslider metaslider-flex metaslider-6391 ml-slider has-dots-nav ms-theme-default\" role=\"region\" aria-label=\"Ausstellung Langhagen\" data-height=\"850\" data-width=\"600\">\n    <div id=\"metaslider_container_6391\">\n        <div id=\"metaslider_6391\">\n            <ul class='slides'>\n                <li style=\"display: block; width: 100%;\" class=\"slide-6483 ms-image \" aria-roledescription=\"slide\" data-date=\"2024-05-05 15:18:43\" data-filename=\"Tafel-1-scaled-600x850.jpg\" data-slide-type=\"image\"><img loading=\"lazy\" decoding=\"async\" src=\"https:\/\/kleinvielen-ev.de\/wp-content\/uploads\/2024\/05\/Tafel-1-scaled-600x850.jpg\" height=\"850\" width=\"600\" alt=\"\" class=\"slider-6391 slide-6483 msDefaultImage\" title=\"Tafel 1\" \/><\/li>\n                <li style=\"display: none; width: 100%;\" class=\"slide-6484 ms-image \" aria-roledescription=\"slide\" data-date=\"2024-05-05 15:18:43\" data-filename=\"Tafel-2-scaled-600x850.jpg\" data-slide-type=\"image\"><img loading=\"lazy\" decoding=\"async\" src=\"https:\/\/kleinvielen-ev.de\/wp-content\/uploads\/2024\/05\/Tafel-2-scaled-600x850.jpg\" height=\"850\" width=\"600\" alt=\"\" class=\"slider-6391 slide-6484 msDefaultImage\" title=\"Tafel 2\" \/><\/li>\n                <li style=\"display: none; width: 100%;\" class=\"slide-6485 ms-image \" aria-roledescription=\"slide\" data-date=\"2024-05-05 15:18:43\" data-filename=\"Tafel-3-scaled-600x850.jpg\" data-slide-type=\"image\"><img loading=\"lazy\" decoding=\"async\" src=\"https:\/\/kleinvielen-ev.de\/wp-content\/uploads\/2024\/05\/Tafel-3-scaled-600x850.jpg\" height=\"850\" width=\"600\" alt=\"\" class=\"slider-6391 slide-6485 msDefaultImage\" title=\"Tafel 3\" \/><\/li>\n                <li style=\"display: none; width: 100%;\" class=\"slide-6486 ms-image \" aria-roledescription=\"slide\" data-date=\"2024-05-05 15:18:43\" data-filename=\"Tafel-4-scaled-600x850.jpg\" data-slide-type=\"image\"><img loading=\"lazy\" decoding=\"async\" src=\"https:\/\/kleinvielen-ev.de\/wp-content\/uploads\/2024\/05\/Tafel-4-scaled-600x850.jpg\" height=\"850\" width=\"600\" alt=\"\" class=\"slider-6391 slide-6486 msDefaultImage\" title=\"Tafel 4\" \/><\/li>\n                <li style=\"display: none; width: 100%;\" class=\"slide-6487 ms-image \" aria-roledescription=\"slide\" data-date=\"2024-05-05 15:18:43\" data-filename=\"Tafel-5-scaled-600x850.jpg\" data-slide-type=\"image\"><img loading=\"lazy\" decoding=\"async\" src=\"https:\/\/kleinvielen-ev.de\/wp-content\/uploads\/2024\/05\/Tafel-5-scaled-600x850.jpg\" height=\"850\" width=\"600\" alt=\"\" class=\"slider-6391 slide-6487 msDefaultImage\" title=\"Tafel 5\" \/><\/li>\n                <li style=\"display: none; width: 100%;\" class=\"slide-6488 ms-image \" aria-roledescription=\"slide\" data-date=\"2024-05-05 15:18:43\" data-filename=\"Tafel-6-scaled-600x850.jpg\" data-slide-type=\"image\"><img loading=\"lazy\" decoding=\"async\" src=\"https:\/\/kleinvielen-ev.de\/wp-content\/uploads\/2024\/05\/Tafel-6-scaled-600x850.jpg\" height=\"850\" width=\"600\" alt=\"\" class=\"slider-6391 slide-6488 msDefaultImage\" title=\"Tafel 6\" \/><\/li>\n                <li style=\"display: none; width: 100%;\" class=\"slide-6489 ms-image \" aria-roledescription=\"slide\" data-date=\"2024-05-05 15:18:43\" data-filename=\"Tafel-7-scaled-600x850.jpg\" data-slide-type=\"image\"><img loading=\"lazy\" decoding=\"async\" src=\"https:\/\/kleinvielen-ev.de\/wp-content\/uploads\/2024\/05\/Tafel-7-scaled-600x850.jpg\" height=\"850\" width=\"600\" alt=\"\" class=\"slider-6391 slide-6489 msDefaultImage\" title=\"Tafel 7\" \/><\/li>\n                <li style=\"display: none; width: 100%;\" class=\"slide-6490 ms-image \" aria-roledescription=\"slide\" data-date=\"2024-05-05 15:18:43\" data-filename=\"Tafel-8-scaled-600x850.jpg\" data-slide-type=\"image\"><img loading=\"lazy\" decoding=\"async\" src=\"https:\/\/kleinvielen-ev.de\/wp-content\/uploads\/2024\/05\/Tafel-8-scaled-600x850.jpg\" height=\"850\" width=\"600\" alt=\"\" class=\"slider-6391 slide-6490 msDefaultImage\" title=\"Tafel 8\" \/><\/li>\n                <li style=\"display: none; width: 100%;\" class=\"slide-6491 ms-image \" aria-roledescription=\"slide\" data-date=\"2024-05-05 15:18:43\" data-filename=\"Tafel-9-scaled-600x850.jpg\" data-slide-type=\"image\"><img loading=\"lazy\" decoding=\"async\" src=\"https:\/\/kleinvielen-ev.de\/wp-content\/uploads\/2024\/05\/Tafel-9-scaled-600x850.jpg\" height=\"850\" width=\"600\" alt=\"\" class=\"slider-6391 slide-6491 msDefaultImage\" title=\"Tafel 9\" \/><\/li>\n                <li style=\"display: none; width: 100%;\" class=\"slide-6492 ms-image \" aria-roledescription=\"slide\" data-date=\"2024-05-05 15:18:44\" data-filename=\"Tafel-10-scaled-600x850.jpg\" data-slide-type=\"image\"><img loading=\"lazy\" decoding=\"async\" src=\"https:\/\/kleinvielen-ev.de\/wp-content\/uploads\/2024\/05\/Tafel-10-scaled-600x850.jpg\" height=\"850\" width=\"600\" alt=\"\" class=\"slider-6391 slide-6492 msDefaultImage\" title=\"Tafel 10\" \/><\/li>\n            <\/ul>\n        <\/div>\n        \n    <\/div>\n<\/div>\n<p>Einen \u00dcberblick \u00fcber die Geschichte Langhagens finden Sie <a href=\"https:\/\/kleinvielen-ev.de\/wp-content\/uploads\/2024\/04\/Dorfzeitung-Nr-12-2021-Online.pdf\"><strong>hier in der Nr. 12 des heimatkundlichen Jahrbuchs des Klein Vielen e.V.<\/strong>.<\/a><\/p>\n<p><strong>Zum Hintergrund der Ausstellung:<br \/>\n<\/strong><a href=\"http:\/\/kleinvielen-ev.de\/wp-content\/uploads\/2022\/10\/Ausstellung-Langhagen-2022_10_08.jpg\"><img loading=\"lazy\" decoding=\"async\" class=\" wp-image-5636 alignright\" src=\"http:\/\/kleinvielen-ev.de\/wp-content\/uploads\/2022\/10\/Ausstellung-Langhagen-2022_10_08-300x225.jpg\" alt=\"\" width=\"151\" height=\"113\" srcset=\"https:\/\/kleinvielen-ev.de\/wp-content\/uploads\/2022\/10\/Ausstellung-Langhagen-2022_10_08-300x225.jpg 300w, https:\/\/kleinvielen-ev.de\/wp-content\/uploads\/2022\/10\/Ausstellung-Langhagen-2022_10_08-768x576.jpg 768w, https:\/\/kleinvielen-ev.de\/wp-content\/uploads\/2022\/10\/Ausstellung-Langhagen-2022_10_08.jpg 945w\" sizes=\"(max-width: 151px) 100vw, 151px\" \/><\/a>Zwei Semester lang besch\u00e4ftigten sich die Studentinnen und der Student mit der Geschichte Langhagens und wurden dabei tatkr\u00e4ftig von den Mitarbeiterinnen im damals noch laufenden Forschungsprojekt &#8222;Reallabor Landschaft&#8220; unterst\u00fctzt.<br \/>\nIn diesem 5 Jahre dauernden Vorhaben (2018-2022) wurde die Landschaftsgeschichte seit dem Drei\u00dfigj\u00e4hrigen Krieg in einem Projektgebiet untersucht, das sich von Usadel bis an die M\u00fcritz in den Gemeindegebieten von Blumenholz, Hohenzieritz, Klein Vielen, Kratzeburg und Ankershagen erstreckt.<br \/>\nDabei wurden \u00fcbliche Quellen wie Archivmaterial und Literatur ausgewertet, aber auch Kartenvergleiche herangezogen. Letzterem dienten Directorialvermessungskarten aus dem 18. Jahrhundert, Messtischbl\u00e4tter aus den 1880er Jahren, Luftbilder ab 1953 und aktuelle Kartenwerke im Geoportal Mecklenburg-Vorpommern.<a href=\"http:\/\/kleinvielen-ev.de\/wp-content\/uploads\/2022\/10\/Ausstellung-Langhagen-2022_10_08a.jpg\"><img loading=\"lazy\" decoding=\"async\" class=\"alignnone wp-image-5637 alignright\" src=\"http:\/\/kleinvielen-ev.de\/wp-content\/uploads\/2022\/10\/Ausstellung-Langhagen-2022_10_08a-300x225.jpg\" alt=\"\" width=\"151\" height=\"113\" srcset=\"https:\/\/kleinvielen-ev.de\/wp-content\/uploads\/2022\/10\/Ausstellung-Langhagen-2022_10_08a-300x225.jpg 300w, https:\/\/kleinvielen-ev.de\/wp-content\/uploads\/2022\/10\/Ausstellung-Langhagen-2022_10_08a-768x576.jpg 768w, https:\/\/kleinvielen-ev.de\/wp-content\/uploads\/2022\/10\/Ausstellung-Langhagen-2022_10_08a.jpg 945w\" sizes=\"(max-width: 151px) 100vw, 151px\" \/><\/a><br \/>\nIn der Ausstellung zur Geschichte Langhagens wird gezeigt, wie sich aus einem landwirtschaftlich gepr\u00e4gten Nebengut (zwischen 1274 und 1835) und Hauptgut (1835-1871) eine forstwirtschaftlich gepr\u00e4gte Gegend mit Oberf\u00f6rsterei bzw. F\u00f6rsterei und Forstamt (1871-1996) entwickelte.<br \/>\nDann kam der Nationalpark, in dem das Leitbild &#8222;Natur Natur sein lassen&#8220; verfolgt wird.<a href=\"http:\/\/kleinvielen-ev.de\/wp-content\/uploads\/2022\/10\/Graeberfeld.jpg\"><img loading=\"lazy\" decoding=\"async\" class=\" wp-image-5638 alignright\" src=\"http:\/\/kleinvielen-ev.de\/wp-content\/uploads\/2022\/10\/Graeberfeld-225x300.jpg\" alt=\"\" width=\"152\" height=\"202\" srcset=\"https:\/\/kleinvielen-ev.de\/wp-content\/uploads\/2022\/10\/Graeberfeld-225x300.jpg 225w, https:\/\/kleinvielen-ev.de\/wp-content\/uploads\/2022\/10\/Graeberfeld-768x1024.jpg 768w, https:\/\/kleinvielen-ev.de\/wp-content\/uploads\/2022\/10\/Graeberfeld.jpg 945w\" sizes=\"(max-width: 152px) 100vw, 152px\" \/><\/a><br \/>\nDie Aufgaben und Probleme, die mit dem Verfolg dieses Leitbildes in einer historisch gewachsenen intensiv genutzten Kulturlandschaft verbunden sind, besch\u00e4ftigten die Studierenden ebenso wie einige weitere im Master-Studiengang Landnutzungsplanung. Letztere diskutierten ein Semester lang \u00fcber den Widerspruch, der im Paragrafen eins des Bundesnaturschutzgesetzes enthalten ist:<br \/>\nEinerseits sollen Tier- und Pflanzenarten und ihre Biotope gesch\u00fctzt werden, dazu Boden, Wasser und Luft, andererseits soll gem\u00e4\u00df Bundesnaturschutzgesetz aber auch sorgsam mit Objekten und Fl\u00e4chen umgegangen werden, die aus der Wirtschafts- und Sozialgeschichte hervorgegangen sind, also Kulturg\u00fcter sind.<a href=\"http:\/\/kleinvielen-ev.de\/wp-content\/uploads\/2022\/10\/Kapelle.jpg\"><img loading=\"lazy\" decoding=\"async\" class=\" wp-image-5639 alignright\" src=\"http:\/\/kleinvielen-ev.de\/wp-content\/uploads\/2022\/10\/Kapelle-225x300.jpg\" alt=\"\" width=\"152\" height=\"202\" srcset=\"https:\/\/kleinvielen-ev.de\/wp-content\/uploads\/2022\/10\/Kapelle-225x300.jpg 225w, https:\/\/kleinvielen-ev.de\/wp-content\/uploads\/2022\/10\/Kapelle-768x1024.jpg 768w, https:\/\/kleinvielen-ev.de\/wp-content\/uploads\/2022\/10\/Kapelle.jpg 945w\" sizes=\"(max-width: 152px) 100vw, 152px\" \/><\/a><br \/>\nDas kommt auch in der Ausstellung zum Ausdruck, denn in Langhagen gibt es einen viele Jahrhunderte alten Friedhof mit heute noch vorhandenen Grabsteinen, die bis weit ins 19. Jahrhundert hinein letzte s\u00e4chliche Zeugnisse \u00fcber ehemalige Bewohner des Ortes ablegen. Dazu gibt es eine etwa 100 Jahre alte kleine Kapelle mit einer Glocke, die 1927 von den Langh\u00e4ger Einwohnerinnen und Einwohnern gestiftet wurde.<br \/>\nDie nur einmal pr\u00e4sentierte Ausstellung am Sonnabend, den 8.10. und Sonntag, den 9.10.2022 lockte nicht nur Langh\u00e4ger Einwohner und Einwohnerinnen, sondern auch G\u00e4ste aus Neustrelitz und anderen umliegenden Gemeinden an.<br \/>\nUnd &#8211; es kamen extra zur\u00a0Ausstellungser\u00f6ffnung Menschen, die in Langhagen aufwuchsen, so aus Hildesheim oder Berlin.<br \/>\nAlle, die die Ausstellung besuchten, \u00e4u\u00dferten den Wunsch, dass dem Friedhof wieder Pflege zuteil wird, spiegelt er doch am vortrefflichsten die mindestens bis 1274 zur\u00fcckreichende Geschichte dieses kleinen Ortes wider.<a href=\"http:\/\/kleinvielen-ev.de\/wp-content\/uploads\/2022\/10\/Tafel-1.jpg\"><img loading=\"lazy\" decoding=\"async\" class=\" wp-image-5643 alignright\" src=\"http:\/\/kleinvielen-ev.de\/wp-content\/uploads\/2022\/10\/Tafel-1-213x300.jpg\" alt=\"\" width=\"151\" height=\"213\" srcset=\"https:\/\/kleinvielen-ev.de\/wp-content\/uploads\/2022\/10\/Tafel-1-213x300.jpg 213w, https:\/\/kleinvielen-ev.de\/wp-content\/uploads\/2022\/10\/Tafel-1-768x1083.jpg 768w, https:\/\/kleinvielen-ev.de\/wp-content\/uploads\/2022\/10\/Tafel-1-726x1024.jpg 726w, https:\/\/kleinvielen-ev.de\/wp-content\/uploads\/2022\/10\/Tafel-1.jpg 1772w\" sizes=\"(max-width: 151px) 100vw, 151px\" \/><\/a><br \/>\nDie Fotos (Aufnahmen: H. Behrens) zeigen das Interesse der Ausstellungsg\u00e4ste, aber auch den Pflegenotstand auf dem historischen Friedhof.<br \/>\nSo sind in Folge der letzten St\u00fcrme B\u00e4ume auf das Gr\u00e4berfeld gefallen, die dort noch im Mai 2024 liegen und dringend ber\u00e4umt werden sollten, auch aus Sicherheitsgr\u00fcnden. Denn trotz des Eindrucks von Vergessen und Verwahrlosung sind es gerade die Grabsteine, die das Interesse derer wecken, die den Ort per Fahrrad oder pedes besuchen.<br \/>\n(Fotos: Hermann Behrens)<\/p>\n","protected":false},"excerpt":{"rendered":"<p>Ausstellung in Langhagen und der Wunsch nach Pflege des alten Friedhofs Fast alle Langh\u00e4ger waren am zweiten Oktoberwochenende 2022 unterwegs, um sich die Ausstellung anzusehen, die vier Studentinnen und ein Student aus dem Studiengang Naturschutz und Landnutzungsplanung an der Hochschule erarbeitet hatten. Die Ausstellung wurde vor dem Hintergrund der Corona-Pandemie nur einmal unter &#8222;Freiluftbedingungen&#8220; in &hellip; <a href=\"https:\/\/kleinvielen-ev.de\/?page_id=6003\" class=\"more-link\"><span class=\"screen-reader-text\">Eine studentische Ausstellung zu Langhagen<\/span> weiterlesen <span class=\"meta-nav\">&rarr;<\/span><\/a><\/p>\n","protected":false},"author":2,"featured_media":0,"parent":4363,"menu_order":0,"comment_status":"closed","ping_status":"closed","template":"","meta":{"footnotes":""},"_links":{"self":[{"href":"https:\/\/kleinvielen-ev.de\/index.php?rest_route=\/wp\/v2\/pages\/6003"}],"collection":[{"href":"https:\/\/kleinvielen-ev.de\/index.php?rest_route=\/wp\/v2\/pages"}],"about":[{"href":"https:\/\/kleinvielen-ev.de\/index.php?rest_route=\/wp\/v2\/types\/page"}],"author":[{"embeddable":true,"href":"https:\/\/kleinvielen-ev.de\/index.php?rest_route=\/wp\/v2\/users\/2"}],"replies":[{"embeddable":true,"href":"https:\/\/kleinvielen-ev.de\/index.php?rest_route=%2Fwp%2Fv2%2Fcomments&post=6003"}],"version-history":[{"count":19,"href":"https:\/\/kleinvielen-ev.de\/index.php?rest_route=\/wp\/v2\/pages\/6003\/revisions"}],"predecessor-version":[{"id":7384,"href":"https:\/\/kleinvielen-ev.de\/index.php?rest_route=\/wp\/v2\/pages\/6003\/revisions\/7384"}],"up":[{"embeddable":true,"href":"https:\/\/kleinvielen-ev.de\/index.php?rest_route=\/wp\/v2\/pages\/4363"}],"wp:attachment":[{"href":"https:\/\/kleinvielen-ev.de\/index.php?rest_route=%2Fwp%2Fv2%2Fmedia&parent=6003"}],"curies":[{"name":"wp","href":"https:\/\/api.w.org\/{rel}","templated":true}]}}