{"id":608,"date":"2016-11-05T16:24:08","date_gmt":"2016-11-05T16:24:08","guid":{"rendered":"http:\/\/kleinvielen-ev.de\/?page_id=608"},"modified":"2026-01-25T16:03:29","modified_gmt":"2026-01-25T15:03:29","slug":"nachrichten","status":"publish","type":"page","link":"https:\/\/kleinvielen-ev.de\/?page_id=608","title":{"rendered":"Nachrichten"},"content":{"rendered":"\r\n<h5 class=\"wp-block-heading\"><span style=\"color: #008080;\">Heimatkundliches Jahrbuch 2025 des Klein Vielen e.\u00a0V. ist erschienen!<\/span><\/h5>\r\n<p>\u201eDruckfrisch\u201c ist die neue Ausgabe der \u201eDorfzeitung\u201c, die der Klein Vielen e.\u00a0V. einmal im Jahr herausgibt. Das aktuelle \u201eHeimatkundliche Jahrbuch\u201c des Vereins versammelt wieder Aufs\u00e4tze und kleine Beitr\u00e4ge u.a. zur Geschichte der Orte und Landschaft \u201ezwischen Lieps und Havelquelle\u201c.<a href=\"https:\/\/kleinvielen-ev.de\/wp-content\/uploads\/2025\/11\/Titelseite-Nr-16-2025-scaled.jpg\"><img loading=\"lazy\" decoding=\"async\" class=\"alignright  wp-image-7468\" src=\"https:\/\/kleinvielen-ev.de\/wp-content\/uploads\/2025\/11\/Titelseite-Nr-16-2025-212x300.jpg\" alt=\"\" width=\"191\" height=\"270\" srcset=\"https:\/\/kleinvielen-ev.de\/wp-content\/uploads\/2025\/11\/Titelseite-Nr-16-2025-212x300.jpg 212w, https:\/\/kleinvielen-ev.de\/wp-content\/uploads\/2025\/11\/Titelseite-Nr-16-2025-724x1024.jpg 724w, https:\/\/kleinvielen-ev.de\/wp-content\/uploads\/2025\/11\/Titelseite-Nr-16-2025-768x1087.jpg 768w, https:\/\/kleinvielen-ev.de\/wp-content\/uploads\/2025\/11\/Titelseite-Nr-16-2025-1086x1536.jpg 1086w, https:\/\/kleinvielen-ev.de\/wp-content\/uploads\/2025\/11\/Titelseite-Nr-16-2025-1447x2048.jpg 1447w, https:\/\/kleinvielen-ev.de\/wp-content\/uploads\/2025\/11\/Titelseite-Nr-16-2025-scaled.jpg 1809w\" sizes=\"(max-width: 191px) 100vw, 191px\" \/><\/a><br \/>So besch\u00e4ftigt sich Hermann Behrens mit Pieverstorf und seinen Gutsbesitzern und der Frage, wie einer der Gutsbesitzer, Curt von Honrichs, zu seinem Adelstitel kam. <br \/>Sven M\u00fcller berichtet \u00fcber zwei bemerkenswerte Funde in Peckatel und Adamsdorf und dar\u00fcber, wo die Quelle der Tollense zu finden ist \u2013 lassen Sie sich \u00fcberraschen!<br \/>Gisela Krull widmet sich dem Thema \u201eKrieg \u2013 Gei\u00dfel der Menschheit\u201c und wirft dabei vor allem einen Blick auf die Auswirkungen der Kriege in Mecklenburg und den Orten der Gemeinde Klein Vielen.<br \/>Kristin Zimmermann schildert die Ergebnisse eines Studienprojektes der Hochschule Neubrandenburg, in dem sich Studierende des Studiengangs Landschaftsarchitektur mit dem Gutspark in Gro\u00df Vielen besch\u00e4ftigten.<br \/>Hermann Behrens bl\u00e4tterte in der Chronik der Gemeinde Klein Vielen und fand interessante Informationen zur \u00e4rztlichen Versorgung und den Poststellen, die es dort bis 1990 gab, Martin Herrmann berichtet \u00fcber seine \u201eAnbauversuche\u201c mit der Wiesenk\u00fcchenschelle, und Uta Matecki stellt schlie\u00dflich die umfangreiche Arbeit des Klein Vielen e.V. in den Jahren 2024 und 2025 vor.<br \/>Die neue Ausgabe der Dorfzeitung \u2013 Heimatkundliches Jahrbuch des Klein Vielen e. V. finden Sie hier: <strong><a href=\"https:\/\/kleinvielen-ev.de\/wp-content\/uploads\/2025\/12\/Dorfzeitung-Nr-16-2025-ebook.pdf\">Dorfzeitung Nr. 16 (2025)<\/a><\/strong><\/p>\r\n<h5><span style=\"color: #008080;\">Achtung: Neue Kontoverbindung <br \/>des gemeinn\u00fctzigen Klein Vielen e.V.<\/span><\/h5>\r\n<p>Der Klein Vielen e.V. ist ein gemeinn\u00fctziger<a href=\"https:\/\/kleinvielen-ev.de\/wp-content\/uploads\/2025\/11\/Kontoverbindung-scaled.jpg\"><img loading=\"lazy\" decoding=\"async\" class=\"alignright size-medium wp-image-7500\" src=\"https:\/\/kleinvielen-ev.de\/wp-content\/uploads\/2025\/11\/Kontoverbindung-300x110.jpg\" alt=\"\" width=\"300\" height=\"110\" srcset=\"https:\/\/kleinvielen-ev.de\/wp-content\/uploads\/2025\/11\/Kontoverbindung-300x110.jpg 300w, https:\/\/kleinvielen-ev.de\/wp-content\/uploads\/2025\/11\/Kontoverbindung-1024x376.jpg 1024w, https:\/\/kleinvielen-ev.de\/wp-content\/uploads\/2025\/11\/Kontoverbindung-768x282.jpg 768w, https:\/\/kleinvielen-ev.de\/wp-content\/uploads\/2025\/11\/Kontoverbindung-1536x565.jpg 1536w, https:\/\/kleinvielen-ev.de\/wp-content\/uploads\/2025\/11\/Kontoverbindung-2048x753.jpg 2048w\" sizes=\"(max-width: 300px) 100vw, 300px\" \/><\/a> Verein, der steuerbeg\u00fcnstigte Zwecke wie Kunst und Kultur, Denkmalschutz und Denkmalpflege, Naturschutz und Landschaftspflege, Heimatkunde und Heimatpflege f\u00f6rdert.<br \/>Er ist laut Freistellungsbescheid des Finanzamtes Waren vom 26. November 2025 nach \u00a7 5 Abs. 1 Nr. 9 KStG von der K\u00f6rperschaftssteuer und nach \u00a7 3 Nr. 6 GewStG von der Gewerbesteuer befreit.<br \/>Seit Anfang November 2025 hat der <br \/>Klein Vielen e.V. eine neue Kontoverbindung. Sie lautet nun:<strong><br \/><\/strong>Klein Vielen e. V. \u2013 Leben zwischen Lieps und Havelquelle<br \/>IBAN: DE10 1505 1732 0100 0334 40<br \/>BIC: NOLADE21MST<br \/>Sparkasse Mecklenburg-Strelitz<\/p>\r\n<h5><span style=\"color: #008080;\">Im Buchhandel erh\u00e4ltlich: <br \/>&#8222;Schnitter, Kriegsgefangene, Zwangsarbeiter.<br \/><\/span><span style=\"color: #008080;\"><a style=\"color: #ea9629; text-decoration-line: underline; outline: 0px;\" href=\"https:\/\/kleinvielen-ev.de\/wp-content\/uploads\/2024\/12\/Krull-Umschlag_Titel.jpg\"><img loading=\"lazy\" decoding=\"async\" class=\"alignright  wp-image-6661\" src=\"https:\/\/kleinvielen-ev.de\/wp-content\/uploads\/2024\/12\/Krull-Umschlag_Titel-195x300.jpg\" alt=\"\" width=\"168\" height=\"258\" srcset=\"https:\/\/kleinvielen-ev.de\/wp-content\/uploads\/2024\/12\/Krull-Umschlag_Titel-195x300.jpg 195w, https:\/\/kleinvielen-ev.de\/wp-content\/uploads\/2024\/12\/Krull-Umschlag_Titel-664x1024.jpg 664w, https:\/\/kleinvielen-ev.de\/wp-content\/uploads\/2024\/12\/Krull-Umschlag_Titel-768x1184.jpg 768w, https:\/\/kleinvielen-ev.de\/wp-content\/uploads\/2024\/12\/Krull-Umschlag_Titel-996x1536.jpg 996w, https:\/\/kleinvielen-ev.de\/wp-content\/uploads\/2024\/12\/Krull-Umschlag_Titel.jpg 1216w\" sizes=\"(max-width: 168px) 100vw, 168px\" \/><\/a>Ausl\u00e4ndische Landarbeiter in Mecklenburg&#8220;<\/span><\/h5>\r\n<p><a href=\"https:\/\/edition-lesezeichen.de\/detail\/index\/sArticle\/1167\/sCategory\/10\"><strong>edition lesezeichen<\/strong><\/a>. 68 Seiten, 27 Abbildungen, Broschur.\u00a0<\/p>\r\n<p>ISBN 978-3-948995-27-0<br \/>(14.12.2024) Gisela Krull besch\u00e4ftigt sich <a href=\"https:\/\/kleinvielen-ev.de\/?page_id=6660\"><strong>in diesem Buch<\/strong>\u00a0<\/a>mit vergessenen, gleichwohl f\u00fcr die l\u00e4ndlichen R\u00e4ume Mecklenburgs bis 1945 \u00fcberlebenswichtigen Menschen: mit Wanderarbeitern, einer verachteten Minderheit im Dorf, mit Zwangsarbeitern, f\u00fcr die es keine Wiedergutmachung gab und Kriegsgefangenen, deren Arbeitskraft unter Versto\u00df gegen die Genfer Konvention ausgebeutet wurde.<\/p>\r\n<h5><span style=\"color: #008080;\"><a style=\"color: #008080;\" href=\"https:\/\/kleinvielen-ev.de\/wp-content\/uploads\/2024\/07\/24-03497_Umschlag-S-1.jpg\">&#8222;<\/a>Zur falschen Zeit am falschen Ort. <br \/>Der Lebensweg des Otto Remer&#8220;<a style=\"color: #008080;\" href=\"https:\/\/kleinvielen-ev.de\/wp-content\/uploads\/2024\/07\/24-03497_Umschlag-S-1.jpg\"><img loading=\"lazy\" decoding=\"async\" class=\"alignright  wp-image-6526\" style=\"font-family: 'Source Sans Pro', Helvetica, sans-serif; font-size: 16px; font-weight: 400;\" src=\"https:\/\/kleinvielen-ev.de\/wp-content\/uploads\/2024\/07\/24-03497_Umschlag-S-1-189x300.jpg\" alt=\"\" width=\"167\" height=\"265\" srcset=\"https:\/\/kleinvielen-ev.de\/wp-content\/uploads\/2024\/07\/24-03497_Umschlag-S-1-189x300.jpg 189w, https:\/\/kleinvielen-ev.de\/wp-content\/uploads\/2024\/07\/24-03497_Umschlag-S-1-645x1024.jpg 645w, https:\/\/kleinvielen-ev.de\/wp-content\/uploads\/2024\/07\/24-03497_Umschlag-S-1-768x1220.jpg 768w, https:\/\/kleinvielen-ev.de\/wp-content\/uploads\/2024\/07\/24-03497_Umschlag-S-1.jpg 843w\" sizes=\"(max-width: 167px) 100vw, 167px\" \/><\/a><\/span><\/h5>\r\n<p><strong><a href=\"https:\/\/edition-lesezeichen.de\/detail\/index\/sArticle\/1165\/sCategory\/9\">edition lesezeichen<\/a><\/strong>. 136 Seiten, 24 Abbildungen, <a href=\"https:\/\/kleinvielen-ev.de\/wp-content\/uploads\/2024\/07\/24-03497_Umschlag-S-1.jpg\">Broschur.<\/a> ISBN 978-3-941681-25-6<br \/>(14.12.2024) Hermann Behrens zeichnet <strong><a href=\"https:\/\/kleinvielen-ev.de\/?page_id=6525\">in diesem Buch<\/a><\/strong> die Lebensgeschichte von Dr. Otto Remer, einem akademisch ausgebildeten Sohn eines Gutsbesitzers aus der Gegend von Dargun nach, den es zu Beginn der 1930er Jahre in das mecklenburgische Dorf Peckatel verschlug, wo er eine Siedlung erwarb.<br \/>Otto Remer geriet sowohl in der Zeit des Faschismus als auch in den Jahren nach dem Zweiten Weltkrieg in zahlreiche Konflikte. Sein Leben in drei Gesellschaftssystemen\u00a0 wird in dem Buch nachgezeichnet.<\/p>\r\n<p>&nbsp;<\/p>\r\n<p><\/p>","protected":false},"excerpt":{"rendered":"<p>Heimatkundliches Jahrbuch 2025 des Klein Vielen e.\u00a0V. ist erschienen! \u201eDruckfrisch\u201c ist die neue Ausgabe der \u201eDorfzeitung\u201c, die der Klein Vielen e.\u00a0V. einmal im Jahr herausgibt. Das aktuelle \u201eHeimatkundliche Jahrbuch\u201c des Vereins versammelt wieder Aufs\u00e4tze und kleine Beitr\u00e4ge u.a. zur Geschichte der Orte und Landschaft \u201ezwischen Lieps und Havelquelle\u201c.So besch\u00e4ftigt sich Hermann Behrens mit Pieverstorf und &hellip; <a href=\"https:\/\/kleinvielen-ev.de\/?page_id=608\" class=\"more-link\"><span class=\"screen-reader-text\">Nachrichten<\/span> weiterlesen <span class=\"meta-nav\">&rarr;<\/span><\/a><\/p>\n","protected":false},"author":2,"featured_media":0,"parent":11,"menu_order":0,"comment_status":"closed","ping_status":"closed","template":"","meta":{"footnotes":""},"_links":{"self":[{"href":"https:\/\/kleinvielen-ev.de\/index.php?rest_route=\/wp\/v2\/pages\/608"}],"collection":[{"href":"https:\/\/kleinvielen-ev.de\/index.php?rest_route=\/wp\/v2\/pages"}],"about":[{"href":"https:\/\/kleinvielen-ev.de\/index.php?rest_route=\/wp\/v2\/types\/page"}],"author":[{"embeddable":true,"href":"https:\/\/kleinvielen-ev.de\/index.php?rest_route=\/wp\/v2\/users\/2"}],"replies":[{"embeddable":true,"href":"https:\/\/kleinvielen-ev.de\/index.php?rest_route=%2Fwp%2Fv2%2Fcomments&post=608"}],"version-history":[{"count":800,"href":"https:\/\/kleinvielen-ev.de\/index.php?rest_route=\/wp\/v2\/pages\/608\/revisions"}],"predecessor-version":[{"id":7564,"href":"https:\/\/kleinvielen-ev.de\/index.php?rest_route=\/wp\/v2\/pages\/608\/revisions\/7564"}],"up":[{"embeddable":true,"href":"https:\/\/kleinvielen-ev.de\/index.php?rest_route=\/wp\/v2\/pages\/11"}],"wp:attachment":[{"href":"https:\/\/kleinvielen-ev.de\/index.php?rest_route=%2Fwp%2Fv2%2Fmedia&parent=608"}],"curies":[{"name":"wp","href":"https:\/\/api.w.org\/{rel}","templated":true}]}}