{"id":61,"date":"2016-10-26T11:40:18","date_gmt":"2016-10-26T11:40:18","guid":{"rendered":"http:\/\/kleinvielen-ev.de\/?page_id=61"},"modified":"2018-05-22T13:49:49","modified_gmt":"2018-05-22T13:49:49","slug":"gruendung","status":"publish","type":"page","link":"https:\/\/kleinvielen-ev.de\/?page_id=61","title":{"rendered":"Gr\u00fcndungsidee"},"content":{"rendered":"<p>Der <strong>Klein Vielen e.\u00a0V. \u2013 Leben zwischen Lieps und Havelquelle<\/strong> wurde am 15. Januar 2009 in das Vereinsregister eingetragen. Die Gr\u00fcndungsidee hatte eine l\u00e4ngere Vorgeschichte:<\/p>\n<p><a href=\"http:\/\/kleinvielen-ev.de\/wp-content\/uploads\/2016\/10\/Gemeindezentrum.jpg\"><img loading=\"lazy\" decoding=\"async\" class=\"alignnone wp-image-387 alignright\" src=\"http:\/\/kleinvielen-ev.de\/wp-content\/uploads\/2016\/10\/Gemeindezentrum-300x215.jpg\" alt=\"gemeindezentrum\" width=\"243\" height=\"174\" srcset=\"https:\/\/kleinvielen-ev.de\/wp-content\/uploads\/2016\/10\/Gemeindezentrum-300x215.jpg 300w, https:\/\/kleinvielen-ev.de\/wp-content\/uploads\/2016\/10\/Gemeindezentrum.jpg 630w\" sizes=\"(max-width: 243px) 100vw, 243px\" \/><\/a><\/p>\n<p>In Peckatel wurde im Jahre 2006 die bisherige Grundschule geschlossen, in der von\u00a0engagierten Lehrerinnen und Lehrern die Sch\u00fclerinnen und Sch\u00fcler aus D\u00f6rfern zwischen Lieps und Havelquelle\u00a0 unterrichtet worden waren. Die Schulschlie\u00dfung war ein gro\u00dfer Verlust an Bildungsinfrastruktur.<br \/>\nDas ehemalige Schulgeb\u00e4ude wurde im Jahre 2008 mit Hilfe von EU-F\u00f6rdermitteln zu einem Gemeindezentrum umgebaut.<br \/>\nAls sich die M\u00f6glichkeit f\u00fcr einen Umbau des alten Schulgeb\u00e4udes abzeichnete, gr\u00fcndete sich aus den Reihen der Klein Vielener B\u00fcrgerschaft eine Initiativgruppe, die sich vornahm dazu beizutragen, das neue Gemeindezentrum mit Leben zu erf\u00fcllen.<br \/>\nAus dieser Initiativgruppe heraus gr\u00fcndete sich schlie\u00dflich der &#8222;Klein Vielen e.V. &#8211; Leben zwischen Lieps und Havelquelle&#8220;, der seinen Wirkungskreis &#8211; der Name deutet darauf hin &#8211; ausdr\u00fccklich nicht auf die Gemeindegrenzen beschr\u00e4nkt sah und sieht, sondern auch auf aktive Unterst\u00fctzung aus den umliegenden Gemeinden hofft.<br \/>\nDer Klein Vielen e. V. f\u00fchrt seit 2009 regelm\u00e4\u00dfig Veranstaltungen im Gemeindezentrum durch, besch\u00e4ftigt sich mit der Geschichte der Gemeinde und den denkmalgesch\u00fctzten und -w\u00fcrdigen Bauten und Anlagen, beteiligt sich aktiv an Naturschutz- und Landschaftspflegearbeiten und, und &#8230;<br \/>\nAber nicht nur bei uns k\u00f6nnten es noch mehr Menschen sein, die sich engagieren.<br \/>\nUnd so hoffen auch wir stets auf neue Mitglieder, die helfen, die satzungsgem\u00e4\u00dfen Ziele zu erreichen.<\/p>\n<h5><strong>Wer bei uns mitmachen m\u00f6chte, ist herzlich willkommen!<\/strong><\/h5>\n<p><a href=\"http:\/\/kleinvielen-ev.de\/wp-content\/uploads\/2016\/10\/Aufnahmeantrag-Klein-Vielen-eV-2016.pdf\">Hier geht es zum Aufnahmeantrag<\/a><\/p>\n<p>&nbsp;<\/p>\n<p>&nbsp;<\/p>\n","protected":false},"excerpt":{"rendered":"<p>Der Klein Vielen e.\u00a0V. \u2013 Leben zwischen Lieps und Havelquelle wurde am 15. Januar 2009 in das Vereinsregister eingetragen. Die Gr\u00fcndungsidee hatte eine l\u00e4ngere Vorgeschichte: In Peckatel wurde im Jahre 2006 die bisherige Grundschule geschlossen, in der von\u00a0engagierten Lehrerinnen und Lehrern die Sch\u00fclerinnen und Sch\u00fcler aus D\u00f6rfern zwischen Lieps und Havelquelle\u00a0 unterrichtet worden waren. Die &hellip; <a href=\"https:\/\/kleinvielen-ev.de\/?page_id=61\" class=\"more-link\"><span class=\"screen-reader-text\">Gr\u00fcndungsidee<\/span> weiterlesen <span class=\"meta-nav\">&rarr;<\/span><\/a><\/p>\n","protected":false},"author":1,"featured_media":0,"parent":9,"menu_order":0,"comment_status":"closed","ping_status":"closed","template":"","meta":{"footnotes":""},"_links":{"self":[{"href":"https:\/\/kleinvielen-ev.de\/index.php?rest_route=\/wp\/v2\/pages\/61"}],"collection":[{"href":"https:\/\/kleinvielen-ev.de\/index.php?rest_route=\/wp\/v2\/pages"}],"about":[{"href":"https:\/\/kleinvielen-ev.de\/index.php?rest_route=\/wp\/v2\/types\/page"}],"author":[{"embeddable":true,"href":"https:\/\/kleinvielen-ev.de\/index.php?rest_route=\/wp\/v2\/users\/1"}],"replies":[{"embeddable":true,"href":"https:\/\/kleinvielen-ev.de\/index.php?rest_route=%2Fwp%2Fv2%2Fcomments&post=61"}],"version-history":[{"count":20,"href":"https:\/\/kleinvielen-ev.de\/index.php?rest_route=\/wp\/v2\/pages\/61\/revisions"}],"predecessor-version":[{"id":200,"href":"https:\/\/kleinvielen-ev.de\/index.php?rest_route=\/wp\/v2\/pages\/61\/revisions\/200"}],"up":[{"embeddable":true,"href":"https:\/\/kleinvielen-ev.de\/index.php?rest_route=\/wp\/v2\/pages\/9"}],"wp:attachment":[{"href":"https:\/\/kleinvielen-ev.de\/index.php?rest_route=%2Fwp%2Fv2%2Fmedia&parent=61"}],"curies":[{"name":"wp","href":"https:\/\/api.w.org\/{rel}","templated":true}]}}