{"id":6660,"date":"2024-12-14T09:44:15","date_gmt":"2024-12-14T08:44:15","guid":{"rendered":"https:\/\/kleinvielen-ev.de\/?page_id=6660"},"modified":"2025-10-02T13:09:36","modified_gmt":"2025-10-02T12:09:36","slug":"schnitter-kriegsgefangene-zwangsarbeiter-auslaendische-landarbeiter-in-mecklenburg","status":"publish","type":"page","link":"https:\/\/kleinvielen-ev.de\/?page_id=6660","title":{"rendered":"Schnitter, Kriegsgefangene, Zwangsarbeiter"},"content":{"rendered":"<h5><span style=\"color: #008080;\">Gisela Krull:\u00a0<\/span><br \/>\n<span style=\"color: #008080;\">Schnitter, Kriegsgefangene, Zwangsarbeiter<a href=\"https:\/\/kleinvielen-ev.de\/wp-content\/uploads\/2024\/12\/Krull-Umschlag_Titel.jpg\"><img loading=\"lazy\" decoding=\"async\" class=\"alignright wp-image-6661\" src=\"https:\/\/kleinvielen-ev.de\/wp-content\/uploads\/2024\/12\/Krull-Umschlag_Titel-195x300.jpg\" alt=\"\" width=\"156\" height=\"240\" srcset=\"https:\/\/kleinvielen-ev.de\/wp-content\/uploads\/2024\/12\/Krull-Umschlag_Titel-195x300.jpg 195w, https:\/\/kleinvielen-ev.de\/wp-content\/uploads\/2024\/12\/Krull-Umschlag_Titel-664x1024.jpg 664w, https:\/\/kleinvielen-ev.de\/wp-content\/uploads\/2024\/12\/Krull-Umschlag_Titel-768x1184.jpg 768w, https:\/\/kleinvielen-ev.de\/wp-content\/uploads\/2024\/12\/Krull-Umschlag_Titel-996x1536.jpg 996w, https:\/\/kleinvielen-ev.de\/wp-content\/uploads\/2024\/12\/Krull-Umschlag_Titel.jpg 1216w\" sizes=\"(max-width: 156px) 100vw, 156px\" \/><\/a><\/span><\/h5>\n<p>Sie geh\u00f6ren zur Geschichte Mecklenburgs\u00a0im 20. Jahrhundert:<br \/>\nWanderarbeiter: eine verachtete Minderheit im Dorf,<br \/>\nZwangsarbeiter: f\u00fcr sie gab es keine Wiedergutmachung,<br \/>\nKriegsgefangene: Ihre Arbeitskraft wurde unter Versto\u00df gegen die Genfer Konvention ausgebeutet.<br \/>\nIn Schnitter, Kriegsgefangene, Zwangsarbeiter beleuchtet <strong>Gisela Krull<\/strong> ein bisher oft vernachl\u00e4ssigtes Kapitel der Geschichte Mecklenburg-Strelitz&#8216;. Mit tiefgr\u00fcndiger Recherche, pers\u00f6nlichen Begegnungen und den Erinnerungen von Zeitzeugen dokumentiert sie die Lebensrealit\u00e4ten ausl\u00e4ndischer Arbeiter, Kriegsgefangener und Zwangsarbeiter, die w\u00e4hrend des 20. Jahrhunderts auf mecklenburgischen Feldern t\u00e4tig waren. Die Autorin verkn\u00fcpft Einzelbeispiele und pers\u00f6nliche Schilderungen mit einem breiteren historischen Kontext und schafft so ein vielschichtiges Bild einer Epoche, in der globale Entwicklungen und lokale Schicksale untrennbar miteinander verwoben waren. Dabei setzt sie sich auch kritisch mit Verdr\u00e4ngung und Verharmlosung auseinander und pl\u00e4diert eindringlich f\u00fcr ein besseres Verst\u00e4ndnis von Geschichte und Identit\u00e4t als Grundlage f\u00fcr Toleranz und ein friedliches Miteinander.<br \/>\nDieses Buch ist nicht nur eine historische Bestandsaufnahme, sondern auch ein Appell an das Gewissen: Es ruft dazu auf, die Verantwortung f\u00fcr die Vergangenheit anzunehmen und Br\u00fccken zu bauen \u2013 zwischen Menschen, Kulturen und Generationen.<\/p>\n<p>Sie k\u00f6nnen das B\u00fcchlein hier bestellen:<br \/>\n<a href=\"https:\/\/www.steffen-verlag.de\/buch\/schnitter-kriegsgefangene-zwangsarbeiter\/\"><strong>edition lesezeichen<\/strong><\/a>. 68 Seiten, 27 Abbildungen, Broschur. Preis: 8 Euro<br \/>\nISBN 978-3-948995-27-0<\/p>\n<p>&nbsp;<\/p>\n","protected":false},"excerpt":{"rendered":"<p>Gisela Krull:\u00a0 Schnitter, Kriegsgefangene, Zwangsarbeiter Sie geh\u00f6ren zur Geschichte Mecklenburgs\u00a0im 20. Jahrhundert: Wanderarbeiter: eine verachtete Minderheit im Dorf, Zwangsarbeiter: f\u00fcr sie gab es keine Wiedergutmachung, Kriegsgefangene: Ihre Arbeitskraft wurde unter Versto\u00df gegen die Genfer Konvention ausgebeutet. In Schnitter, Kriegsgefangene, Zwangsarbeiter beleuchtet Gisela Krull ein bisher oft vernachl\u00e4ssigtes Kapitel der Geschichte Mecklenburg-Strelitz&#8216;. Mit tiefgr\u00fcndiger Recherche, pers\u00f6nlichen &hellip; <a href=\"https:\/\/kleinvielen-ev.de\/?page_id=6660\" class=\"more-link\"><span class=\"screen-reader-text\">Schnitter, Kriegsgefangene, Zwangsarbeiter<\/span> weiterlesen <span class=\"meta-nav\">&rarr;<\/span><\/a><\/p>\n","protected":false},"author":2,"featured_media":0,"parent":599,"menu_order":0,"comment_status":"closed","ping_status":"closed","template":"","meta":{"footnotes":""},"_links":{"self":[{"href":"https:\/\/kleinvielen-ev.de\/index.php?rest_route=\/wp\/v2\/pages\/6660"}],"collection":[{"href":"https:\/\/kleinvielen-ev.de\/index.php?rest_route=\/wp\/v2\/pages"}],"about":[{"href":"https:\/\/kleinvielen-ev.de\/index.php?rest_route=\/wp\/v2\/types\/page"}],"author":[{"embeddable":true,"href":"https:\/\/kleinvielen-ev.de\/index.php?rest_route=\/wp\/v2\/users\/2"}],"replies":[{"embeddable":true,"href":"https:\/\/kleinvielen-ev.de\/index.php?rest_route=%2Fwp%2Fv2%2Fcomments&post=6660"}],"version-history":[{"count":8,"href":"https:\/\/kleinvielen-ev.de\/index.php?rest_route=\/wp\/v2\/pages\/6660\/revisions"}],"predecessor-version":[{"id":7427,"href":"https:\/\/kleinvielen-ev.de\/index.php?rest_route=\/wp\/v2\/pages\/6660\/revisions\/7427"}],"up":[{"embeddable":true,"href":"https:\/\/kleinvielen-ev.de\/index.php?rest_route=\/wp\/v2\/pages\/599"}],"wp:attachment":[{"href":"https:\/\/kleinvielen-ev.de\/index.php?rest_route=%2Fwp%2Fv2%2Fmedia&parent=6660"}],"curies":[{"name":"wp","href":"https:\/\/api.w.org\/{rel}","templated":true}]}}