{"id":71,"date":"2016-10-26T11:41:33","date_gmt":"2016-10-26T11:41:33","guid":{"rendered":"http:\/\/kleinvielen-ev.de\/?page_id=71"},"modified":"2024-07-20T15:46:27","modified_gmt":"2024-07-20T14:46:27","slug":"unsere-naturdenkmale","status":"publish","type":"page","link":"https:\/\/kleinvielen-ev.de\/?page_id=71","title":{"rendered":"Gesch\u00fctzte Natur"},"content":{"rendered":"<p>Hier werden nach Naturschutzrecht gesch\u00fctzte Gebiete und Objekte in der Gemeinde Klein Vielen vorgestellt. Hierzu geh\u00f6ren das Naturschutzgebiet (NSG) &#8222;Klein Vielener See&#8220;, mehrere Naturdenkmale, dazu sogenannte FFH-Gebiete, die nach der Flora-Fauna-Habitat-Richtlinie (<em>Richtlinie 92\/43\/EWG des Rates vom 21. Mai 1992 zur Erhaltung der nat\u00fcrlichen Lebensr\u00e4ume sowie der wildlebenden Tiere und Pflanzen) <\/em>der Europ\u00e4ischen Union gesch\u00fctzt sind, und mehr.<\/p>\n<p><a href=\"https:\/\/kleinvielen-ev.de\/?page_id=1062\"><strong>NSG &#8222;Klein Vielener See&#8220;<\/strong><\/a><br \/>\n<a href=\"https:\/\/kleinvielen-ev.de\/?page_id=1362\"><strong>NSG &#8222;Rosenholz und Zippelower Bachtal&#8220;<\/strong><\/a><br \/>\n<a href=\"https:\/\/kleinvielen-ev.de\/?page_id=1177\"><strong>Der &#8222;Wedensee&#8220; &#8211; Teil von NATURA 2000<\/strong><\/a><br \/>\n<a href=\"https:\/\/kleinvielen-ev.de\/?page_id=867\"><strong>Naturdenkmale<\/strong><\/a><br \/>\n<a href=\"https:\/\/kleinvielen-ev.de\/?page_id=67\"><strong>M\u00fcritz-Nationalpark<\/strong><\/a><\/p>\n","protected":false},"excerpt":{"rendered":"<p>Hier werden nach Naturschutzrecht gesch\u00fctzte Gebiete und Objekte in der Gemeinde Klein Vielen vorgestellt. Hierzu geh\u00f6ren das Naturschutzgebiet (NSG) &#8222;Klein Vielener See&#8220;, mehrere Naturdenkmale, dazu sogenannte FFH-Gebiete, die nach der Flora-Fauna-Habitat-Richtlinie (Richtlinie 92\/43\/EWG des Rates vom 21. Mai 1992 zur Erhaltung der nat\u00fcrlichen Lebensr\u00e4ume sowie der wildlebenden Tiere und Pflanzen) der Europ\u00e4ischen Union gesch\u00fctzt sind, &hellip; <a href=\"https:\/\/kleinvielen-ev.de\/?page_id=71\" class=\"more-link\"><span class=\"screen-reader-text\">Gesch\u00fctzte Natur<\/span> weiterlesen <span class=\"meta-nav\">&rarr;<\/span><\/a><\/p>\n","protected":false},"author":1,"featured_media":0,"parent":13,"menu_order":0,"comment_status":"closed","ping_status":"closed","template":"","meta":{"footnotes":""},"_links":{"self":[{"href":"https:\/\/kleinvielen-ev.de\/index.php?rest_route=\/wp\/v2\/pages\/71"}],"collection":[{"href":"https:\/\/kleinvielen-ev.de\/index.php?rest_route=\/wp\/v2\/pages"}],"about":[{"href":"https:\/\/kleinvielen-ev.de\/index.php?rest_route=\/wp\/v2\/types\/page"}],"author":[{"embeddable":true,"href":"https:\/\/kleinvielen-ev.de\/index.php?rest_route=\/wp\/v2\/users\/1"}],"replies":[{"embeddable":true,"href":"https:\/\/kleinvielen-ev.de\/index.php?rest_route=%2Fwp%2Fv2%2Fcomments&post=71"}],"version-history":[{"count":8,"href":"https:\/\/kleinvielen-ev.de\/index.php?rest_route=\/wp\/v2\/pages\/71\/revisions"}],"predecessor-version":[{"id":1025,"href":"https:\/\/kleinvielen-ev.de\/index.php?rest_route=\/wp\/v2\/pages\/71\/revisions\/1025"}],"up":[{"embeddable":true,"href":"https:\/\/kleinvielen-ev.de\/index.php?rest_route=\/wp\/v2\/pages\/13"}],"wp:attachment":[{"href":"https:\/\/kleinvielen-ev.de\/index.php?rest_route=%2Fwp%2Fv2%2Fmedia&parent=71"}],"curies":[{"name":"wp","href":"https:\/\/api.w.org\/{rel}","templated":true}]}}