{"id":797,"date":"2016-11-22T14:50:56","date_gmt":"2016-11-22T14:50:56","guid":{"rendered":"http:\/\/kleinvielen-ev.de\/?page_id=797"},"modified":"2021-03-23T10:28:56","modified_gmt":"2021-03-23T10:28:56","slug":"verschiedenes","status":"publish","type":"page","link":"https:\/\/kleinvielen-ev.de\/?page_id=797","title":{"rendered":"Unbekannte Tote"},"content":{"rendered":"<h5><strong>Unbekannte Tote<\/strong><\/h5>\n<p style=\"text-align: left;\">Zur Tragik jedweden Krieges geh\u00f6rt, dass viele, viele Soldaten <a href=\"http:\/\/kleinvielen-ev.de\/wp-content\/uploads\/2016\/11\/Unbekannter-Hartwigsdorf-kl.jpg\"><img loading=\"lazy\" decoding=\"async\" class=\" wp-image-916 alignright\" src=\"http:\/\/kleinvielen-ev.de\/wp-content\/uploads\/2016\/11\/Unbekannter-Hartwigsdorf-kl-178x300.jpg\" alt=\"unbekannter-hartwigsdorf-kl\" width=\"129\" height=\"217\" srcset=\"https:\/\/kleinvielen-ev.de\/wp-content\/uploads\/2016\/11\/Unbekannter-Hartwigsdorf-kl-178x300.jpg 178w, https:\/\/kleinvielen-ev.de\/wp-content\/uploads\/2016\/11\/Unbekannter-Hartwigsdorf-kl-607x1024.jpg 607w, https:\/\/kleinvielen-ev.de\/wp-content\/uploads\/2016\/11\/Unbekannter-Hartwigsdorf-kl.jpg 630w\" sizes=\"(max-width: 129px) 100vw, 129px\" \/><\/a><br \/>\nund Zivilisten sterben, deren Gebeine irgendwann und irgendwo, h\u00e4ufig fernab ihrer Herkunftsheimat, begraben oder auch nur w\u00fcrdelos verscharrt werden. Ihre Namen und die Namen derer, die um sie trauerten, kennt niemand.<br \/>\nSo war es auch im vom faschistischen Deutschland entfesselten Zweiten Weltkrieg, der auch in den D\u00f6rfern unserer Gemeinde unbekannte Tote zur\u00fccklie\u00df.<br \/>\nAuf dem Friedhof von Hartwigsdorf gab es lange Zeit ein Grab mit einem Holzkreuz und der Aufschrift \u00bb<em>Unbekannter<\/em>\u00ab (Foto oben).<br \/>\nDie Hartwigsdorfer Familie Toedter hielt das Grab auf dem<br \/>\nHartwigsdorfer Friedhof jahrzehntelang in Ordnung.<br \/>\nDas Grab gibt es nicht mehr, das Holzkreuz aber gibt es noch. Es lehnt, wie das Foto oben vom Dezember 2016 zeigt, verwittert und bald vergangen an einer Eiche, die auf dem Friedhof steht.<a href=\"http:\/\/kleinvielen-ev.de\/wp-content\/uploads\/2016\/11\/unbekannter-peckatel.jpg\"><img loading=\"lazy\" decoding=\"async\" class=\" wp-image-917 alignright\" src=\"http:\/\/kleinvielen-ev.de\/wp-content\/uploads\/2016\/11\/unbekannter-peckatel-178x300.jpg\" alt=\"unbekannter-peckatel\" width=\"130\" height=\"219\" srcset=\"https:\/\/kleinvielen-ev.de\/wp-content\/uploads\/2016\/11\/unbekannter-peckatel-178x300.jpg 178w, https:\/\/kleinvielen-ev.de\/wp-content\/uploads\/2016\/11\/unbekannter-peckatel.jpg 472w\" sizes=\"(max-width: 130px) 100vw, 130px\" \/><\/a><br \/>\nEin weiterer Unbekannter wurde im Fr\u00fchjahr 1945 tot im Garten eines Hartwigsdorfer Bauern aufgefunden. Es war ein Zivilist, wahrscheinlich ein Zwangsarbeiter, wohl auf der Flucht verstorben. Sein Name, seine Geburts- und Sterbedaten und die Todesursache sind ebenfalls unbekannt. Er wurde am Rande des Gartens begraben.<br \/>\nAuch auf dem Friedhof in Peckatel liegt ein Unbekannter, dessen Grab noch besteht (Foto Mitte) und gepflegt wird.<br \/>\nEin weiterer unbekannter Toter ruht nahe Brustorf (Foto unten).<br \/>\nBei der ehemaligen F\u00f6rsterei in Brustorf starben am 30. April 1945 drei sowjetische und ein deutscher Soldat. Bis in die 1970er Jahre wies ein Holzkreuz, das ein Stahlhelm &#8222;schm\u00fcckte&#8220;, auf das mit einem flachen Stein bedeckte Grab hin.<a href=\"http:\/\/kleinvielen-ev.de\/wp-content\/uploads\/2016\/11\/soldatengrab-brustorf.jpg\"><img loading=\"lazy\" decoding=\"async\" class=\" wp-image-1049 alignright\" src=\"http:\/\/kleinvielen-ev.de\/wp-content\/uploads\/2016\/11\/soldatengrab-brustorf-186x300.jpg\" alt=\"soldatengrab-brustorf\" width=\"131\" height=\"211\" srcset=\"https:\/\/kleinvielen-ev.de\/wp-content\/uploads\/2016\/11\/soldatengrab-brustorf-186x300.jpg 186w, https:\/\/kleinvielen-ev.de\/wp-content\/uploads\/2016\/11\/soldatengrab-brustorf.jpg 367w\" sizes=\"(max-width: 131px) 100vw, 131px\" \/><\/a><br \/>\n&#8222;Das Kreuz ist vergangen, bei Forstarbeiten wurde der Stein versetzt, die Grabstelle wucherte zu. [&#8230;] Seit 1997 schm\u00fcckt ein schlichter Grabstein die letzte Ruhest\u00e4tte des unbekannten Soldaten am Brustorfer Waldrand. Brustorfer und Peckateler \u00a0Einwohner richteten sie wieder her, und sie wird st\u00e4ndig gepflegt. Dem Toten n\u00fctzt das nichts, aber f\u00fcr die Lebenden sollte es Mahnung und Anregung sein, \u00fcber die Sinnlosigkeit eines Krieges nachzudenken, das Leben sinnvoll zu gestalten und die W\u00fcrde des Toten zu wahren.&#8220; (Krull 2000: 25)<\/p>\n<p style=\"text-align: left;\"><strong>Literatur<\/strong>:<br \/>\nKrull, G. 2000: Das Soldatengrab in Brustorf. Mecklenburg-Strelitzer Kalender 2000. Neustrelitz: S. 25.<br \/>\nPuvogel, Ulrike 2000: Gedenkst\u00e4tten f\u00fcr die Opfer des Nationalsozialismus. Hrsg. von der Bundeszentrale f\u00fcr politische Bildung. Band 2. Bonn: S. 421 (zum Grab des Unbekannten in Hartwigsdorf).<br \/>\nFotos: H.B.<\/p>\n<p>&nbsp;<\/p>\n","protected":false},"excerpt":{"rendered":"<p>Unbekannte Tote Zur Tragik jedweden Krieges geh\u00f6rt, dass viele, viele Soldaten und Zivilisten sterben, deren Gebeine irgendwann und irgendwo, h\u00e4ufig fernab ihrer Herkunftsheimat, begraben oder auch nur w\u00fcrdelos verscharrt werden. Ihre Namen und die Namen derer, die um sie trauerten, kennt niemand. So war es auch im vom faschistischen Deutschland entfesselten Zweiten Weltkrieg, der auch &hellip; <a href=\"https:\/\/kleinvielen-ev.de\/?page_id=797\" class=\"more-link\"><span class=\"screen-reader-text\">Unbekannte Tote<\/span> weiterlesen <span class=\"meta-nav\">&rarr;<\/span><\/a><\/p>\n","protected":false},"author":2,"featured_media":0,"parent":1103,"menu_order":0,"comment_status":"closed","ping_status":"closed","template":"","meta":{"footnotes":""},"_links":{"self":[{"href":"https:\/\/kleinvielen-ev.de\/index.php?rest_route=\/wp\/v2\/pages\/797"}],"collection":[{"href":"https:\/\/kleinvielen-ev.de\/index.php?rest_route=\/wp\/v2\/pages"}],"about":[{"href":"https:\/\/kleinvielen-ev.de\/index.php?rest_route=\/wp\/v2\/types\/page"}],"author":[{"embeddable":true,"href":"https:\/\/kleinvielen-ev.de\/index.php?rest_route=\/wp\/v2\/users\/2"}],"replies":[{"embeddable":true,"href":"https:\/\/kleinvielen-ev.de\/index.php?rest_route=%2Fwp%2Fv2%2Fcomments&post=797"}],"version-history":[{"count":27,"href":"https:\/\/kleinvielen-ev.de\/index.php?rest_route=\/wp\/v2\/pages\/797\/revisions"}],"predecessor-version":[{"id":1543,"href":"https:\/\/kleinvielen-ev.de\/index.php?rest_route=\/wp\/v2\/pages\/797\/revisions\/1543"}],"up":[{"embeddable":true,"href":"https:\/\/kleinvielen-ev.de\/index.php?rest_route=\/wp\/v2\/pages\/1103"}],"wp:attachment":[{"href":"https:\/\/kleinvielen-ev.de\/index.php?rest_route=%2Fwp%2Fv2%2Fmedia&parent=797"}],"curies":[{"name":"wp","href":"https:\/\/api.w.org\/{rel}","templated":true}]}}