{"id":802,"date":"2016-11-22T17:42:05","date_gmt":"2016-11-22T17:42:05","guid":{"rendered":"http:\/\/kleinvielen-ev.de\/?page_id=802"},"modified":"2023-03-29T17:20:02","modified_gmt":"2023-03-29T17:20:02","slug":"helfen-sie-bei-der-sanierung-der-jahn-kapelle","status":"publish","type":"page","link":"https:\/\/kleinvielen-ev.de\/?page_id=802","title":{"rendered":"Jahn-Kapelle gerettet &#8211; dank Ihrer Spende!"},"content":{"rendered":"<h5>Ihre Unterst\u00fctzung ist weiter sehr willkommen!<\/h5>\n<figure id=\"attachment_810\" aria-describedby=\"caption-attachment-810\" style=\"width: 223px\" class=\"wp-caption alignright\"><a href=\"http:\/\/kleinvielen-ev.de\/wp-content\/uploads\/2017\/02\/laterne_2.jpg\"><img loading=\"lazy\" decoding=\"async\" class=\"wp-image-810 \" src=\"http:\/\/kleinvielen-ev.de\/wp-content\/uploads\/2016\/11\/laterne_2-182x300.jpg\" alt=\"laterne_2\" width=\"223\" height=\"367\" \/><\/a><figcaption id=\"caption-attachment-810\" class=\"wp-caption-text\">Die sanierungsbed\u00fcrftige Laterne der Kapelle mit Kreuzblume, 2016. Foto: H.B.<\/figcaption><\/figure>\n<p>Die Gemeinde Klein Vielen konnte ab 2016 mit Hilfe von zwei F\u00f6rderprojekten aus den EU-Programmen LEADER und ELER, mit Mitteln aus dem\u00a0M-V-Landesprogramm \u201eidentit\u00e4tsstiftende Projekte\u201c sowie mit Unterst\u00fctzung der Deutschen Stiftung Denkmalschutz und privater Spenden zahlreicher Personen die Sanierung der Jahn-Kapelle in Klein Vielen in Angriff nehmen.<br \/>\nMit den Mitteln aus dem LEADER-Programm und der Deutschen Stiftung Denkmalschutz sowie privater Spenden gelang im <strong>1. Bauabschnitt<\/strong> eine statische Grundsicherung nebst Restaurierung des Daches der Laterne, der Fenster in der Laterne und der Kreuzblume mit dem Kreuz.<br \/>\nMit den ELER-Mitteln, unterst\u00fctzt wiederum durch die Deutsche Stiftung Denkmalschutz und private Spenden, wurde 2018 der <strong>2. Bauabschnitt<\/strong> in Angriff genommen. Das Ergebnis war die Sanierung der Kreuzgew\u00f6lbe der acht Seitenschiffe des Oktogons, die Sanierung der Fassade im Obergeschoss und der Br\u00fcstungen der acht Seitenschiffe sowie die Restaurierung der D\u00e4cher auf den acht Seitenschiffen.<br \/>\n<span style=\"color: #000000;\">Der <strong>3. Bauabschnitt<\/strong>, der vor allem dem Wiederaufbau der insgesamt 16 Fialt\u00fcrmchen und der Sanierung der Fenster, <\/span>die zum\u00a0besonderen Schmuck der Kapelle einst ma\u00dfgeblich beitrugen, diente, gelang bis Oktober 2021 u.a. mit Mitteln aus dem\u00a0M-V-Landesprogramm \u201eidentit\u00e4tsstiftende Projekte\u201c.<br \/>\n<strong>F\u00fcr einen weiteren Bauabschnitt,<\/strong> der <strong>2022<\/strong> zur Sanierung des Portals f\u00fchrte, standen noch Mittel zur Verf\u00fcgung, die insbesondere von der Ostdeutschen Sparkassenstiftung und der Sparkasse Mecklenburg-Strelitz, aber auch von der Deutschen Stiftung Denkmalschutz zur Verf\u00fcgung gestellt wurden. Sie reichten nicht ganz aus, um den Wimperg \u00fcber der Eingangst\u00fcr zur Kapelle vollst\u00e4ndig wiederherzustellen.<br \/>\nDie Eingangst\u00fcr selbst wurde von einem hiesigen Kunsttischler angefertigt.<br \/>\nDie Sanierungsziele sind nun erreicht. S\u00e4mtliche Arbeiten an der Kubatur des Geb\u00e4udes konnten erfolgreich beendet werden. Es fehlt nur noch das &#8222;I-T\u00fcpfelchen&#8220; am Portal.<\/p>\n<h5>Spenden sind weiter willkommen !<a style=\"color: #ea9629; text-decoration-line: underline; outline: 0px;\" href=\"http:\/\/kleinvielen-ev.de\/wp-content\/uploads\/2022\/11\/21.jpg\"><img loading=\"lazy\" decoding=\"async\" class=\"wp-image-5722 alignright\" src=\"http:\/\/kleinvielen-ev.de\/wp-content\/uploads\/2022\/11\/21-200x300.jpg\" alt=\"\" width=\"199\" height=\"299\" \/><\/a><\/h5>\n<p>Aktuell fehlt \u00fcber der Eingangst\u00fcr am Wimperg noch der einstige Blumenschmuck, den drei &#8222;Sechsp\u00e4sse&#8220; bildeten.<br \/>\nDie gesch\u00e4tzten Kosten daf\u00fcr belaufen sich (Stand 2022) auf etwa 8.000 Euro allein f\u00fcr die Formsteine.<br \/>\nDie drei Sechp\u00e4sse f\u00fcllten die Fl\u00e4che des Wimpergs, des spitzen Daches \u00fcber der T\u00fcr, aus.<br \/>\nAuch im Innern der Kapelle ist noch etwas zu tun. Es w\u00e4re hilfreich, denn die Putzw\u00e4nde noch eine Lasur bek\u00e4men, damit der sehr alte Putz gebunden wird.<\/p>\n<p><strong>Sie k\u00f6nnen der Gemeinde mit Ihrer Spende helfen&#8230;<br \/>\n<\/strong><\/p>\n<p>&#8230; und zum Beispiel an den gemeinn\u00fctzigen\u00a0<strong>Klein Vielen e. V.<\/strong> spenden.<br \/>\nDer Klein Vielen e. V. hat im Februar 2023 auf seiner ordentlichen Jahresmitgliederversammlung eine Arbeitsgruppe (AG) Denkmalschutz\/Denkmalpflege gegr\u00fcndet, der die Gemeinde Klein Vielen vor allem bei der Pflege der denkmalgesch\u00fctzten Jahn-Kapelle und ihres ebenso gesch\u00fctzten Umfeldes\u00a0 unterst\u00fctzt. Der Denkmalschutz ist als Ziel in der Satzung des Vereins verankert.<br \/>\nHintergrund f\u00fcr die Gr\u00fcndung der AG ist, dass sich Ende 2022\u00a0 der F\u00f6rderverein Jahn-Kapelle Klein Vielen e. V., der vor Beginn der Sanierung eigens gegr\u00fcndet wurde, um den Sanierungsprozess zu unterst\u00fctzen, aufgel\u00f6st hat, da er seinen Zweck im Wesentlichen erf\u00fcllt sah.<\/p>\n<p><b><\/b>Spenden k\u00f6nnen eingezahlt werden auf das Konto des Klein Vielen e. V. bei der<br \/>\nDeutschen Bank Neustrelitz<br \/>\nIBAN: DE73130700240502246200<br \/>\nBIC: DEUTDEDBROS<br \/>\nVerwendungszweck: &#8222;<em>Jahn-Kapelle<\/em>&#8222;<b><br \/>\n<\/b><\/p>\n<p>Sie erhalten umgehend eine Spendenquittung.<\/p>\n<p>&nbsp;<\/p>\n","protected":false},"excerpt":{"rendered":"<p>Ihre Unterst\u00fctzung ist weiter sehr willkommen! Die Gemeinde Klein Vielen konnte ab 2016 mit Hilfe von zwei F\u00f6rderprojekten aus den EU-Programmen LEADER und ELER, mit Mitteln aus dem\u00a0M-V-Landesprogramm \u201eidentit\u00e4tsstiftende Projekte\u201c sowie mit Unterst\u00fctzung der Deutschen Stiftung Denkmalschutz und privater Spenden zahlreicher Personen die Sanierung der Jahn-Kapelle in Klein Vielen in Angriff nehmen. Mit den Mitteln &hellip; <a href=\"https:\/\/kleinvielen-ev.de\/?page_id=802\" class=\"more-link\"><span class=\"screen-reader-text\">Jahn-Kapelle gerettet &#8211; dank Ihrer Spende!<\/span> weiterlesen <span class=\"meta-nav\">&rarr;<\/span><\/a><\/p>\n","protected":false},"author":2,"featured_media":0,"parent":83,"menu_order":0,"comment_status":"closed","ping_status":"closed","template":"","meta":{"footnotes":""},"_links":{"self":[{"href":"https:\/\/kleinvielen-ev.de\/index.php?rest_route=\/wp\/v2\/pages\/802"}],"collection":[{"href":"https:\/\/kleinvielen-ev.de\/index.php?rest_route=\/wp\/v2\/pages"}],"about":[{"href":"https:\/\/kleinvielen-ev.de\/index.php?rest_route=\/wp\/v2\/types\/page"}],"author":[{"embeddable":true,"href":"https:\/\/kleinvielen-ev.de\/index.php?rest_route=\/wp\/v2\/users\/2"}],"replies":[{"embeddable":true,"href":"https:\/\/kleinvielen-ev.de\/index.php?rest_route=%2Fwp%2Fv2%2Fcomments&post=802"}],"version-history":[{"count":43,"href":"https:\/\/kleinvielen-ev.de\/index.php?rest_route=\/wp\/v2\/pages\/802\/revisions"}],"predecessor-version":[{"id":7390,"href":"https:\/\/kleinvielen-ev.de\/index.php?rest_route=\/wp\/v2\/pages\/802\/revisions\/7390"}],"up":[{"embeddable":true,"href":"https:\/\/kleinvielen-ev.de\/index.php?rest_route=\/wp\/v2\/pages\/83"}],"wp:attachment":[{"href":"https:\/\/kleinvielen-ev.de\/index.php?rest_route=%2Fwp%2Fv2%2Fmedia&parent=802"}],"curies":[{"name":"wp","href":"https:\/\/api.w.org\/{rel}","templated":true}]}}