{"id":81,"date":"2016-10-26T11:42:28","date_gmt":"2016-10-26T11:42:28","guid":{"rendered":"http:\/\/kleinvielen-ev.de\/?page_id=81"},"modified":"2021-07-07T18:43:43","modified_gmt":"2021-07-07T18:43:43","slug":"die-kirche-in-peckatel","status":"publish","type":"page","link":"https:\/\/kleinvielen-ev.de\/?page_id=81","title":{"rendered":"Die Kirche in Peckatel"},"content":{"rendered":"<p><em>&#8222;Als F\u00fcrst Nicolaus v. Werle die Br\u00fcder Bernhard und <\/em><a href=\"http:\/\/kleinvielen-ev.de\/wp-content\/uploads\/2016\/10\/Kirche-peckatel-Archiv-G-Krull-Aufnahme-C-Waje.jpg\"><img loading=\"lazy\" decoding=\"async\" class=\" wp-image-645 alignright\" src=\"http:\/\/kleinvielen-ev.de\/wp-content\/uploads\/2016\/10\/Kirche-peckatel-Archiv-G-Krull-Aufnahme-C-Waje-210x300.jpg\" alt=\"kirche-peckatel-archiv-g-krull-aufnahme-c-waje\" width=\"211\" height=\"301\" srcset=\"https:\/\/kleinvielen-ev.de\/wp-content\/uploads\/2016\/10\/Kirche-peckatel-Archiv-G-Krull-Aufnahme-C-Waje-210x300.jpg 210w, https:\/\/kleinvielen-ev.de\/wp-content\/uploads\/2016\/10\/Kirche-peckatel-Archiv-G-Krull-Aufnahme-C-Waje.jpg 620w\" sizes=\"(max-width: 211px) 100vw, 211px\" \/><\/a><br \/>\n<em>Heinrich Peccatel mit Peccatel und weiteren D\u00f6rfern belehnte (12. M\u00e4rz 1274), wird das Dorf schon einige Jahrzehnte &#8218;alt&#8216; und nicht zum ersten Mal verlehnt gewesen sein, denn eine Lehnserneuerung war bei jedem Wechsel des Lehnsherrn f\u00e4llig. Sp\u00e4testens zu der Zeit, als der Rittersitz in Peccatel eingerichtet wurde, wird hier auch die erste Kirche errichtet worden sein. Sie galt fortan als Mutterkirche des Kirchspiels, der die Filialkirchen (Tochterkirchen) zugeordnet waren<\/em>&#8220; (Krull, o.J.).<br \/>\nPastor Michael Christoph Haselberg, der die Pfarrstelle in Peccatel 1697 antrat und die Pfarre ver\u00f6det und immer noch von Nachwirkungen des Drei\u00dfigj\u00e4hrigen Krieges gezeichnet vorfand, bezeichnete 1726 den Zustand des Kirchgeb\u00e4udes als &#8222;leidlich&#8220; (Krull, o.J.).<br \/>\nUnter der \u00c4gide Friedrich von Maltzans (1822-1871), der das Gut Peckatel ab 1851 leitete, wurde eine neue Kirche errichtet. Von Maltzan begr\u00fcndete den Neubau so: \u201e<em>Die alte Kirche war in h\u00f6chstem Grade bauf\u00e4llig und erheischte einen Neubau. Dieser Neubau ist in der Art ausgef\u00fchrt worden, da\u00df die neue Kirche 20 Fu\u00df l\u00e4nger gebaut wurde als die alte, welche nur\u00a0 60 Fu\u00df lang war&#8220; <\/em>(LHAS). Der Neubau wurde 1863 geweiht.<a href=\"http:\/\/kleinvielen-ev.de\/wp-content\/uploads\/2016\/10\/Kirche-Peckatel-2-Kopie.jpg\"><img loading=\"lazy\" decoding=\"async\" class=\" wp-image-582 alignright\" src=\"http:\/\/kleinvielen-ev.de\/wp-content\/uploads\/2016\/10\/Kirche-Peckatel-2-Kopie-226x300.jpg\" alt=\"kirche-peckatel-2-kopie\" width=\"212\" height=\"281\" srcset=\"https:\/\/kleinvielen-ev.de\/wp-content\/uploads\/2016\/10\/Kirche-Peckatel-2-Kopie-226x300.jpg 226w, https:\/\/kleinvielen-ev.de\/wp-content\/uploads\/2016\/10\/Kirche-Peckatel-2-Kopie.jpg 709w\" sizes=\"(max-width: 212px) 100vw, 212px\" \/><\/a><br \/>\nDas Foto oben (Quelle: Archiv G. Krull, Aufnahme: C. Waje) zeigt die Kirche<br \/>\nnoch mit dem hohen Dach, das in der DDR-Zeit abgetragen und heruntergesetzt wurde.<br \/>\nDas Foto unten zeigt die Kirche im Winter 2010 (Aufnahme: H. Behrens).<br \/>\n\u00dcber Jahrhunderte war Peckatel die Mutterkirche f\u00fcr die umliegenden Orte. Zur ehemaligen Kirchgemeinde Peckatel-Prillwitz geh\u00f6rten die Orte Adamsdorf, Blumenhagen, Blumenholz (Kirche), Blumenholz-Nebendorf, Brustorf, Ehrenhof, Friedrichshof, Gro\u00df Vielen (Kirche), Hartwigsdorf, Hohenzieritz (Kirche), Klein Vielen, Liepen (Kirche), Peckatel (Kirche), Prillwitz (Kirche), Usadel, Weisdin (Kirche), Wendfeld, Zahren (Kirche) und Zippelow.<br \/>\nSeit Anfang 2020 geh\u00f6rt Peckatel\u00a0zur Evangelisch-Lutherischen Kirchengemeinde Wanzka, die sich in vier &#8222;Seelsorgebereiche&#8220; gliedert mit den Gebieten der ehemaligen Kirchengemeinden Peckatel-Prillwitz, Feldberg, Gr\u00fcnow-Triepkendorf und R\u00f6dlin-Warbende .<\/p>\n<p>Quellen:<br \/>\nLHAS &#8211; Landeshauptarchiv Schwerin, Bestand 2.23-3, Nr. 5420, Brief von Maltzan vom 27.8.1863.<br \/>\nKrull, Karlfried (ohne Jahresangabe): Das Bauerndorf Peccatel. Karbe-Wagner-Archiv, Signatur HA 535.<\/p>\n","protected":false},"excerpt":{"rendered":"<p>&#8222;Als F\u00fcrst Nicolaus v. Werle die Br\u00fcder Bernhard und Heinrich Peccatel mit Peccatel und weiteren D\u00f6rfern belehnte (12. M\u00e4rz 1274), wird das Dorf schon einige Jahrzehnte &#8218;alt&#8216; und nicht zum ersten Mal verlehnt gewesen sein, denn eine Lehnserneuerung war bei jedem Wechsel des Lehnsherrn f\u00e4llig. Sp\u00e4testens zu der Zeit, als der Rittersitz in Peccatel eingerichtet &hellip; <a href=\"https:\/\/kleinvielen-ev.de\/?page_id=81\" class=\"more-link\"><span class=\"screen-reader-text\">Die Kirche in Peckatel<\/span> weiterlesen <span class=\"meta-nav\">&rarr;<\/span><\/a><\/p>\n","protected":false},"author":1,"featured_media":0,"parent":4169,"menu_order":0,"comment_status":"closed","ping_status":"closed","template":"","meta":{"footnotes":""},"_links":{"self":[{"href":"https:\/\/kleinvielen-ev.de\/index.php?rest_route=\/wp\/v2\/pages\/81"}],"collection":[{"href":"https:\/\/kleinvielen-ev.de\/index.php?rest_route=\/wp\/v2\/pages"}],"about":[{"href":"https:\/\/kleinvielen-ev.de\/index.php?rest_route=\/wp\/v2\/types\/page"}],"author":[{"embeddable":true,"href":"https:\/\/kleinvielen-ev.de\/index.php?rest_route=\/wp\/v2\/users\/1"}],"replies":[{"embeddable":true,"href":"https:\/\/kleinvielen-ev.de\/index.php?rest_route=%2Fwp%2Fv2%2Fcomments&post=81"}],"version-history":[{"count":20,"href":"https:\/\/kleinvielen-ev.de\/index.php?rest_route=\/wp\/v2\/pages\/81\/revisions"}],"predecessor-version":[{"id":4884,"href":"https:\/\/kleinvielen-ev.de\/index.php?rest_route=\/wp\/v2\/pages\/81\/revisions\/4884"}],"up":[{"embeddable":true,"href":"https:\/\/kleinvielen-ev.de\/index.php?rest_route=\/wp\/v2\/pages\/4169"}],"wp:attachment":[{"href":"https:\/\/kleinvielen-ev.de\/index.php?rest_route=%2Fwp%2Fv2%2Fmedia&parent=81"}],"curies":[{"name":"wp","href":"https:\/\/api.w.org\/{rel}","templated":true}]}}