{"id":83,"date":"2016-10-26T11:42:36","date_gmt":"2016-10-26T11:42:36","guid":{"rendered":"http:\/\/kleinvielen-ev.de\/?page_id=83"},"modified":"2023-07-11T12:43:54","modified_gmt":"2023-07-11T12:43:54","slug":"die-kapelle-klein-vielen","status":"publish","type":"page","link":"https:\/\/kleinvielen-ev.de\/?page_id=83","title":{"rendered":"Die Kapelle in Klein Vielen und die Familie Jahn"},"content":{"rendered":"<figure id=\"attachment_1601\" aria-describedby=\"caption-attachment-1601\" style=\"width: 329px\" class=\"wp-caption alignright\"><a href=\"http:\/\/kleinvielen-ev.de\/wp-content\/uploads\/2016\/10\/kapelle-ausschnitt-AB_bearbeitet-1-Kopie.jpg\"><img loading=\"lazy\" decoding=\"async\" class=\"wp-image-1601\" src=\"http:\/\/kleinvielen-ev.de\/wp-content\/uploads\/2016\/10\/kapelle-ausschnitt-AB_bearbeitet-1-Kopie-300x188.jpg\" alt=\"\" width=\"329\" height=\"206\" srcset=\"https:\/\/kleinvielen-ev.de\/wp-content\/uploads\/2016\/10\/kapelle-ausschnitt-AB_bearbeitet-1-Kopie-300x188.jpg 300w, https:\/\/kleinvielen-ev.de\/wp-content\/uploads\/2016\/10\/kapelle-ausschnitt-AB_bearbeitet-1-Kopie-768x482.jpg 768w, https:\/\/kleinvielen-ev.de\/wp-content\/uploads\/2016\/10\/kapelle-ausschnitt-AB_bearbeitet-1-Kopie-1024x643.jpg 1024w, https:\/\/kleinvielen-ev.de\/wp-content\/uploads\/2016\/10\/kapelle-ausschnitt-AB_bearbeitet-1-Kopie.jpg 1063w\" sizes=\"(max-width: 329px) 100vw, 329px\" \/><\/a><figcaption id=\"caption-attachment-1601\" class=\"wp-caption-text\">Die Kapelle auf dem Gem\u00e4lde Ludwig Streitenfelds (1921) und 2016.<\/figcaption><\/figure>\n<p>Der Name Jahn trat 1815 in die\u00a0 \u00a0 Geschichte<br \/>\nKlein Vielens ein.<br \/>\nAm 6.\u00a0Oktober 1815 erhielt Rudolph Jahn (1758-1829), ehemals \u201ek\u00f6niglich westph\u00e4lischer Prokurator, Erb- und Gerichtsherr\u201c, von Friedrich Franz I., \u201eGro\u00dfherzog von Mecklenburg, F\u00fcrst zu Wenden, Schwerin und Ratzeburg, auch Graf von Schwerin\u201c, den Lehnbrief f\u00fcr das Gut Klein Vielen. Jahn hatte es am 13. April 1815 gekauft.<br \/>\nRudolph Jahn war mit\u00a0Maria Dorothea Johanna Brunow (18.9.1783-20.3.1853) verheiratet, mit der er drei Kinder hatte: Tochter Ida Carolina (27.6.1807-29.8.1878) und\u00a0Hermann (4.12.1809-1890), brachte das Ehepaar bereits mit nach Klein Vielen.<br \/>\nBeide Kinder wurden in K\u00f6ritz, einem kleinen\u00a0Dorf bei Neustadt an der Dosse, geboren. Rudolph Jahn bewirtschaftete dort neben seinem Beruf als &#8222;Justizkommissarius und Notar&#8220; ein Freigut. Seine Ehefrau war vor der Heirat seine Wirtschafterin.<\/p>\n<figure id=\"attachment_3288\" aria-describedby=\"caption-attachment-3288\" style=\"width: 206px\" class=\"wp-caption alignright\"><a href=\"http:\/\/kleinvielen-ev.de\/wp-content\/uploads\/2019\/09\/Original-Skizze-Jahn-Kapelle_Katharina-Kro\u0308ll-mit-Namen-Kopie.jpg\"><img loading=\"lazy\" decoding=\"async\" class=\"wp-image-3288\" src=\"http:\/\/kleinvielen-ev.de\/wp-content\/uploads\/2019\/09\/Original-Skizze-Jahn-Kapelle_Katharina-Kro\u0308ll-mit-Namen-Kopie.jpg\" alt=\"\" width=\"206\" height=\"221\" srcset=\"https:\/\/kleinvielen-ev.de\/wp-content\/uploads\/2019\/09\/Original-Skizze-Jahn-Kapelle_Katharina-Kro\u0308ll-mit-Namen-Kopie.jpg 597w, https:\/\/kleinvielen-ev.de\/wp-content\/uploads\/2019\/09\/Original-Skizze-Jahn-Kapelle_Katharina-Kro\u0308ll-mit-Namen-Kopie-280x300.jpg 280w\" sizes=\"(max-width: 206px) 100vw, 206px\" \/><\/a><figcaption id=\"caption-attachment-3288\" class=\"wp-caption-text\">\u00a9 Katharina Kr\u00f6ll<\/figcaption><\/figure>\n<p>Nach dem Kauf des Gutes und Umzug nach Klein Vielen wurde ihnen dort am 6.3.1816\u00a0noch ein zweiter Sohn, Eduard Rudolph, geboren.<br \/>\nDieser, und nicht der \u00e4lteste Sohn Hermann Jahn, \u00fcbernahm am 17.9.1835 als 19-j\u00e4hriger die Bewirtschaftung des Gutes Klein Vielen.<br \/>\nEduard Rudolph heiratete am 22.5.1838 Johanna Theodora Friederike Kort\u00fcm, die am 5.11.1817 in Waren\/M\u00fcritz geboren wurde und deren Familie in Neustrelitz wohnhaft war. Ihre Eltern waren der Medizinalrat Wilhelm Theodor Siegfried Kort\u00fcm (1785\u20131858) und Johanna Maria Elisabeth (geb. M\u00fcller). Diese war eine Tochter des Penzliner Pastors Ludwig M\u00fcller (1754\u20131816) und dessen Frau Anna Regina, geb. Pfuhl (geb. 1767), die Tochter eines Apothekers in Penzlin war.<\/p>\n<figure id=\"attachment_5660\" aria-describedby=\"caption-attachment-5660\" style=\"width: 216px\" class=\"wp-caption alignright\"><a href=\"http:\/\/kleinvielen-ev.de\/wp-content\/uploads\/2022\/10\/22-06784_umschlag-S-1.jpg\"><img loading=\"lazy\" decoding=\"async\" class=\"wp-image-5660 size-medium\" src=\"http:\/\/kleinvielen-ev.de\/wp-content\/uploads\/2022\/10\/22-06784_umschlag-S-1-216x300.jpg\" alt=\"\" width=\"216\" height=\"300\" srcset=\"https:\/\/kleinvielen-ev.de\/wp-content\/uploads\/2022\/10\/22-06784_umschlag-S-1-216x300.jpg 216w, https:\/\/kleinvielen-ev.de\/wp-content\/uploads\/2022\/10\/22-06784_umschlag-S-1-768x1068.jpg 768w, https:\/\/kleinvielen-ev.de\/wp-content\/uploads\/2022\/10\/22-06784_umschlag-S-1-736x1024.jpg 736w, https:\/\/kleinvielen-ev.de\/wp-content\/uploads\/2022\/10\/22-06784_umschlag-S-1.jpg 1333w\" sizes=\"(max-width: 216px) 100vw, 216px\" \/><\/a><figcaption id=\"caption-attachment-5660\" class=\"wp-caption-text\">Das Buch \u00fcber die Kapelle und die Familie Jahn<\/figcaption><\/figure>\n<p>Sein Bruder Hermann Jahn verheiratete sich am 3.4.1844 in der Kirche zu Peckatel mit Charlotte Luise Auguste Hahn. 1835 wird er als \u201eErb- und Gerichtsherr\u201c des zum Gut Klein Vielen geh\u00f6renden Nebengutes Langhagen genannt. Sp\u00e4ter verzog er nach Berlin, wo er am\u00a029. August 1890 starb.<br \/>\nDer Gutserbe von Klein Vielen, Eduard Rudolph Jahn, verlor seine Frau sehr fr\u00fch. Sie starb am 18.7.1850 in Klein Vielen nach der (Tot-) Geburt ihres achten Kindes Sophia Theodore Albertine (geb. 14.7.1850, gest. 14.7.1850) im Kindbett.<br \/>\nZuvor hatte sie einen Sohn und sieben T\u00f6chter geboren: Maria Anna Theodora Hermine Luise (geb. 20.8.1840), Ida Sophia Anna Hermine (geb. 30.8.1841), Emma Friederike Auguste (geb. 6.8.1843), Ida Friederike Wilhelmine Auguste (geb. 1.10.1844), Rudolph Theodor Hermann Carl (geb. 14.1.1846), Olga Friederike Auguste Caroline (geb. 11.1.1847), Luise Anna Pauline (geb. 27.8.1849) und Sophia Theodore Albertine (geb. 14.7.1850, gest. 14.7.1850).<br \/>\n(Auch Eduards Bruder Hermann und seine Frau Auguste mussten im Jahr 1850 einen Schicksalsschlag hinnehmen, denn ihr drittgeborenes Kind &#8222;B\u00fcbchen&#8220; starb am 16.3.1850 ebenfalls am Tag seiner Geburt.)<br \/>\nZu Ehren seiner verstorbenen Frau Johanna und seines Kindes Sophia lie\u00df Eduard ab 1851 auf dem Klingenberg nahe dem Gutspark eine Begr\u00e4bniskapelle errichten, deren Architekt mit aller Wahrscheinlichkeit der Hofbaumeister im Gro\u00dfherzogtum Mecklenburg-Strelitz, Friedrich Wilhelm Buttel, war (<em>siehe oben das Foto aus dem Jahr 2016 und daneben den Ausschnitt aus einem Gem\u00e4lde von dem ehemaligen Hofmaler im Gro\u00dfherzogtum Mecklenburg-Strelitz Ludwig Streitenfeld, 1921<\/em>).<\/p>\n<figure id=\"attachment_5762\" aria-describedby=\"caption-attachment-5762\" style=\"width: 345px\" class=\"wp-caption alignright\"><a href=\"http:\/\/kleinvielen-ev.de\/wp-content\/uploads\/2023\/01\/Kapelle-im-Schnee-4-Kopie.jpg\"><img loading=\"lazy\" decoding=\"async\" class=\"wp-image-5762\" src=\"http:\/\/kleinvielen-ev.de\/wp-content\/uploads\/2023\/01\/Kapelle-im-Schnee-4-Kopie-300x200.jpg\" alt=\"\" width=\"345\" height=\"230\" srcset=\"https:\/\/kleinvielen-ev.de\/wp-content\/uploads\/2023\/01\/Kapelle-im-Schnee-4-Kopie-300x200.jpg 300w, https:\/\/kleinvielen-ev.de\/wp-content\/uploads\/2023\/01\/Kapelle-im-Schnee-4-Kopie-768x512.jpg 768w, https:\/\/kleinvielen-ev.de\/wp-content\/uploads\/2023\/01\/Kapelle-im-Schnee-4-Kopie-272x182.jpg 272w, https:\/\/kleinvielen-ev.de\/wp-content\/uploads\/2023\/01\/Kapelle-im-Schnee-4-Kopie.jpg 945w\" sizes=\"(max-width: 345px) 100vw, 345px\" \/><\/a><figcaption id=\"caption-attachment-5762\" class=\"wp-caption-text\">Die Kapelle im Dezember 2022<\/figcaption><\/figure>\n<p>Eduard Jahn heiratete bald wieder. Seine zweite Ehefrau Emma Ida Amalia war eine geborene Kloo\u00df (geb. 1828) und mit ihr hatte er vier weitere Kinder:<br \/>\nMartha Luise Johanna Maria (geb. 19.7.1855), Hermann Eduard (geb. 13.8.1857), Fernanda Ulla Anna Maria (geb. 10.1.1861) und Friedrich Ludwig (geb. 7.2.1866).<br \/>\nBis 1880 blieb Eduard Jahn Eigent\u00fcmer des Gutes Klein Vielen. Da keiner seiner S\u00f6hne das Gut \u00fcbernehmen wollte, verkaufte er es am 6. September des Jahres an einen Freiherrn Carl Johann von Kap-herr. Eduard Jahn verzog nach Rostock und starb dort am 19.8.1890. In Rostock lebten auch einige seiner Kinder und Verwandte seiner ersten Frau Johanna, geb. Kort\u00fcm. Ein H[ermann] Kort\u00fcm arbeitete seinerzeit in Rostock als Rechtsanwalt.<\/p>\n<ul>\n<li><strong>Hier geht es zu weiteren Informationen:<\/strong><br \/>\n<a href=\"http:\/\/kleinvielen-ev.de\/?page_id=1604\">Die Familie Jahn und ihre Beziehung zum &#8222;Turnvater&#8220; Jahn<\/a><br \/>\n<a href=\"http:\/\/kleinvielen-ev.de\/?page_id=802\">Die Jahn-Kapelle braucht Hilfe<\/a><br \/>\n<a href=\"http:\/\/kleinvielen-ev.de\/?page_id=1454\">Baustellenreport Jahn-Kapelle<\/a><br \/>\n<a href=\"http:\/\/kleinvielen-ev.de\/?page_id=1582\">Die F\u00f6rderer der Jahn-Kapelle<\/a><br \/>\n<a href=\"https:\/\/kleinvielen-ev.de\/?page_id=5659\">Buch \u00fcber die Geschichte der Jahn-Kapelle und die Familie Jahn<\/a><br \/>\n<a href=\"https:\/\/kleinvielen-ev.de\/?page_id=2460\">Gutspark Klein Vielen<\/a><\/li>\n<li><a href=\"http:\/\/kleinvielen-ev.de\/?page_id=5913\"><strong>Hier<\/strong> <\/a>erfahren Sie mehr \u00fcber die <strong>Arbeitsgruppe Denkmalschutz\/Denkmalpflege im Klein Vielen e. V.<\/strong>, deren Mitglieder sich insbesondere der Pflege der Jahn-Kapelle widmen.<\/li>\n<\/ul>\n<p><strong>Autor (Text und Fotos) und Kontaktadresse<\/strong>:<br \/>\nProf. Dr. Hermann Behrens<br \/>\nInstitut f\u00fcr Umweltgeschichte und Regionalentwicklung e.V. an der Hochschule Neubrandenburg<br \/>\nE-Mail: <a href=\"mailto:behrens@hs-nb.de\">behrens@hs-nb.de<\/a><\/p>\n","protected":false},"excerpt":{"rendered":"<p>Der Name Jahn trat 1815 in die\u00a0 \u00a0 Geschichte Klein Vielens ein. Am 6.\u00a0Oktober 1815 erhielt Rudolph Jahn (1758-1829), ehemals \u201ek\u00f6niglich westph\u00e4lischer Prokurator, Erb- und Gerichtsherr\u201c, von Friedrich Franz I., \u201eGro\u00dfherzog von Mecklenburg, F\u00fcrst zu Wenden, Schwerin und Ratzeburg, auch Graf von Schwerin\u201c, den Lehnbrief f\u00fcr das Gut Klein Vielen. Jahn hatte es am 13. &hellip; <a href=\"https:\/\/kleinvielen-ev.de\/?page_id=83\" class=\"more-link\"><span class=\"screen-reader-text\">Die Kapelle in Klein Vielen und die Familie Jahn<\/span> weiterlesen <span class=\"meta-nav\">&rarr;<\/span><\/a><\/p>\n","protected":false},"author":1,"featured_media":0,"parent":4169,"menu_order":0,"comment_status":"closed","ping_status":"closed","template":"","meta":{"footnotes":""},"_links":{"self":[{"href":"https:\/\/kleinvielen-ev.de\/index.php?rest_route=\/wp\/v2\/pages\/83"}],"collection":[{"href":"https:\/\/kleinvielen-ev.de\/index.php?rest_route=\/wp\/v2\/pages"}],"about":[{"href":"https:\/\/kleinvielen-ev.de\/index.php?rest_route=\/wp\/v2\/types\/page"}],"author":[{"embeddable":true,"href":"https:\/\/kleinvielen-ev.de\/index.php?rest_route=\/wp\/v2\/users\/1"}],"replies":[{"embeddable":true,"href":"https:\/\/kleinvielen-ev.de\/index.php?rest_route=%2Fwp%2Fv2%2Fcomments&post=83"}],"version-history":[{"count":72,"href":"https:\/\/kleinvielen-ev.de\/index.php?rest_route=\/wp\/v2\/pages\/83\/revisions"}],"predecessor-version":[{"id":6085,"href":"https:\/\/kleinvielen-ev.de\/index.php?rest_route=\/wp\/v2\/pages\/83\/revisions\/6085"}],"up":[{"embeddable":true,"href":"https:\/\/kleinvielen-ev.de\/index.php?rest_route=\/wp\/v2\/pages\/4169"}],"wp:attachment":[{"href":"https:\/\/kleinvielen-ev.de\/index.php?rest_route=%2Fwp%2Fv2%2Fmedia&parent=83"}],"curies":[{"name":"wp","href":"https:\/\/api.w.org\/{rel}","templated":true}]}}