{"id":839,"date":"2016-11-24T11:31:26","date_gmt":"2016-11-24T11:31:26","guid":{"rendered":"http:\/\/kleinvielen-ev.de\/?page_id=839"},"modified":"2024-05-05T12:48:35","modified_gmt":"2024-05-05T11:48:35","slug":"verschiedenes","status":"publish","type":"page","link":"https:\/\/kleinvielen-ev.de\/?page_id=839","title":{"rendered":"Kulturlandschaftswandel zwischen Lieps und Havelquelle"},"content":{"rendered":"<p>Die Landschaft zwischen Lieps und Havelquelle ist wie andernorts in den vergangenen Jahrhunderten fortw\u00e4hrendem Wandel ausgesetzt.<br \/>\nSiedlungen entstanden, ver\u00e4nderten ihr Gesicht und gingen bisweilen auch wieder unter. W\u00fcstungen zeugen davon.<br \/>\nEs finden sich noch zahlreiche historische Kulturlandschaftselemente, die von vergangenem Leben und Arbeiten, von b\u00e4uerlicher oder gutsherrschaftlicher Produktion, von ehemaligen Verwaltungsgrenzen, historischen Wegeverbindungen oder \u00c4hnlichem zeugen.<br \/>\nAuf den zugeh\u00f6rigen Unterseiten berichten wir \u00fcber Zeugnisse des Landschaftswandels. Dabei k\u00f6nnen wir auf Ergebnisse vereinseigener Forschungen ebenso zur\u00fcckgreifen wie auf Forschungsergebnisse unserer Kooperationspartnerin, der <strong><a href=\"https:\/\/www.hs-nb.de\">Hochschule Neubrandenburg<\/a><\/strong>.<br \/>\n<strong><br \/>\nHier geht es zu einigen bisher erzielten Forschungsergebnissen:<\/strong><br \/>\nAusstellung:\u00a0<strong><a href=\"https:\/\/kleinvielen-ev.de\/?page_id=3349\">Eine Reise durch die Siedlungsgeschichte zwischen Lieps und Havelquelle<\/a><br \/>\n<\/strong>Ausstellung und Vortr\u00e4ge:\u00a0<strong><a href=\"http:\/\/kleinvielen-ev.de\/?page_id=656\">Auf den Spuren der ehemaligen gro\u00dfherzoglichen Grenze<\/a><\/strong><\/p>\n<h5><strong>Zum Forschungsprojekt der Hochschule Neubrandenburg<\/strong><\/h5>\n<p>Von 2018 bis 2022 lief dort ein Forschungsprojekt im Studiengang Naturschutz und Landnutzungsplanung. Dabei ging es darum, die Ver\u00e4nderungen in der Landschaft zwischen Lieps und Havelquelle seit dem Drei\u00dfigj\u00e4hrigen Krieg sichtbar zu machen.<br \/>\nDas geschah nicht nur durch klassische Forschungsarbeit, in der schriftliche Quellen oder Karten ausgewertet wurden, sondern auch durch Vortrags- und Diskussionsveranstaltungen oder Ausstellungen.<br \/>\nEinen Schwerpunkt legten die Bearbeiter des Projektes dabei auf die Zeit nach 1945. Hier sollte erforscht werden, wie sich die Landnutzung und das d\u00f6rfliche Leben im Untersuchungsraum ver\u00e4nderten, welche Br\u00fcche es gab und wie sie vor Ort wahrgenommen wurden. Dabei wurden auch Zeitzeuginnen und Zeitzeugen einbezogen, die \u00fcber ihre Wahrnehmungen der Landschaft und des Landschaftswandels aus eigenem Erleben heraus berichten konnten.<br \/>\nDie Hochschule fand in den Gemeinden Hohenzieritz, Klein Vielen und Kratzeburg, in \u00f6rtlichen Vereinen sowie regionalen Archiven und Museen Kooperationspartner.<br \/>\nAuch der Klein Vielen e.V. ist Kooperationspartner in diesem Vorhaben.<\/p>\n","protected":false},"excerpt":{"rendered":"<p>Die Landschaft zwischen Lieps und Havelquelle ist wie andernorts in den vergangenen Jahrhunderten fortw\u00e4hrendem Wandel ausgesetzt. Siedlungen entstanden, ver\u00e4nderten ihr Gesicht und gingen bisweilen auch wieder unter. W\u00fcstungen zeugen davon. Es finden sich noch zahlreiche historische Kulturlandschaftselemente, die von vergangenem Leben und Arbeiten, von b\u00e4uerlicher oder gutsherrschaftlicher Produktion, von ehemaligen Verwaltungsgrenzen, historischen Wegeverbindungen oder \u00c4hnlichem &hellip; <a href=\"https:\/\/kleinvielen-ev.de\/?page_id=839\" class=\"more-link\"><span class=\"screen-reader-text\">Kulturlandschaftswandel zwischen Lieps und Havelquelle<\/span> weiterlesen <span class=\"meta-nav\">&rarr;<\/span><\/a><\/p>\n","protected":false},"author":2,"featured_media":0,"parent":13,"menu_order":0,"comment_status":"closed","ping_status":"closed","template":"","meta":{"footnotes":""},"_links":{"self":[{"href":"https:\/\/kleinvielen-ev.de\/index.php?rest_route=\/wp\/v2\/pages\/839"}],"collection":[{"href":"https:\/\/kleinvielen-ev.de\/index.php?rest_route=\/wp\/v2\/pages"}],"about":[{"href":"https:\/\/kleinvielen-ev.de\/index.php?rest_route=\/wp\/v2\/types\/page"}],"author":[{"embeddable":true,"href":"https:\/\/kleinvielen-ev.de\/index.php?rest_route=\/wp\/v2\/users\/2"}],"replies":[{"embeddable":true,"href":"https:\/\/kleinvielen-ev.de\/index.php?rest_route=%2Fwp%2Fv2%2Fcomments&post=839"}],"version-history":[{"count":33,"href":"https:\/\/kleinvielen-ev.de\/index.php?rest_route=\/wp\/v2\/pages\/839\/revisions"}],"predecessor-version":[{"id":6461,"href":"https:\/\/kleinvielen-ev.de\/index.php?rest_route=\/wp\/v2\/pages\/839\/revisions\/6461"}],"up":[{"embeddable":true,"href":"https:\/\/kleinvielen-ev.de\/index.php?rest_route=\/wp\/v2\/pages\/13"}],"wp:attachment":[{"href":"https:\/\/kleinvielen-ev.de\/index.php?rest_route=%2Fwp%2Fv2%2Fmedia&parent=839"}],"curies":[{"name":"wp","href":"https:\/\/api.w.org\/{rel}","templated":true}]}}