{"id":891,"date":"2016-12-01T17:30:26","date_gmt":"2016-12-01T17:30:26","guid":{"rendered":"http:\/\/kleinvielen-ev.de\/?page_id=891"},"modified":"2026-01-25T15:44:39","modified_gmt":"2026-01-25T14:44:39","slug":"albrecht-von-maltzan-1813-1851","status":"publish","type":"page","link":"https:\/\/kleinvielen-ev.de\/?page_id=891","title":{"rendered":"Albrecht von Maltzan (1813-1851)"},"content":{"rendered":"<p style=\"text-align: justify;\"><a href=\"http:\/\/kleinvielen-ev.de\/wp-content\/uploads\/2016\/12\/A-v-Maltzan-aus-Lisch-1853-Urkundensammlung-Maltzahn-Band-5.jpg\"><img loading=\"lazy\" decoding=\"async\" class=\" wp-image-894 alignright\" src=\"http:\/\/kleinvielen-ev.de\/wp-content\/uploads\/2016\/12\/A-v-Maltzan-aus-Lisch-1853-Urkundensammlung-Maltzahn-Band-5-204x300.jpg\" alt=\"a-v-maltzan-aus-lisch-1853-urkundensammlung-maltzahn-band-5\" width=\"223\" height=\"328\" srcset=\"https:\/\/kleinvielen-ev.de\/wp-content\/uploads\/2016\/12\/A-v-Maltzan-aus-Lisch-1853-Urkundensammlung-Maltzahn-Band-5-204x300.jpg 204w, https:\/\/kleinvielen-ev.de\/wp-content\/uploads\/2016\/12\/A-v-Maltzan-aus-Lisch-1853-Urkundensammlung-Maltzahn-Band-5.jpg 472w\" sizes=\"(max-width: 223px) 100vw, 223px\" \/><\/a>(H.B.) Albrecht von Maltzan wurde am 19. September 1813 in Brustorf geboren und starb am 10. Oktober 1851 in Rostock). Er zeigte schon in jungen Jahren naturkundliche Interessen.<br \/>\nAb 1823 lebte er in Rothenmoor am Malchiner See. Von 1827 bis 1833 besuchte er das Gymnasium Carolinum in Neustrelitz. Er studierte Medizin in Berlin und G\u00f6ttingen, brach das Studium jedoch u.a. aus Krankheitsgr\u00fcnden ab und erlernte dann die Landwirtschaft. 1850 \u00fcbernahm Abrecht von Maltzan Peckatel mit allen Nebeng\u00fctern, starb aber bereits ein Jahr sp\u00e4ter.<br \/>\nAlbrecht von Maltzan gr\u00fcndete zusammen mit dem Neubrandenburger Privatgelehrten Dr. Ernst Boll und dem Apotheker Dr. Carl Christoph Grischow aus Stavenhagen 1847 den <em>Verein der Freunde der Naturgeschichte in Meklenburg<\/em>.<br \/>\nLesen Sie den Beitrag von G. Krull \u00fcber Albrecht von Maltzan in der <a href=\"http:\/\/kleinvielen-ev.de\/wp-content\/uploads\/2016\/10\/Dorfzeitung-Nr-6-2015_ebook.pdf\"><strong>Dorfzeitung Nr. 6<\/strong> <\/a>(2015): S. 40-42.<\/p>\n<p>Der Historiker Ernst Boll w\u00fcrdigte Albrecht von Maltzan in der traditionsreichen Zeitschrift &#8222;Archiv des Vereins der Freunde der Naturgeschichte Mecklenburgs&#8220;, 6. Jahrgang, S. 20 &#8211; 41. Den Beitrag k\u00f6nnen Sie hier lesen:<br \/>\n<a href=\"https:\/\/www.zobodat.at\/pdf\/Archiv-Freunde-Ver-Naturgesch-Mecklenburg_6_1852_0020-0041.pdf\">https:\/\/www.zobodat.at\/pdf\/Archiv-Freunde-Ver-Naturgesch-Mecklenburg_6_1852_0020-0041.pdf<\/a><\/p>\n<p style=\"text-align: justify;\"><strong>Foto aus<\/strong>:<br \/>\nLisch, G.C.F. (Hg.) 1853: Urkundensammlung zur Geschichte des Geschlechts von Maltzan. 5. Band. Schwerin.<\/p>\n","protected":false},"excerpt":{"rendered":"<p>(H.B.) Albrecht von Maltzan wurde am 19. September 1813 in Brustorf geboren und starb am 10. Oktober 1851 in Rostock). Er zeigte schon in jungen Jahren naturkundliche Interessen. Ab 1823 lebte er in Rothenmoor am Malchiner See. Von 1827 bis 1833 besuchte er das Gymnasium Carolinum in Neustrelitz. Er studierte Medizin in Berlin und G\u00f6ttingen, &hellip; <a href=\"https:\/\/kleinvielen-ev.de\/?page_id=891\" class=\"more-link\"><span class=\"screen-reader-text\">Albrecht von Maltzan (1813-1851)<\/span> weiterlesen <span class=\"meta-nav\">&rarr;<\/span><\/a><\/p>\n","protected":false},"author":2,"featured_media":0,"parent":319,"menu_order":0,"comment_status":"closed","ping_status":"closed","template":"","meta":{"footnotes":""},"_links":{"self":[{"href":"https:\/\/kleinvielen-ev.de\/index.php?rest_route=\/wp\/v2\/pages\/891"}],"collection":[{"href":"https:\/\/kleinvielen-ev.de\/index.php?rest_route=\/wp\/v2\/pages"}],"about":[{"href":"https:\/\/kleinvielen-ev.de\/index.php?rest_route=\/wp\/v2\/types\/page"}],"author":[{"embeddable":true,"href":"https:\/\/kleinvielen-ev.de\/index.php?rest_route=\/wp\/v2\/users\/2"}],"replies":[{"embeddable":true,"href":"https:\/\/kleinvielen-ev.de\/index.php?rest_route=%2Fwp%2Fv2%2Fcomments&post=891"}],"version-history":[{"count":15,"href":"https:\/\/kleinvielen-ev.de\/index.php?rest_route=\/wp\/v2\/pages\/891\/revisions"}],"predecessor-version":[{"id":7548,"href":"https:\/\/kleinvielen-ev.de\/index.php?rest_route=\/wp\/v2\/pages\/891\/revisions\/7548"}],"up":[{"embeddable":true,"href":"https:\/\/kleinvielen-ev.de\/index.php?rest_route=\/wp\/v2\/pages\/319"}],"wp:attachment":[{"href":"https:\/\/kleinvielen-ev.de\/index.php?rest_route=%2Fwp%2Fv2%2Fmedia&parent=891"}],"curies":[{"name":"wp","href":"https:\/\/api.w.org\/{rel}","templated":true}]}}