{"id":9,"date":"2016-10-26T10:56:30","date_gmt":"2016-10-26T10:56:30","guid":{"rendered":"http:\/\/kleinvielen-ev.de\/?page_id=9"},"modified":"2026-01-25T16:02:28","modified_gmt":"2026-01-25T15:02:28","slug":"wir-ueber-uns","status":"publish","type":"page","link":"https:\/\/kleinvielen-ev.de\/?page_id=9","title":{"rendered":"Verein\/Datenschutz"},"content":{"rendered":"<p>Hier finden Sie unsere Datenschutzerkl\u00e4rung<a href=\"https:\/\/kleinvielen-ev.de\/wp-content\/uploads\/2025\/11\/Kontoverbindung-scaled.jpg\"><img loading=\"lazy\" decoding=\"async\" class=\"alignright wp-image-7500\" src=\"https:\/\/kleinvielen-ev.de\/wp-content\/uploads\/2025\/11\/Kontoverbindung-300x110.jpg\" alt=\"\" width=\"365\" height=\"134\" srcset=\"https:\/\/kleinvielen-ev.de\/wp-content\/uploads\/2025\/11\/Kontoverbindung-300x110.jpg 300w, https:\/\/kleinvielen-ev.de\/wp-content\/uploads\/2025\/11\/Kontoverbindung-1024x376.jpg 1024w, https:\/\/kleinvielen-ev.de\/wp-content\/uploads\/2025\/11\/Kontoverbindung-768x282.jpg 768w, https:\/\/kleinvielen-ev.de\/wp-content\/uploads\/2025\/11\/Kontoverbindung-1536x565.jpg 1536w, https:\/\/kleinvielen-ev.de\/wp-content\/uploads\/2025\/11\/Kontoverbindung-2048x753.jpg 2048w\" sizes=\"(max-width: 365px) 100vw, 365px\" \/><\/a><br \/>\nund einige Informationen \u00fcber unseren Verein.<br \/>\nDer Klein Vielen e.V. ist ein gemeinn\u00fctziger Verein, der steuerbeg\u00fcnstigte Zwecke wie Kunst und Kultur, Denkmalschutz und Denkmalpflege, Naturschutz und Landschaftspflege, Heimatkunde und Heimatpflege f\u00f6rdert. Er ist laut Freistellungsbescheid des Finanzamtes Waren vom 26. November 2025 nach \u00a7 5 Abs. 1 Nr. 9 KStG von der K\u00f6rperschaftssteuer und nach \u00a7 3 Nr. 6 GewStG von der Gewerbesteuer befreit.<\/p>\n<p><strong>Fragen an den Verein:<\/strong><br \/>\n<em>Warum hat er sich gegr\u00fcndet?<\/em><br \/>\nHier geht es zu den <a href=\"http:\/\/kleinvielen-ev.de\/?page_id=61\">Gr\u00fcndungsmotiven<\/a>. Was sind seine Ziele?<br \/>\n<em>Was kostet die Mitgliedschaft?<\/em><br \/>\nHier geht es zur <a href=\"http:\/\/kleinvielen-ev.de\/wp-content\/uploads\/2016\/10\/Satzung-Klein-Vielen-e-V-2010.pdf\">Satzung des Klein Vielen e.V.<\/a><br \/>\n<em>Wie kann ich Mitglied werden?<\/em><br \/>\nHier geht es zum <a href=\"http:\/\/kleinvielen-ev.de\/wp-content\/uploads\/2016\/10\/Aufnahmeantrag-Klein-Vielen-eV-2016.pdf\">Aufnahmeantrag<\/a>.<\/p>\n<p>Wir hoffen, alle Ihre Fragen beantworten zu k\u00f6nnen.<\/p>\n<p>Hier geht es zur <a href=\"http:\/\/kleinvielen-ev.de\/?page_id=2171\">Datenschutzerkl\u00e4rung<\/a>.<\/p>\n<p><strong>Erkl\u00e4rung zu den Urheberrechten an den Fotos und Texten auf unserer Internetseite:<\/strong><\/p>\n<p>Urheber aller Fotos und Texte, die nicht namentlich oder mit K\u00fcrzel H.B.\u00a0 gekennzeichnet und nachgewiesen sind, ist Hermann Behrens.<br \/>\nAndere Urheber von Fotos und Texten sind gesondert genannt.<\/p>\n<p>&nbsp;<\/p>\n","protected":false},"excerpt":{"rendered":"<p>Hier finden Sie unsere Datenschutzerkl\u00e4rung und einige Informationen \u00fcber unseren Verein. Der Klein Vielen e.V. ist ein gemeinn\u00fctziger Verein, der steuerbeg\u00fcnstigte Zwecke wie Kunst und Kultur, Denkmalschutz und Denkmalpflege, Naturschutz und Landschaftspflege, Heimatkunde und Heimatpflege f\u00f6rdert. Er ist laut Freistellungsbescheid des Finanzamtes Waren vom 26. November 2025 nach \u00a7 5 Abs. 1 Nr. 9 KStG &hellip; <a href=\"https:\/\/kleinvielen-ev.de\/?page_id=9\" class=\"more-link\"><span class=\"screen-reader-text\">Verein\/Datenschutz<\/span> weiterlesen <span class=\"meta-nav\">&rarr;<\/span><\/a><\/p>\n","protected":false},"author":1,"featured_media":0,"parent":0,"menu_order":0,"comment_status":"closed","ping_status":"closed","template":"","meta":{"footnotes":""},"_links":{"self":[{"href":"https:\/\/kleinvielen-ev.de\/index.php?rest_route=\/wp\/v2\/pages\/9"}],"collection":[{"href":"https:\/\/kleinvielen-ev.de\/index.php?rest_route=\/wp\/v2\/pages"}],"about":[{"href":"https:\/\/kleinvielen-ev.de\/index.php?rest_route=\/wp\/v2\/types\/page"}],"author":[{"embeddable":true,"href":"https:\/\/kleinvielen-ev.de\/index.php?rest_route=\/wp\/v2\/users\/1"}],"replies":[{"embeddable":true,"href":"https:\/\/kleinvielen-ev.de\/index.php?rest_route=%2Fwp%2Fv2%2Fcomments&post=9"}],"version-history":[{"count":21,"href":"https:\/\/kleinvielen-ev.de\/index.php?rest_route=\/wp\/v2\/pages\/9\/revisions"}],"predecessor-version":[{"id":7561,"href":"https:\/\/kleinvielen-ev.de\/index.php?rest_route=\/wp\/v2\/pages\/9\/revisions\/7561"}],"wp:attachment":[{"href":"https:\/\/kleinvielen-ev.de\/index.php?rest_route=%2Fwp%2Fv2%2Fmedia&parent=9"}],"curies":[{"name":"wp","href":"https:\/\/api.w.org\/{rel}","templated":true}]}}